{"id":9769,"date":"2022-03-07T11:08:44","date_gmt":"2022-03-07T10:08:44","guid":{"rendered":"https:\/\/www.cmh.ens.fr\/?page_id=9769"},"modified":"2022-10-11T14:18:26","modified_gmt":"2022-10-11T12:18:26","slug":"measuring-regional-gender-equality-europe","status":"publish","type":"page","link":"https:\/\/cmh.ens.fr\/en\/autres-seminaires\/measuring-regional-gender-equality-europe\/","title":{"rendered":"Measuring Regional Gender Equality in Europe"},"content":{"rendered":"<p><strong>Presentation of the Jean Monnet Erasmus+ project ReGEM<\/strong><\/p>\n\n\n\n<p>Centre Maurice Halbwachs, 48 Bd. Jourdan,  salle R2-02, Paris, ou en visio (inscription ci-dessous) Please add your e-mail in\u00a0\u00abComments\u00bb<\/p>\n\n\n\n<p><strong>INSCRIPTION<\/strong>\u00a0: Cette s\u00e9ance est programm\u00e9e dans le cadre du s\u00e9minaire de Serge Paugam &nbsp;sur <em>L\u2019attachement social. Principes de la solidarit\u00e9 humaine. <\/em>Pour celles et ceux qui n\u2019y participent pas habituellement, merci de bien vouloir vous inscrire \u00e0 partir du lien ci-dessous\u00a0:<br><a href=\"https:\/\/framadate.org\/n7UlWX19M5fe7qwM\" target=\"_blank\" rel=\"noreferrer noopener\">Inscription<\/a><\/p>\n\n\n\n<p><strong>March 25, 2022, 9h-12h<\/strong><\/p>\n\n\n\n<p><strong>9.00 Welcome to Participants and Introduction<\/strong><\/p>\n\n\n\n<p><strong>9.15 to 10:45 Presentations of the ReGEM Project<\/strong><\/p>\n\n\n\n<p><strong>Serge Paugam<\/strong> (EHESS\/Centre Maurice Halbwachs Paris)<\/p>\n\n\n\n<p><strong>Christian Suter<\/strong> (Universit\u00e9 de Neuch\u00e2tel): Mesurer l\u2019\u00e9galit\u00e9 de genre: un aper\u00e7u&nbsp;<\/p>\n\n\n\n<p><strong>Enrico di Bella<\/strong> (University of Genoa): Mapping regional gender disparities in France and Italy<\/p>\n\n\n\n<p><strong>Sandra Fachelli<\/strong> (Pablo de Olavide University of Sevilla) and Pedro L\u00f3pez-Rold\u00e1n (Autonomous University of Barcelona): Building the regional gender equality measure in Spain<\/p>\n\n\n\n<p><strong>Fabrizio Culotta<\/strong> (University of Genoa): Gender responsive fiscal policies: the labour market <\/p>\n\n\n\n<p><strong>11.00 to 12:00 Discussion<\/strong><br>Emmanuel Didier, Etienne Penissat<\/p>\n\n\n\n<p><strong>Project Summary<\/strong><\/p>\n\n\n\n<p>Gender equality&nbsp;is a topic of increasing relevance in the EU and worldwide, but its measurement is mainly limited to national levels. During the past years, various experiences tried to exploit gender equality at a subnational (regional) level, but they remained country-specific and limited to specific domains. The ongoing Jean Monnet Regional Gender Equality Measurement in the EU (ReGEM) project aims at providing a regional mapping of the most comprehensive gender equality indicator in Europe, the Gender Equality Index (GEI) of the European Institute on Gender Equality (EIGE). This measure covers 14 sub-domains and is available for all 27 Member States of the EU and the UK. The ReGEM project will assess the data availability at the NUTS2 (regional) level and the feasibility of constructing a Regional Gender Equality Index (R-GEI), identifying a consistent system of indicators which can be used as a common basis for gender equality measurements at regional level in Europe. The project will provide a preliminary analysis of the structure and evolution of regional gender (in)equality by comparing four major EU countries (Italy, France, Spain and Germany), covering a total of 98 regions.<\/p>\n\n\n\n<div data-wp-interactive=\"core\/file\" class=\"wp-block-file\"><object data-wp-bind--hidden=\"!state.hasPdfPreview\"  class=\"wp-block-file__embed\" data=\"https:\/\/www.cmh.ens.fr\/wp-content\/uploads\/flyer-1.pdf\" type=\"application\/pdf\" style=\"width:100%;height:600px\" aria-label=\"Embed of Contenu embarqu\u00e9 flyer-1..\"><\/object><a id=\"wp-block-file--media-8c228839-d7bb-4239-934b-6c139720b11b\" href=\"https:\/\/www.cmh.ens.fr\/wp-content\/uploads\/flyer-1.pdf\">flyer-1<\/a><a href=\"https:\/\/www.cmh.ens.fr\/wp-content\/uploads\/flyer-1.pdf\" class=\"wp-block-file__button\" download aria-describedby=\"wp-block-file--media-8c228839-d7bb-4239-934b-6c139720b11b\">Download<\/a><\/div>","protected":false},"excerpt":{"rendered":"<p>Presentation of the Jean Monnet Erasmus+ project ReGEM Centre Maurice Halbwachs, 48 Bd. Jourdan, salle R2-02, Paris, ou en visio (inscription ci-dessous) Please add your e-mail in\u00a0\u00abComments\u00bb INSCRIPTION\u00a0: Cette s\u00e9ance est programm\u00e9e dans le cadre du s\u00e9minaire de Serge Paugam &nbsp;sur L\u2019attachement social. Principes de la solidarit\u00e9 humaine. Pour celles et ceux qui n\u2019y participent [&hellip;]<\/p>\n","protected":false},"author":94,"featured_media":0,"parent":10823,"menu_order":4,"comment_status":"closed","ping_status":"closed","template":"","meta":{"_acf_changed":false,"footnotes":""},"class_list":["post-9769","page","type-page","status-publish","hentry"],"acf":[],"yoast_head":"<!-- This site is optimized with the Yoast SEO plugin v25.6 - https:\/\/yoast.com\/wordpress\/plugins\/seo\/ -->\n<title>CMH<\/title>\n<meta name=\"robots\" content=\"index, follow, max-snippet:-1, max-image-preview:large, max-video-preview:-1\" \/>\n<link rel=\"canonical\" href=\"https:\/\/cmh.ens.fr\/en\/autres-seminaires\/measuring-regional-gender-equality-europe\/\" class=\"yoast-seo-meta-tag\" \/>\n<meta property=\"og:locale\" content=\"en_US\" class=\"yoast-seo-meta-tag\" \/>\n<meta property=\"og:type\" content=\"article\" class=\"yoast-seo-meta-tag\" \/>\n<meta property=\"og:title\" content=\"Measuring Regional Gender Equality in Europe - CMH\" class=\"yoast-seo-meta-tag\" \/>\n<meta property=\"og:description\" content=\"Presentation of the Jean Monnet Erasmus+ project ReGEM Centre Maurice Halbwachs, 48 Bd. Jourdan, salle R2-02, Paris, ou en visio (inscription ci-dessous) Please add your e-mail in\u00a0\u00abComments\u00bb INSCRIPTION\u00a0: Cette s\u00e9ance est programm\u00e9e dans le cadre du s\u00e9minaire de Serge Paugam &nbsp;sur L\u2019attachement social. Principes de la solidarit\u00e9 humaine. Pour celles et ceux qui n\u2019y participent [&hellip;]\" class=\"yoast-seo-meta-tag\" \/>\n<meta property=\"og:url\" content=\"https:\/\/cmh.ens.fr\/en\/autres-seminaires\/measuring-regional-gender-equality-europe\/\" class=\"yoast-seo-meta-tag\" \/>\n<meta property=\"og:site_name\" content=\"CMH\" class=\"yoast-seo-meta-tag\" \/>\n<meta property=\"article:modified_time\" content=\"2022-10-11T12:18:26+00:00\" class=\"yoast-seo-meta-tag\" \/>\n<meta name=\"twitter:card\" content=\"summary_large_image\" class=\"yoast-seo-meta-tag\" \/>\n<meta name=\"twitter:label1\" content=\"Est. reading time\" class=\"yoast-seo-meta-tag\" \/>\n\t<meta name=\"twitter:data1\" content=\"2 minutes\" class=\"yoast-seo-meta-tag\" \/>\n<script type=\"application\/ld+json\" class=\"yoast-schema-graph\">{\"@context\":\"https:\/\/schema.org\",\"@graph\":[{\"@type\":\"WebPage\",\"@id\":\"https:\/\/cmh.ens.fr\/en\/autres-seminaires\/measuring-regional-gender-equality-europe\/\",\"url\":\"https:\/\/cmh.ens.fr\/en\/autres-seminaires\/measuring-regional-gender-equality-europe\/\",\"name\":\"Measuring Regional Gender Equality in Europe - CMH\",\"isPartOf\":{\"@id\":\"https:\/\/cmh.ens.fr\/en\/#website\"},\"datePublished\":\"2022-03-07T10:08:44+00:00\",\"dateModified\":\"2022-10-11T12:18:26+00:00\",\"breadcrumb\":{\"@id\":\"https:\/\/cmh.ens.fr\/en\/autres-seminaires\/measuring-regional-gender-equality-europe\/#breadcrumb\"},\"inLanguage\":\"en-US\",\"potentialAction\":[{\"@type\":\"ReadAction\",\"target\":[\"https:\/\/cmh.ens.fr\/en\/autres-seminaires\/measuring-regional-gender-equality-europe\/\"]}]},{\"@type\":\"BreadcrumbList\",\"@id\":\"https:\/\/cmh.ens.fr\/en\/autres-seminaires\/measuring-regional-gender-equality-europe\/#breadcrumb\",\"itemListElement\":[{\"@type\":\"ListItem\",\"position\":1,\"name\":\"Accueil\",\"item\":\"https:\/\/cmh.ens.fr\/\"},{\"@type\":\"ListItem\",\"position\":2,\"name\":\"Autres S\u00e9minaires\",\"item\":\"https:\/\/cmh.ens.fr\/en\/autres-seminaires\/\"},{\"@type\":\"ListItem\",\"position\":3,\"name\":\"Measuring Regional Gender Equality in Europe\"}]},{\"@type\":\"WebSite\",\"@id\":\"https:\/\/cmh.ens.fr\/en\/#website\",\"url\":\"https:\/\/cmh.ens.fr\/en\/\",\"name\":\"CMH\",\"description\":\"Centre Maurice Halbwachs\",\"publisher\":{\"@id\":\"https:\/\/cmh.ens.fr\/en\/#organization\"},\"potentialAction\":[{\"@type\":\"SearchAction\",\"target\":{\"@type\":\"EntryPoint\",\"urlTemplate\":\"https:\/\/cmh.ens.fr\/en\/?s={search_term_string}\"},\"query-input\":{\"@type\":\"PropertyValueSpecification\",\"valueRequired\":true,\"valueName\":\"search_term_string\"}}],\"inLanguage\":\"en-US\"},{\"@type\":\"Organization\",\"@id\":\"https:\/\/cmh.ens.fr\/en\/#organization\",\"name\":\"Centre Maurice Halbwachs\",\"url\":\"https:\/\/cmh.ens.fr\/en\/\",\"logo\":{\"@type\":\"ImageObject\",\"inLanguage\":\"en-US\",\"@id\":\"https:\/\/cmh.ens.fr\/en\/#\/schema\/logo\/image\/\",\"url\":\"https:\/\/www.cmh.ens.fr\/wp-content\/uploads\/siteon0.jpg\",\"contentUrl\":\"https:\/\/www.cmh.ens.fr\/wp-content\/uploads\/siteon0.jpg\",\"width\":86,\"height\":53,\"caption\":\"Centre Maurice Halbwachs\"},\"image\":{\"@id\":\"https:\/\/cmh.ens.fr\/en\/#\/schema\/logo\/image\/\"}}]}<\/script>\n<!-- \/ Yoast SEO plugin. -->","yoast_head_json":{"title":"CMH","robots":{"index":"index","follow":"follow","max-snippet":"max-snippet:-1","max-image-preview":"max-image-preview:large","max-video-preview":"max-video-preview:-1"},"canonical":"https:\/\/cmh.ens.fr\/en\/autres-seminaires\/measuring-regional-gender-equality-europe\/","og_locale":"en_US","og_type":"article","og_title":"Measuring Regional Gender Equality in Europe - CMH","og_description":"Presentation of the Jean Monnet Erasmus+ project ReGEM Centre Maurice Halbwachs, 48 Bd. Jourdan, salle R2-02, Paris, ou en visio (inscription ci-dessous) Please add your e-mail in\u00a0\u00abComments\u00bb INSCRIPTION\u00a0: Cette s\u00e9ance est programm\u00e9e dans le cadre du s\u00e9minaire de Serge Paugam &nbsp;sur L\u2019attachement social. Principes de la solidarit\u00e9 humaine. Pour celles et ceux qui n\u2019y participent [&hellip;]","og_url":"https:\/\/cmh.ens.fr\/en\/autres-seminaires\/measuring-regional-gender-equality-europe\/","og_site_name":"CMH","article_modified_time":"2022-10-11T12:18:26+00:00","twitter_card":"summary_large_image","twitter_misc":{"Est. reading time":"2 minutes"},"schema":{"@context":"https:\/\/schema.org","@graph":[{"@type":"WebPage","@id":"https:\/\/cmh.ens.fr\/en\/autres-seminaires\/measuring-regional-gender-equality-europe\/","url":"https:\/\/cmh.ens.fr\/en\/autres-seminaires\/measuring-regional-gender-equality-europe\/","name":"Measuring Regional Gender Equality in Europe - CMH","isPartOf":{"@id":"https:\/\/cmh.ens.fr\/en\/#website"},"datePublished":"2022-03-07T10:08:44+00:00","dateModified":"2022-10-11T12:18:26+00:00","breadcrumb":{"@id":"https:\/\/cmh.ens.fr\/en\/autres-seminaires\/measuring-regional-gender-equality-europe\/#breadcrumb"},"inLanguage":"en-US","potentialAction":[{"@type":"ReadAction","target":["https:\/\/cmh.ens.fr\/en\/autres-seminaires\/measuring-regional-gender-equality-europe\/"]}]},{"@type":"BreadcrumbList","@id":"https:\/\/cmh.ens.fr\/en\/autres-seminaires\/measuring-regional-gender-equality-europe\/#breadcrumb","itemListElement":[{"@type":"ListItem","position":1,"name":"Accueil","item":"https:\/\/cmh.ens.fr\/"},{"@type":"ListItem","position":2,"name":"Autres S\u00e9minaires","item":"https:\/\/cmh.ens.fr\/en\/autres-seminaires\/"},{"@type":"ListItem","position":3,"name":"Measuring Regional Gender Equality in Europe"}]},{"@type":"WebSite","@id":"https:\/\/cmh.ens.fr\/en\/#website","url":"https:\/\/cmh.ens.fr\/en\/","name":"CMH","description":"Centre Maurice Halbwachs","publisher":{"@id":"https:\/\/cmh.ens.fr\/en\/#organization"},"potentialAction":[{"@type":"SearchAction","target":{"@type":"EntryPoint","urlTemplate":"https:\/\/cmh.ens.fr\/en\/?s={search_term_string}"},"query-input":{"@type":"PropertyValueSpecification","valueRequired":true,"valueName":"search_term_string"}}],"inLanguage":"en-US"},{"@type":"Organization","@id":"https:\/\/cmh.ens.fr\/en\/#organization","name":"Centre Maurice Halbwachs","url":"https:\/\/cmh.ens.fr\/en\/","logo":{"@type":"ImageObject","inLanguage":"en-US","@id":"https:\/\/cmh.ens.fr\/en\/#\/schema\/logo\/image\/","url":"https:\/\/www.cmh.ens.fr\/wp-content\/uploads\/siteon0.jpg","contentUrl":"https:\/\/www.cmh.ens.fr\/wp-content\/uploads\/siteon0.jpg","width":86,"height":53,"caption":"Centre Maurice Halbwachs"},"image":{"@id":"https:\/\/cmh.ens.fr\/en\/#\/schema\/logo\/image\/"}}]}},"_links":{"self":[{"href":"https:\/\/cmh.ens.fr\/en\/wp-json\/wp\/v2\/pages\/9769"}],"collection":[{"href":"https:\/\/cmh.ens.fr\/en\/wp-json\/wp\/v2\/pages"}],"about":[{"href":"https:\/\/cmh.ens.fr\/en\/wp-json\/wp\/v2\/types\/page"}],"author":[{"embeddable":true,"href":"https:\/\/cmh.ens.fr\/en\/wp-json\/wp\/v2\/users\/94"}],"replies":[{"embeddable":true,"href":"https:\/\/cmh.ens.fr\/en\/wp-json\/wp\/v2\/comments?post=9769"}],"version-history":[{"count":20,"href":"https:\/\/cmh.ens.fr\/en\/wp-json\/wp\/v2\/pages\/9769\/revisions"}],"predecessor-version":[{"id":9911,"href":"https:\/\/cmh.ens.fr\/en\/wp-json\/wp\/v2\/pages\/9769\/revisions\/9911"}],"up":[{"embeddable":true,"href":"https:\/\/cmh.ens.fr\/en\/wp-json\/wp\/v2\/pages\/10823"}],"wp:attachment":[{"href":"https:\/\/cmh.ens.fr\/en\/wp-json\/wp\/v2\/media?parent=9769"}],"curies":[{"name":"wp","href":"https:\/\/api.w.org\/{rel}","templated":true}]}}