{"id":9369,"date":"2022-01-25T14:13:18","date_gmt":"2022-01-25T13:13:18","guid":{"rendered":"https:\/\/www.cmh.ens.fr\/?page_id=9369"},"modified":"2022-10-11T14:17:57","modified_gmt":"2022-10-11T12:17:57","slug":"seminaire-du-groupe-de-recherche-interdisciplinaire-sur-les-domesticites","status":"publish","type":"page","link":"https:\/\/cmh.ens.fr\/en\/autres-seminaires\/seminaire-du-groupe-de-recherche-interdisciplinaire-sur-les-domesticites\/","title":{"rendered":"S\u00e9minaire du groupe de recherche interdisciplinaire sur les domesticit\u00e9s"},"content":{"rendered":"<p>S\u00e9minaire public, un vendredi par mois de 10h00 \u00e0 13h<\/p>\n\n\n\n<p>Organis\u00e9 par Caroline Ibos (Paris 8, LEGS), Monique Milia Marie Luce (Universit\u00e9 des Antilles) et <strong>Clyde Plumauzille<\/strong> (CNRS, CMH)<br>Dans le cadre du projet de recherche soutenu par la MSH Paris Nord, <strong>\u00ab&nbsp;Les corps expos\u00e9s \u00e0 l\u2019ombre des subalternes du soin&nbsp;\u00bb<\/strong><\/p>\n\n\n\n<p><strong>Programme<\/strong><\/p>\n\n\n\n<p><strong>Le 11 f\u00e9vrier<\/strong>, projection de <em>La Noire de<\/em> \u2026 d\u2019Ousmane Semb\u00e8ne (1966)<br>S\u00e9ance et discussion introduites par Caroline Ibos (Paris 8, LEGS) et Monique Milia Marie-Luce (Universit\u00e9 des Antilles)<br>Auditorium de la MSH Paris Nord, 20 Avenue Georges Sand, La plaine Saint-Denis<\/p>\n\n\n\n<p><strong>Le 18 mars<\/strong>, projection de <em>Pr\u00e8s d\u2019elle <\/em>de Chiara Giordano (ULB) et Benjamin Durand (2021)<br>S\u00e9ance en pr\u00e9sence de la r\u00e9alisatrice, introduite par Nina Sarahoui (CRESPPA)<br>Auditorium du Centre des colloques, Campus Condorcet, Place du Front populaire, Aubervilliers<\/p>\n\n\n\n<p><strong>Le 22 avril<\/strong>, St\u00e9phanie Soubrier (Paris 1 Panth\u00e9on-Sorbonne),\u00a0\u00ab&nbsp;Entre genre, classe, race et \u00e2ge&nbsp;: faire l\u2019histoire des\u00a0\u00ab&nbsp;boys&nbsp;\u00bb dans l\u2019empire colonial fran\u00e7ais (XIXe-XXe si\u00e8cle)<br>S\u00e9ance introduite par Monique Milia Marie-Luce (Universit\u00e9 des Antilles et de la Guyane) et Clyde Plumauzille (CNRS, CMH)<br>Maison des sciences de l\u2019homme Paris Nord, salle 408, 20 Avenue Georges Sand, La plaine Saint-Denis<\/p>\n\n\n\n<p><strong>Le 27 mai<\/strong>, Aurore Koechlin (Paris 1 Panth\u00e9on-Sorbonne),\u00a0\u00ab&nbsp;Domesticit\u00e9s et plateformes de service \u00e0 domicile. Le cas de <em>Wecasa<\/em>&nbsp;\u00bb.<br>S\u00e9ance et discussion introduites par Caroline Ibos (Paris 8, LEGS).<br>Maison des sciences de l\u2019homme Paris Nord, salle 408, 20 Avenue Georges Sand, La plaine Saint-Denis<\/p>\n\n\n\n<p><strong>Le 24 juin<\/strong>, projection de <em>Overseas<\/em> Sung-A Yun (2021)<br>S\u00e9ance et discussion introduites par Julien Debonneville (Universit\u00e9 de Gen\u00e8ve)<\/p>","protected":false},"excerpt":{"rendered":"<p>S\u00e9minaire public, un vendredi par mois de 10h00 \u00e0 13h Organis\u00e9 par Caroline Ibos (Paris 8, LEGS), Monique Milia Marie Luce (Universit\u00e9 des Antilles) et Clyde Plumauzille (CNRS, CMH)Dans le cadre du projet de recherche soutenu par la MSH Paris Nord, \u00ab&nbsp;Les corps expos\u00e9s \u00e0 l\u2019ombre des subalternes du soin&nbsp;\u00bb Programme Le 11 f\u00e9vrier, projection [&hellip;]<\/p>\n","protected":false},"author":94,"featured_media":0,"parent":10823,"menu_order":3,"comment_status":"closed","ping_status":"closed","template":"","meta":{"_acf_changed":false,"footnotes":""},"class_list":["post-9369","page","type-page","status-publish","hentry"],"acf":[],"yoast_head":"<!-- This site is optimized with the Yoast SEO plugin v25.6 - https:\/\/yoast.com\/wordpress\/plugins\/seo\/ -->\n<title>CMH<\/title>\n<meta name=\"robots\" content=\"index, follow, max-snippet:-1, max-image-preview:large, max-video-preview:-1\" \/>\n<link rel=\"canonical\" href=\"https:\/\/cmh.ens.fr\/en\/autres-seminaires\/seminaire-du-groupe-de-recherche-interdisciplinaire-sur-les-domesticites\/\" class=\"yoast-seo-meta-tag\" \/>\n<meta property=\"og:locale\" content=\"en_US\" class=\"yoast-seo-meta-tag\" \/>\n<meta property=\"og:type\" content=\"article\" class=\"yoast-seo-meta-tag\" \/>\n<meta property=\"og:title\" content=\"S\u00e9minaire du groupe de recherche interdisciplinaire sur les domesticit\u00e9s - CMH\" class=\"yoast-seo-meta-tag\" \/>\n<meta property=\"og:description\" content=\"S\u00e9minaire public, un vendredi par mois de 10h00 \u00e0 13h Organis\u00e9 par Caroline Ibos (Paris 8, LEGS), Monique Milia Marie Luce (Universit\u00e9 des Antilles) et Clyde Plumauzille (CNRS, CMH)Dans le cadre du projet de recherche soutenu par la MSH Paris Nord, \u00ab&nbsp;Les corps expos\u00e9s \u00e0 l\u2019ombre des subalternes du soin&nbsp;\u00bb Programme Le 11 f\u00e9vrier, projection [&hellip;]\" class=\"yoast-seo-meta-tag\" \/>\n<meta property=\"og:url\" content=\"https:\/\/cmh.ens.fr\/en\/autres-seminaires\/seminaire-du-groupe-de-recherche-interdisciplinaire-sur-les-domesticites\/\" class=\"yoast-seo-meta-tag\" \/>\n<meta property=\"og:site_name\" content=\"CMH\" class=\"yoast-seo-meta-tag\" \/>\n<meta property=\"article:modified_time\" content=\"2022-10-11T12:17:57+00:00\" class=\"yoast-seo-meta-tag\" \/>\n<meta name=\"twitter:card\" content=\"summary_large_image\" class=\"yoast-seo-meta-tag\" \/>\n<meta name=\"twitter:label1\" content=\"Est. reading time\" class=\"yoast-seo-meta-tag\" \/>\n\t<meta name=\"twitter:data1\" content=\"2 minutes\" class=\"yoast-seo-meta-tag\" \/>\n<script type=\"application\/ld+json\" class=\"yoast-schema-graph\">{\"@context\":\"https:\/\/schema.org\",\"@graph\":[{\"@type\":\"WebPage\",\"@id\":\"https:\/\/cmh.ens.fr\/en\/autres-seminaires\/seminaire-du-groupe-de-recherche-interdisciplinaire-sur-les-domesticites\/\",\"url\":\"https:\/\/cmh.ens.fr\/en\/autres-seminaires\/seminaire-du-groupe-de-recherche-interdisciplinaire-sur-les-domesticites\/\",\"name\":\"S\u00e9minaire du groupe de recherche interdisciplinaire sur les domesticit\u00e9s - CMH\",\"isPartOf\":{\"@id\":\"https:\/\/cmh.ens.fr\/en\/#website\"},\"datePublished\":\"2022-01-25T13:13:18+00:00\",\"dateModified\":\"2022-10-11T12:17:57+00:00\",\"breadcrumb\":{\"@id\":\"https:\/\/cmh.ens.fr\/en\/autres-seminaires\/seminaire-du-groupe-de-recherche-interdisciplinaire-sur-les-domesticites\/#breadcrumb\"},\"inLanguage\":\"en-US\",\"potentialAction\":[{\"@type\":\"ReadAction\",\"target\":[\"https:\/\/cmh.ens.fr\/en\/autres-seminaires\/seminaire-du-groupe-de-recherche-interdisciplinaire-sur-les-domesticites\/\"]}]},{\"@type\":\"BreadcrumbList\",\"@id\":\"https:\/\/cmh.ens.fr\/en\/autres-seminaires\/seminaire-du-groupe-de-recherche-interdisciplinaire-sur-les-domesticites\/#breadcrumb\",\"itemListElement\":[{\"@type\":\"ListItem\",\"position\":1,\"name\":\"Accueil\",\"item\":\"https:\/\/cmh.ens.fr\/\"},{\"@type\":\"ListItem\",\"position\":2,\"name\":\"Autres S\u00e9minaires\",\"item\":\"https:\/\/cmh.ens.fr\/en\/autres-seminaires\/\"},{\"@type\":\"ListItem\",\"position\":3,\"name\":\"S\u00e9minaire du groupe de recherche interdisciplinaire sur les domesticit\u00e9s\"}]},{\"@type\":\"WebSite\",\"@id\":\"https:\/\/cmh.ens.fr\/en\/#website\",\"url\":\"https:\/\/cmh.ens.fr\/en\/\",\"name\":\"CMH\",\"description\":\"Centre Maurice Halbwachs\",\"publisher\":{\"@id\":\"https:\/\/cmh.ens.fr\/en\/#organization\"},\"potentialAction\":[{\"@type\":\"SearchAction\",\"target\":{\"@type\":\"EntryPoint\",\"urlTemplate\":\"https:\/\/cmh.ens.fr\/en\/?s={search_term_string}\"},\"query-input\":{\"@type\":\"PropertyValueSpecification\",\"valueRequired\":true,\"valueName\":\"search_term_string\"}}],\"inLanguage\":\"en-US\"},{\"@type\":\"Organization\",\"@id\":\"https:\/\/cmh.ens.fr\/en\/#organization\",\"name\":\"Centre Maurice Halbwachs\",\"url\":\"https:\/\/cmh.ens.fr\/en\/\",\"logo\":{\"@type\":\"ImageObject\",\"inLanguage\":\"en-US\",\"@id\":\"https:\/\/cmh.ens.fr\/en\/#\/schema\/logo\/image\/\",\"url\":\"https:\/\/www.cmh.ens.fr\/wp-content\/uploads\/siteon0.jpg\",\"contentUrl\":\"https:\/\/www.cmh.ens.fr\/wp-content\/uploads\/siteon0.jpg\",\"width\":86,\"height\":53,\"caption\":\"Centre Maurice Halbwachs\"},\"image\":{\"@id\":\"https:\/\/cmh.ens.fr\/en\/#\/schema\/logo\/image\/\"}}]}<\/script>\n<!-- \/ Yoast SEO plugin. -->","yoast_head_json":{"title":"CMH","robots":{"index":"index","follow":"follow","max-snippet":"max-snippet:-1","max-image-preview":"max-image-preview:large","max-video-preview":"max-video-preview:-1"},"canonical":"https:\/\/cmh.ens.fr\/en\/autres-seminaires\/seminaire-du-groupe-de-recherche-interdisciplinaire-sur-les-domesticites\/","og_locale":"en_US","og_type":"article","og_title":"S\u00e9minaire du groupe de recherche interdisciplinaire sur les domesticit\u00e9s - CMH","og_description":"S\u00e9minaire public, un vendredi par mois de 10h00 \u00e0 13h Organis\u00e9 par Caroline Ibos (Paris 8, LEGS), Monique Milia Marie Luce (Universit\u00e9 des Antilles) et Clyde Plumauzille (CNRS, CMH)Dans le cadre du projet de recherche soutenu par la MSH Paris Nord, \u00ab&nbsp;Les corps expos\u00e9s \u00e0 l\u2019ombre des subalternes du soin&nbsp;\u00bb Programme Le 11 f\u00e9vrier, projection [&hellip;]","og_url":"https:\/\/cmh.ens.fr\/en\/autres-seminaires\/seminaire-du-groupe-de-recherche-interdisciplinaire-sur-les-domesticites\/","og_site_name":"CMH","article_modified_time":"2022-10-11T12:17:57+00:00","twitter_card":"summary_large_image","twitter_misc":{"Est. reading time":"2 minutes"},"schema":{"@context":"https:\/\/schema.org","@graph":[{"@type":"WebPage","@id":"https:\/\/cmh.ens.fr\/en\/autres-seminaires\/seminaire-du-groupe-de-recherche-interdisciplinaire-sur-les-domesticites\/","url":"https:\/\/cmh.ens.fr\/en\/autres-seminaires\/seminaire-du-groupe-de-recherche-interdisciplinaire-sur-les-domesticites\/","name":"S\u00e9minaire du groupe de recherche interdisciplinaire sur les domesticit\u00e9s - CMH","isPartOf":{"@id":"https:\/\/cmh.ens.fr\/en\/#website"},"datePublished":"2022-01-25T13:13:18+00:00","dateModified":"2022-10-11T12:17:57+00:00","breadcrumb":{"@id":"https:\/\/cmh.ens.fr\/en\/autres-seminaires\/seminaire-du-groupe-de-recherche-interdisciplinaire-sur-les-domesticites\/#breadcrumb"},"inLanguage":"en-US","potentialAction":[{"@type":"ReadAction","target":["https:\/\/cmh.ens.fr\/en\/autres-seminaires\/seminaire-du-groupe-de-recherche-interdisciplinaire-sur-les-domesticites\/"]}]},{"@type":"BreadcrumbList","@id":"https:\/\/cmh.ens.fr\/en\/autres-seminaires\/seminaire-du-groupe-de-recherche-interdisciplinaire-sur-les-domesticites\/#breadcrumb","itemListElement":[{"@type":"ListItem","position":1,"name":"Accueil","item":"https:\/\/cmh.ens.fr\/"},{"@type":"ListItem","position":2,"name":"Autres S\u00e9minaires","item":"https:\/\/cmh.ens.fr\/en\/autres-seminaires\/"},{"@type":"ListItem","position":3,"name":"S\u00e9minaire du groupe de recherche interdisciplinaire sur les domesticit\u00e9s"}]},{"@type":"WebSite","@id":"https:\/\/cmh.ens.fr\/en\/#website","url":"https:\/\/cmh.ens.fr\/en\/","name":"CMH","description":"Centre Maurice Halbwachs","publisher":{"@id":"https:\/\/cmh.ens.fr\/en\/#organization"},"potentialAction":[{"@type":"SearchAction","target":{"@type":"EntryPoint","urlTemplate":"https:\/\/cmh.ens.fr\/en\/?s={search_term_string}"},"query-input":{"@type":"PropertyValueSpecification","valueRequired":true,"valueName":"search_term_string"}}],"inLanguage":"en-US"},{"@type":"Organization","@id":"https:\/\/cmh.ens.fr\/en\/#organization","name":"Centre Maurice Halbwachs","url":"https:\/\/cmh.ens.fr\/en\/","logo":{"@type":"ImageObject","inLanguage":"en-US","@id":"https:\/\/cmh.ens.fr\/en\/#\/schema\/logo\/image\/","url":"https:\/\/www.cmh.ens.fr\/wp-content\/uploads\/siteon0.jpg","contentUrl":"https:\/\/www.cmh.ens.fr\/wp-content\/uploads\/siteon0.jpg","width":86,"height":53,"caption":"Centre Maurice Halbwachs"},"image":{"@id":"https:\/\/cmh.ens.fr\/en\/#\/schema\/logo\/image\/"}}]}},"_links":{"self":[{"href":"https:\/\/cmh.ens.fr\/en\/wp-json\/wp\/v2\/pages\/9369"}],"collection":[{"href":"https:\/\/cmh.ens.fr\/en\/wp-json\/wp\/v2\/pages"}],"about":[{"href":"https:\/\/cmh.ens.fr\/en\/wp-json\/wp\/v2\/types\/page"}],"author":[{"embeddable":true,"href":"https:\/\/cmh.ens.fr\/en\/wp-json\/wp\/v2\/users\/94"}],"replies":[{"embeddable":true,"href":"https:\/\/cmh.ens.fr\/en\/wp-json\/wp\/v2\/comments?post=9369"}],"version-history":[{"count":5,"href":"https:\/\/cmh.ens.fr\/en\/wp-json\/wp\/v2\/pages\/9369\/revisions"}],"predecessor-version":[{"id":10843,"href":"https:\/\/cmh.ens.fr\/en\/wp-json\/wp\/v2\/pages\/9369\/revisions\/10843"}],"up":[{"embeddable":true,"href":"https:\/\/cmh.ens.fr\/en\/wp-json\/wp\/v2\/pages\/10823"}],"wp:attachment":[{"href":"https:\/\/cmh.ens.fr\/en\/wp-json\/wp\/v2\/media?parent=9369"}],"curies":[{"name":"wp","href":"https:\/\/api.w.org\/{rel}","templated":true}]}}