{"id":7122,"date":"2021-06-17T12:07:19","date_gmt":"2021-06-17T10:07:19","guid":{"rendered":"https:\/\/w3.cmh.ens.fr\/?page_id=7122"},"modified":"2021-07-01T16:17:37","modified_gmt":"2021-07-01T14:17:37","slug":"revues-de-presse-2020","status":"publish","type":"page","link":"https:\/\/cmh.ens.fr\/en\/diffusions-anterieures\/revues-de-presse-anterieures\/revues-de-presse-2020\/","title":{"rendered":"Revues de presse 2020"},"content":{"rendered":"<p><a href=\"https:\/\/www.humanite.fr\/pauvrete-les-aides-ne-remplacent-pas-une-vraie-politique-de-redistribution-697718\">L\u2019humanit\u00e9 Dimanche<\/a>, 19 d\u00e9cembre 2020 &#8211;&nbsp;<strong>Serge Paugam<\/strong>&nbsp;&#8211; Pauvret\u00e9&nbsp;:\u00a0\u00ab&nbsp;Les aides ne remplacent pas une vraie politique de redistribution&nbsp;\u00bb<\/p>\n\n\n\n<hr class=\"wp-block-separator\"\/>\n\n\n\n<p><a href=\"https:\/\/www.humanite.fr\/covid-comment-notre-societe-humaine-peut-elle-vivre-avec-cette-pandemie-6-697576\">L\u2019humanit\u00e9<\/a>, 15 d\u00e9cembre 2020 &#8211;&nbsp;<strong>Serge Paugam<\/strong>&nbsp;&#8211; Vivre \u00e0 distance&nbsp;: la paralysie du corps social<\/p>\n\n\n\n<hr class=\"wp-block-separator\"\/>\n\n\n\n<p><a href=\"https:\/\/www.lemonde.fr\/blog\/binaire\/2020\/12\/11\/desinformation-en-temps-de-crise-liberte-et-discipline-des-plateformes\/\">Le Monde<\/a>, 11 d\u00e9cembre 2020 &#8211;&nbsp;<strong>Emmanuel Didier<\/strong>&nbsp;&#8211; D\u00e9sinformation en temps de crise&nbsp;: libert\u00e9 et discipline des plateformes<\/p>\n\n\n\n<hr class=\"wp-block-separator\"\/>\n\n\n\n<p>M\u00e9diapart,&nbsp;<a href=\"https:\/\/www.mediapart.fr\/journal\/france\/091220\/ce-texte-met-en-scene-une-republique-faible-face-un-separatisme-fort\">\u00c0 l\u2019air libre<\/a>, 9 d\u00e9cembre 2020 &#8211;&nbsp;<strong>Marwan Mohammed<\/strong>&nbsp;&#8211; Ce texte met en sc\u00e8ne une R\u00e9publique faible face \u00e0 un s\u00e9paratisme fort<\/p>\n\n\n\n<hr class=\"wp-block-separator\"\/>\n\n\n\n<p><a href=\"https:\/\/www.en-attendant-nadeau.fr\/2020\/12\/08\/gauche-droit-israel\/\">EaN<\/a>, 8 d\u00e9cembre 2020 &#8211;&nbsp;<strong>Liora Isra\u00ebl&nbsp;<\/strong>&#8211; Le Droit pour les droits<\/p>\n\n\n\n<hr class=\"wp-block-separator\"\/>\n\n\n\n<p>Hospitalia, 51, D\u00e9cembre 2020 &#8211;\u00a0<strong>Emmanuel Didier\u00a0<\/strong>&#8211; Un changement de perception vis-\u00e0-vis du patient qui peut \u00eatre, en quelque sorte, \u201dd\u00e9mat\u00e9rialis\u00e9\u00a0\u00bb<\/p>\n\n\n\n<div class=\"wp-block-file\"><a href=\"https:\/\/www.cmh.ens.fr\/wp-content\/uploads\/Hospitalia-51_E-Didier.pdf\">Hospitalia-51_E-Didier<\/a><a href=\"https:\/\/www.cmh.ens.fr\/wp-content\/uploads\/Hospitalia-51_E-Didier.pdf\" class=\"wp-block-file__button\" download>Download<\/a><\/div>\n\n\n\n<hr class=\"wp-block-separator\"\/>\n\n\n\n<p><a href=\"http:\/\/scholar.google.fr\/scholar_url?url=http:\/\/www.annales.org\/edit\/gc\/2020\/gc-142-12-20.pdf%23page%3D51&amp;hl=fr&amp;sa=X&amp;d=12571853501000334650&amp;ei=96fOX86RKsedywScwIm4AQ&amp;scisig=AAGBfm0nFntVFFeD1G_dqLm04RIbHAvyQg&amp;nossl=1&amp;oi=scholaralrt&amp;hist=JWYUa0EAAAAJ:9825070954918732142:AAGBfm1pJZlq0K6ybfNr8NsCce7tVBkjKg&amp;html=\">G\u00e9rer &amp; comprendre<\/a>&nbsp;&#8211; d\u00e9cembre 2020 &#8211; N\u00b0&nbsp;142, Annales des Mines &#8211;<br><strong>Michel Villette<\/strong>&nbsp;&#8211; Une qu\u00eate de libert\u00e9 sous contrainte. De PME familiales \u00e0 la direction des ressources humaines d\u2019un grand groupe europ\u00e9en<\/p>\n\n\n\n<hr class=\"wp-block-separator\"\/>\n\n\n\n<p><a href=\"https:\/\/rt18.hypotheses.org\/725\">Le blog du RT18 de l\u2019AFS<\/a>, 21 novembre 2020, Portait de jeune chercheur&nbsp;:&nbsp;<strong>Samuel Zarka<\/strong>, La qualification du travail dans la production cin\u00e9matographique en France<\/p>\n\n\n\n<hr class=\"wp-block-separator\"\/>\n\n\n\n<p><a href=\"https:\/\/www.lemonde.fr\/idees\/article\/2020\/11\/25\/au-dela-du-choc-trump-biden-le-paradoxe-des-referendums-americains_6061031_3232.html\">Le Monde<\/a>, 21 novembre 2020 &#8211;&nbsp;<strong>Philippe Askenazy&nbsp;<\/strong>&#8211; Au-del\u00e0 du choc Trump-Biden, le paradoxe des r\u00e9f\u00e9rendums am\u00e9ricains<\/p>\n\n\n\n<hr class=\"wp-block-separator\"\/>\n\n\n\n<p><a href=\"https:\/\/newbooksnetwork.com\/beyond-exception\">New Books Network<\/a>, 18 novembre 2020 &#8211;&nbsp;<strong>Am\u00e9lie Le Renard<\/strong>&nbsp;&#8211; Beyond Exception. New Interpretations of the Arabian Peninsula<\/p>\n\n\n\n<hr class=\"wp-block-separator\"\/>\n\n\n\n<p><a href=\"https:\/\/www.alternatives-economiques.fr\/feu-lintersectionnalite\/00094407\">Alternatives&nbsp;Economiques<\/a>, 6 novembre 2020 &#8211;&nbsp;<strong>Sophie Pochic<\/strong>&nbsp;&#8211; Feu sur l\u2019intersectionnalit\u00e9<\/p>\n\n\n\n<hr class=\"wp-block-separator\"\/>\n\n\n\n<p><a href=\"https:\/\/www.lemonde.fr\/idees\/article\/2020\/11\/06\/les-entrepreneurs-precaires-sont-les-premieres-victimes-des-restrictions-sanitaires_6058792_3232.html\">Le Monde<\/a>, 6 novembre 2020 &#8211;<strong>&nbsp;Philippe Askenazy<\/strong>&nbsp;&#8211; Covid-19&nbsp;: \u00ab\u00a0Les entrepreneurs pr\u00e9caires sont les premi\u00e8res victimes des restrictions sanitaires\u00a0\u00bb<\/p>\n\n\n\n<hr class=\"wp-block-separator\"\/>\n\n\n\n<p><strong>Sophie Pochic<\/strong>, octobre 2020, La guerre des sexes est-elle une guerre \u00e9conomique,&nbsp;<a href=\"https:\/\/www.youtube.com\/watch?v=0ZOpLJlvyfU\">Printemps de l\u2019\u00e9conomie<\/a>, Session organis\u00e9e en partenariat avec l\u2019EHESS<\/p>\n\n\n\n<hr class=\"wp-block-separator\"\/>\n\n\n\n<p><a href=\"https:\/\/www.lemonde.fr\/idees\/article\/2020\/10\/21\/en-l-absence-d-une-strategie-globale-nous-allons-voir-se-constituer-une-vaste-classe-d-entrepreneurs-precaires-un-entreprecariat_6056775_3232.html\">Le Monde<\/a>, 21 octobre 2020 &#8211;&nbsp;<strong>Philippe Askenazy<\/strong>&nbsp;&#8211; En l\u2019absence d\u2019une strat\u00e9gie globale, nous allons voir se constituer une vaste classe d\u2019entrepreneurs pr\u00e9caires, un \u201centrepr\u00e9cariat\u201d<\/p>\n\n\n\n<hr class=\"wp-block-separator\"\/>\n\n\n\n<p>Le Monde, Hors s\u00e9rie Gouverner, sept-Nov 2020 &#8211;\u00a0<strong>Emmanuel Didier<\/strong>\u00a0&#8211; Sous l\u2019emprise des GAFA<\/p>\n\n\n\n<div class=\"wp-block-file\"><a href=\"https:\/\/www.cmh.ens.fr\/wp-content\/uploads\/Le-Monde-sept-nov-2020.pdf\">Le-Monde-sept-nov-2020<\/a><a href=\"https:\/\/www.cmh.ens.fr\/wp-content\/uploads\/Le-Monde-sept-nov-2020.pdf\" class=\"wp-block-file__button\" download>Download<\/a><\/div>\n\n\n\n<hr class=\"wp-block-separator\"\/>\n\n\n\n<p><a href=\"https:\/\/le1hebdo.fr\/journal\/peut-on-se-protger-de-tout\/315\/article\/comment-articuler-les-diffrents-risques-4096.html\">Le 1<\/a>, n\u00b0&nbsp;315, 23 septembre 2020 &#8211;<strong>&nbsp;Emmanuel Didier<\/strong>&nbsp;&#8211; Peut-on se prot\u00e9ger de tout &#8211; ma communication&nbsp;:\u00a0\u00ab&nbsp;Articuler les risques&nbsp;\u00bb<\/p>\n\n\n\n<hr class=\"wp-block-separator\"\/>\n\n\n\n<p><a href=\"https:\/\/www.lemonde.fr\/idees\/article\/2020\/09\/18\/face-a-la-pandemie-le-nuancier-des-situations-patronales_6052754_3232.html#:~:text=Le%20sociologue%20Michel%20Offerl%C3%A9%20estime,%C3%A0%2014h25%20Lecture%203%20min.\">Le Monde<\/a>, 18 septembre 2020 &#8211;&nbsp;<strong>Michel Offerl\u00e9<\/strong>&nbsp;&#8211; Face \u00e0 la pand\u00e9mie, le nuancier des situations patronales<\/p>\n\n\n\n<hr class=\"wp-block-separator\"\/>\n\n\n\n<p><a href=\"https:\/\/www.frequenceterre.com\/2020\/09\/16\/plan-de-relance-un-plan-de-sauvegarde-demplois-et-un-patchwork-de-promesses-presidentielles\/\">Le Monde<\/a>, 16 septembre 2020 &#8211;&nbsp;<strong>Philippe Askenazy<\/strong>&nbsp;&#8211; Plan de relance&nbsp;:\u00a0\u00ab&nbsp;Un plan de sauvegarde d\u2019emplois et un patchwork de promesses pr\u00e9sidentielles&nbsp;\u00bb<\/p>\n\n\n\n<hr class=\"wp-block-separator\"\/>\n\n\n\n<p><a href=\"https:\/\/www.humanite.fr\/la-crise-fait-ressurgir-les-clivages-du-monde-patronal-692850\">L\u2019Humanit\u00e9<\/a>, 27 Ao\u00fbt 2020 &#8211;&nbsp;<strong>Michel Offerl\u00e9<\/strong>&nbsp;&#8211; La crise a fait ressurgir les clivages du monde patronal&nbsp;<\/p>\n\n\n\n<hr class=\"wp-block-separator\"\/>\n\n\n\n<p><a href=\"https:\/\/www.lepoint.fr\/postillon\/laurence-fontaine-il-ne-faut-pas-deifier-l-etat-06-07-2020-2383142_3961.php\">Le Point<\/a>, 6 juillet 2020 &#8211;&nbsp;<strong>Laurence Fontaine&nbsp;<\/strong>&#8211; Il ne faut pas d\u00e9fier l\u2019\u00c9tat<\/p>\n\n\n\n<hr class=\"wp-block-separator\"\/>\n\n\n\n<p><a href=\"https:\/\/www.lemonde.fr\/idees\/article\/2020\/07\/01\/comment-l-universite-exsangue-va-t-elle-pouvoir-absorber-la-vague-qui-se-profile_6044773_3232.html\">Le Monde<\/a>, 1er juillet 2020 &#8211;&nbsp;<strong>Philippe Askenazy<\/strong>&nbsp;&#8211; Comment l\u2019universit\u00e9 exsangue va-t-elle pouvoir absorber la vague qui se profile&nbsp;?<\/p>\n\n\n\n<hr class=\"wp-block-separator\"\/>\n\n\n\n<p><a href=\"https:\/\/www.ladepeche.fr\/2020\/06\/13\/les-lyceens-ont-reflechi-au-monde-dapres,8930292.php\">La D\u00e9p\u00eache<\/a>, 13 juin 2020 &#8211;&nbsp;<strong>Serge Paugam<\/strong>&nbsp;&#8211; Colomiers. Les lyc\u00e9ens ont r\u00e9fl\u00e9chi au monde d\u2019apr\u00e8s\u2026<\/p>\n\n\n\n<hr class=\"wp-block-separator\"\/>\n\n\n\n<p><a href=\"https:\/\/www.contretemps.eu\/nouveaux-faussaires-maitre-etabli-aspirant\/\">Revue Contretemps<\/a>, 6 juin 2020 &#8211;&nbsp;<strong>Hamza Esmili<\/strong>&nbsp;&#8211; Les nouveaux faussaires&nbsp;: le Ma\u00eetre, l\u2019\u00c9tabli et l\u2019Aspirant<\/p>\n\n\n\n<hr class=\"wp-block-separator\"\/>\n\n\n\n<p><a href=\"https:\/\/www.lemonde.fr\/idees\/article\/2020\/05\/30\/responsabilite-societale-il-faut-prendre-au-mot-les-bonnes-volontes-reformatrices-des-entreprises_6041256_3232.html\">Le Monde<\/a>, 30 mai 2020 &#8211;&nbsp;<strong>Michel Offerl\u00e9<\/strong>&nbsp;&#8211; Responsabilit\u00e9 soci\u00e9tale&nbsp;:\u00a0\u00ab&nbsp;Il faut prendre au mot les bonnes volont\u00e9s r\u00e9formatrices des entreprises&nbsp;\u00bb<\/p>\n\n\n\n<hr class=\"wp-block-separator\"\/>\n\n\n\n<p><a href=\"https:\/\/qoshe.com\/le-monde\/philippe-askenazy\/-le-monde-d-apr-s-a-sa-division-des-tr\/74339931\">Le Monde<\/a>, 27 mai 2020 &#8211;&nbsp;<strong>Philippe Askenazy<\/strong>&nbsp;&#8211; Le \u201cmonde d\u2019apr\u00e8s\u201d a sa division des travailleurs &#8211; les indispensables et les autres, en miroir, \u201csuperflus\u201d<\/p>\n\n\n\n<hr class=\"wp-block-separator\"\/>\n\n\n\n<p><a href=\"https:\/\/www.contretemps.eu\/author\/abir-krefa\/\">Contretemps<\/a>, revue de critique communiste, 15 mai 2020 &#8211;&nbsp;<strong>Abir Kr\u00e9fa et Am\u00e9lie Le Renard<\/strong>&nbsp;&#8211;&nbsp;<em>Genre et f\u00e9minismes au Moyen-Orient et au Maghreb<\/em>. Un extrait<\/p>\n\n\n\n<hr class=\"wp-block-separator\"\/>\n\n\n\n<p><a href=\"https:\/\/www.lesechos.fr\/idees-debats\/cercle\/quelle-est-la-raison-detre-du-medef-1201299\">Les Echos<\/a>, 7 mai 2020 &#8211;&nbsp;<strong>Michel Offerl\u00e9<\/strong>&nbsp;&#8211; Quelle est la\u00a0\u00ab&nbsp;raison d\u2019\u00eatre&nbsp;\u00bb du Medef&nbsp;?<\/p>\n\n\n\n<hr class=\"wp-block-separator\"\/>\n\n\n\n<p><a href=\"https:\/\/ens.us19.list-manage.com\/track\/click?u=c66cdf9d11203878f0a2dee96&amp;id=0311e5a66a&amp;e=8bd1aac649\">Le Monde<\/a>, 22 avril 2020 &#8211;&nbsp;<strong>Philippe Askenazy<\/strong>&nbsp;&#8211; Le capitalisme num\u00e9rique pourrait affronter le rejet le jour d\u2019apr\u00e8s<\/p>\n\n\n\n<hr class=\"wp-block-separator\"\/>\n\n\n\n<p><a href=\"https:\/\/ens.us19.list-manage.com\/track\/click?u=c66cdf9d11203878f0a2dee96&amp;id=5968c12c0d&amp;e=8bd1aac649\">Le Monde<\/a>, 18 avril 2020 &#8211;&nbsp;<strong>Sophie Pochic<\/strong>&nbsp;&#8211; Il faut\u00a0\u00ab&nbsp;revaloriser les emplois et carri\u00e8res \u00e0 pr\u00e9dominance f\u00e9minine&nbsp;\u00bb<\/p>\n\n\n\n<hr class=\"wp-block-separator\"\/>\n\n\n\n<p><a href=\"https:\/\/ens.us19.list-manage.com\/track\/click?u=c66cdf9d11203878f0a2dee96&amp;id=f53217ce8b&amp;e=8bd1aac649\">Le Monde<\/a>, 15 avril 2020 &#8211;&nbsp;<strong>Michel Offerl\u00e9<\/strong>&nbsp;&#8211; O\u00f9 est le \u201cgrand patronat\u201d qui pourrait prendre ses responsabilit\u00e9s et annoncer un autre monde&nbsp;?<\/p>\n\n\n\n<hr class=\"wp-block-separator\"\/>\n\n\n\n<p><a href=\"https:\/\/www.revue-ballast.fr\/le-salariat-une-classe-revolutionnaire-entretien-avec-claude-didry\/\">Revue Ballast<\/a>, 10 avril 2020 &#8211; Le salariat, une classe r\u00e9volutionnaire&nbsp;? \u2014 entretien avec&nbsp;<strong>Claude Didry<\/strong><\/p>\n\n\n\n<hr class=\"wp-block-separator\"\/>\n\n\n\n<p><a href=\"https:\/\/www.nytimes.com\/2020\/04\/10\/world\/europe\/coronavirus-paris-suburbs.html\">New York Times<\/a>, 10 avril 2020 &#8211;&nbsp;<strong>Hamza Esmili&nbsp;<\/strong>&#8211; Like a Prison\u2019&nbsp;; Paris Suburbs Simmer Under Coronavirus Lockdown<\/p>\n\n\n\n<hr class=\"wp-block-separator\"\/>\n\n\n\n<p><a href=\"https:\/\/www.levif.be\/actualite\/magazine\/l-alimentation-valeur-refuge-materielle-et-symbolique\/article-normal-1275041.html\">Le Vif \/ L\u2019Express<\/a>, 9 avril 2020 &#8211;&nbsp;<strong>Martin Bruegel<\/strong>&nbsp;&#8211; L\u2019alimentation, valeur refuge mat\u00e9rielle et symbolique<\/p>\n\n\n\n<hr class=\"wp-block-separator\"\/>\n\n\n\n<p><a href=\"https:\/\/www.courrierinternational.com\/article\/vu-dallemagne-les-banlieues-francaises-grandes-oubliees-du-confinement\">Courrier international<\/a>, 2 avril 2020 &#8211;&nbsp;<strong>Hamza Esmili&nbsp;<\/strong>&#8211; Les banlieues fran\u00e7aises, grandes oubli\u00e9es du confinement<\/p>\n\n\n\n<hr class=\"wp-block-separator\"\/>\n\n\n\n<p><a href=\"https:\/\/ens.us19.list-manage.com\/track\/click?u=c66cdf9d11203878f0a2dee96&amp;id=bf3a73a485&amp;e=df0d1379b2\">Le Monde Diplomatique<\/a>, avril 2020 &#8211;&nbsp;<strong>Quentin Ravelli<\/strong>&nbsp;&#8211; Une mine d\u2019or pour les laboratoires<\/p>\n\n\n\n<hr class=\"wp-block-separator\"\/>\n\n\n\n<p><a href=\"https:\/\/www.zeit.de\/politik\/ausland\/2020-03\/corona-vorsorge-pariser-vororte-ausgangsbeschraenkungen-regierung\">Die Zeit,<\/a>&nbsp;24 mars 2020 &#8211;&nbsp;<strong>Hamza Esmili&nbsp;<\/strong>&#8211; Was, wenn sie in den Vorst\u00e4dten die Nerven verlieren&nbsp;?<\/p>\n\n\n\n<hr class=\"wp-block-separator\"\/>\n\n\n\n<p><a href=\"https:\/\/www.streetpress.com\/sujet\/1584637765-confinement-luxe-dont-pauvres-sont-prives\">StreetPress<\/a>, 19 mars 2020 &#8211;&nbsp;<strong>Hamza Esmili&nbsp;<\/strong>&#8211; Le confinement, ce luxe dont les plus pauvres sont priv\u00e9s<\/p>\n\n\n\n<hr class=\"wp-block-separator\"\/>\n\n\n\n<p><a href=\"https:\/\/qoshe.com\/le-monde\/philippe-askenazy\/recherche-et-d-veloppement-la-lecon-de-la-bel\/67672008\">Le Monde<\/a>, 18 mars 2020 &#8211;&nbsp;<strong>Philippe Askenazy<\/strong>&nbsp;&#8211; Recherche et d\u00e9veloppement&nbsp;: la le\u00e7on de la Belgique \u00e0 la France<\/p>\n\n\n\n<hr class=\"wp-block-separator\"\/>\n\n\n\n<p><a href=\"https:\/\/www.valeursactuelles.com\/politique\/trois-economistes-descendent-la-reforme-des-retraites-116772\">Valeurs Actuelles<\/a>, 5 mars 2020 \u2013&nbsp;<strong>Philippe Askenazy<\/strong>&nbsp;\u2013 Trois \u00e9conomistes descendent la r\u00e9forme des retraites<\/p>\n\n\n\n<hr class=\"wp-block-separator\"\/>\n\n\n\n<p><a href=\"https:\/\/www.20minutes.fr\/societe\/2727227-20200226-chercheurs-protestent-devant-ministere-contre-future-loi-recherche\">20 Minutes<\/a>, 26 f\u00e9vrier 2020 &#8211;&nbsp;<strong>Laure Bereni&nbsp;<\/strong>&#8211; Des chercheurs protestent devant le minist\u00e8re contre la future loi sur la recherche<\/p>\n\n\n\n<hr class=\"wp-block-separator\"\/>\n\n\n\n<p><a href=\"http:\/\/fr.worldpronews.com\/13044\/4092\/110\/260c24043fe36e9bc1233596732b8205709ea9a4\">Le Monde<\/a>, 12 f\u00e9vrier 2020 &#8211;&nbsp;<strong>Philippe Askenazy<\/strong>&nbsp;&#8211; Syndicats r\u00e9formistes contre syndicats contestataires, une opposition factice<\/p>\n\n\n\n<hr class=\"wp-block-separator\"\/>\n\n\n\n<p><a href=\"https:\/\/www.media-paris-saclay.fr\/un-travail-daccoucheur-rencontre-avec-claude-didry\/\">Paris-Saclay Le M\u00e9dia<\/a>, 27 janvier 2020 &#8211; Un\u00a0\u00ab&nbsp;travail&nbsp;\u00bb d\u2019accoucheur\u2026 Rencontre avec&nbsp;<strong>Claude Didry<\/strong><\/p>\n\n\n\n<hr class=\"wp-block-separator\"\/>\n\n\n\n<p><a href=\"https:\/\/le1hebdo.fr\/journal\/numero\/279\/n-a-3645.html\">L\u2019hebdomadaire le 1<\/a>&nbsp;&#8211;&nbsp;<strong>Emmanuel Didier&nbsp;<\/strong>&#8211; Le chiffre est toujours un instrument de pouvoir<\/p>\n\n\n\n<hr class=\"wp-block-separator\"\/>\n\n\n\n<p><a href=\"https:\/\/www.lemonde.fr\/idees\/article\/2020\/01\/08\/500-000-emplois-crees-depuis-2017-vraiment_6025130_3232.html\">Le Monde<\/a>, 8 janvier 2020 &#8211;&nbsp;<strong>Philippe Askenazy<\/strong>&nbsp;&#8211; 500 000 emplois cr\u00e9\u00e9s depuis 2017, vraiment&nbsp;?<\/p>","protected":false},"excerpt":{"rendered":"<p>L\u2019humanit\u00e9 Dimanche, 19 d\u00e9cembre 2020 &#8211;&nbsp;Serge Paugam&nbsp;&#8211; Pauvret\u00e9&nbsp;:\u00a0\u00ab&nbsp;Les aides ne remplacent pas une vraie politique de redistribution&nbsp;\u00bb L\u2019humanit\u00e9, 15 d\u00e9cembre 2020 &#8211;&nbsp;Serge Paugam&nbsp;&#8211; Vivre \u00e0 distance&nbsp;: la paralysie du corps social Le Monde, 11 d\u00e9cembre 2020 &#8211;&nbsp;Emmanuel Didier&nbsp;&#8211; D\u00e9sinformation en temps de crise&nbsp;: libert\u00e9 et discipline des plateformes M\u00e9diapart,&nbsp;\u00c0 l\u2019air libre, 9 d\u00e9cembre 2020 &#8211;&nbsp;Marwan [&hellip;]<\/p>\n","protected":false},"author":94,"featured_media":0,"parent":7566,"menu_order":0,"comment_status":"closed","ping_status":"closed","template":"","meta":{"_acf_changed":false,"footnotes":""},"class_list":["post-7122","page","type-page","status-publish","hentry"],"acf":[],"yoast_head":"<!-- This site is optimized with the Yoast SEO plugin v25.6 - https:\/\/yoast.com\/wordpress\/plugins\/seo\/ -->\n<title>CMH<\/title>\n<meta name=\"robots\" content=\"index, follow, max-snippet:-1, max-image-preview:large, max-video-preview:-1\" \/>\n<link rel=\"canonical\" href=\"https:\/\/cmh.ens.fr\/en\/diffusions-anterieures\/revues-de-presse-anterieures\/revues-de-presse-2020\/\" class=\"yoast-seo-meta-tag\" \/>\n<meta property=\"og:locale\" content=\"en_US\" class=\"yoast-seo-meta-tag\" \/>\n<meta property=\"og:type\" content=\"article\" class=\"yoast-seo-meta-tag\" \/>\n<meta property=\"og:title\" content=\"Revues de presse 2020 - CMH\" class=\"yoast-seo-meta-tag\" \/>\n<meta property=\"og:description\" content=\"L\u2019humanit\u00e9 Dimanche, 19 d\u00e9cembre 2020 &#8211;&nbsp;Serge Paugam&nbsp;&#8211; Pauvret\u00e9&nbsp;:\u00a0\u00ab&nbsp;Les aides ne remplacent pas une vraie politique de redistribution&nbsp;\u00bb L\u2019humanit\u00e9, 15 d\u00e9cembre 2020 &#8211;&nbsp;Serge Paugam&nbsp;&#8211; Vivre \u00e0 distance&nbsp;: la paralysie du corps social Le Monde, 11 d\u00e9cembre 2020 &#8211;&nbsp;Emmanuel Didier&nbsp;&#8211; D\u00e9sinformation en temps de crise&nbsp;: libert\u00e9 et discipline des plateformes M\u00e9diapart,&nbsp;\u00c0 l\u2019air libre, 9 d\u00e9cembre 2020 &#8211;&nbsp;Marwan [&hellip;]\" class=\"yoast-seo-meta-tag\" \/>\n<meta property=\"og:url\" content=\"https:\/\/cmh.ens.fr\/en\/diffusions-anterieures\/revues-de-presse-anterieures\/revues-de-presse-2020\/\" class=\"yoast-seo-meta-tag\" \/>\n<meta property=\"og:site_name\" content=\"CMH\" class=\"yoast-seo-meta-tag\" \/>\n<meta property=\"article:modified_time\" content=\"2021-07-01T14:17:37+00:00\" class=\"yoast-seo-meta-tag\" \/>\n<meta name=\"twitter:card\" content=\"summary_large_image\" class=\"yoast-seo-meta-tag\" \/>\n<meta name=\"twitter:label1\" content=\"Est. reading time\" class=\"yoast-seo-meta-tag\" \/>\n\t<meta name=\"twitter:data1\" content=\"4 minutes\" class=\"yoast-seo-meta-tag\" \/>\n<script type=\"application\/ld+json\" class=\"yoast-schema-graph\">{\"@context\":\"https:\/\/schema.org\",\"@graph\":[{\"@type\":\"WebPage\",\"@id\":\"https:\/\/cmh.ens.fr\/en\/diffusions-anterieures\/revues-de-presse-anterieures\/revues-de-presse-2020\/\",\"url\":\"https:\/\/cmh.ens.fr\/en\/diffusions-anterieures\/revues-de-presse-anterieures\/revues-de-presse-2020\/\",\"name\":\"Revues de presse 2020 - CMH\",\"isPartOf\":{\"@id\":\"https:\/\/cmh.ens.fr\/en\/#website\"},\"datePublished\":\"2021-06-17T10:07:19+00:00\",\"dateModified\":\"2021-07-01T14:17:37+00:00\",\"breadcrumb\":{\"@id\":\"https:\/\/cmh.ens.fr\/en\/diffusions-anterieures\/revues-de-presse-anterieures\/revues-de-presse-2020\/#breadcrumb\"},\"inLanguage\":\"en-US\",\"potentialAction\":[{\"@type\":\"ReadAction\",\"target\":[\"https:\/\/cmh.ens.fr\/en\/diffusions-anterieures\/revues-de-presse-anterieures\/revues-de-presse-2020\/\"]}]},{\"@type\":\"BreadcrumbList\",\"@id\":\"https:\/\/cmh.ens.fr\/en\/diffusions-anterieures\/revues-de-presse-anterieures\/revues-de-presse-2020\/#breadcrumb\",\"itemListElement\":[{\"@type\":\"ListItem\",\"position\":1,\"name\":\"Accueil\",\"item\":\"https:\/\/cmh.ens.fr\/\"},{\"@type\":\"ListItem\",\"position\":2,\"name\":\"Diffusions ant\u00e9rieures\",\"item\":\"https:\/\/cmh.ens.fr\/diffusions-anterieures\/\"},{\"@type\":\"ListItem\",\"position\":3,\"name\":\"Revues de presse ant\u00e9rieures\",\"item\":\"https:\/\/cmh.ens.fr\/en\/diffusions-anterieures\/revues-de-presse-anterieures\/\"},{\"@type\":\"ListItem\",\"position\":4,\"name\":\"Revues de presse 2020\"}]},{\"@type\":\"WebSite\",\"@id\":\"https:\/\/cmh.ens.fr\/en\/#website\",\"url\":\"https:\/\/cmh.ens.fr\/en\/\",\"name\":\"CMH\",\"description\":\"Centre Maurice Halbwachs\",\"publisher\":{\"@id\":\"https:\/\/cmh.ens.fr\/en\/#organization\"},\"potentialAction\":[{\"@type\":\"SearchAction\",\"target\":{\"@type\":\"EntryPoint\",\"urlTemplate\":\"https:\/\/cmh.ens.fr\/en\/?s={search_term_string}\"},\"query-input\":{\"@type\":\"PropertyValueSpecification\",\"valueRequired\":true,\"valueName\":\"search_term_string\"}}],\"inLanguage\":\"en-US\"},{\"@type\":\"Organization\",\"@id\":\"https:\/\/cmh.ens.fr\/en\/#organization\",\"name\":\"Centre Maurice Halbwachs\",\"url\":\"https:\/\/cmh.ens.fr\/en\/\",\"logo\":{\"@type\":\"ImageObject\",\"inLanguage\":\"en-US\",\"@id\":\"https:\/\/cmh.ens.fr\/en\/#\/schema\/logo\/image\/\",\"url\":\"https:\/\/www.cmh.ens.fr\/wp-content\/uploads\/siteon0.jpg\",\"contentUrl\":\"https:\/\/www.cmh.ens.fr\/wp-content\/uploads\/siteon0.jpg\",\"width\":86,\"height\":53,\"caption\":\"Centre Maurice Halbwachs\"},\"image\":{\"@id\":\"https:\/\/cmh.ens.fr\/en\/#\/schema\/logo\/image\/\"}}]}<\/script>\n<!-- \/ Yoast SEO plugin. -->","yoast_head_json":{"title":"CMH","robots":{"index":"index","follow":"follow","max-snippet":"max-snippet:-1","max-image-preview":"max-image-preview:large","max-video-preview":"max-video-preview:-1"},"canonical":"https:\/\/cmh.ens.fr\/en\/diffusions-anterieures\/revues-de-presse-anterieures\/revues-de-presse-2020\/","og_locale":"en_US","og_type":"article","og_title":"Revues de presse 2020 - CMH","og_description":"L\u2019humanit\u00e9 Dimanche, 19 d\u00e9cembre 2020 &#8211;&nbsp;Serge Paugam&nbsp;&#8211; Pauvret\u00e9&nbsp;:\u00a0\u00ab&nbsp;Les aides ne remplacent pas une vraie politique de redistribution&nbsp;\u00bb L\u2019humanit\u00e9, 15 d\u00e9cembre 2020 &#8211;&nbsp;Serge Paugam&nbsp;&#8211; Vivre \u00e0 distance&nbsp;: la paralysie du corps social Le Monde, 11 d\u00e9cembre 2020 &#8211;&nbsp;Emmanuel Didier&nbsp;&#8211; D\u00e9sinformation en temps de crise&nbsp;: libert\u00e9 et discipline des plateformes M\u00e9diapart,&nbsp;\u00c0 l\u2019air libre, 9 d\u00e9cembre 2020 &#8211;&nbsp;Marwan [&hellip;]","og_url":"https:\/\/cmh.ens.fr\/en\/diffusions-anterieures\/revues-de-presse-anterieures\/revues-de-presse-2020\/","og_site_name":"CMH","article_modified_time":"2021-07-01T14:17:37+00:00","twitter_card":"summary_large_image","twitter_misc":{"Est. reading time":"4 minutes"},"schema":{"@context":"https:\/\/schema.org","@graph":[{"@type":"WebPage","@id":"https:\/\/cmh.ens.fr\/en\/diffusions-anterieures\/revues-de-presse-anterieures\/revues-de-presse-2020\/","url":"https:\/\/cmh.ens.fr\/en\/diffusions-anterieures\/revues-de-presse-anterieures\/revues-de-presse-2020\/","name":"Revues de presse 2020 - CMH","isPartOf":{"@id":"https:\/\/cmh.ens.fr\/en\/#website"},"datePublished":"2021-06-17T10:07:19+00:00","dateModified":"2021-07-01T14:17:37+00:00","breadcrumb":{"@id":"https:\/\/cmh.ens.fr\/en\/diffusions-anterieures\/revues-de-presse-anterieures\/revues-de-presse-2020\/#breadcrumb"},"inLanguage":"en-US","potentialAction":[{"@type":"ReadAction","target":["https:\/\/cmh.ens.fr\/en\/diffusions-anterieures\/revues-de-presse-anterieures\/revues-de-presse-2020\/"]}]},{"@type":"BreadcrumbList","@id":"https:\/\/cmh.ens.fr\/en\/diffusions-anterieures\/revues-de-presse-anterieures\/revues-de-presse-2020\/#breadcrumb","itemListElement":[{"@type":"ListItem","position":1,"name":"Accueil","item":"https:\/\/cmh.ens.fr\/"},{"@type":"ListItem","position":2,"name":"Diffusions ant\u00e9rieures","item":"https:\/\/cmh.ens.fr\/diffusions-anterieures\/"},{"@type":"ListItem","position":3,"name":"Revues de presse ant\u00e9rieures","item":"https:\/\/cmh.ens.fr\/en\/diffusions-anterieures\/revues-de-presse-anterieures\/"},{"@type":"ListItem","position":4,"name":"Revues de presse 2020"}]},{"@type":"WebSite","@id":"https:\/\/cmh.ens.fr\/en\/#website","url":"https:\/\/cmh.ens.fr\/en\/","name":"CMH","description":"Centre Maurice Halbwachs","publisher":{"@id":"https:\/\/cmh.ens.fr\/en\/#organization"},"potentialAction":[{"@type":"SearchAction","target":{"@type":"EntryPoint","urlTemplate":"https:\/\/cmh.ens.fr\/en\/?s={search_term_string}"},"query-input":{"@type":"PropertyValueSpecification","valueRequired":true,"valueName":"search_term_string"}}],"inLanguage":"en-US"},{"@type":"Organization","@id":"https:\/\/cmh.ens.fr\/en\/#organization","name":"Centre Maurice Halbwachs","url":"https:\/\/cmh.ens.fr\/en\/","logo":{"@type":"ImageObject","inLanguage":"en-US","@id":"https:\/\/cmh.ens.fr\/en\/#\/schema\/logo\/image\/","url":"https:\/\/www.cmh.ens.fr\/wp-content\/uploads\/siteon0.jpg","contentUrl":"https:\/\/www.cmh.ens.fr\/wp-content\/uploads\/siteon0.jpg","width":86,"height":53,"caption":"Centre Maurice Halbwachs"},"image":{"@id":"https:\/\/cmh.ens.fr\/en\/#\/schema\/logo\/image\/"}}]}},"_links":{"self":[{"href":"https:\/\/cmh.ens.fr\/en\/wp-json\/wp\/v2\/pages\/7122"}],"collection":[{"href":"https:\/\/cmh.ens.fr\/en\/wp-json\/wp\/v2\/pages"}],"about":[{"href":"https:\/\/cmh.ens.fr\/en\/wp-json\/wp\/v2\/types\/page"}],"author":[{"embeddable":true,"href":"https:\/\/cmh.ens.fr\/en\/wp-json\/wp\/v2\/users\/94"}],"replies":[{"embeddable":true,"href":"https:\/\/cmh.ens.fr\/en\/wp-json\/wp\/v2\/comments?post=7122"}],"version-history":[{"count":3,"href":"https:\/\/cmh.ens.fr\/en\/wp-json\/wp\/v2\/pages\/7122\/revisions"}],"predecessor-version":[{"id":7128,"href":"https:\/\/cmh.ens.fr\/en\/wp-json\/wp\/v2\/pages\/7122\/revisions\/7128"}],"up":[{"embeddable":true,"href":"https:\/\/cmh.ens.fr\/en\/wp-json\/wp\/v2\/pages\/7566"}],"wp:attachment":[{"href":"https:\/\/cmh.ens.fr\/en\/wp-json\/wp\/v2\/media?parent=7122"}],"curies":[{"name":"wp","href":"https:\/\/api.w.org\/{rel}","templated":true}]}}