{"id":7102,"date":"2021-06-17T11:37:33","date_gmt":"2021-06-17T09:37:33","guid":{"rendered":"https:\/\/w3.cmh.ens.fr\/?page_id=7102"},"modified":"2021-07-01T16:17:33","modified_gmt":"2021-07-01T14:17:33","slug":"revues-de-presse-2019","status":"publish","type":"page","link":"https:\/\/cmh.ens.fr\/en\/diffusions-anterieures\/revues-de-presse-anterieures\/revues-de-presse-2019\/","title":{"rendered":"Revues de presse 2019"},"content":{"rendered":"<p>Le Parisien, 24 d\u00e9cembre 2019 &#8211;&nbsp;<strong>Martin Bruegel<\/strong>&nbsp;&#8211; Nos repas de No\u00ebl ont bien chang\u00e9<\/p>\n\n\n\n<p>Le Parisien, 24 d\u00e9cembre 2019<\/p>\n\n\n\n<div class=\"wp-block-file\"><a href=\"https:\/\/www.cmh.ens.fr\/wp-content\/uploads\/2019LeParisien24-12-2019p4.pdf\">2019LeParisien24-12-2019p4<\/a><a href=\"https:\/\/www.cmh.ens.fr\/wp-content\/uploads\/2019LeParisien24-12-2019p4.pdf\" class=\"wp-block-file__button\" download>Download<\/a><\/div>\n\n\n\n<hr class=\"wp-block-separator\"\/>\n\n\n\n<p><a href=\"https:\/\/lexpansion.lexpress.fr\/actualite-economique\/reforme-des-retraites-ne-parler-que-de-parcours-haches-serait-une-erreur-de-diagnostic_2110391.html\">L\u2019Express,<\/a>&nbsp;10 d\u00e9cembre 2019 &#8211;&nbsp;<strong>Claude Didry<\/strong>&nbsp;&#8211; R\u00e9forme des retraites&nbsp;: \u00ab\u00a0Ne parler que de parcours hach\u00e9s serait une erreur de diagnostic\u00a0\u00bb<\/p>\n\n\n\n<hr class=\"wp-block-separator\"\/>\n\n\n\n<p><a href=\"https:\/\/www.lemonde.fr\/idees\/article\/2019\/12\/06\/reformes-des-retraites-l-opinion-publique-francaise-fait-preuve-d-un-attachement-visceral-a-la-securite-sociale_6021901_3232.html\">Le Monde<\/a>, 6 d\u00e9cembre 2019 &#8211;&nbsp;<strong>Claude Didry<\/strong>&nbsp;&#8211; R\u00e9formes des retraites&nbsp;:\u00a0\u00ab&nbsp;L\u2019opinion publique fran\u00e7aise fait preuve d\u2019un attachement visc\u00e9ral \u00e0 la S\u00e9curit\u00e9 sociale&nbsp;\u00bb<\/p>\n\n\n\n<hr class=\"wp-block-separator\"\/>\n\n\n\n<p><a href=\"https:\/\/www.lemonde.fr\/idees\/article\/2019\/12\/04\/le-5-decembre-vers-une-greve-par-procuration_6021565_3232.html\">Le Monde<\/a>, 4 d\u00e9cembre 2019 &#8211;&nbsp;<strong>Philippe Askenazy<\/strong>&nbsp;&#8211; Le 5 d\u00e9cembre, vers une gr\u00e8ve par procuration&nbsp;?<\/p>\n\n\n\n<hr class=\"wp-block-separator\"\/>\n\n\n\n<p><a href=\"https:\/\/www.liberation.fr\/evenements-libe\/2019\/11\/29\/solidarite-des-solutions-alternatives-emergent_1766323\">Lib\u00e9ration<\/a>, 29 novembre 2019 &#8211;&nbsp;<strong>Serge Paugam&nbsp;<\/strong>&#8211; Solidarit\u00e9&nbsp;: \u00ab\u00a0des solutions alternatives \u00e9mergent\u00a0\u00bb<\/p>\n\n\n\n<hr class=\"wp-block-separator\"\/>\n\n\n\n<p>Le Monde, 29 novembre 2019 &#8211;&nbsp;<strong>Alexandra Bidet&nbsp;<\/strong>&#8211; Les collapsologues en font-ils trop&nbsp;?<\/p>\n\n\n\n<p>Le Monde, 29 novembre 2019<\/p>\n\n\n\n<div class=\"wp-block-file\"><a href=\"https:\/\/www.cmh.ens.fr\/wp-content\/uploads\/Le-Monde-Bidet.pdf\">Le-Monde-Bidet<\/a><a href=\"https:\/\/www.cmh.ens.fr\/wp-content\/uploads\/Le-Monde-Bidet.pdf\" class=\"wp-block-file__button\" download>Download<\/a><\/div>\n\n\n\n<hr class=\"wp-block-separator\"\/>\n\n\n\n<p>Le Monde, Id\u00e9es, 6-7 octobre 2019 &#8211; Collectif &#8211; Tribune \u00ab\u00a0Les grandes \u00e9coles doivent former \u00e0 la \u2019redirection \u00e9cologique\u2019\u00a0\u00bb<\/p>\n\n\n\n<p>Le Monde, 6-7 octobre 2019<\/p>\n\n\n\n<div class=\"wp-block-file\"><a href=\"https:\/\/www.cmh.ens.fr\/wp-content\/uploads\/biblioeuropresse.pdf\">biblioeuropresse<\/a><a href=\"https:\/\/www.cmh.ens.fr\/wp-content\/uploads\/biblioeuropresse.pdf\" class=\"wp-block-file__button\" download>Download<\/a><\/div>\n\n\n\n<hr class=\"wp-block-separator\"\/>\n\n\n\n<p><a href=\"https:\/\/www.pagina12.com.ar\/227375-serge-paugam-para-conquistar-derechos-hacen-falta-colectivos\">Pagina12<\/a>, 25 octobre 2019 &#8211;&nbsp;<strong>Serge Paugam<\/strong>&nbsp;&#8211; \u201cPara conquistar derechos hacen falta colectivos para organizar luchas\u201d<\/p>\n\n\n\n<hr class=\"wp-block-separator\"\/>\n\n\n\n<p><a href=\"http:\/\/sante-secu-social.npa2009.org\/?Le-Monde-fr-Reforme-des-retraites-Tous-les-perdants-ont-interet-a-se-mobiliser\">Le Monde<\/a>, 5 octobre 2019 &#8211;&nbsp;<strong>Philippe Askenazy<\/strong>&nbsp;&#8211; R\u00e9forme des retraites&nbsp;:\u00a0\u00ab&nbsp;Tous les perdants ont int\u00e9r\u00eat \u00e0 se mobiliser massivement et durement d\u00e8s maintenant&nbsp;!&nbsp;\u00bb<\/p>\n\n\n\n<hr class=\"wp-block-separator\"\/>\n\n\n\n<p>Le Monde, 24 septembre 2019 &#8211;&nbsp;<strong>Lise Bernard&nbsp;<\/strong>&#8211; L\u2019agent immobilier doit savoir oser, poss\u00e9der une \u201cculture de l\u2019aplomb\u201d<\/p>\n\n\n\n<p>Le Monde, 24 septembre 2019<\/p>\n\n\n\n<div class=\"wp-block-file\"><a href=\"https:\/\/www.cmh.ens.fr\/wp-content\/uploads\/LeMonde-24-septembre-2019.pdf\">LeMonde-24-septembre-2019<\/a><a href=\"https:\/\/www.cmh.ens.fr\/wp-content\/uploads\/LeMonde-24-septembre-2019.pdf\" class=\"wp-block-file__button\" download>Download<\/a><\/div>\n\n\n\n<hr class=\"wp-block-separator\"\/>\n\n\n\n<p><a href=\"https:\/\/www.20minutes.fr\/economie\/2605443-20190916-index-egalite-professionnelle-entreprises-250-1000-salaries-passees-crible-efforts-esperes\">20 Minutes<\/a>, 17 septembre 2019 &#8211;&nbsp;<strong>Sophie Pochic<\/strong>&nbsp;&#8211; Index d\u2019\u00e9galit\u00e9 professionnelle&nbsp;: Les entreprises de 250 \u00e0 1000 salari\u00e9s pass\u00e9es au crible, des efforts esp\u00e9r\u00e9s<\/p>\n\n\n\n<hr class=\"wp-block-separator\"\/>\n\n\n\n<p>Le Monde, 11 juillet 2019 &#8211;&nbsp;<strong>Philippe Askenazy<\/strong>&nbsp;&#8211; Retraite&nbsp;: le mirage du r\u00e9gime universel<\/p>\n\n\n\n<p>Le Monde, 11 juillet 2019<\/p>\n\n\n\n<div class=\"wp-block-file\"><a href=\"https:\/\/www.cmh.ens.fr\/wp-content\/uploads\/Askenazy\u00b7RETRAITES\u00b7LeMonde_10-07-2019.pdf\">Askenazy\u00b7RETRAITES\u00b7LeMonde_10-07-2019<\/a><a href=\"https:\/\/www.cmh.ens.fr\/wp-content\/uploads\/Askenazy\u00b7RETRAITES\u00b7LeMonde_10-07-2019.pdf\" class=\"wp-block-file__button\" download>Download<\/a><\/div>\n\n\n\n<hr class=\"wp-block-separator\"\/>\n\n\n\n<p><a href=\"https:\/\/www.ladepeche.fr\/2019\/06\/05\/une-consultation-des-enfants-du-grand-cahors,8239355.php\">La Depeche.fr<\/a>, 5 juin 2019 &#8211;&nbsp;<strong>Serge Paugam<\/strong>&nbsp;&#8211; Une consultation des enfants du Grand Cahors<\/p>\n\n\n\n<hr class=\"wp-block-separator\"\/>\n\n\n\n<p>Liaisons sociales Quotidien, 23 mai 2019 &#8211;&nbsp;<strong>Sophie Pochic<\/strong>&nbsp;&#8211; Entre 2014 et 2015, les accords et plans d\u2019action sur l\u2019\u00e9galit\u00e9 femmes\/hommes ont \u00e9t\u00e9 peu innovants<\/p>\n\n\n\n<p>LSQ, 23 mai 2019<\/p>\n\n\n\n<div class=\"wp-block-file\"><a href=\"https:\/\/www.cmh.ens.fr\/wp-content\/uploads\/lsq_23_mai.pdf\">lsq_23_mai<\/a><a href=\"https:\/\/www.cmh.ens.fr\/wp-content\/uploads\/lsq_23_mai.pdf\" class=\"wp-block-file__button\" download>Download<\/a><\/div>\n\n\n\n<hr class=\"wp-block-separator\"\/>\n\n\n\n<p>Le Monde, 18 mai 2019 &#8211; Au travail, le sens de la tenue &#8211; A propos du dossier \u00ab\u00a0Habits de travail\u00a0\u00bb, Travail, genre et soci\u00e9t\u00e9s, coordonn\u00e9 par<strong>&nbsp;Lise Bernard, Clotilde Lemarchant et Juliette Rennes<\/strong>.<\/p>\n\n\n\n<p>Le Monde, 18 mai 2019<\/p>\n\n\n\n<div class=\"wp-block-file\"><a href=\"https:\/\/www.cmh.ens.fr\/wp-content\/uploads\/Article-Le-Monde-Habits-de-travail-TGS.pdf\">Article-Le-Monde-Habits-de-travail-TGS<\/a><a href=\"https:\/\/www.cmh.ens.fr\/wp-content\/uploads\/Article-Le-Monde-Habits-de-travail-TGS.pdf\" class=\"wp-block-file__button\" download>Download<\/a><\/div>\n\n\n\n<hr class=\"wp-block-separator\"\/>\n\n\n\n<p><a href=\"https:\/\/www.journaldesfemmes.fr\/mariage\/organisation\/2525814-demande-mariage-femme-a-homme\/\">Le journal des femmes<\/a>, 13 mai 2019 &#8211;&nbsp;<strong>Florence Maillochon<\/strong>&nbsp;&#8211; Demande en mariage&nbsp;: quand les femmes franchissent le pas<\/p>\n\n\n\n<hr class=\"wp-block-separator\"\/>\n\n\n\n<p><a href=\"https:\/\/www.lejournaldesentreprises.com\/france\/article\/michel-offerle-sociologue-ce-que-pensent-les-patrons-des-gilets-jaunes-et-du-grand-debat-138706\">Journal des Entreprises<\/a>, 19 F\u00e9vrier 2019 &#8211;&nbsp;<strong>Michel Offerl\u00e9<\/strong>&nbsp;&#8211; Ce que pensent les patrons des Gilets Jaunes et du Grand D\u00e9bat<\/p>\n\n\n\n<hr class=\"wp-block-separator\"\/>\n\n\n\n<p>Le Monde, 14 f\u00e9vrier 2019 &#8211;&nbsp;<strong>Lise Bernard<\/strong>&nbsp;&#8211; Une condition attirante mais fragile<\/p>\n\n\n\n<p>Le Monde, 14 f\u00e9vrier 2019<\/p>\n\n\n\n<div class=\"wp-block-file\"><a href=\"https:\/\/www.cmh.ens.fr\/wp-content\/uploads\/Le-Monde.pdf\">Le-Monde<\/a><a href=\"https:\/\/www.cmh.ens.fr\/wp-content\/uploads\/Le-Monde.pdf\" class=\"wp-block-file__button\" download>Download<\/a><\/div>\n\n\n\n<hr class=\"wp-block-separator\"\/>\n\n\n\n<p><a href=\"https:\/\/www.uniopss.asso.fr\/sites\/default\/files\/fichiers\/uniopss\/us323_en_debat.pdf\">Union Sociale<\/a>, Janvier 2019 n\u00b0323 &#8211;&nbsp;<strong>Serge Paugam<\/strong>&nbsp;&#8211; 30 ans apr\u00e8s la cr\u00e9ation du RMI, quel bilan&nbsp;?<\/p>\n\n\n\n<hr class=\"wp-block-separator\"\/>\n\n\n\n<p><a href=\"https:\/\/www.latribune.fr\/opinions\/tribunes\/le-travail-au-noir-casse-le-mythe-du-modele-social-francais-804535.html\">La Tribune<\/a>, 22 janvier 2019 &#8211;&nbsp;<strong>Florence Weber&nbsp;<\/strong>&#8211; Le travail au noir casse le mythe du mod\u00e8le social fran\u00e7ais<\/p>\n\n\n\n<hr class=\"wp-block-separator\"\/>\n\n\n\n<p>Alternatives \u00e9conomiques, 18 janvier 2019 &#8211;&nbsp;<strong>Sophie Pochic<\/strong>&nbsp;&#8211; Egalit\u00e9 professionnelle&nbsp;: des accords mineurs<\/p>\n\n\n\n<p>Alternatives \u00e9conomiques<\/p>\n\n\n\n<div class=\"wp-block-file\"><a href=\"https:\/\/www.cmh.ens.fr\/wp-content\/uploads\/Alternatives-Economiques-Janv-2019.pdf\">Alternatives-Economiques-Janv-2019<\/a><a href=\"https:\/\/www.cmh.ens.fr\/wp-content\/uploads\/Alternatives-Economiques-Janv-2019.pdf\" class=\"wp-block-file__button\" download>Download<\/a><\/div>\n\n\n\n<hr class=\"wp-block-separator\"\/>\n\n\n\n<p><a href=\"https:\/\/www.latribune.fr\/opinions\/tribunes\/pourquoi-les-donnees-economiques-peinent-a-rendre-compte-de-la-dure-realite-du-quotidien-803062.html\">La Tribune<\/a>, 8 janvier 2019 &#8211;&nbsp;<strong>Florence Weber&nbsp;<\/strong>&#8211; Pourquoi les donn\u00e9es \u00e9conomiques peinent \u00e0 rendre compte de la dure r\u00e9alit\u00e9 du quotidien<\/p>\n\n\n\n<hr class=\"wp-block-separator\"\/>\n\n\n\n<p>Le Monde, 4 janvier 2019 &#8211;&nbsp;<strong>Michel Offerl\u00e9<\/strong>&nbsp;&#8211; Pourquoi la col\u00e8re des\u00a0\u00ab&nbsp;gilets jaunes&nbsp;\u00bb<br>ignore-t-elle le patronat&nbsp;?<\/p>\n\n\n\n<p>Le Monde<\/p>\n\n\n\n<div class=\"wp-block-file\"><a href=\"https:\/\/www.cmh.ens.fr\/wp-content\/uploads\/Le_Monde_3_janvier_2019.pdf\">Le_Monde_3_janvier_2019<\/a><a href=\"https:\/\/www.cmh.ens.fr\/wp-content\/uploads\/Le_Monde_3_janvier_2019.pdf\" class=\"wp-block-file__button\" download>Download<\/a><\/div>","protected":false},"excerpt":{"rendered":"<p>Le Parisien, 24 d\u00e9cembre 2019 &#8211;&nbsp;Martin Bruegel&nbsp;&#8211; Nos repas de No\u00ebl ont bien chang\u00e9 Le Parisien, 24 d\u00e9cembre 2019 L\u2019Express,&nbsp;10 d\u00e9cembre 2019 &#8211;&nbsp;Claude Didry&nbsp;&#8211; R\u00e9forme des retraites&nbsp;: \u00ab\u00a0Ne parler que de parcours hach\u00e9s serait une erreur de diagnostic\u00a0\u00bb Le Monde, 6 d\u00e9cembre 2019 &#8211;&nbsp;Claude Didry&nbsp;&#8211; R\u00e9formes des retraites&nbsp;:\u00a0\u00ab&nbsp;L\u2019opinion publique fran\u00e7aise fait preuve d\u2019un attachement visc\u00e9ral [&hellip;]<\/p>\n","protected":false},"author":94,"featured_media":0,"parent":7566,"menu_order":0,"comment_status":"closed","ping_status":"closed","template":"","meta":{"_acf_changed":false,"footnotes":""},"class_list":["post-7102","page","type-page","status-publish","hentry"],"acf":[],"yoast_head":"<!-- This site is optimized with the Yoast SEO plugin v25.6 - https:\/\/yoast.com\/wordpress\/plugins\/seo\/ -->\n<title>CMH<\/title>\n<meta name=\"robots\" content=\"index, follow, max-snippet:-1, max-image-preview:large, max-video-preview:-1\" \/>\n<link rel=\"canonical\" href=\"https:\/\/cmh.ens.fr\/en\/diffusions-anterieures\/revues-de-presse-anterieures\/revues-de-presse-2019\/\" class=\"yoast-seo-meta-tag\" \/>\n<meta property=\"og:locale\" content=\"en_US\" class=\"yoast-seo-meta-tag\" \/>\n<meta property=\"og:type\" content=\"article\" class=\"yoast-seo-meta-tag\" \/>\n<meta property=\"og:title\" content=\"Revues de presse 2019 - CMH\" class=\"yoast-seo-meta-tag\" \/>\n<meta property=\"og:description\" content=\"Le Parisien, 24 d\u00e9cembre 2019 &#8211;&nbsp;Martin Bruegel&nbsp;&#8211; Nos repas de No\u00ebl ont bien chang\u00e9 Le Parisien, 24 d\u00e9cembre 2019 L\u2019Express,&nbsp;10 d\u00e9cembre 2019 &#8211;&nbsp;Claude Didry&nbsp;&#8211; R\u00e9forme des retraites&nbsp;: \u00ab\u00a0Ne parler que de parcours hach\u00e9s serait une erreur de diagnostic\u00a0\u00bb Le Monde, 6 d\u00e9cembre 2019 &#8211;&nbsp;Claude Didry&nbsp;&#8211; R\u00e9formes des retraites&nbsp;:\u00a0\u00ab&nbsp;L\u2019opinion publique fran\u00e7aise fait preuve d\u2019un attachement visc\u00e9ral [&hellip;]\" class=\"yoast-seo-meta-tag\" \/>\n<meta property=\"og:url\" content=\"https:\/\/cmh.ens.fr\/en\/diffusions-anterieures\/revues-de-presse-anterieures\/revues-de-presse-2019\/\" class=\"yoast-seo-meta-tag\" \/>\n<meta property=\"og:site_name\" content=\"CMH\" class=\"yoast-seo-meta-tag\" \/>\n<meta property=\"article:modified_time\" content=\"2021-07-01T14:17:33+00:00\" class=\"yoast-seo-meta-tag\" \/>\n<meta name=\"twitter:card\" content=\"summary_large_image\" class=\"yoast-seo-meta-tag\" \/>\n<meta name=\"twitter:label1\" content=\"Est. reading time\" class=\"yoast-seo-meta-tag\" \/>\n\t<meta name=\"twitter:data1\" content=\"3 minutes\" class=\"yoast-seo-meta-tag\" \/>\n<script type=\"application\/ld+json\" class=\"yoast-schema-graph\">{\"@context\":\"https:\/\/schema.org\",\"@graph\":[{\"@type\":\"WebPage\",\"@id\":\"https:\/\/cmh.ens.fr\/en\/diffusions-anterieures\/revues-de-presse-anterieures\/revues-de-presse-2019\/\",\"url\":\"https:\/\/cmh.ens.fr\/en\/diffusions-anterieures\/revues-de-presse-anterieures\/revues-de-presse-2019\/\",\"name\":\"Revues de presse 2019 - CMH\",\"isPartOf\":{\"@id\":\"https:\/\/cmh.ens.fr\/en\/#website\"},\"datePublished\":\"2021-06-17T09:37:33+00:00\",\"dateModified\":\"2021-07-01T14:17:33+00:00\",\"breadcrumb\":{\"@id\":\"https:\/\/cmh.ens.fr\/en\/diffusions-anterieures\/revues-de-presse-anterieures\/revues-de-presse-2019\/#breadcrumb\"},\"inLanguage\":\"en-US\",\"potentialAction\":[{\"@type\":\"ReadAction\",\"target\":[\"https:\/\/cmh.ens.fr\/en\/diffusions-anterieures\/revues-de-presse-anterieures\/revues-de-presse-2019\/\"]}]},{\"@type\":\"BreadcrumbList\",\"@id\":\"https:\/\/cmh.ens.fr\/en\/diffusions-anterieures\/revues-de-presse-anterieures\/revues-de-presse-2019\/#breadcrumb\",\"itemListElement\":[{\"@type\":\"ListItem\",\"position\":1,\"name\":\"Accueil\",\"item\":\"https:\/\/cmh.ens.fr\/\"},{\"@type\":\"ListItem\",\"position\":2,\"name\":\"Diffusions ant\u00e9rieures\",\"item\":\"https:\/\/cmh.ens.fr\/diffusions-anterieures\/\"},{\"@type\":\"ListItem\",\"position\":3,\"name\":\"Revues de presse ant\u00e9rieures\",\"item\":\"https:\/\/cmh.ens.fr\/en\/diffusions-anterieures\/revues-de-presse-anterieures\/\"},{\"@type\":\"ListItem\",\"position\":4,\"name\":\"Revues de presse 2019\"}]},{\"@type\":\"WebSite\",\"@id\":\"https:\/\/cmh.ens.fr\/en\/#website\",\"url\":\"https:\/\/cmh.ens.fr\/en\/\",\"name\":\"CMH\",\"description\":\"Centre Maurice Halbwachs\",\"publisher\":{\"@id\":\"https:\/\/cmh.ens.fr\/en\/#organization\"},\"potentialAction\":[{\"@type\":\"SearchAction\",\"target\":{\"@type\":\"EntryPoint\",\"urlTemplate\":\"https:\/\/cmh.ens.fr\/en\/?s={search_term_string}\"},\"query-input\":{\"@type\":\"PropertyValueSpecification\",\"valueRequired\":true,\"valueName\":\"search_term_string\"}}],\"inLanguage\":\"en-US\"},{\"@type\":\"Organization\",\"@id\":\"https:\/\/cmh.ens.fr\/en\/#organization\",\"name\":\"Centre Maurice Halbwachs\",\"url\":\"https:\/\/cmh.ens.fr\/en\/\",\"logo\":{\"@type\":\"ImageObject\",\"inLanguage\":\"en-US\",\"@id\":\"https:\/\/cmh.ens.fr\/en\/#\/schema\/logo\/image\/\",\"url\":\"https:\/\/www.cmh.ens.fr\/wp-content\/uploads\/siteon0.jpg\",\"contentUrl\":\"https:\/\/www.cmh.ens.fr\/wp-content\/uploads\/siteon0.jpg\",\"width\":86,\"height\":53,\"caption\":\"Centre Maurice Halbwachs\"},\"image\":{\"@id\":\"https:\/\/cmh.ens.fr\/en\/#\/schema\/logo\/image\/\"}}]}<\/script>\n<!-- \/ Yoast SEO plugin. -->","yoast_head_json":{"title":"CMH","robots":{"index":"index","follow":"follow","max-snippet":"max-snippet:-1","max-image-preview":"max-image-preview:large","max-video-preview":"max-video-preview:-1"},"canonical":"https:\/\/cmh.ens.fr\/en\/diffusions-anterieures\/revues-de-presse-anterieures\/revues-de-presse-2019\/","og_locale":"en_US","og_type":"article","og_title":"Revues de presse 2019 - CMH","og_description":"Le Parisien, 24 d\u00e9cembre 2019 &#8211;&nbsp;Martin Bruegel&nbsp;&#8211; Nos repas de No\u00ebl ont bien chang\u00e9 Le Parisien, 24 d\u00e9cembre 2019 L\u2019Express,&nbsp;10 d\u00e9cembre 2019 &#8211;&nbsp;Claude Didry&nbsp;&#8211; R\u00e9forme des retraites&nbsp;: \u00ab\u00a0Ne parler que de parcours hach\u00e9s serait une erreur de diagnostic\u00a0\u00bb Le Monde, 6 d\u00e9cembre 2019 &#8211;&nbsp;Claude Didry&nbsp;&#8211; R\u00e9formes des retraites&nbsp;:\u00a0\u00ab&nbsp;L\u2019opinion publique fran\u00e7aise fait preuve d\u2019un attachement visc\u00e9ral [&hellip;]","og_url":"https:\/\/cmh.ens.fr\/en\/diffusions-anterieures\/revues-de-presse-anterieures\/revues-de-presse-2019\/","og_site_name":"CMH","article_modified_time":"2021-07-01T14:17:33+00:00","twitter_card":"summary_large_image","twitter_misc":{"Est. reading time":"3 minutes"},"schema":{"@context":"https:\/\/schema.org","@graph":[{"@type":"WebPage","@id":"https:\/\/cmh.ens.fr\/en\/diffusions-anterieures\/revues-de-presse-anterieures\/revues-de-presse-2019\/","url":"https:\/\/cmh.ens.fr\/en\/diffusions-anterieures\/revues-de-presse-anterieures\/revues-de-presse-2019\/","name":"Revues de presse 2019 - CMH","isPartOf":{"@id":"https:\/\/cmh.ens.fr\/en\/#website"},"datePublished":"2021-06-17T09:37:33+00:00","dateModified":"2021-07-01T14:17:33+00:00","breadcrumb":{"@id":"https:\/\/cmh.ens.fr\/en\/diffusions-anterieures\/revues-de-presse-anterieures\/revues-de-presse-2019\/#breadcrumb"},"inLanguage":"en-US","potentialAction":[{"@type":"ReadAction","target":["https:\/\/cmh.ens.fr\/en\/diffusions-anterieures\/revues-de-presse-anterieures\/revues-de-presse-2019\/"]}]},{"@type":"BreadcrumbList","@id":"https:\/\/cmh.ens.fr\/en\/diffusions-anterieures\/revues-de-presse-anterieures\/revues-de-presse-2019\/#breadcrumb","itemListElement":[{"@type":"ListItem","position":1,"name":"Accueil","item":"https:\/\/cmh.ens.fr\/"},{"@type":"ListItem","position":2,"name":"Diffusions ant\u00e9rieures","item":"https:\/\/cmh.ens.fr\/diffusions-anterieures\/"},{"@type":"ListItem","position":3,"name":"Revues de presse ant\u00e9rieures","item":"https:\/\/cmh.ens.fr\/en\/diffusions-anterieures\/revues-de-presse-anterieures\/"},{"@type":"ListItem","position":4,"name":"Revues de presse 2019"}]},{"@type":"WebSite","@id":"https:\/\/cmh.ens.fr\/en\/#website","url":"https:\/\/cmh.ens.fr\/en\/","name":"CMH","description":"Centre Maurice Halbwachs","publisher":{"@id":"https:\/\/cmh.ens.fr\/en\/#organization"},"potentialAction":[{"@type":"SearchAction","target":{"@type":"EntryPoint","urlTemplate":"https:\/\/cmh.ens.fr\/en\/?s={search_term_string}"},"query-input":{"@type":"PropertyValueSpecification","valueRequired":true,"valueName":"search_term_string"}}],"inLanguage":"en-US"},{"@type":"Organization","@id":"https:\/\/cmh.ens.fr\/en\/#organization","name":"Centre Maurice Halbwachs","url":"https:\/\/cmh.ens.fr\/en\/","logo":{"@type":"ImageObject","inLanguage":"en-US","@id":"https:\/\/cmh.ens.fr\/en\/#\/schema\/logo\/image\/","url":"https:\/\/www.cmh.ens.fr\/wp-content\/uploads\/siteon0.jpg","contentUrl":"https:\/\/www.cmh.ens.fr\/wp-content\/uploads\/siteon0.jpg","width":86,"height":53,"caption":"Centre Maurice Halbwachs"},"image":{"@id":"https:\/\/cmh.ens.fr\/en\/#\/schema\/logo\/image\/"}}]}},"_links":{"self":[{"href":"https:\/\/cmh.ens.fr\/en\/wp-json\/wp\/v2\/pages\/7102"}],"collection":[{"href":"https:\/\/cmh.ens.fr\/en\/wp-json\/wp\/v2\/pages"}],"about":[{"href":"https:\/\/cmh.ens.fr\/en\/wp-json\/wp\/v2\/types\/page"}],"author":[{"embeddable":true,"href":"https:\/\/cmh.ens.fr\/en\/wp-json\/wp\/v2\/users\/94"}],"replies":[{"embeddable":true,"href":"https:\/\/cmh.ens.fr\/en\/wp-json\/wp\/v2\/comments?post=7102"}],"version-history":[{"count":2,"href":"https:\/\/cmh.ens.fr\/en\/wp-json\/wp\/v2\/pages\/7102\/revisions"}],"predecessor-version":[{"id":7119,"href":"https:\/\/cmh.ens.fr\/en\/wp-json\/wp\/v2\/pages\/7102\/revisions\/7119"}],"up":[{"embeddable":true,"href":"https:\/\/cmh.ens.fr\/en\/wp-json\/wp\/v2\/pages\/7566"}],"wp:attachment":[{"href":"https:\/\/cmh.ens.fr\/en\/wp-json\/wp\/v2\/media?parent=7102"}],"curies":[{"name":"wp","href":"https:\/\/api.w.org\/{rel}","templated":true}]}}