{"id":5754,"date":"2021-05-20T16:29:38","date_gmt":"2021-05-20T14:29:38","guid":{"rendered":"https:\/\/w3.cmh.ens.fr\/?page_id=5754"},"modified":"2022-10-10T16:01:33","modified_gmt":"2022-10-10T14:01:33","slug":"atelier-tepsis-personnalisation-des-liens-politiques-ethnographie-et-comparaison","status":"publish","type":"page","link":"https:\/\/cmh.ens.fr\/en\/activites-scientifiques-anterieures\/atelier-tepsis-personnalisation-des-liens-politiques-ethnographie-et-comparaison\/","title":{"rendered":"Atelier TEPSIS\u00a0\u00ab\u00a0Personnalisation des liens politiques\u00a0: ethnographie et comparaison\u00a0\u00bb"},"content":{"rendered":"<p>L\u2019atelier explore, dans une perspective comparative, le th\u00e8me de la personnalisation des liens politiques, en combinant les perspectives de l\u2019anthropologie et de la sociologie politique. La question des liens politiques localis\u00e9s et personnalis\u00e9s a \u00e9t\u00e9 mise en lumi\u00e8re par diverses recherches, portant sur les milieux politiques locaux et les formes territorialis\u00e9s des sociabilit\u00e9s politiques, sur l\u2019exercice concret du m\u00e9tier d\u2019\u00e9lu et les relations ordinaires que les hommes politiques nouent avec leurs \u00e9lecteurs comme avec leurs pairs, sur le poids des interactions locales dans la production des votes, ou encore sur la politique informelle. L\u2019atelier se propose d\u2019aborder les fa\u00e7ons dont les activit\u00e9s, les identit\u00e9s et les choix politiques s\u2019adossent aux exp\u00e9riences ordinaires du monde social. Il s\u2019int\u00e9resse aux processus par lesquels les relations et les \u00e9changes au sein de groupes d\u2019appartenance les investissements pratiques de la vie quotidienne, et les jugements moraux ordinaires (expressions de l\u2019indignation, consid\u00e9ration et estime de soi, attentes de reconnaissance, etc.) affectent les processus de politisation (mais \u00e9galement de d\u00e9politisation, de d\u00e9sengagement et de discr\u00e9dit de la politique). Pour sa premi\u00e8re ann\u00e9e de fonctionnement, l\u2019atelier de recherche a permis de mettre en place diverses initiatives&nbsp;: \u00e0 la fois des workshops, avec des invit\u00e9s \u00e9trangers, une table ronde, une conf\u00e9rence \u00e0 destination du grand public, des participations \u00e0 des s\u00e9minaires \u00e0 l\u2019\u00e9tranger et des congr\u00e8s internationaux et un s\u00e9minaire r\u00e9gulier sur les ancrages politiques.<\/p>\n\n\n\n<p>Un groupe d\u2019une trentaine de doctorants et mast\u00e9riens, de diff\u00e9rentes institutions (EHESS, ENS, Paris 1, Institut des Hautes Etudes d\u2019Am\u00e9rique Latine-Paris III, IEP, etc.) est r\u00e9guli\u00e8rement associ\u00e9 aux activit\u00e9s de l\u2019atelier.&nbsp;<\/p>\n\n\n\n<h2 class=\"wp-block-heading\"><strong>S\u00e9minaire 2016-2017<\/strong><\/h2>\n\n\n\n<p><a href=\"http:\/\/www.sciences-sociales.ens.fr\/9-Politique-liens-personnels.html?lang=fr\">Politique, liens personnels, jugements moraux&nbsp;: ethnographie et comparaison<\/a><\/p>\n\n\n\n<h2 class=\"wp-block-heading\"><strong>Workshops pr\u00e9c\u00e9dents<\/strong><\/h2>\n\n\n\n<p>30 juin 2014&nbsp;:&nbsp;<a href=\"https:\/\/tepsis.hypotheses.org\/1595\">Workshop 1<\/a>, autour des travaux Marcos Otavio Bezerra (anthropologue, Universit\u00e9 f\u00e9d\u00e9rale Fluminense, Br\u00e9sil)&nbsp;&nbsp;<\/p>\n\n\n\n<p>10 octobre 2014&nbsp;:&nbsp;<a href=\"http:\/\/iris.hypotheses.org\/517\">Workshop 2<\/a>, autour de Gabriel Vommaro (sociologue, universit\u00e9 de Buenos Aires-Argentine)&nbsp;:\u00a0\u00ab&nbsp;Client\u00e9lisme et gouvernement de la pauvret\u00e9&nbsp;\u00bb<\/p>\n\n\n\n<p>18 juin 2015&nbsp;:&nbsp;<a href=\"http:\/\/tepsis.hypotheses.org\/2417\">Workshop 3<\/a>, autour des travaux de Nicole Marwell, professeure de sociologie \u00e0 la New York State University, sur les machines politiques urbaines et les politiques sociales aux Etats-Unis.<\/p>\n\n\n\n<p>8 octobre 2015&nbsp;:&nbsp;<a href=\"https:\/\/cmh.ens.fr\/en\/Activites-scientifiques-802\/\">Workshop 4<\/a>, autour des travaux de Moacir Palmeira, anthropologue, professeur \u00e0 l\u2019Universit\u00e9 f\u00e9d\u00e9rale de Rio de Janeiro\/ Museu Nacional, invit\u00e9 de la chaire internationale TEPSIS<\/p>\n\n\n\n<p>8 avril 2016&nbsp;:&nbsp;<a href=\"https:\/\/tepsis.hypotheses.org\/3175\">Workshop 5<\/a>, autour des travaux de Peter Pels, anthropologue, Universit\u00e9 de Leyde (Holland).\u00a0\u00ab&nbsp;Pratiques de la\u00a0\u00ab&nbsp;tradition&nbsp;\u00bb, politiques de modernisation, \u00e9lections&nbsp;\u00bb<\/p>\n\n\n\n<p>21 juin 2016&nbsp;:&nbsp;<a href=\"https:\/\/tepsis.hypotheses.org\/3603\">Workshop 6<\/a>, autour des travaux de Desmond Arias, George Mason University.\u00a0\u00ab&nbsp;Acteurs politiques et ancrages locaux&nbsp;: discussion autour des \u00e9changes politiques en contextes de violence&nbsp;\u00bb.<\/p>\n\n\n\n<p>9 d\u00e9cembre 2016&nbsp;:&nbsp;<a href=\"https:\/\/cmh.ens.fr\/en\/spip.php\/?page=article&amp;id_article=1175\">Workshop 7<\/a>, Autour de travaux de Julieta Quiros (CONICET-UNC Argentine) sur les exp\u00e9riences de la politique dans les milieux populaires en Argentine, \u00ab\u00a0Politique, \u00e9changes et interconnaissance\u00a0\u00bb<\/p>","protected":false},"excerpt":{"rendered":"<p>L\u2019atelier explore, dans une perspective comparative, le th\u00e8me de la personnalisation des liens politiques, en combinant les perspectives de l\u2019anthropologie et de la sociologie politique. La question des liens politiques localis\u00e9s et personnalis\u00e9s a \u00e9t\u00e9 mise en lumi\u00e8re par diverses recherches, portant sur les milieux politiques locaux et les formes territorialis\u00e9s des sociabilit\u00e9s politiques, sur [&hellip;]<\/p>\n","protected":false},"author":1,"featured_media":0,"parent":2649,"menu_order":6,"comment_status":"closed","ping_status":"closed","template":"","meta":{"_acf_changed":false,"footnotes":""},"class_list":["post-5754","page","type-page","status-publish","hentry"],"acf":[],"yoast_head":"<!-- This site is optimized with the Yoast SEO plugin v25.6 - https:\/\/yoast.com\/wordpress\/plugins\/seo\/ -->\n<title>CMH<\/title>\n<meta name=\"robots\" content=\"index, follow, max-snippet:-1, max-image-preview:large, max-video-preview:-1\" \/>\n<link rel=\"canonical\" href=\"https:\/\/cmh.ens.fr\/en\/activites-scientifiques-anterieures\/atelier-tepsis-personnalisation-des-liens-politiques-ethnographie-et-comparaison\/\" class=\"yoast-seo-meta-tag\" \/>\n<meta property=\"og:locale\" content=\"en_US\" class=\"yoast-seo-meta-tag\" \/>\n<meta property=\"og:type\" content=\"article\" class=\"yoast-seo-meta-tag\" \/>\n<meta property=\"og:title\" content=\"Atelier TEPSIS \u00ab Personnalisation des liens politiques : ethnographie et comparaison \u00bb - CMH\" class=\"yoast-seo-meta-tag\" \/>\n<meta property=\"og:description\" content=\"L\u2019atelier explore, dans une perspective comparative, le th\u00e8me de la personnalisation des liens politiques, en combinant les perspectives de l\u2019anthropologie et de la sociologie politique. La question des liens politiques localis\u00e9s et personnalis\u00e9s a \u00e9t\u00e9 mise en lumi\u00e8re par diverses recherches, portant sur les milieux politiques locaux et les formes territorialis\u00e9s des sociabilit\u00e9s politiques, sur [&hellip;]\" class=\"yoast-seo-meta-tag\" \/>\n<meta property=\"og:url\" content=\"https:\/\/cmh.ens.fr\/en\/activites-scientifiques-anterieures\/atelier-tepsis-personnalisation-des-liens-politiques-ethnographie-et-comparaison\/\" class=\"yoast-seo-meta-tag\" \/>\n<meta property=\"og:site_name\" content=\"CMH\" class=\"yoast-seo-meta-tag\" \/>\n<meta property=\"article:modified_time\" content=\"2022-10-10T14:01:33+00:00\" class=\"yoast-seo-meta-tag\" \/>\n<meta name=\"twitter:card\" content=\"summary_large_image\" class=\"yoast-seo-meta-tag\" \/>\n<meta name=\"twitter:label1\" content=\"Est. reading time\" class=\"yoast-seo-meta-tag\" \/>\n\t<meta name=\"twitter:data1\" content=\"3 minutes\" class=\"yoast-seo-meta-tag\" \/>\n<script type=\"application\/ld+json\" class=\"yoast-schema-graph\">{\"@context\":\"https:\/\/schema.org\",\"@graph\":[{\"@type\":\"WebPage\",\"@id\":\"https:\/\/cmh.ens.fr\/en\/activites-scientifiques-anterieures\/atelier-tepsis-personnalisation-des-liens-politiques-ethnographie-et-comparaison\/\",\"url\":\"https:\/\/cmh.ens.fr\/en\/activites-scientifiques-anterieures\/atelier-tepsis-personnalisation-des-liens-politiques-ethnographie-et-comparaison\/\",\"name\":\"Atelier TEPSIS \u00ab Personnalisation des liens politiques : ethnographie et comparaison \u00bb - CMH\",\"isPartOf\":{\"@id\":\"https:\/\/cmh.ens.fr\/en\/#website\"},\"datePublished\":\"2021-05-20T14:29:38+00:00\",\"dateModified\":\"2022-10-10T14:01:33+00:00\",\"breadcrumb\":{\"@id\":\"https:\/\/cmh.ens.fr\/en\/activites-scientifiques-anterieures\/atelier-tepsis-personnalisation-des-liens-politiques-ethnographie-et-comparaison\/#breadcrumb\"},\"inLanguage\":\"en-US\",\"potentialAction\":[{\"@type\":\"ReadAction\",\"target\":[\"https:\/\/cmh.ens.fr\/en\/activites-scientifiques-anterieures\/atelier-tepsis-personnalisation-des-liens-politiques-ethnographie-et-comparaison\/\"]}]},{\"@type\":\"BreadcrumbList\",\"@id\":\"https:\/\/cmh.ens.fr\/en\/activites-scientifiques-anterieures\/atelier-tepsis-personnalisation-des-liens-politiques-ethnographie-et-comparaison\/#breadcrumb\",\"itemListElement\":[{\"@type\":\"ListItem\",\"position\":1,\"name\":\"Accueil\",\"item\":\"https:\/\/cmh.ens.fr\/\"},{\"@type\":\"ListItem\",\"position\":2,\"name\":\"Activit\u00e9s scientifiques ant\u00e9rieures\",\"item\":\"https:\/\/cmh.ens.fr\/activites-scientifiques-anterieures\/\"},{\"@type\":\"ListItem\",\"position\":3,\"name\":\"Atelier TEPSIS\u00a0\u00ab\u00a0Personnalisation des liens politiques\u00a0: ethnographie et comparaison\u00a0\u00bb\"}]},{\"@type\":\"WebSite\",\"@id\":\"https:\/\/cmh.ens.fr\/en\/#website\",\"url\":\"https:\/\/cmh.ens.fr\/en\/\",\"name\":\"CMH\",\"description\":\"Centre Maurice Halbwachs\",\"publisher\":{\"@id\":\"https:\/\/cmh.ens.fr\/en\/#organization\"},\"potentialAction\":[{\"@type\":\"SearchAction\",\"target\":{\"@type\":\"EntryPoint\",\"urlTemplate\":\"https:\/\/cmh.ens.fr\/en\/?s={search_term_string}\"},\"query-input\":{\"@type\":\"PropertyValueSpecification\",\"valueRequired\":true,\"valueName\":\"search_term_string\"}}],\"inLanguage\":\"en-US\"},{\"@type\":\"Organization\",\"@id\":\"https:\/\/cmh.ens.fr\/en\/#organization\",\"name\":\"Centre Maurice Halbwachs\",\"url\":\"https:\/\/cmh.ens.fr\/en\/\",\"logo\":{\"@type\":\"ImageObject\",\"inLanguage\":\"en-US\",\"@id\":\"https:\/\/cmh.ens.fr\/en\/#\/schema\/logo\/image\/\",\"url\":\"https:\/\/www.cmh.ens.fr\/wp-content\/uploads\/siteon0.jpg\",\"contentUrl\":\"https:\/\/www.cmh.ens.fr\/wp-content\/uploads\/siteon0.jpg\",\"width\":86,\"height\":53,\"caption\":\"Centre Maurice Halbwachs\"},\"image\":{\"@id\":\"https:\/\/cmh.ens.fr\/en\/#\/schema\/logo\/image\/\"}}]}<\/script>\n<!-- \/ Yoast SEO plugin. -->","yoast_head_json":{"title":"CMH","robots":{"index":"index","follow":"follow","max-snippet":"max-snippet:-1","max-image-preview":"max-image-preview:large","max-video-preview":"max-video-preview:-1"},"canonical":"https:\/\/cmh.ens.fr\/en\/activites-scientifiques-anterieures\/atelier-tepsis-personnalisation-des-liens-politiques-ethnographie-et-comparaison\/","og_locale":"en_US","og_type":"article","og_title":"Atelier TEPSIS \u00ab Personnalisation des liens politiques : ethnographie et comparaison \u00bb - CMH","og_description":"L\u2019atelier explore, dans une perspective comparative, le th\u00e8me de la personnalisation des liens politiques, en combinant les perspectives de l\u2019anthropologie et de la sociologie politique. La question des liens politiques localis\u00e9s et personnalis\u00e9s a \u00e9t\u00e9 mise en lumi\u00e8re par diverses recherches, portant sur les milieux politiques locaux et les formes territorialis\u00e9s des sociabilit\u00e9s politiques, sur [&hellip;]","og_url":"https:\/\/cmh.ens.fr\/en\/activites-scientifiques-anterieures\/atelier-tepsis-personnalisation-des-liens-politiques-ethnographie-et-comparaison\/","og_site_name":"CMH","article_modified_time":"2022-10-10T14:01:33+00:00","twitter_card":"summary_large_image","twitter_misc":{"Est. reading time":"3 minutes"},"schema":{"@context":"https:\/\/schema.org","@graph":[{"@type":"WebPage","@id":"https:\/\/cmh.ens.fr\/en\/activites-scientifiques-anterieures\/atelier-tepsis-personnalisation-des-liens-politiques-ethnographie-et-comparaison\/","url":"https:\/\/cmh.ens.fr\/en\/activites-scientifiques-anterieures\/atelier-tepsis-personnalisation-des-liens-politiques-ethnographie-et-comparaison\/","name":"Atelier TEPSIS \u00ab Personnalisation des liens politiques : ethnographie et comparaison \u00bb - CMH","isPartOf":{"@id":"https:\/\/cmh.ens.fr\/en\/#website"},"datePublished":"2021-05-20T14:29:38+00:00","dateModified":"2022-10-10T14:01:33+00:00","breadcrumb":{"@id":"https:\/\/cmh.ens.fr\/en\/activites-scientifiques-anterieures\/atelier-tepsis-personnalisation-des-liens-politiques-ethnographie-et-comparaison\/#breadcrumb"},"inLanguage":"en-US","potentialAction":[{"@type":"ReadAction","target":["https:\/\/cmh.ens.fr\/en\/activites-scientifiques-anterieures\/atelier-tepsis-personnalisation-des-liens-politiques-ethnographie-et-comparaison\/"]}]},{"@type":"BreadcrumbList","@id":"https:\/\/cmh.ens.fr\/en\/activites-scientifiques-anterieures\/atelier-tepsis-personnalisation-des-liens-politiques-ethnographie-et-comparaison\/#breadcrumb","itemListElement":[{"@type":"ListItem","position":1,"name":"Accueil","item":"https:\/\/cmh.ens.fr\/"},{"@type":"ListItem","position":2,"name":"Activit\u00e9s scientifiques ant\u00e9rieures","item":"https:\/\/cmh.ens.fr\/activites-scientifiques-anterieures\/"},{"@type":"ListItem","position":3,"name":"Atelier TEPSIS\u00a0\u00ab\u00a0Personnalisation des liens politiques\u00a0: ethnographie et comparaison\u00a0\u00bb"}]},{"@type":"WebSite","@id":"https:\/\/cmh.ens.fr\/en\/#website","url":"https:\/\/cmh.ens.fr\/en\/","name":"CMH","description":"Centre Maurice Halbwachs","publisher":{"@id":"https:\/\/cmh.ens.fr\/en\/#organization"},"potentialAction":[{"@type":"SearchAction","target":{"@type":"EntryPoint","urlTemplate":"https:\/\/cmh.ens.fr\/en\/?s={search_term_string}"},"query-input":{"@type":"PropertyValueSpecification","valueRequired":true,"valueName":"search_term_string"}}],"inLanguage":"en-US"},{"@type":"Organization","@id":"https:\/\/cmh.ens.fr\/en\/#organization","name":"Centre Maurice Halbwachs","url":"https:\/\/cmh.ens.fr\/en\/","logo":{"@type":"ImageObject","inLanguage":"en-US","@id":"https:\/\/cmh.ens.fr\/en\/#\/schema\/logo\/image\/","url":"https:\/\/www.cmh.ens.fr\/wp-content\/uploads\/siteon0.jpg","contentUrl":"https:\/\/www.cmh.ens.fr\/wp-content\/uploads\/siteon0.jpg","width":86,"height":53,"caption":"Centre Maurice Halbwachs"},"image":{"@id":"https:\/\/cmh.ens.fr\/en\/#\/schema\/logo\/image\/"}}]}},"_links":{"self":[{"href":"https:\/\/cmh.ens.fr\/en\/wp-json\/wp\/v2\/pages\/5754"}],"collection":[{"href":"https:\/\/cmh.ens.fr\/en\/wp-json\/wp\/v2\/pages"}],"about":[{"href":"https:\/\/cmh.ens.fr\/en\/wp-json\/wp\/v2\/types\/page"}],"author":[{"embeddable":true,"href":"https:\/\/cmh.ens.fr\/en\/wp-json\/wp\/v2\/users\/1"}],"replies":[{"embeddable":true,"href":"https:\/\/cmh.ens.fr\/en\/wp-json\/wp\/v2\/comments?post=5754"}],"version-history":[{"count":1,"href":"https:\/\/cmh.ens.fr\/en\/wp-json\/wp\/v2\/pages\/5754\/revisions"}],"predecessor-version":[{"id":10819,"href":"https:\/\/cmh.ens.fr\/en\/wp-json\/wp\/v2\/pages\/5754\/revisions\/10819"}],"up":[{"embeddable":true,"href":"https:\/\/cmh.ens.fr\/en\/wp-json\/wp\/v2\/pages\/2649"}],"wp:attachment":[{"href":"https:\/\/cmh.ens.fr\/en\/wp-json\/wp\/v2\/media?parent=5754"}],"curies":[{"name":"wp","href":"https:\/\/api.w.org\/{rel}","templated":true}]}}