{"id":5748,"date":"2021-05-20T16:24:44","date_gmt":"2021-05-20T14:24:44","guid":{"rendered":"https:\/\/w3.cmh.ens.fr\/?page_id=5748"},"modified":"2022-10-11T11:52:49","modified_gmt":"2022-10-11T09:52:49","slug":"covprehension","status":"publish","type":"page","link":"https:\/\/cmh.ens.fr\/en\/activites-scientifiques-anterieures\/covprehension\/","title":{"rendered":"CoVprehension"},"content":{"rendered":"<div class=\"wp-block-media-text alignwide is-stacked-on-mobile\"><figure class=\"wp-block-media-text__media\"><img decoding=\"async\" width=\"291\" height=\"152\" src=\"https:\/\/www.cmh.ens.fr\/wp-content\/uploads\/arton1914.png\" alt=\"\" class=\"wp-image-5746 size-full\"\/><\/figure><div class=\"wp-block-media-text__content\">\n<p class=\"has-large-font-size\"><strong>Cl\u00e9mentine Cottineau<\/strong>, charg\u00e9e de recherche CNRS, participe \u00e0 l\u2019initiative CoVprehensions.<\/p>\n<\/div><\/div>\n\n\n\n<p>\u00ab\u00a0CoVprehension est un&nbsp;<a href=\"https:\/\/covprehension.org\/\">site web<\/a>&nbsp;interactif. Il a \u00e9t\u00e9 mis en place par un collectif de chercheurs sp\u00e9cialistes de la mod\u00e9lisation des syst\u00e8mes complexes et d\u00e9sireux de mobiliser leurs comp\u00e9tences pour r\u00e9pondre aux nombreuses interrogations que soul\u00e8ve l\u2019\u00e9pid\u00e9mie de COVID-19.<\/p>\n\n\n\n<p>L\u2019id\u00e9e est de permettre \u00e0 un public large de poser une ou des questions sur l\u2019\u00e9pid\u00e9mie en cours, en lien par exemple avec la diffusion du virus ou les mesures soci\u00e9tales mises en place pour le freiner. Nous tentons de r\u00e9pondre \u00e0 ces questions aussi rapidement que possible, en mobilisant les connaissances scientifiques sur le sujet mais aussi des outils de visualisation, de mod\u00e9lisation et de simulation.<\/p>\n\n\n\n<h2 class=\"wp-block-heading\"><strong>Understanding the current COVID-19 epidemic&nbsp;: One question, One model<\/strong><\/h2>\n\n\n\n<p>Apr\u00e8s deux mois d\u2019existence, le collectif CoVprehension publie dans la revue RofASSS une pr\u00e9sentation synth\u00e9tique de ses motivations et de son positionnement scientifique. Ce texte fournit un retour d\u2019exp\u00e9rience sur les questions re\u00e7ues sur le site (vis-\u00e0-vis du COVID-19 et des mesures mises en place pour freiner sa propagation) et la fa\u00e7on d\u2019y r\u00e9pondre&nbsp;: collectivement, b\u00e9n\u00e9volement, avec des mod\u00e8les de simulation et par groupes auto-organis\u00e9s.<\/p>\n\n\n\n<p><a href=\"https:\/\/ens.us19.list-manage.com\/track\/click?u=c66cdf9d11203878f0a2dee96&amp;id=bb48e6718f&amp;e=df0d1379b2\">Lire la suite de l\u2019article<\/a><\/p>","protected":false},"excerpt":{"rendered":"<p>Cl\u00e9mentine Cottineau, charg\u00e9e de recherche CNRS, participe \u00e0 l\u2019initiative CoVprehensions. \u00ab\u00a0CoVprehension est un&nbsp;site web&nbsp;interactif. Il a \u00e9t\u00e9 mis en place par un collectif de chercheurs sp\u00e9cialistes de la mod\u00e9lisation des syst\u00e8mes complexes et d\u00e9sireux de mobiliser leurs comp\u00e9tences pour r\u00e9pondre aux nombreuses interrogations que soul\u00e8ve l\u2019\u00e9pid\u00e9mie de COVID-19. L\u2019id\u00e9e est de permettre \u00e0 un public [&hellip;]<\/p>\n","protected":false},"author":1,"featured_media":0,"parent":2649,"menu_order":3,"comment_status":"closed","ping_status":"closed","template":"","meta":{"_acf_changed":false,"footnotes":""},"class_list":["post-5748","page","type-page","status-publish","hentry"],"acf":[],"yoast_head":"<!-- This site is optimized with the Yoast SEO plugin v25.6 - https:\/\/yoast.com\/wordpress\/plugins\/seo\/ -->\n<title>CMH<\/title>\n<meta name=\"robots\" content=\"index, follow, max-snippet:-1, max-image-preview:large, max-video-preview:-1\" \/>\n<link rel=\"canonical\" href=\"https:\/\/cmh.ens.fr\/en\/activites-scientifiques-anterieures\/covprehension\/\" class=\"yoast-seo-meta-tag\" \/>\n<meta property=\"og:locale\" content=\"en_US\" class=\"yoast-seo-meta-tag\" \/>\n<meta property=\"og:type\" content=\"article\" class=\"yoast-seo-meta-tag\" \/>\n<meta property=\"og:title\" content=\"CoVprehension - CMH\" class=\"yoast-seo-meta-tag\" \/>\n<meta property=\"og:description\" content=\"Cl\u00e9mentine Cottineau, charg\u00e9e de recherche CNRS, participe \u00e0 l\u2019initiative CoVprehensions. \u00ab\u00a0CoVprehension est un&nbsp;site web&nbsp;interactif. Il a \u00e9t\u00e9 mis en place par un collectif de chercheurs sp\u00e9cialistes de la mod\u00e9lisation des syst\u00e8mes complexes et d\u00e9sireux de mobiliser leurs comp\u00e9tences pour r\u00e9pondre aux nombreuses interrogations que soul\u00e8ve l\u2019\u00e9pid\u00e9mie de COVID-19. L\u2019id\u00e9e est de permettre \u00e0 un public [&hellip;]\" class=\"yoast-seo-meta-tag\" \/>\n<meta property=\"og:url\" content=\"https:\/\/cmh.ens.fr\/en\/activites-scientifiques-anterieures\/covprehension\/\" class=\"yoast-seo-meta-tag\" \/>\n<meta property=\"og:site_name\" content=\"CMH\" class=\"yoast-seo-meta-tag\" \/>\n<meta property=\"article:modified_time\" content=\"2022-10-11T09:52:49+00:00\" class=\"yoast-seo-meta-tag\" \/>\n<meta property=\"og:image\" content=\"https:\/\/www.cmh.ens.fr\/wp-content\/uploads\/arton1914.png\" class=\"yoast-seo-meta-tag\" \/>\n<meta name=\"twitter:card\" content=\"summary_large_image\" class=\"yoast-seo-meta-tag\" \/>\n<meta name=\"twitter:label1\" content=\"Est. reading time\" class=\"yoast-seo-meta-tag\" \/>\n\t<meta name=\"twitter:data1\" content=\"2 minutes\" class=\"yoast-seo-meta-tag\" \/>\n<script type=\"application\/ld+json\" class=\"yoast-schema-graph\">{\"@context\":\"https:\/\/schema.org\",\"@graph\":[{\"@type\":\"WebPage\",\"@id\":\"https:\/\/cmh.ens.fr\/en\/activites-scientifiques-anterieures\/covprehension\/\",\"url\":\"https:\/\/cmh.ens.fr\/en\/activites-scientifiques-anterieures\/covprehension\/\",\"name\":\"CoVprehension - CMH\",\"isPartOf\":{\"@id\":\"https:\/\/cmh.ens.fr\/en\/#website\"},\"primaryImageOfPage\":{\"@id\":\"https:\/\/cmh.ens.fr\/en\/activites-scientifiques-anterieures\/covprehension\/#primaryimage\"},\"image\":{\"@id\":\"https:\/\/cmh.ens.fr\/en\/activites-scientifiques-anterieures\/covprehension\/#primaryimage\"},\"thumbnailUrl\":\"https:\/\/www.cmh.ens.fr\/wp-content\/uploads\/arton1914.png\",\"datePublished\":\"2021-05-20T14:24:44+00:00\",\"dateModified\":\"2022-10-11T09:52:49+00:00\",\"breadcrumb\":{\"@id\":\"https:\/\/cmh.ens.fr\/en\/activites-scientifiques-anterieures\/covprehension\/#breadcrumb\"},\"inLanguage\":\"en-US\",\"potentialAction\":[{\"@type\":\"ReadAction\",\"target\":[\"https:\/\/cmh.ens.fr\/en\/activites-scientifiques-anterieures\/covprehension\/\"]}]},{\"@type\":\"ImageObject\",\"inLanguage\":\"en-US\",\"@id\":\"https:\/\/cmh.ens.fr\/en\/activites-scientifiques-anterieures\/covprehension\/#primaryimage\",\"url\":\"https:\/\/www.cmh.ens.fr\/wp-content\/uploads\/arton1914.png\",\"contentUrl\":\"https:\/\/www.cmh.ens.fr\/wp-content\/uploads\/arton1914.png\"},{\"@type\":\"BreadcrumbList\",\"@id\":\"https:\/\/cmh.ens.fr\/en\/activites-scientifiques-anterieures\/covprehension\/#breadcrumb\",\"itemListElement\":[{\"@type\":\"ListItem\",\"position\":1,\"name\":\"Accueil\",\"item\":\"https:\/\/cmh.ens.fr\/\"},{\"@type\":\"ListItem\",\"position\":2,\"name\":\"Activit\u00e9s scientifiques ant\u00e9rieures\",\"item\":\"https:\/\/cmh.ens.fr\/activites-scientifiques-anterieures\/\"},{\"@type\":\"ListItem\",\"position\":3,\"name\":\"CoVprehension\"}]},{\"@type\":\"WebSite\",\"@id\":\"https:\/\/cmh.ens.fr\/en\/#website\",\"url\":\"https:\/\/cmh.ens.fr\/en\/\",\"name\":\"CMH\",\"description\":\"Centre Maurice Halbwachs\",\"publisher\":{\"@id\":\"https:\/\/cmh.ens.fr\/en\/#organization\"},\"potentialAction\":[{\"@type\":\"SearchAction\",\"target\":{\"@type\":\"EntryPoint\",\"urlTemplate\":\"https:\/\/cmh.ens.fr\/en\/?s={search_term_string}\"},\"query-input\":{\"@type\":\"PropertyValueSpecification\",\"valueRequired\":true,\"valueName\":\"search_term_string\"}}],\"inLanguage\":\"en-US\"},{\"@type\":\"Organization\",\"@id\":\"https:\/\/cmh.ens.fr\/en\/#organization\",\"name\":\"Centre Maurice Halbwachs\",\"url\":\"https:\/\/cmh.ens.fr\/en\/\",\"logo\":{\"@type\":\"ImageObject\",\"inLanguage\":\"en-US\",\"@id\":\"https:\/\/cmh.ens.fr\/en\/#\/schema\/logo\/image\/\",\"url\":\"https:\/\/www.cmh.ens.fr\/wp-content\/uploads\/siteon0.jpg\",\"contentUrl\":\"https:\/\/www.cmh.ens.fr\/wp-content\/uploads\/siteon0.jpg\",\"width\":86,\"height\":53,\"caption\":\"Centre Maurice Halbwachs\"},\"image\":{\"@id\":\"https:\/\/cmh.ens.fr\/en\/#\/schema\/logo\/image\/\"}}]}<\/script>\n<!-- \/ Yoast SEO plugin. -->","yoast_head_json":{"title":"CMH","robots":{"index":"index","follow":"follow","max-snippet":"max-snippet:-1","max-image-preview":"max-image-preview:large","max-video-preview":"max-video-preview:-1"},"canonical":"https:\/\/cmh.ens.fr\/en\/activites-scientifiques-anterieures\/covprehension\/","og_locale":"en_US","og_type":"article","og_title":"CoVprehension - CMH","og_description":"Cl\u00e9mentine Cottineau, charg\u00e9e de recherche CNRS, participe \u00e0 l\u2019initiative CoVprehensions. \u00ab\u00a0CoVprehension est un&nbsp;site web&nbsp;interactif. Il a \u00e9t\u00e9 mis en place par un collectif de chercheurs sp\u00e9cialistes de la mod\u00e9lisation des syst\u00e8mes complexes et d\u00e9sireux de mobiliser leurs comp\u00e9tences pour r\u00e9pondre aux nombreuses interrogations que soul\u00e8ve l\u2019\u00e9pid\u00e9mie de COVID-19. L\u2019id\u00e9e est de permettre \u00e0 un public [&hellip;]","og_url":"https:\/\/cmh.ens.fr\/en\/activites-scientifiques-anterieures\/covprehension\/","og_site_name":"CMH","article_modified_time":"2022-10-11T09:52:49+00:00","og_image":[{"url":"https:\/\/www.cmh.ens.fr\/wp-content\/uploads\/arton1914.png","type":"","width":"","height":""}],"twitter_card":"summary_large_image","twitter_misc":{"Est. reading time":"2 minutes"},"schema":{"@context":"https:\/\/schema.org","@graph":[{"@type":"WebPage","@id":"https:\/\/cmh.ens.fr\/en\/activites-scientifiques-anterieures\/covprehension\/","url":"https:\/\/cmh.ens.fr\/en\/activites-scientifiques-anterieures\/covprehension\/","name":"CoVprehension - CMH","isPartOf":{"@id":"https:\/\/cmh.ens.fr\/en\/#website"},"primaryImageOfPage":{"@id":"https:\/\/cmh.ens.fr\/en\/activites-scientifiques-anterieures\/covprehension\/#primaryimage"},"image":{"@id":"https:\/\/cmh.ens.fr\/en\/activites-scientifiques-anterieures\/covprehension\/#primaryimage"},"thumbnailUrl":"https:\/\/www.cmh.ens.fr\/wp-content\/uploads\/arton1914.png","datePublished":"2021-05-20T14:24:44+00:00","dateModified":"2022-10-11T09:52:49+00:00","breadcrumb":{"@id":"https:\/\/cmh.ens.fr\/en\/activites-scientifiques-anterieures\/covprehension\/#breadcrumb"},"inLanguage":"en-US","potentialAction":[{"@type":"ReadAction","target":["https:\/\/cmh.ens.fr\/en\/activites-scientifiques-anterieures\/covprehension\/"]}]},{"@type":"ImageObject","inLanguage":"en-US","@id":"https:\/\/cmh.ens.fr\/en\/activites-scientifiques-anterieures\/covprehension\/#primaryimage","url":"https:\/\/www.cmh.ens.fr\/wp-content\/uploads\/arton1914.png","contentUrl":"https:\/\/www.cmh.ens.fr\/wp-content\/uploads\/arton1914.png"},{"@type":"BreadcrumbList","@id":"https:\/\/cmh.ens.fr\/en\/activites-scientifiques-anterieures\/covprehension\/#breadcrumb","itemListElement":[{"@type":"ListItem","position":1,"name":"Accueil","item":"https:\/\/cmh.ens.fr\/"},{"@type":"ListItem","position":2,"name":"Activit\u00e9s scientifiques ant\u00e9rieures","item":"https:\/\/cmh.ens.fr\/activites-scientifiques-anterieures\/"},{"@type":"ListItem","position":3,"name":"CoVprehension"}]},{"@type":"WebSite","@id":"https:\/\/cmh.ens.fr\/en\/#website","url":"https:\/\/cmh.ens.fr\/en\/","name":"CMH","description":"Centre Maurice Halbwachs","publisher":{"@id":"https:\/\/cmh.ens.fr\/en\/#organization"},"potentialAction":[{"@type":"SearchAction","target":{"@type":"EntryPoint","urlTemplate":"https:\/\/cmh.ens.fr\/en\/?s={search_term_string}"},"query-input":{"@type":"PropertyValueSpecification","valueRequired":true,"valueName":"search_term_string"}}],"inLanguage":"en-US"},{"@type":"Organization","@id":"https:\/\/cmh.ens.fr\/en\/#organization","name":"Centre Maurice Halbwachs","url":"https:\/\/cmh.ens.fr\/en\/","logo":{"@type":"ImageObject","inLanguage":"en-US","@id":"https:\/\/cmh.ens.fr\/en\/#\/schema\/logo\/image\/","url":"https:\/\/www.cmh.ens.fr\/wp-content\/uploads\/siteon0.jpg","contentUrl":"https:\/\/www.cmh.ens.fr\/wp-content\/uploads\/siteon0.jpg","width":86,"height":53,"caption":"Centre Maurice Halbwachs"},"image":{"@id":"https:\/\/cmh.ens.fr\/en\/#\/schema\/logo\/image\/"}}]}},"_links":{"self":[{"href":"https:\/\/cmh.ens.fr\/en\/wp-json\/wp\/v2\/pages\/5748"}],"collection":[{"href":"https:\/\/cmh.ens.fr\/en\/wp-json\/wp\/v2\/pages"}],"about":[{"href":"https:\/\/cmh.ens.fr\/en\/wp-json\/wp\/v2\/types\/page"}],"author":[{"embeddable":true,"href":"https:\/\/cmh.ens.fr\/en\/wp-json\/wp\/v2\/users\/1"}],"replies":[{"embeddable":true,"href":"https:\/\/cmh.ens.fr\/en\/wp-json\/wp\/v2\/comments?post=5748"}],"version-history":[{"count":1,"href":"https:\/\/cmh.ens.fr\/en\/wp-json\/wp\/v2\/pages\/5748\/revisions"}],"predecessor-version":[{"id":10818,"href":"https:\/\/cmh.ens.fr\/en\/wp-json\/wp\/v2\/pages\/5748\/revisions\/10818"}],"up":[{"embeddable":true,"href":"https:\/\/cmh.ens.fr\/en\/wp-json\/wp\/v2\/pages\/2649"}],"wp:attachment":[{"href":"https:\/\/cmh.ens.fr\/en\/wp-json\/wp\/v2\/media?parent=5748"}],"curies":[{"name":"wp","href":"https:\/\/api.w.org\/{rel}","templated":true}]}}