{"id":5531,"date":"2021-05-17T13:26:41","date_gmt":"2021-05-17T11:26:41","guid":{"rendered":"https:\/\/w3.cmh.ens.fr\/?page_id=5531"},"modified":"2021-05-17T13:26:43","modified_gmt":"2021-05-17T11:26:43","slug":"professeurs-invites-2014","status":"publish","type":"page","link":"https:\/\/cmh.ens.fr\/en\/activites-scientifiques-anterieures\/professeurs-invites-2014\/","title":{"rendered":"Professeurs invit\u00e9s 2014"},"content":{"rendered":"<p><strong>Ana Maria Cardoso de Matos<\/strong> (Professeure d\u2019histoire des sciences et des techniques \u00e0 l\u2019Universit\u00e9 d\u2019Evora, Portugal)<\/p>\n\n\n\n<ul class=\"wp-block-list\"><li>Lundi 31 mars<br>Dans le cadre du s\u00e9minaire d\u2019Andr\u00e9 Grelon et d\u2019Irina Gouz\u00e9vitch.<br>Montrer le travail pour affirmer la profession&nbsp;: les ing\u00e9nieurs et les expositions universelles 1851-2003.<br>(EHESS, salle 9, 105 bd Raspail, 75006 Paris, de 17h \u00e0 19h)<\/li><\/ul>\n\n\n\n<hr class=\"wp-block-separator\"\/>\n\n\n\n<p><strong>Hilary Silver<\/strong> (Professor, Brown university)<br>Professor Silver (Ph.D. in Sociology, Columbia University) studies social exclusion and policies to promote social inclusion in Providence, the US, and abroad. Her forthcoming book, Social Exclusion, will be published by Polity Press. Recent papers address local participation, social capital, and affordable housing. She is editing a collection of essays, Comparing Cities, for Routledge.<br>Elle donnera deux conf\u00e9rences \u00e0 l\u2019EHESS&nbsp;:<\/p>\n\n\n\n<ul class=\"wp-block-list\"><li>Lundi 5 mai<br>S\u00e9minaire ERIS (CMH) \u00ab\u00a0Villes et in\u00e9galit\u00e9s\u00a0\u00bb<br>Intitul\u00e9 de la conf\u00e9rence\u00a0:Vers l\u2019inclusion sociale&nbsp;? La s\u00e9gr\u00e9gation r\u00e9sidentielle et les politiques de mixit\u00e9 sociale dans les villes am\u00e9ricaines.<br>Avec la diffusion du film documentaire d\u2019Hilary Silver<br>\u201cSouthside&nbsp;: The Fall and Rise of an Inner-City Neighborhood,\u201d<br>(EHESS, 105 bd Raspail, 75006 Paris, salle 3, 14h-17h)<\/li><li>Vendredi 30 mai<br>S\u00e9minaire de direction d\u2019\u00e9tudes EHESS de Serge Paugam\u00a0\u00ab&nbsp;Les r\u00e9gimes d\u2019attachement&nbsp;\u00bb<br>Intitul\u00e9 de la conf\u00e9rence&nbsp;: \u00ab\u00a0Le r\u00f4le des associations dans le traitement des sans domicile aux Etats-Unis&nbsp;: un r\u00e9gime volontariste&nbsp;?\u00a0\u00bb<br>(Campus Jourdan, 48, bd Jourdan, 75014 Paris, salle 10, de 9h \u00e0 11h)<\/li><\/ul>\n\n\n\n<hr class=\"wp-block-separator\"\/>\n\n\n\n<p><strong>Lisa Vanhala<\/strong> (University College, London, professeure)<br>Lisa Vanhala est docteure en sciences politique de l\u2019Universit\u00e9 d\u2019Oxford. Sa th\u00e8se, qui a donn\u00e9 lieu \u00e0 l\u2019ouvrage\u00a0\u00ab&nbsp;Making Rights a Reality&nbsp;? Disability Rights Activist and Legal Mobilization&nbsp;\u00bb (Cambridge University Press, 2011) portait sur les mobilisations collectives pour les droits des personnes handicap\u00e9es en Grande-Bretagne et au Canada, en s\u2019int\u00e9ressant tout particuli\u00e8rement au recours \u00e0 la justice et \u00e0 ses effets politiques. Ses recherches en cours portent \u00e9galement sur les relations entre droit, mobilisation et changement social, mais dor\u00e9navant \u00e0 travers le prisme des questions environnementales. Gr\u00e2ce \u00e0 une \u00e9tude compar\u00e9e des strat\u00e9gies men\u00e9es par les ONG de d\u00e9fense de l\u2019environnement dans plusieurs pays europ\u00e9ens, elle s\u2019int\u00e9resse aux usages diff\u00e9renci\u00e9s du droit avec des objectifs politiques. Un second projet de recherche porte plus particuli\u00e8rement sur la\u00a0\u00ab&nbsp;judiciarisation&nbsp;\u00bb des d\u00e9bats sur le changement climatique dans l\u2019espace europ\u00e9en.<br>Lors de son s\u00e9jour \u00e0 Paris du 18 avril au 20 mai, elle interviendra \u00e0 trois reprises dans des s\u00e9minaires de l\u2019EHESS&nbsp;:<\/p>\n\n\n\n<ul class=\"wp-block-list\"><li>Vendredi 2 mai<br>Dans le cadre du s\u00e9minaire\u00a0\u00ab&nbsp;Lectures du droit&nbsp;\u00bb, sur la question des mobilisations environnementales, ses travaux seront discut\u00e9s par Francis Chateauraynaud (GSPR) et Fr\u00e9d\u00e9ric Graber (CRH) (Salle 1, 105, boulevard Raspail, 10h-13h)<\/li><li>Mardi 13 mai<br>Dans le s\u00e9minaire d\u2019Emmanuelle Fillion, Jean-Fran\u00e7ois Ravaud, Isabelle Ville\u00a0\u00ab&nbsp;Mobilisations et identit\u00e9s collectives dans le champ du handicap et de la sant\u00e9&nbsp;\u00bb, Maison des sciences sociales du handicap, 236, rue de Tolbiac, 75013 Paris, 14h-17h<\/li><li>Vendredi 16 mai<br>Dans le cadre du s\u00e9minaire\u00a0\u00ab&nbsp;Droit, mobilisations, discriminations&nbsp;\u00bb autour de Discri\u00admination et handicap, avec Isabelle Ville (Campus Jourdan, 48 bd Jourdan, salle A2, 9h30-12h30)<\/li><\/ul>\n\n\n\n<hr class=\"wp-block-separator\"\/>\n\n\n\n<p><strong>Matti Kortteinen<\/strong>, Professeur, Universit\u00e9 de Helsinki<br>Deux conf\u00e9rences sont pr\u00e9vues&nbsp;:<br>\u00ab\u00a0On the coping of the unemployed in Finland\u201d<br>S\u00e9minaire de direction d\u2019\u00e9tudes EHESS de Serge Paugam\u00a0\u00ab&nbsp;Les r\u00e9gimes d\u2019attachement&nbsp;\u00bb<\/p>\n\n\n\n<ul class=\"wp-block-list\"><li>Vendredi 6 juin de 9h \u00e0 11h, salle 10, 48 bd Jourdan, 75014 Paris<br>\u201cCrisis of the regime in Finland&nbsp;: urban development in the Helsinki Region\u201d<br>avec interventions de Lotta Junnilainen et Teemu Kemppainen<br>S\u00e9minaire ERIS (CMH)\u00a0\u00ab&nbsp;Villes et In\u00e9galit\u00e9s&nbsp;\u00bb<\/li><li>Lundi 9 juin de 14h \u00e0 17h, EHESS, 105 bd Raspail, salle 3<\/li><\/ul>\n\n\n\n<hr class=\"wp-block-separator\"\/>\n\n\n\n<p><strong>Elijah Anderson<\/strong> de Yale University, sociologue sp\u00e9cialiste des recherches sur les in\u00e9galit\u00e9s sociales, urbaines et raciales<br>Conf\u00e9rence sur la pratique de l\u2019ethnographie urbaine et l\u2019\u00e9tude des in\u00e9galit\u00e9s sociales<\/p>\n\n\n\n<ul class=\"wp-block-list\"><li>Mercredi 18 juin de 10h30 \u00e0 12h30, salle 10, 48 bd Jourdan, 75014 Paris<\/li><\/ul>","protected":false},"excerpt":{"rendered":"<p>Ana Maria Cardoso de Matos (Professeure d\u2019histoire des sciences et des techniques \u00e0 l\u2019Universit\u00e9 d\u2019Evora, Portugal) Lundi 31 marsDans le cadre du s\u00e9minaire d\u2019Andr\u00e9 Grelon et d\u2019Irina Gouz\u00e9vitch.Montrer le travail pour affirmer la profession&nbsp;: les ing\u00e9nieurs et les expositions universelles 1851-2003.(EHESS, salle 9, 105 bd Raspail, 75006 Paris, de 17h \u00e0 19h) Hilary Silver (Professor, [&hellip;]<\/p>\n","protected":false},"author":1,"featured_media":0,"parent":2649,"menu_order":0,"comment_status":"closed","ping_status":"closed","template":"","meta":{"_acf_changed":false,"footnotes":""},"class_list":["post-5531","page","type-page","status-publish","hentry"],"acf":[],"yoast_head":"<!-- This site is optimized with the Yoast SEO plugin v25.6 - https:\/\/yoast.com\/wordpress\/plugins\/seo\/ -->\n<title>CMH<\/title>\n<meta name=\"robots\" content=\"index, follow, max-snippet:-1, max-image-preview:large, max-video-preview:-1\" \/>\n<link rel=\"canonical\" href=\"https:\/\/cmh.ens.fr\/en\/activites-scientifiques-anterieures\/professeurs-invites-2014\/\" class=\"yoast-seo-meta-tag\" \/>\n<meta property=\"og:locale\" content=\"en_US\" class=\"yoast-seo-meta-tag\" \/>\n<meta property=\"og:type\" content=\"article\" class=\"yoast-seo-meta-tag\" \/>\n<meta property=\"og:title\" content=\"Professeurs invit\u00e9s 2014 - CMH\" class=\"yoast-seo-meta-tag\" \/>\n<meta property=\"og:description\" content=\"Ana Maria Cardoso de Matos (Professeure d\u2019histoire des sciences et des techniques \u00e0 l\u2019Universit\u00e9 d\u2019Evora, Portugal) Lundi 31 marsDans le cadre du s\u00e9minaire d\u2019Andr\u00e9 Grelon et d\u2019Irina Gouz\u00e9vitch.Montrer le travail pour affirmer la profession&nbsp;: les ing\u00e9nieurs et les expositions universelles 1851-2003.(EHESS, salle 9, 105 bd Raspail, 75006 Paris, de 17h \u00e0 19h) Hilary Silver (Professor, [&hellip;]\" class=\"yoast-seo-meta-tag\" \/>\n<meta property=\"og:url\" content=\"https:\/\/cmh.ens.fr\/en\/activites-scientifiques-anterieures\/professeurs-invites-2014\/\" class=\"yoast-seo-meta-tag\" \/>\n<meta property=\"og:site_name\" content=\"CMH\" class=\"yoast-seo-meta-tag\" \/>\n<meta property=\"article:modified_time\" content=\"2021-05-17T11:26:43+00:00\" class=\"yoast-seo-meta-tag\" \/>\n<meta name=\"twitter:card\" content=\"summary_large_image\" class=\"yoast-seo-meta-tag\" \/>\n<meta name=\"twitter:label1\" content=\"Est. reading time\" class=\"yoast-seo-meta-tag\" \/>\n\t<meta name=\"twitter:data1\" content=\"3 minutes\" class=\"yoast-seo-meta-tag\" \/>\n<script type=\"application\/ld+json\" class=\"yoast-schema-graph\">{\"@context\":\"https:\/\/schema.org\",\"@graph\":[{\"@type\":\"WebPage\",\"@id\":\"https:\/\/cmh.ens.fr\/en\/activites-scientifiques-anterieures\/professeurs-invites-2014\/\",\"url\":\"https:\/\/cmh.ens.fr\/en\/activites-scientifiques-anterieures\/professeurs-invites-2014\/\",\"name\":\"Professeurs invit\u00e9s 2014 - CMH\",\"isPartOf\":{\"@id\":\"https:\/\/cmh.ens.fr\/en\/#website\"},\"datePublished\":\"2021-05-17T11:26:41+00:00\",\"dateModified\":\"2021-05-17T11:26:43+00:00\",\"breadcrumb\":{\"@id\":\"https:\/\/cmh.ens.fr\/en\/activites-scientifiques-anterieures\/professeurs-invites-2014\/#breadcrumb\"},\"inLanguage\":\"en-US\",\"potentialAction\":[{\"@type\":\"ReadAction\",\"target\":[\"https:\/\/cmh.ens.fr\/en\/activites-scientifiques-anterieures\/professeurs-invites-2014\/\"]}]},{\"@type\":\"BreadcrumbList\",\"@id\":\"https:\/\/cmh.ens.fr\/en\/activites-scientifiques-anterieures\/professeurs-invites-2014\/#breadcrumb\",\"itemListElement\":[{\"@type\":\"ListItem\",\"position\":1,\"name\":\"Accueil\",\"item\":\"https:\/\/cmh.ens.fr\/\"},{\"@type\":\"ListItem\",\"position\":2,\"name\":\"Activit\u00e9s scientifiques ant\u00e9rieures\",\"item\":\"https:\/\/cmh.ens.fr\/activites-scientifiques-anterieures\/\"},{\"@type\":\"ListItem\",\"position\":3,\"name\":\"Professeurs invit\u00e9s 2014\"}]},{\"@type\":\"WebSite\",\"@id\":\"https:\/\/cmh.ens.fr\/en\/#website\",\"url\":\"https:\/\/cmh.ens.fr\/en\/\",\"name\":\"CMH\",\"description\":\"Centre Maurice Halbwachs\",\"publisher\":{\"@id\":\"https:\/\/cmh.ens.fr\/en\/#organization\"},\"potentialAction\":[{\"@type\":\"SearchAction\",\"target\":{\"@type\":\"EntryPoint\",\"urlTemplate\":\"https:\/\/cmh.ens.fr\/en\/?s={search_term_string}\"},\"query-input\":{\"@type\":\"PropertyValueSpecification\",\"valueRequired\":true,\"valueName\":\"search_term_string\"}}],\"inLanguage\":\"en-US\"},{\"@type\":\"Organization\",\"@id\":\"https:\/\/cmh.ens.fr\/en\/#organization\",\"name\":\"Centre Maurice Halbwachs\",\"url\":\"https:\/\/cmh.ens.fr\/en\/\",\"logo\":{\"@type\":\"ImageObject\",\"inLanguage\":\"en-US\",\"@id\":\"https:\/\/cmh.ens.fr\/en\/#\/schema\/logo\/image\/\",\"url\":\"https:\/\/www.cmh.ens.fr\/wp-content\/uploads\/siteon0.jpg\",\"contentUrl\":\"https:\/\/www.cmh.ens.fr\/wp-content\/uploads\/siteon0.jpg\",\"width\":86,\"height\":53,\"caption\":\"Centre Maurice Halbwachs\"},\"image\":{\"@id\":\"https:\/\/cmh.ens.fr\/en\/#\/schema\/logo\/image\/\"}}]}<\/script>\n<!-- \/ Yoast SEO plugin. -->","yoast_head_json":{"title":"CMH","robots":{"index":"index","follow":"follow","max-snippet":"max-snippet:-1","max-image-preview":"max-image-preview:large","max-video-preview":"max-video-preview:-1"},"canonical":"https:\/\/cmh.ens.fr\/en\/activites-scientifiques-anterieures\/professeurs-invites-2014\/","og_locale":"en_US","og_type":"article","og_title":"Professeurs invit\u00e9s 2014 - CMH","og_description":"Ana Maria Cardoso de Matos (Professeure d\u2019histoire des sciences et des techniques \u00e0 l\u2019Universit\u00e9 d\u2019Evora, Portugal) Lundi 31 marsDans le cadre du s\u00e9minaire d\u2019Andr\u00e9 Grelon et d\u2019Irina Gouz\u00e9vitch.Montrer le travail pour affirmer la profession&nbsp;: les ing\u00e9nieurs et les expositions universelles 1851-2003.(EHESS, salle 9, 105 bd Raspail, 75006 Paris, de 17h \u00e0 19h) Hilary Silver (Professor, [&hellip;]","og_url":"https:\/\/cmh.ens.fr\/en\/activites-scientifiques-anterieures\/professeurs-invites-2014\/","og_site_name":"CMH","article_modified_time":"2021-05-17T11:26:43+00:00","twitter_card":"summary_large_image","twitter_misc":{"Est. reading time":"3 minutes"},"schema":{"@context":"https:\/\/schema.org","@graph":[{"@type":"WebPage","@id":"https:\/\/cmh.ens.fr\/en\/activites-scientifiques-anterieures\/professeurs-invites-2014\/","url":"https:\/\/cmh.ens.fr\/en\/activites-scientifiques-anterieures\/professeurs-invites-2014\/","name":"Professeurs invit\u00e9s 2014 - CMH","isPartOf":{"@id":"https:\/\/cmh.ens.fr\/en\/#website"},"datePublished":"2021-05-17T11:26:41+00:00","dateModified":"2021-05-17T11:26:43+00:00","breadcrumb":{"@id":"https:\/\/cmh.ens.fr\/en\/activites-scientifiques-anterieures\/professeurs-invites-2014\/#breadcrumb"},"inLanguage":"en-US","potentialAction":[{"@type":"ReadAction","target":["https:\/\/cmh.ens.fr\/en\/activites-scientifiques-anterieures\/professeurs-invites-2014\/"]}]},{"@type":"BreadcrumbList","@id":"https:\/\/cmh.ens.fr\/en\/activites-scientifiques-anterieures\/professeurs-invites-2014\/#breadcrumb","itemListElement":[{"@type":"ListItem","position":1,"name":"Accueil","item":"https:\/\/cmh.ens.fr\/"},{"@type":"ListItem","position":2,"name":"Activit\u00e9s scientifiques ant\u00e9rieures","item":"https:\/\/cmh.ens.fr\/activites-scientifiques-anterieures\/"},{"@type":"ListItem","position":3,"name":"Professeurs invit\u00e9s 2014"}]},{"@type":"WebSite","@id":"https:\/\/cmh.ens.fr\/en\/#website","url":"https:\/\/cmh.ens.fr\/en\/","name":"CMH","description":"Centre Maurice Halbwachs","publisher":{"@id":"https:\/\/cmh.ens.fr\/en\/#organization"},"potentialAction":[{"@type":"SearchAction","target":{"@type":"EntryPoint","urlTemplate":"https:\/\/cmh.ens.fr\/en\/?s={search_term_string}"},"query-input":{"@type":"PropertyValueSpecification","valueRequired":true,"valueName":"search_term_string"}}],"inLanguage":"en-US"},{"@type":"Organization","@id":"https:\/\/cmh.ens.fr\/en\/#organization","name":"Centre Maurice Halbwachs","url":"https:\/\/cmh.ens.fr\/en\/","logo":{"@type":"ImageObject","inLanguage":"en-US","@id":"https:\/\/cmh.ens.fr\/en\/#\/schema\/logo\/image\/","url":"https:\/\/www.cmh.ens.fr\/wp-content\/uploads\/siteon0.jpg","contentUrl":"https:\/\/www.cmh.ens.fr\/wp-content\/uploads\/siteon0.jpg","width":86,"height":53,"caption":"Centre Maurice Halbwachs"},"image":{"@id":"https:\/\/cmh.ens.fr\/en\/#\/schema\/logo\/image\/"}}]}},"_links":{"self":[{"href":"https:\/\/cmh.ens.fr\/en\/wp-json\/wp\/v2\/pages\/5531"}],"collection":[{"href":"https:\/\/cmh.ens.fr\/en\/wp-json\/wp\/v2\/pages"}],"about":[{"href":"https:\/\/cmh.ens.fr\/en\/wp-json\/wp\/v2\/types\/page"}],"author":[{"embeddable":true,"href":"https:\/\/cmh.ens.fr\/en\/wp-json\/wp\/v2\/users\/1"}],"replies":[{"embeddable":true,"href":"https:\/\/cmh.ens.fr\/en\/wp-json\/wp\/v2\/comments?post=5531"}],"version-history":[{"count":0,"href":"https:\/\/cmh.ens.fr\/en\/wp-json\/wp\/v2\/pages\/5531\/revisions"}],"up":[{"embeddable":true,"href":"https:\/\/cmh.ens.fr\/en\/wp-json\/wp\/v2\/pages\/2649"}],"wp:attachment":[{"href":"https:\/\/cmh.ens.fr\/en\/wp-json\/wp\/v2\/media?parent=5531"}],"curies":[{"name":"wp","href":"https:\/\/api.w.org\/{rel}","templated":true}]}}