{"id":5523,"date":"2021-05-17T13:24:51","date_gmt":"2021-05-17T11:24:51","guid":{"rendered":"https:\/\/w3.cmh.ens.fr\/?page_id=5523"},"modified":"2021-05-17T13:24:54","modified_gmt":"2021-05-17T11:24:54","slug":"professeurs-invites-2016","status":"publish","type":"page","link":"https:\/\/cmh.ens.fr\/en\/activites-scientifiques-anterieures\/professeurs-invites-2016\/","title":{"rendered":"Professeurs invit\u00e9s 2016"},"content":{"rendered":"<p><img decoding=\"async\" src=\"https:\/\/www.cmh.ens.fr\/IMG\/jpg\/sue-milner2.jpg\" alt=\"\" width=\"100\" height=\"125\">Susan MILNER, professeure \u00e0 l\u2019Universit\u00e9 de Bath, invit\u00e9e au Centre Maurice Halbwachs par l\u2019\u00e9quipe PRO<br>Elle est sp\u00e9cialiste des relations de travail en Europe, notamment sur la France et l\u2019Angleterre, et auteurs de plusieurs ouvrages sur diff\u00e9rents th\u00e8mes&nbsp;: n\u00e9gociations collectives et relations sociales in Europe, politiques d\u2019articulation travail-famille, pratiques et politiques concernant la paternit\u00e9.<br>Elle a r\u00e9cemment publi\u00e9&nbsp;: <em>Comparative employment relations&nbsp;: France, Germany and Britain<\/em>, 2015, Palgrave MacMillan. (<a href=\"http:\/\/www.bath.ac.uk\/polis\/staff\/susan-milner\/\">CV<\/a>)<br>Elle est membre du comit\u00e9 de r\u00e9daction de la revue <em>Gender, Work and Organization<\/em>.<br>Elle interviendra <strong>Mardi 13 d\u00e9cembre 2016, de 14h \u00e0 16h<\/strong>, dans la salle de r\u00e9union du CMH, 1er \u00e9tage, sur le th\u00e8me suivant&nbsp;:<br><strong>L\u2019\u00e9galit\u00e9 salariale en Angleterre&nbsp;: d\u00e9bats politiques et enjeux scientifiques<\/strong><br><strong>R\u00e9sum\u00e9&nbsp;:<\/strong><br>Alors que l\u2019Angleterre est souvent connue pour les premi\u00e8res gr\u00e8ves de femmes sur l\u2019\u00e9galit\u00e9 de salaire (les ouvri\u00e8res de Ford en 1968, r\u00e9cemment illustr\u00e9e par le film We want sex equality), pour son arsenal juridique (notion de discrimination indirecte d\u00e8s 1982, travail de valeur \u00e9gale d\u00e8s 1984) et les nombreux proc\u00e8s pour discrimination salariale dans lesquels les femmes et les syndicats se sont engag\u00e9s d\u00e8s les ann\u00e9es 1980, on sait moins souvent que jusqu\u2019\u00e0 aujourd\u2019hui les entreprises priv\u00e9es n\u2019\u00e9taient pas oblig\u00e9es de publier les \u00e9carts de salaire comme en France (avec le Rapport de Situation Compar\u00e9e).<br>Une nouvelle mesure adopt\u00e9e par le gouvernement conservateur en f\u00e9vrier 2016 concernant la publication annuelle des diff\u00e9rences salariales entre les hommes et les femmes d\u2019une m\u00eame entreprises fait d\u00e9bat entre les organisations syndicales (qui la demandent) et les organisations patronales (qui s\u2019y opposent). Cette nouveaut\u00e9 sera effective en 2018 et concerne les entreprises de plus de 250 salari\u00e9s, soit actuellement 8000 soci\u00e9t\u00e9s.<br>Cette intervention reviendra sur la gen\u00e8se de cette loi instaurant un \u00ab\u00a0equal pay audit&nbsp;\u00bb et la mani\u00e8re dont les employeurs et syndicalistes anglais s\u2019affrontent sur cet enjeu des \u00e9carts de salaire, qui demeurent tr\u00e8s marqu\u00e9s en Angleterre, et les enjeux autour de la mise en application de cette nouvelle obligation de transparence.<br>Cette conf\u00e9rence est ouverte \u00e0 tous. Susan Milner s\u2019exprimera en fran\u00e7ais.<\/p>\n\n\n\n<hr class=\"wp-block-separator\"\/>\n\n\n\n<p><img decoding=\"async\" src=\"https:\/\/www.cmh.ens.fr\/IMG\/jpg\/jose3.jpg\" alt=\"\" width=\"115\" height=\"150\"><strong>Jose SANTIAGO<\/strong> est professeur titulaire de sociologie \u00e0 l\u2019Universit\u00e9 Complutense de Madrid. Il est \u00e9galement co-directeur du Grupo de Estudios Socioculturales Contempor\u00e1neos (GRESCO) et secr\u00e9taire de l\u2019Instituto Complutense de Sociolog\u00eda para el Estudio de las Transformaciones Sociales Contempor\u00e1neas (TRANSOC). Actuellement, ses recherches portent sur les in\u00e9galit\u00e9s sociales dans le cadre du processus d\u2019individualisation. Enfin, Jose Santiago est directeur scientifique du projet de recherche \u00ab\u00a0Vulnerabilidad socio-existencial, soportes y cuidados en Espa\u00f1a\u00a0\u00bb, financ\u00e9 par le Minist\u00e8re de l\u2019Economie et de la Comp\u00e9titivit\u00e9 espagnol.<br>Il effectue actuellement un s\u00e9jour de recherche au sein de l\u2019ERIS intitul\u00e9 \u00ab\u00a0In\u00e9galit\u00e9s sociales, individu et vuln\u00e9rabilit\u00e9\u00a0\u00bb sous la direction du Professeur Serge Paugam, financ\u00e9 par la bourse \u00ab\u00a0Estancias de profesores e investigadores senior en centros extranjeros\u00a0\u00bb du Minist\u00e8re de l\u2019Education, de la Culture et des Sports en Espagne.<\/p>\n\n\n\n<hr class=\"wp-block-separator\"\/>\n\n\n\n<p><img decoding=\"async\" src=\"https:\/\/www.cmh.ens.fr\/IMG\/jpg\/besnier2.jpg\" alt=\"\" width=\"103\" height=\"125\"><strong>Niko BESNIER<\/strong>, Invit\u00e9 du CMH &#8211; septembre et octobre 2016<br>Le labex TransferS et Florence Weber (CMH) accueillent Niko BESNIER, professeur en anthropologie culturelle \u00e0 l\u2019Universit\u00e9 d\u2019Amsterdam (Pays-Bas) pour une s\u00e9rie de conf\u00e9rences intitul\u00e9e <em>Nouvelles perspectives pour l\u2019anthropologie mondiale<\/em><br><a href=\"http:\/\/www.transfers.ens.fr\/article584.html\">Programme<\/a><\/p>\n\n\n\n<hr class=\"wp-block-separator\"\/>\n\n\n\n<p><img loading=\"lazy\" decoding=\"async\" src=\"https:\/\/www.cmh.ens.fr\/IMG\/jpg\/narotzky2.jpg\" alt=\"\" width=\"94\" height=\"125\"><strong>Susana NAROTZKY<\/strong>, Invit\u00e9 du CMH &#8211; septembre et octobre 2016<br>Le labex TransferS et Florence Weber (CMH) accueillent Susana NAROTZKY, professeur en anthropologie sociale \u00e0 l\u2019Universit\u00e9 de Barcelone (Espagne) pour une s\u00e9rie de conf\u00e9rences intitul\u00e9e <em>Nouvelles perspectives pour l\u2019anthropologie mondiale<\/em><br><a href=\"http:\/\/www.transfers.ens.fr\/article585.html\">Programme<\/a><\/p>","protected":false},"excerpt":{"rendered":"<p>Susan MILNER, professeure \u00e0 l\u2019Universit\u00e9 de Bath, invit\u00e9e au Centre Maurice Halbwachs par l\u2019\u00e9quipe PROElle est sp\u00e9cialiste des relations de travail en Europe, notamment sur la France et l\u2019Angleterre, et auteurs de plusieurs ouvrages sur diff\u00e9rents th\u00e8mes&nbsp;: n\u00e9gociations collectives et relations sociales in Europe, politiques d\u2019articulation travail-famille, pratiques et politiques concernant la paternit\u00e9.Elle a r\u00e9cemment [&hellip;]<\/p>\n","protected":false},"author":1,"featured_media":0,"parent":2649,"menu_order":0,"comment_status":"closed","ping_status":"closed","template":"","meta":{"_acf_changed":false,"footnotes":""},"class_list":["post-5523","page","type-page","status-publish","hentry"],"acf":[],"yoast_head":"<!-- This site is optimized with the Yoast SEO plugin v25.6 - https:\/\/yoast.com\/wordpress\/plugins\/seo\/ -->\n<title>CMH<\/title>\n<meta name=\"robots\" content=\"index, follow, max-snippet:-1, max-image-preview:large, max-video-preview:-1\" \/>\n<link rel=\"canonical\" href=\"https:\/\/cmh.ens.fr\/en\/activites-scientifiques-anterieures\/professeurs-invites-2016\/\" class=\"yoast-seo-meta-tag\" \/>\n<meta property=\"og:locale\" content=\"en_US\" class=\"yoast-seo-meta-tag\" \/>\n<meta property=\"og:type\" content=\"article\" class=\"yoast-seo-meta-tag\" \/>\n<meta property=\"og:title\" content=\"Professeurs invit\u00e9s 2016 - CMH\" class=\"yoast-seo-meta-tag\" \/>\n<meta property=\"og:description\" content=\"Susan MILNER, professeure \u00e0 l\u2019Universit\u00e9 de Bath, invit\u00e9e au Centre Maurice Halbwachs par l\u2019\u00e9quipe PROElle est sp\u00e9cialiste des relations de travail en Europe, notamment sur la France et l\u2019Angleterre, et auteurs de plusieurs ouvrages sur diff\u00e9rents th\u00e8mes&nbsp;: n\u00e9gociations collectives et relations sociales in Europe, politiques d\u2019articulation travail-famille, pratiques et politiques concernant la paternit\u00e9.Elle a r\u00e9cemment [&hellip;]\" class=\"yoast-seo-meta-tag\" \/>\n<meta property=\"og:url\" content=\"https:\/\/cmh.ens.fr\/en\/activites-scientifiques-anterieures\/professeurs-invites-2016\/\" class=\"yoast-seo-meta-tag\" \/>\n<meta property=\"og:site_name\" content=\"CMH\" class=\"yoast-seo-meta-tag\" \/>\n<meta property=\"article:modified_time\" content=\"2021-05-17T11:24:54+00:00\" class=\"yoast-seo-meta-tag\" \/>\n<meta property=\"og:image\" content=\"https:\/\/www.cmh.ens.fr\/IMG\/jpg\/sue-milner2.jpg\" class=\"yoast-seo-meta-tag\" \/>\n<meta name=\"twitter:card\" content=\"summary_large_image\" class=\"yoast-seo-meta-tag\" \/>\n<meta name=\"twitter:label1\" content=\"Est. reading time\" class=\"yoast-seo-meta-tag\" \/>\n\t<meta name=\"twitter:data1\" content=\"4 minutes\" class=\"yoast-seo-meta-tag\" \/>\n<script type=\"application\/ld+json\" class=\"yoast-schema-graph\">{\"@context\":\"https:\/\/schema.org\",\"@graph\":[{\"@type\":\"WebPage\",\"@id\":\"https:\/\/cmh.ens.fr\/en\/activites-scientifiques-anterieures\/professeurs-invites-2016\/\",\"url\":\"https:\/\/cmh.ens.fr\/en\/activites-scientifiques-anterieures\/professeurs-invites-2016\/\",\"name\":\"Professeurs invit\u00e9s 2016 - CMH\",\"isPartOf\":{\"@id\":\"https:\/\/cmh.ens.fr\/en\/#website\"},\"primaryImageOfPage\":{\"@id\":\"https:\/\/cmh.ens.fr\/en\/activites-scientifiques-anterieures\/professeurs-invites-2016\/#primaryimage\"},\"image\":{\"@id\":\"https:\/\/cmh.ens.fr\/en\/activites-scientifiques-anterieures\/professeurs-invites-2016\/#primaryimage\"},\"thumbnailUrl\":\"https:\/\/www.cmh.ens.fr\/IMG\/jpg\/sue-milner2.jpg\",\"datePublished\":\"2021-05-17T11:24:51+00:00\",\"dateModified\":\"2021-05-17T11:24:54+00:00\",\"breadcrumb\":{\"@id\":\"https:\/\/cmh.ens.fr\/en\/activites-scientifiques-anterieures\/professeurs-invites-2016\/#breadcrumb\"},\"inLanguage\":\"en-US\",\"potentialAction\":[{\"@type\":\"ReadAction\",\"target\":[\"https:\/\/cmh.ens.fr\/en\/activites-scientifiques-anterieures\/professeurs-invites-2016\/\"]}]},{\"@type\":\"ImageObject\",\"inLanguage\":\"en-US\",\"@id\":\"https:\/\/cmh.ens.fr\/en\/activites-scientifiques-anterieures\/professeurs-invites-2016\/#primaryimage\",\"url\":\"https:\/\/www.cmh.ens.fr\/IMG\/jpg\/sue-milner2.jpg\",\"contentUrl\":\"https:\/\/www.cmh.ens.fr\/IMG\/jpg\/sue-milner2.jpg\"},{\"@type\":\"BreadcrumbList\",\"@id\":\"https:\/\/cmh.ens.fr\/en\/activites-scientifiques-anterieures\/professeurs-invites-2016\/#breadcrumb\",\"itemListElement\":[{\"@type\":\"ListItem\",\"position\":1,\"name\":\"Accueil\",\"item\":\"https:\/\/cmh.ens.fr\/\"},{\"@type\":\"ListItem\",\"position\":2,\"name\":\"Activit\u00e9s scientifiques ant\u00e9rieures\",\"item\":\"https:\/\/cmh.ens.fr\/activites-scientifiques-anterieures\/\"},{\"@type\":\"ListItem\",\"position\":3,\"name\":\"Professeurs invit\u00e9s 2016\"}]},{\"@type\":\"WebSite\",\"@id\":\"https:\/\/cmh.ens.fr\/en\/#website\",\"url\":\"https:\/\/cmh.ens.fr\/en\/\",\"name\":\"CMH\",\"description\":\"Centre Maurice Halbwachs\",\"publisher\":{\"@id\":\"https:\/\/cmh.ens.fr\/en\/#organization\"},\"potentialAction\":[{\"@type\":\"SearchAction\",\"target\":{\"@type\":\"EntryPoint\",\"urlTemplate\":\"https:\/\/cmh.ens.fr\/en\/?s={search_term_string}\"},\"query-input\":{\"@type\":\"PropertyValueSpecification\",\"valueRequired\":true,\"valueName\":\"search_term_string\"}}],\"inLanguage\":\"en-US\"},{\"@type\":\"Organization\",\"@id\":\"https:\/\/cmh.ens.fr\/en\/#organization\",\"name\":\"Centre Maurice Halbwachs\",\"url\":\"https:\/\/cmh.ens.fr\/en\/\",\"logo\":{\"@type\":\"ImageObject\",\"inLanguage\":\"en-US\",\"@id\":\"https:\/\/cmh.ens.fr\/en\/#\/schema\/logo\/image\/\",\"url\":\"https:\/\/www.cmh.ens.fr\/wp-content\/uploads\/siteon0.jpg\",\"contentUrl\":\"https:\/\/www.cmh.ens.fr\/wp-content\/uploads\/siteon0.jpg\",\"width\":86,\"height\":53,\"caption\":\"Centre Maurice Halbwachs\"},\"image\":{\"@id\":\"https:\/\/cmh.ens.fr\/en\/#\/schema\/logo\/image\/\"}}]}<\/script>\n<!-- \/ Yoast SEO plugin. -->","yoast_head_json":{"title":"CMH","robots":{"index":"index","follow":"follow","max-snippet":"max-snippet:-1","max-image-preview":"max-image-preview:large","max-video-preview":"max-video-preview:-1"},"canonical":"https:\/\/cmh.ens.fr\/en\/activites-scientifiques-anterieures\/professeurs-invites-2016\/","og_locale":"en_US","og_type":"article","og_title":"Professeurs invit\u00e9s 2016 - CMH","og_description":"Susan MILNER, professeure \u00e0 l\u2019Universit\u00e9 de Bath, invit\u00e9e au Centre Maurice Halbwachs par l\u2019\u00e9quipe PROElle est sp\u00e9cialiste des relations de travail en Europe, notamment sur la France et l\u2019Angleterre, et auteurs de plusieurs ouvrages sur diff\u00e9rents th\u00e8mes&nbsp;: n\u00e9gociations collectives et relations sociales in Europe, politiques d\u2019articulation travail-famille, pratiques et politiques concernant la paternit\u00e9.Elle a r\u00e9cemment [&hellip;]","og_url":"https:\/\/cmh.ens.fr\/en\/activites-scientifiques-anterieures\/professeurs-invites-2016\/","og_site_name":"CMH","article_modified_time":"2021-05-17T11:24:54+00:00","og_image":[{"url":"https:\/\/www.cmh.ens.fr\/IMG\/jpg\/sue-milner2.jpg","type":"","width":"","height":""}],"twitter_card":"summary_large_image","twitter_misc":{"Est. reading time":"4 minutes"},"schema":{"@context":"https:\/\/schema.org","@graph":[{"@type":"WebPage","@id":"https:\/\/cmh.ens.fr\/en\/activites-scientifiques-anterieures\/professeurs-invites-2016\/","url":"https:\/\/cmh.ens.fr\/en\/activites-scientifiques-anterieures\/professeurs-invites-2016\/","name":"Professeurs invit\u00e9s 2016 - CMH","isPartOf":{"@id":"https:\/\/cmh.ens.fr\/en\/#website"},"primaryImageOfPage":{"@id":"https:\/\/cmh.ens.fr\/en\/activites-scientifiques-anterieures\/professeurs-invites-2016\/#primaryimage"},"image":{"@id":"https:\/\/cmh.ens.fr\/en\/activites-scientifiques-anterieures\/professeurs-invites-2016\/#primaryimage"},"thumbnailUrl":"https:\/\/www.cmh.ens.fr\/IMG\/jpg\/sue-milner2.jpg","datePublished":"2021-05-17T11:24:51+00:00","dateModified":"2021-05-17T11:24:54+00:00","breadcrumb":{"@id":"https:\/\/cmh.ens.fr\/en\/activites-scientifiques-anterieures\/professeurs-invites-2016\/#breadcrumb"},"inLanguage":"en-US","potentialAction":[{"@type":"ReadAction","target":["https:\/\/cmh.ens.fr\/en\/activites-scientifiques-anterieures\/professeurs-invites-2016\/"]}]},{"@type":"ImageObject","inLanguage":"en-US","@id":"https:\/\/cmh.ens.fr\/en\/activites-scientifiques-anterieures\/professeurs-invites-2016\/#primaryimage","url":"https:\/\/www.cmh.ens.fr\/IMG\/jpg\/sue-milner2.jpg","contentUrl":"https:\/\/www.cmh.ens.fr\/IMG\/jpg\/sue-milner2.jpg"},{"@type":"BreadcrumbList","@id":"https:\/\/cmh.ens.fr\/en\/activites-scientifiques-anterieures\/professeurs-invites-2016\/#breadcrumb","itemListElement":[{"@type":"ListItem","position":1,"name":"Accueil","item":"https:\/\/cmh.ens.fr\/"},{"@type":"ListItem","position":2,"name":"Activit\u00e9s scientifiques ant\u00e9rieures","item":"https:\/\/cmh.ens.fr\/activites-scientifiques-anterieures\/"},{"@type":"ListItem","position":3,"name":"Professeurs invit\u00e9s 2016"}]},{"@type":"WebSite","@id":"https:\/\/cmh.ens.fr\/en\/#website","url":"https:\/\/cmh.ens.fr\/en\/","name":"CMH","description":"Centre Maurice Halbwachs","publisher":{"@id":"https:\/\/cmh.ens.fr\/en\/#organization"},"potentialAction":[{"@type":"SearchAction","target":{"@type":"EntryPoint","urlTemplate":"https:\/\/cmh.ens.fr\/en\/?s={search_term_string}"},"query-input":{"@type":"PropertyValueSpecification","valueRequired":true,"valueName":"search_term_string"}}],"inLanguage":"en-US"},{"@type":"Organization","@id":"https:\/\/cmh.ens.fr\/en\/#organization","name":"Centre Maurice Halbwachs","url":"https:\/\/cmh.ens.fr\/en\/","logo":{"@type":"ImageObject","inLanguage":"en-US","@id":"https:\/\/cmh.ens.fr\/en\/#\/schema\/logo\/image\/","url":"https:\/\/www.cmh.ens.fr\/wp-content\/uploads\/siteon0.jpg","contentUrl":"https:\/\/www.cmh.ens.fr\/wp-content\/uploads\/siteon0.jpg","width":86,"height":53,"caption":"Centre Maurice Halbwachs"},"image":{"@id":"https:\/\/cmh.ens.fr\/en\/#\/schema\/logo\/image\/"}}]}},"_links":{"self":[{"href":"https:\/\/cmh.ens.fr\/en\/wp-json\/wp\/v2\/pages\/5523"}],"collection":[{"href":"https:\/\/cmh.ens.fr\/en\/wp-json\/wp\/v2\/pages"}],"about":[{"href":"https:\/\/cmh.ens.fr\/en\/wp-json\/wp\/v2\/types\/page"}],"author":[{"embeddable":true,"href":"https:\/\/cmh.ens.fr\/en\/wp-json\/wp\/v2\/users\/1"}],"replies":[{"embeddable":true,"href":"https:\/\/cmh.ens.fr\/en\/wp-json\/wp\/v2\/comments?post=5523"}],"version-history":[{"count":0,"href":"https:\/\/cmh.ens.fr\/en\/wp-json\/wp\/v2\/pages\/5523\/revisions"}],"up":[{"embeddable":true,"href":"https:\/\/cmh.ens.fr\/en\/wp-json\/wp\/v2\/pages\/2649"}],"wp:attachment":[{"href":"https:\/\/cmh.ens.fr\/en\/wp-json\/wp\/v2\/media?parent=5523"}],"curies":[{"name":"wp","href":"https:\/\/api.w.org\/{rel}","templated":true}]}}