{"id":5515,"date":"2021-05-17T13:22:55","date_gmt":"2021-05-17T11:22:55","guid":{"rendered":"https:\/\/w3.cmh.ens.fr\/?page_id=5515"},"modified":"2021-05-17T13:22:57","modified_gmt":"2021-05-17T11:22:57","slug":"seminaires-sciences-sociales-et-alimentation-2017-18","status":"publish","type":"page","link":"https:\/\/cmh.ens.fr\/en\/activites-scientifiques-anterieures\/seminaires-sciences-sociales-et-alimentation-2017-18\/","title":{"rendered":"S\u00e9minaires\u00a0\u00ab\u00a0Sciences sociales et alimentation\u00a0\u00bb 2017-18"},"content":{"rendered":"<p>Il se tiendra <strong>tous les mois<\/strong> au Centre Maurice Halbwachs, d\u00e8s septembre, en salle R5-35.<br>C\u2019est un lieu de discussion collective, sur des travaux en cours ou publi\u00e9s, et il accueille des chercheurs et des \u00e9tudiants de diff\u00e9rentes disciplines. Les personnes voulant discuter de leur interrogation concernant l\u2019alimentation dans leurs recherches sont les bienvenues. Vous trouverez le programme des ann\u00e9es pass\u00e9es <a href=\"https:\/\/solal.hypotheses.org\/seminaires\">ici<\/a> Si vous souhaitez intervenir, merci de prendre contact avec nous.<br><a href=\"mailto:thomas.depecker@inra.fr\">Thomas Depecker<\/a> et <a href=\"mailto:berangere.veron@agroparistech.fr\">B\u00e9rang\u00e8re V\u00e9ron<\/a> Le s\u00e9minaire aura lieu le <strong>vendredi de 14h \u00e0 16h30<\/strong> (deux intervenants la plupart des cas). Voici les dates retenues&nbsp;:<\/p>\n\n\n\n<ul class=\"wp-block-list\"><li><strong>Vendredi 22 septembre (14h-15h30)<\/strong><\/li><li><strong>Vendredi 20 octobre<\/strong><\/li><li><strong>Vendredi 24 novembre<\/strong><\/li><li><strong>Vendredi 15 d\u00e9cembre<\/strong><\/li><li><strong>Vendredi 26 janvier<\/strong><\/li><\/ul>\n\n\n\n<p>Martin Bruegel&nbsp;:\u00a0\u00ab&nbsp;\u201cThe underside of luxury\u201d&nbsp;: Parisian cooks, restaurant cuisines and workplace hygiene in the 1920s&nbsp;\u00bb Jean-Baptiste Parentho\u00ebn&nbsp;:\u00a0\u00ab&nbsp;La mont\u00e9e des conseillers des chambres d\u2019agriculture dans l\u2019organisation des circuits courts&nbsp;\u00bb G\u00e9raldine Comoretto, Claire Kersuzan, Aur\u00e9lie Maurice, Christine Tichit&nbsp;: \u00ab\u00a0L\u2019exp\u00e9rience de l\u2019allaitement analys\u00e9e comme une carri\u00e8re&nbsp;: une \u00e9tape-cl\u00e9 dans la construction sociale du r\u00f4le de m\u00e8re\u00a0\u00bb. Coline Ferrant&nbsp;: \u201cWhy do people throw away stale bread in a disadvantaged French urban neighborhood&nbsp;?\u201d Marie Loison Leruste&nbsp;:\u00a0\u00ab&nbsp;Solidarit\u00e9 et autonomie en cuisine. Enjeux autour de la pr\u00e9paration des repas dans un centre d\u2019h\u00e9bergement pour femmes sans domicile&nbsp;\u00bb<br>Thomas Collas&nbsp;:\u00a0\u00ab&nbsp;D\u00e9finir et \u00e9valuer le travail p\u00e2tissier&nbsp;: une sociologie des concours professionnels&nbsp;\u00bb<\/p>\n\n\n\n<ul class=\"wp-block-list\"><li><strong>Vendredi 9 mars<\/strong><\/li><\/ul>\n\n\n\n<p>Madlyne Samak&nbsp;:\u00a0\u00ab&nbsp;Devenir agriculteur biologique. Une approche par les pratiques alimentaires des agriculteurs&nbsp;\u00bb<br>Delphine Thivet&nbsp;:\u00a0\u00ab&nbsp;La souverainet\u00e9 alimentaire, construction et r\u00e9appropriations d\u2019une cause paysanne transnationale&nbsp;\u00bb<\/p>\n\n\n\n<ul class=\"wp-block-list\"><li><strong>Vendredi 6 avril<\/strong><\/li><\/ul>\n\n\n\n<p>Tristan Fournier&nbsp;:\u00a0\u00ab&nbsp;\u201cHealthy children, healthy nations\u201d. Politique de l\u2019\u00e9pig\u00e9n\u00e9tique nutritionnelle&nbsp;\u00bb<br>Florent Quellier&nbsp;:\u00a0\u00ab&nbsp;Cultures alimentaires et choix confessionnels, l\u2019exemple du maigre gastronomique sous l\u2019Ancien R\u00e9gime&nbsp;\u00bb<\/p>\n\n\n\n<ul class=\"wp-block-list\"><li><strong>Vendredi 4 mai<\/strong><\/li><\/ul>\n\n\n\n<p>Philippe Cardon&nbsp;:\u00a0\u00ab&nbsp;La cantine scolaire comme objet politique. Alimentation, classes sociales et activisme parental&nbsp;\u00bb<br>Ang\u00e8le Fouquet&nbsp;:\u00a0\u00ab&nbsp;Cohabiter en cuisine&nbsp;: les d\u00e9terminants sociaux des n\u00e9gociations culinaires pour les couples en construction&nbsp;\u00bb<\/p>\n\n\n\n<ul class=\"wp-block-list\"><li><strong>Vendredi 8 juin<\/strong><\/li><\/ul>\n\n\n\n<p>Etienne Bard&nbsp;:\u00a0\u00ab&nbsp;Travailler avec son patient. Sociologie des recommandations di\u00e9t\u00e9tiques&nbsp;\u00bb (pr\u00e9sentation de la th\u00e8se en cours)<br>Yuna Chiffoleau&nbsp;:\u00a0\u00ab&nbsp;Les circuits courts alimentaires, un levier pour la transition des pratiques alimentaires&nbsp;?&nbsp;\u00bb<\/p>","protected":false},"excerpt":{"rendered":"<p>Il se tiendra tous les mois au Centre Maurice Halbwachs, d\u00e8s septembre, en salle R5-35.C\u2019est un lieu de discussion collective, sur des travaux en cours ou publi\u00e9s, et il accueille des chercheurs et des \u00e9tudiants de diff\u00e9rentes disciplines. Les personnes voulant discuter de leur interrogation concernant l\u2019alimentation dans leurs recherches sont les bienvenues. Vous trouverez [&hellip;]<\/p>\n","protected":false},"author":1,"featured_media":0,"parent":2649,"menu_order":0,"comment_status":"closed","ping_status":"closed","template":"","meta":{"_acf_changed":false,"footnotes":""},"class_list":["post-5515","page","type-page","status-publish","hentry"],"acf":[],"yoast_head":"<!-- This site is optimized with the Yoast SEO plugin v25.6 - https:\/\/yoast.com\/wordpress\/plugins\/seo\/ -->\n<title>CMH<\/title>\n<meta name=\"robots\" content=\"index, follow, max-snippet:-1, max-image-preview:large, max-video-preview:-1\" \/>\n<link rel=\"canonical\" href=\"https:\/\/cmh.ens.fr\/en\/activites-scientifiques-anterieures\/seminaires-sciences-sociales-et-alimentation-2017-18\/\" class=\"yoast-seo-meta-tag\" \/>\n<meta property=\"og:locale\" content=\"en_US\" class=\"yoast-seo-meta-tag\" \/>\n<meta property=\"og:type\" content=\"article\" class=\"yoast-seo-meta-tag\" \/>\n<meta property=\"og:title\" content=\"S\u00e9minaires \u00ab Sciences sociales et alimentation \u00bb 2017-18 - CMH\" class=\"yoast-seo-meta-tag\" \/>\n<meta property=\"og:description\" content=\"Il se tiendra tous les mois au Centre Maurice Halbwachs, d\u00e8s septembre, en salle R5-35.C\u2019est un lieu de discussion collective, sur des travaux en cours ou publi\u00e9s, et il accueille des chercheurs et des \u00e9tudiants de diff\u00e9rentes disciplines. Les personnes voulant discuter de leur interrogation concernant l\u2019alimentation dans leurs recherches sont les bienvenues. Vous trouverez [&hellip;]\" class=\"yoast-seo-meta-tag\" \/>\n<meta property=\"og:url\" content=\"https:\/\/cmh.ens.fr\/en\/activites-scientifiques-anterieures\/seminaires-sciences-sociales-et-alimentation-2017-18\/\" class=\"yoast-seo-meta-tag\" \/>\n<meta property=\"og:site_name\" content=\"CMH\" class=\"yoast-seo-meta-tag\" \/>\n<meta property=\"article:modified_time\" content=\"2021-05-17T11:22:57+00:00\" class=\"yoast-seo-meta-tag\" \/>\n<meta name=\"twitter:card\" content=\"summary_large_image\" class=\"yoast-seo-meta-tag\" \/>\n<meta name=\"twitter:label1\" content=\"Est. reading time\" class=\"yoast-seo-meta-tag\" \/>\n\t<meta name=\"twitter:data1\" content=\"2 minutes\" class=\"yoast-seo-meta-tag\" \/>\n<script type=\"application\/ld+json\" class=\"yoast-schema-graph\">{\"@context\":\"https:\/\/schema.org\",\"@graph\":[{\"@type\":\"WebPage\",\"@id\":\"https:\/\/cmh.ens.fr\/en\/activites-scientifiques-anterieures\/seminaires-sciences-sociales-et-alimentation-2017-18\/\",\"url\":\"https:\/\/cmh.ens.fr\/en\/activites-scientifiques-anterieures\/seminaires-sciences-sociales-et-alimentation-2017-18\/\",\"name\":\"S\u00e9minaires \u00ab Sciences sociales et alimentation \u00bb 2017-18 - CMH\",\"isPartOf\":{\"@id\":\"https:\/\/cmh.ens.fr\/en\/#website\"},\"datePublished\":\"2021-05-17T11:22:55+00:00\",\"dateModified\":\"2021-05-17T11:22:57+00:00\",\"breadcrumb\":{\"@id\":\"https:\/\/cmh.ens.fr\/en\/activites-scientifiques-anterieures\/seminaires-sciences-sociales-et-alimentation-2017-18\/#breadcrumb\"},\"inLanguage\":\"en-US\",\"potentialAction\":[{\"@type\":\"ReadAction\",\"target\":[\"https:\/\/cmh.ens.fr\/en\/activites-scientifiques-anterieures\/seminaires-sciences-sociales-et-alimentation-2017-18\/\"]}]},{\"@type\":\"BreadcrumbList\",\"@id\":\"https:\/\/cmh.ens.fr\/en\/activites-scientifiques-anterieures\/seminaires-sciences-sociales-et-alimentation-2017-18\/#breadcrumb\",\"itemListElement\":[{\"@type\":\"ListItem\",\"position\":1,\"name\":\"Accueil\",\"item\":\"https:\/\/cmh.ens.fr\/\"},{\"@type\":\"ListItem\",\"position\":2,\"name\":\"Activit\u00e9s scientifiques ant\u00e9rieures\",\"item\":\"https:\/\/cmh.ens.fr\/activites-scientifiques-anterieures\/\"},{\"@type\":\"ListItem\",\"position\":3,\"name\":\"S\u00e9minaires\u00a0\u00ab\u00a0Sciences sociales et alimentation\u00a0\u00bb 2017-18\"}]},{\"@type\":\"WebSite\",\"@id\":\"https:\/\/cmh.ens.fr\/en\/#website\",\"url\":\"https:\/\/cmh.ens.fr\/en\/\",\"name\":\"CMH\",\"description\":\"Centre Maurice Halbwachs\",\"publisher\":{\"@id\":\"https:\/\/cmh.ens.fr\/en\/#organization\"},\"potentialAction\":[{\"@type\":\"SearchAction\",\"target\":{\"@type\":\"EntryPoint\",\"urlTemplate\":\"https:\/\/cmh.ens.fr\/en\/?s={search_term_string}\"},\"query-input\":{\"@type\":\"PropertyValueSpecification\",\"valueRequired\":true,\"valueName\":\"search_term_string\"}}],\"inLanguage\":\"en-US\"},{\"@type\":\"Organization\",\"@id\":\"https:\/\/cmh.ens.fr\/en\/#organization\",\"name\":\"Centre Maurice Halbwachs\",\"url\":\"https:\/\/cmh.ens.fr\/en\/\",\"logo\":{\"@type\":\"ImageObject\",\"inLanguage\":\"en-US\",\"@id\":\"https:\/\/cmh.ens.fr\/en\/#\/schema\/logo\/image\/\",\"url\":\"https:\/\/www.cmh.ens.fr\/wp-content\/uploads\/siteon0.jpg\",\"contentUrl\":\"https:\/\/www.cmh.ens.fr\/wp-content\/uploads\/siteon0.jpg\",\"width\":86,\"height\":53,\"caption\":\"Centre Maurice Halbwachs\"},\"image\":{\"@id\":\"https:\/\/cmh.ens.fr\/en\/#\/schema\/logo\/image\/\"}}]}<\/script>\n<!-- \/ Yoast SEO plugin. -->","yoast_head_json":{"title":"CMH","robots":{"index":"index","follow":"follow","max-snippet":"max-snippet:-1","max-image-preview":"max-image-preview:large","max-video-preview":"max-video-preview:-1"},"canonical":"https:\/\/cmh.ens.fr\/en\/activites-scientifiques-anterieures\/seminaires-sciences-sociales-et-alimentation-2017-18\/","og_locale":"en_US","og_type":"article","og_title":"S\u00e9minaires \u00ab Sciences sociales et alimentation \u00bb 2017-18 - CMH","og_description":"Il se tiendra tous les mois au Centre Maurice Halbwachs, d\u00e8s septembre, en salle R5-35.C\u2019est un lieu de discussion collective, sur des travaux en cours ou publi\u00e9s, et il accueille des chercheurs et des \u00e9tudiants de diff\u00e9rentes disciplines. Les personnes voulant discuter de leur interrogation concernant l\u2019alimentation dans leurs recherches sont les bienvenues. Vous trouverez [&hellip;]","og_url":"https:\/\/cmh.ens.fr\/en\/activites-scientifiques-anterieures\/seminaires-sciences-sociales-et-alimentation-2017-18\/","og_site_name":"CMH","article_modified_time":"2021-05-17T11:22:57+00:00","twitter_card":"summary_large_image","twitter_misc":{"Est. reading time":"2 minutes"},"schema":{"@context":"https:\/\/schema.org","@graph":[{"@type":"WebPage","@id":"https:\/\/cmh.ens.fr\/en\/activites-scientifiques-anterieures\/seminaires-sciences-sociales-et-alimentation-2017-18\/","url":"https:\/\/cmh.ens.fr\/en\/activites-scientifiques-anterieures\/seminaires-sciences-sociales-et-alimentation-2017-18\/","name":"S\u00e9minaires \u00ab Sciences sociales et alimentation \u00bb 2017-18 - CMH","isPartOf":{"@id":"https:\/\/cmh.ens.fr\/en\/#website"},"datePublished":"2021-05-17T11:22:55+00:00","dateModified":"2021-05-17T11:22:57+00:00","breadcrumb":{"@id":"https:\/\/cmh.ens.fr\/en\/activites-scientifiques-anterieures\/seminaires-sciences-sociales-et-alimentation-2017-18\/#breadcrumb"},"inLanguage":"en-US","potentialAction":[{"@type":"ReadAction","target":["https:\/\/cmh.ens.fr\/en\/activites-scientifiques-anterieures\/seminaires-sciences-sociales-et-alimentation-2017-18\/"]}]},{"@type":"BreadcrumbList","@id":"https:\/\/cmh.ens.fr\/en\/activites-scientifiques-anterieures\/seminaires-sciences-sociales-et-alimentation-2017-18\/#breadcrumb","itemListElement":[{"@type":"ListItem","position":1,"name":"Accueil","item":"https:\/\/cmh.ens.fr\/"},{"@type":"ListItem","position":2,"name":"Activit\u00e9s scientifiques ant\u00e9rieures","item":"https:\/\/cmh.ens.fr\/activites-scientifiques-anterieures\/"},{"@type":"ListItem","position":3,"name":"S\u00e9minaires\u00a0\u00ab\u00a0Sciences sociales et alimentation\u00a0\u00bb 2017-18"}]},{"@type":"WebSite","@id":"https:\/\/cmh.ens.fr\/en\/#website","url":"https:\/\/cmh.ens.fr\/en\/","name":"CMH","description":"Centre Maurice Halbwachs","publisher":{"@id":"https:\/\/cmh.ens.fr\/en\/#organization"},"potentialAction":[{"@type":"SearchAction","target":{"@type":"EntryPoint","urlTemplate":"https:\/\/cmh.ens.fr\/en\/?s={search_term_string}"},"query-input":{"@type":"PropertyValueSpecification","valueRequired":true,"valueName":"search_term_string"}}],"inLanguage":"en-US"},{"@type":"Organization","@id":"https:\/\/cmh.ens.fr\/en\/#organization","name":"Centre Maurice Halbwachs","url":"https:\/\/cmh.ens.fr\/en\/","logo":{"@type":"ImageObject","inLanguage":"en-US","@id":"https:\/\/cmh.ens.fr\/en\/#\/schema\/logo\/image\/","url":"https:\/\/www.cmh.ens.fr\/wp-content\/uploads\/siteon0.jpg","contentUrl":"https:\/\/www.cmh.ens.fr\/wp-content\/uploads\/siteon0.jpg","width":86,"height":53,"caption":"Centre Maurice Halbwachs"},"image":{"@id":"https:\/\/cmh.ens.fr\/en\/#\/schema\/logo\/image\/"}}]}},"_links":{"self":[{"href":"https:\/\/cmh.ens.fr\/en\/wp-json\/wp\/v2\/pages\/5515"}],"collection":[{"href":"https:\/\/cmh.ens.fr\/en\/wp-json\/wp\/v2\/pages"}],"about":[{"href":"https:\/\/cmh.ens.fr\/en\/wp-json\/wp\/v2\/types\/page"}],"author":[{"embeddable":true,"href":"https:\/\/cmh.ens.fr\/en\/wp-json\/wp\/v2\/users\/1"}],"replies":[{"embeddable":true,"href":"https:\/\/cmh.ens.fr\/en\/wp-json\/wp\/v2\/comments?post=5515"}],"version-history":[{"count":0,"href":"https:\/\/cmh.ens.fr\/en\/wp-json\/wp\/v2\/pages\/5515\/revisions"}],"up":[{"embeddable":true,"href":"https:\/\/cmh.ens.fr\/en\/wp-json\/wp\/v2\/pages\/2649"}],"wp:attachment":[{"href":"https:\/\/cmh.ens.fr\/en\/wp-json\/wp\/v2\/media?parent=5515"}],"curies":[{"name":"wp","href":"https:\/\/api.w.org\/{rel}","templated":true}]}}