{"id":5511,"date":"2021-05-17T13:20:58","date_gmt":"2021-05-17T11:20:58","guid":{"rendered":"https:\/\/w3.cmh.ens.fr\/?page_id=5511"},"modified":"2021-05-17T13:21:00","modified_gmt":"2021-05-17T11:21:00","slug":"professeurs-invites-2018","status":"publish","type":"page","link":"https:\/\/cmh.ens.fr\/en\/activites-scientifiques-anterieures\/professeurs-invites-2018\/","title":{"rendered":"Professeurs invit\u00e9s 2018"},"content":{"rendered":"<h3 class=\"wp-block-heading\">Antoni Roca-Rosell, professeur de l\u2019Universit\u00e9 polytechnique de Barcelone<\/h3>\n\n\n\n<div class=\"wp-block-image\"><figure class=\"alignleft\"><img decoding=\"async\" src=\"http:\/\/cmh.prod.lamp.cnrs.fr\/wp-content\/uploads\/2018\/09\/roca.jpg\" alt=\"\" class=\"wp-image-2130\"\/><\/figure><\/div>\n\n\n\n<p>Il est l\u2019invit\u00e9 du CMH pour la p\u00e9riode de 6 mois, du 1 septembre 2018 au 1 mars 2019. Boursier du Minist\u00e8re de Science, Innovation et Universit\u00e9s du gouvernement espagnol, il a pour projet de recherche \u201cIngenier\u00eda y sociedad en Espa\u00f1a, siglos XVIII-XIX\u00a0: influencias de y con Francia, modelos, transferencias\u201d (Ing\u00e9nierie et Soci\u00e9t\u00e9 en Espagne, XVIIIe et XIXe si\u00e8cles\u00a0: influences de et avec la France, mod\u00e8les et transferts). L\u2019objectif de ce travail est d\u2019analyser dans l\u2019esprit de comparaison des exp\u00e9riences d\u2019enseignement technique non-formel en France et en Espagne durant la p\u00e9riode qui pr\u00e9c\u00e8de l\u2019essor des \u00e9coles d\u2019ing\u00e9nieurs et d\u2019architecture aux XVIIIe et XIXe si\u00e8cles ou se d\u00e9veloppe \u00e0 l\u2019or\u00e9e de \u00e9tablissements scolaires sp\u00e9cialis\u00e9s. Ces exp\u00e9riences se d\u00e9veloppent g\u00e9n\u00e9ralement au sein des institutions locales et prennent souvent la forme de cours priv\u00e9s et de manuels d\u2019enseignement. Le travail consistera donc \u00e0 analyser les influences dans les deux sens, les mod\u00e8les \u00e9tablis, les transferts de savoir-faire et de technologie. *** Antoni Roca-Rosell (Barcelone, 1951) a \u00e9tudi\u00e9 la physique \u00e0 l\u2019Universit\u00e9 de Barcelone (1975) et soutenu la th\u00e8se sur histoire de la physique en Espagne \u00e0 l\u2019Universit\u00e9 Autonome de Madrid (1990). Actuellement, il est\u00a0\u00ab\u00a0professor titular\u00a0\u00bb d\u2019histoire des sciences \u00e0 l\u2019Universit\u00e9 Polytechnique de Catalogne (UPC). En 2010, il a \u00e9t\u00e9 \u00e9lu membre correspondant de l\u2019Acad\u00e9mie Internationale d\u2019Histoire des Sciences ; en 2014, membre de l\u2019Institut d\u2019Estudis Catalans. Il est le coordinateur de la Chaire UNESCO de Technologie et Culture de la UPC. Il dirige le journal <em>Quaderns d\u2019Hist\u00f2ria de l\u2019Enginyeria<\/em> (dernier num\u00e9ro\u00a0: vol. XVI, 2018) publi\u00e9 en version papier et en ligne.<\/p>\n\n\n\n<h3 class=\"wp-block-heading\">Flore Guiot, doctorante en histoire \u00e0 l\u2019UCLouvain<\/h3>\n\n\n\n<p><img decoding=\"async\" src=\"http:\/\/cmh.prod.lamp.cnrs.fr\/wp-content\/uploads\/2019\/01\/Photo_flore.guiot_.jpg\" alt=\"\" width=\"200\" height=\"200\">Invit\u00e9e au CMH par Martin Bruegel Flore Guiot est doctorante en histoire \u00e0 l\u2019UCLouvain depuis octobre 2016. Elle r\u00e9alise une th\u00e8se sur l\u2019action publique de s\u00e9curit\u00e9 alimentaire en Belgique entre 1840 et 1920 sous la direction de la Professeure Aurore Fran\u00e7ois. Son s\u00e9jour au CMH, o\u00f9 elle restera jusqu\u2019au 2 avril 2019, sera consacr\u00e9 \u00e0 d\u00e9velopper l\u2019aspect comparatif et interdisciplinaire de ses recherches. Flore est financ\u00e9e par une bourse Erasmus et par le Fonds de la Recherche Scientifique-FNRS (Belgique).<\/p>\n\n\n\n<h3 class=\"wp-block-heading\">Silvana Cristina Da Silva, post doctorante<\/h3>\n\n\n\n<div class=\"wp-block-image\"><figure class=\"alignleft\"><img decoding=\"async\" src=\"http:\/\/cmh.prod.lamp.cnrs.fr\/wp-content\/uploads\/2018\/09\/Silvana2.jpg\" alt=\"\" class=\"wp-image-2135\"\/><\/figure><\/div>\n\n\n\n<p>Invit\u00e9e au CMH par Christian TOPALOV Silvana Da Silva est g\u00e9ographe form\u00e9e \u00e0 l\u2019Universit\u00e9 Estadual de Campinas (UNICAMP)\u00a0: master (2008) et doctorat (2012). Depuis 2012, elle est professeure \u00e0 l\u2019Universit\u00e9 Federal Fluminense (UFF), Campus Campos dos Goytacazes, Rio de Janeiro, o\u00f9 elle enseigne au D\u00e9partement de g\u00e9ographie (master en g\u00e9ographie et master en d\u00e9veloppement r\u00e9gional, politiques publiques et environnement). Elle est coordinatrice du Groupe de recherche\u00a0\u00ab\u00a0Territoire et Villes\u00a0\u00bb (TeCidades) \u00e0 l\u2019UFF et travaille avec les th\u00e9ories du g\u00e9ographe Milton Santos, en particulier la th\u00e9orie des deux circuits de l\u2019\u00e9conomie urbaine. Elle a publi\u00e9 dans des revues scientifiques sur l\u2019\u00e9conomie urbaine du circuit inf\u00e9rieur \u00e0 S\u00e3o Paulo et sur le circuit spatial de la production p\u00e9troli\u00e8re dans le nord de l\u2019\u00e9tat de Rio de Janeiro. Elle est actuellement boursi\u00e8re du programme\u00a0\u00ab\u00a0professeur Invit\u00e9\u00a0\u00bb du gouvernement br\u00e9silien (CAPES) et s\u00e9journera au CMH pendant 12 mois \u00e0 partir de septembre 2018. Son projet de recherche porte sur la dimension spatiale de la pauvret\u00e9 dans les pays p\u00e9riph\u00e9riques, en particulier dans les\u00a0\u00ab\u00a0villes du p\u00e9trole\u00a0\u00bb de l\u2019\u00e9tat de Rio de Janeiro. Son objectif est d\u2019expliquer le processus d\u2019appauvrissement de ces villes en partant de l\u2019\u00e9tude de leur espace et au moyen de m\u00e9thodologies qualitatives qui font dialoguer g\u00e9ographie et sociologie.<\/p>\n\n\n\n<h3 class=\"wp-block-heading\">Claudia Giacoman<\/h3>\n\n\n\n<div class=\"wp-block-image\"><figure class=\"alignleft\"><img decoding=\"async\" src=\"http:\/\/cmh.prod.lamp.cnrs.fr\/wp-content\/uploads\/2018\/08\/giacoman-claudia.jpg\" alt=\"\" class=\"wp-image-1123\"\/><\/figure><\/div>\n\n\n\n<p>Dans le cadre du programme ECOS-Sud de coop\u00e9ration scientifique avec le Chili, Claudia Giacoman sera chercheuse invit\u00e9e au CMH <strong>du 11 juin au 6 juillet 2018<\/strong> (Bureau D103, b\u00e2timent E).<br><strong>Claudia<\/strong> est professeure associ\u00e9e de sociologie et directrice adjointe de l\u2019Institut de sociologie de la Pontificia Universidad Cat\u00f3lica de Chile, o\u00f9 elle m\u00e8ne des recherches sur la sociologie de l\u2019alimentation, du corps et de la sant\u00e9 Elle coordonne depuis 2014 une vaste enqu\u00eate sur la commensalit\u00e9 et les rythmes alimentaires des adultes de Santiago du Chili \u201c\u00bf<a href=\"http:\/\/www.comocomemosjuntos.cl\/\" target=\"_blank\" rel=\"noreferrer noopener\">C\u00f3mo comemos juntos&nbsp;?<\/a>&nbsp;: Un estudio descriptivo sobre las pr\u00e1cticas de comensalidad en adultos de la Regi\u00f3n Metropolitana\u201d. Elle va mettre \u00e0 profit son s\u00e9jour au CMH pour approfondir l\u2019analyse des r\u00e9sultats quantitatifs de l\u2019enqu\u00eate et r\u00e9fl\u00e9chir aux points de comparaison possibles avec les r\u00e9sultats issus de l\u2019enqu\u00eate SIRS, dont les questionnaires pr\u00e9sentent de nombreuses similarit\u00e9s. Une r\u00e9union de travail ouverte \u00e0 tous visant \u00e0 r\u00e9fl\u00e9chir sur les conditions de possibilit\u00e9 d\u2019une comparaison France-Chili-GB sera organis\u00e9e au CMH le <strong>2 juillet 2018<\/strong> apr\u00e8s-midi. <strong>Parmi ses derni\u00e8res publications&nbsp;:<\/strong><br>Giacoman, C., Leal, D., &amp; Rivera, V. (2017). Daily rythms of eating in Santiago, Chile. <em>British Food Journal<\/em>, 119(6), 1\u201115. Giacoman, C. (2016). The dimensions and role of commensality&nbsp;: A theoretical model drawn from the significance of communal eating among adults in Santiago, Chile. <em>Appetite<\/em>, 107, 460\u2011470.<\/p>","protected":false},"excerpt":{"rendered":"<p>Antoni Roca-Rosell, professeur de l\u2019Universit\u00e9 polytechnique de Barcelone Il est l\u2019invit\u00e9 du CMH pour la p\u00e9riode de 6 mois, du 1 septembre 2018 au 1 mars 2019. Boursier du Minist\u00e8re de Science, Innovation et Universit\u00e9s du gouvernement espagnol, il a pour projet de recherche \u201cIngenier\u00eda y sociedad en Espa\u00f1a, siglos XVIII-XIX\u00a0: influencias de y con [&hellip;]<\/p>\n","protected":false},"author":1,"featured_media":0,"parent":2649,"menu_order":0,"comment_status":"closed","ping_status":"closed","template":"","meta":{"_acf_changed":false,"footnotes":""},"class_list":["post-5511","page","type-page","status-publish","hentry"],"acf":[],"yoast_head":"<!-- This site is optimized with the Yoast SEO plugin v25.6 - https:\/\/yoast.com\/wordpress\/plugins\/seo\/ -->\n<title>CMH<\/title>\n<meta name=\"robots\" content=\"index, follow, max-snippet:-1, max-image-preview:large, max-video-preview:-1\" \/>\n<link rel=\"canonical\" href=\"https:\/\/cmh.ens.fr\/en\/activites-scientifiques-anterieures\/professeurs-invites-2018\/\" class=\"yoast-seo-meta-tag\" \/>\n<meta property=\"og:locale\" content=\"en_US\" class=\"yoast-seo-meta-tag\" \/>\n<meta property=\"og:type\" content=\"article\" class=\"yoast-seo-meta-tag\" \/>\n<meta property=\"og:title\" content=\"Professeurs invit\u00e9s 2018 - CMH\" class=\"yoast-seo-meta-tag\" \/>\n<meta property=\"og:description\" content=\"Antoni Roca-Rosell, professeur de l\u2019Universit\u00e9 polytechnique de Barcelone Il est l\u2019invit\u00e9 du CMH pour la p\u00e9riode de 6 mois, du 1 septembre 2018 au 1 mars 2019. Boursier du Minist\u00e8re de Science, Innovation et Universit\u00e9s du gouvernement espagnol, il a pour projet de recherche \u201cIngenier\u00eda y sociedad en Espa\u00f1a, siglos XVIII-XIX\u00a0: influencias de y con [&hellip;]\" class=\"yoast-seo-meta-tag\" \/>\n<meta property=\"og:url\" content=\"https:\/\/cmh.ens.fr\/en\/activites-scientifiques-anterieures\/professeurs-invites-2018\/\" class=\"yoast-seo-meta-tag\" \/>\n<meta property=\"og:site_name\" content=\"CMH\" class=\"yoast-seo-meta-tag\" \/>\n<meta property=\"article:modified_time\" content=\"2021-05-17T11:21:00+00:00\" class=\"yoast-seo-meta-tag\" \/>\n<meta property=\"og:image\" content=\"http:\/\/cmh.prod.lamp.cnrs.fr\/wp-content\/uploads\/2018\/09\/roca.jpg\" class=\"yoast-seo-meta-tag\" \/>\n<meta name=\"twitter:card\" content=\"summary_large_image\" class=\"yoast-seo-meta-tag\" \/>\n<meta name=\"twitter:label1\" content=\"Est. reading time\" class=\"yoast-seo-meta-tag\" \/>\n\t<meta name=\"twitter:data1\" content=\"5 minutes\" class=\"yoast-seo-meta-tag\" \/>\n<script type=\"application\/ld+json\" class=\"yoast-schema-graph\">{\"@context\":\"https:\/\/schema.org\",\"@graph\":[{\"@type\":\"WebPage\",\"@id\":\"https:\/\/cmh.ens.fr\/en\/activites-scientifiques-anterieures\/professeurs-invites-2018\/\",\"url\":\"https:\/\/cmh.ens.fr\/en\/activites-scientifiques-anterieures\/professeurs-invites-2018\/\",\"name\":\"Professeurs invit\u00e9s 2018 - CMH\",\"isPartOf\":{\"@id\":\"https:\/\/cmh.ens.fr\/en\/#website\"},\"primaryImageOfPage\":{\"@id\":\"https:\/\/cmh.ens.fr\/en\/activites-scientifiques-anterieures\/professeurs-invites-2018\/#primaryimage\"},\"image\":{\"@id\":\"https:\/\/cmh.ens.fr\/en\/activites-scientifiques-anterieures\/professeurs-invites-2018\/#primaryimage\"},\"thumbnailUrl\":\"http:\/\/cmh.prod.lamp.cnrs.fr\/wp-content\/uploads\/2018\/09\/roca.jpg\",\"datePublished\":\"2021-05-17T11:20:58+00:00\",\"dateModified\":\"2021-05-17T11:21:00+00:00\",\"breadcrumb\":{\"@id\":\"https:\/\/cmh.ens.fr\/en\/activites-scientifiques-anterieures\/professeurs-invites-2018\/#breadcrumb\"},\"inLanguage\":\"en-US\",\"potentialAction\":[{\"@type\":\"ReadAction\",\"target\":[\"https:\/\/cmh.ens.fr\/en\/activites-scientifiques-anterieures\/professeurs-invites-2018\/\"]}]},{\"@type\":\"ImageObject\",\"inLanguage\":\"en-US\",\"@id\":\"https:\/\/cmh.ens.fr\/en\/activites-scientifiques-anterieures\/professeurs-invites-2018\/#primaryimage\",\"url\":\"http:\/\/cmh.prod.lamp.cnrs.fr\/wp-content\/uploads\/2018\/09\/roca.jpg\",\"contentUrl\":\"http:\/\/cmh.prod.lamp.cnrs.fr\/wp-content\/uploads\/2018\/09\/roca.jpg\"},{\"@type\":\"BreadcrumbList\",\"@id\":\"https:\/\/cmh.ens.fr\/en\/activites-scientifiques-anterieures\/professeurs-invites-2018\/#breadcrumb\",\"itemListElement\":[{\"@type\":\"ListItem\",\"position\":1,\"name\":\"Accueil\",\"item\":\"https:\/\/cmh.ens.fr\/\"},{\"@type\":\"ListItem\",\"position\":2,\"name\":\"Activit\u00e9s scientifiques ant\u00e9rieures\",\"item\":\"https:\/\/cmh.ens.fr\/activites-scientifiques-anterieures\/\"},{\"@type\":\"ListItem\",\"position\":3,\"name\":\"Professeurs invit\u00e9s 2018\"}]},{\"@type\":\"WebSite\",\"@id\":\"https:\/\/cmh.ens.fr\/en\/#website\",\"url\":\"https:\/\/cmh.ens.fr\/en\/\",\"name\":\"CMH\",\"description\":\"Centre Maurice Halbwachs\",\"publisher\":{\"@id\":\"https:\/\/cmh.ens.fr\/en\/#organization\"},\"potentialAction\":[{\"@type\":\"SearchAction\",\"target\":{\"@type\":\"EntryPoint\",\"urlTemplate\":\"https:\/\/cmh.ens.fr\/en\/?s={search_term_string}\"},\"query-input\":{\"@type\":\"PropertyValueSpecification\",\"valueRequired\":true,\"valueName\":\"search_term_string\"}}],\"inLanguage\":\"en-US\"},{\"@type\":\"Organization\",\"@id\":\"https:\/\/cmh.ens.fr\/en\/#organization\",\"name\":\"Centre Maurice Halbwachs\",\"url\":\"https:\/\/cmh.ens.fr\/en\/\",\"logo\":{\"@type\":\"ImageObject\",\"inLanguage\":\"en-US\",\"@id\":\"https:\/\/cmh.ens.fr\/en\/#\/schema\/logo\/image\/\",\"url\":\"https:\/\/www.cmh.ens.fr\/wp-content\/uploads\/siteon0.jpg\",\"contentUrl\":\"https:\/\/www.cmh.ens.fr\/wp-content\/uploads\/siteon0.jpg\",\"width\":86,\"height\":53,\"caption\":\"Centre Maurice Halbwachs\"},\"image\":{\"@id\":\"https:\/\/cmh.ens.fr\/en\/#\/schema\/logo\/image\/\"}}]}<\/script>\n<!-- \/ Yoast SEO plugin. -->","yoast_head_json":{"title":"CMH","robots":{"index":"index","follow":"follow","max-snippet":"max-snippet:-1","max-image-preview":"max-image-preview:large","max-video-preview":"max-video-preview:-1"},"canonical":"https:\/\/cmh.ens.fr\/en\/activites-scientifiques-anterieures\/professeurs-invites-2018\/","og_locale":"en_US","og_type":"article","og_title":"Professeurs invit\u00e9s 2018 - CMH","og_description":"Antoni Roca-Rosell, professeur de l\u2019Universit\u00e9 polytechnique de Barcelone Il est l\u2019invit\u00e9 du CMH pour la p\u00e9riode de 6 mois, du 1 septembre 2018 au 1 mars 2019. Boursier du Minist\u00e8re de Science, Innovation et Universit\u00e9s du gouvernement espagnol, il a pour projet de recherche \u201cIngenier\u00eda y sociedad en Espa\u00f1a, siglos XVIII-XIX\u00a0: influencias de y con [&hellip;]","og_url":"https:\/\/cmh.ens.fr\/en\/activites-scientifiques-anterieures\/professeurs-invites-2018\/","og_site_name":"CMH","article_modified_time":"2021-05-17T11:21:00+00:00","og_image":[{"url":"http:\/\/cmh.prod.lamp.cnrs.fr\/wp-content\/uploads\/2018\/09\/roca.jpg","type":"","width":"","height":""}],"twitter_card":"summary_large_image","twitter_misc":{"Est. reading time":"5 minutes"},"schema":{"@context":"https:\/\/schema.org","@graph":[{"@type":"WebPage","@id":"https:\/\/cmh.ens.fr\/en\/activites-scientifiques-anterieures\/professeurs-invites-2018\/","url":"https:\/\/cmh.ens.fr\/en\/activites-scientifiques-anterieures\/professeurs-invites-2018\/","name":"Professeurs invit\u00e9s 2018 - CMH","isPartOf":{"@id":"https:\/\/cmh.ens.fr\/en\/#website"},"primaryImageOfPage":{"@id":"https:\/\/cmh.ens.fr\/en\/activites-scientifiques-anterieures\/professeurs-invites-2018\/#primaryimage"},"image":{"@id":"https:\/\/cmh.ens.fr\/en\/activites-scientifiques-anterieures\/professeurs-invites-2018\/#primaryimage"},"thumbnailUrl":"http:\/\/cmh.prod.lamp.cnrs.fr\/wp-content\/uploads\/2018\/09\/roca.jpg","datePublished":"2021-05-17T11:20:58+00:00","dateModified":"2021-05-17T11:21:00+00:00","breadcrumb":{"@id":"https:\/\/cmh.ens.fr\/en\/activites-scientifiques-anterieures\/professeurs-invites-2018\/#breadcrumb"},"inLanguage":"en-US","potentialAction":[{"@type":"ReadAction","target":["https:\/\/cmh.ens.fr\/en\/activites-scientifiques-anterieures\/professeurs-invites-2018\/"]}]},{"@type":"ImageObject","inLanguage":"en-US","@id":"https:\/\/cmh.ens.fr\/en\/activites-scientifiques-anterieures\/professeurs-invites-2018\/#primaryimage","url":"http:\/\/cmh.prod.lamp.cnrs.fr\/wp-content\/uploads\/2018\/09\/roca.jpg","contentUrl":"http:\/\/cmh.prod.lamp.cnrs.fr\/wp-content\/uploads\/2018\/09\/roca.jpg"},{"@type":"BreadcrumbList","@id":"https:\/\/cmh.ens.fr\/en\/activites-scientifiques-anterieures\/professeurs-invites-2018\/#breadcrumb","itemListElement":[{"@type":"ListItem","position":1,"name":"Accueil","item":"https:\/\/cmh.ens.fr\/"},{"@type":"ListItem","position":2,"name":"Activit\u00e9s scientifiques ant\u00e9rieures","item":"https:\/\/cmh.ens.fr\/activites-scientifiques-anterieures\/"},{"@type":"ListItem","position":3,"name":"Professeurs invit\u00e9s 2018"}]},{"@type":"WebSite","@id":"https:\/\/cmh.ens.fr\/en\/#website","url":"https:\/\/cmh.ens.fr\/en\/","name":"CMH","description":"Centre Maurice Halbwachs","publisher":{"@id":"https:\/\/cmh.ens.fr\/en\/#organization"},"potentialAction":[{"@type":"SearchAction","target":{"@type":"EntryPoint","urlTemplate":"https:\/\/cmh.ens.fr\/en\/?s={search_term_string}"},"query-input":{"@type":"PropertyValueSpecification","valueRequired":true,"valueName":"search_term_string"}}],"inLanguage":"en-US"},{"@type":"Organization","@id":"https:\/\/cmh.ens.fr\/en\/#organization","name":"Centre Maurice Halbwachs","url":"https:\/\/cmh.ens.fr\/en\/","logo":{"@type":"ImageObject","inLanguage":"en-US","@id":"https:\/\/cmh.ens.fr\/en\/#\/schema\/logo\/image\/","url":"https:\/\/www.cmh.ens.fr\/wp-content\/uploads\/siteon0.jpg","contentUrl":"https:\/\/www.cmh.ens.fr\/wp-content\/uploads\/siteon0.jpg","width":86,"height":53,"caption":"Centre Maurice Halbwachs"},"image":{"@id":"https:\/\/cmh.ens.fr\/en\/#\/schema\/logo\/image\/"}}]}},"_links":{"self":[{"href":"https:\/\/cmh.ens.fr\/en\/wp-json\/wp\/v2\/pages\/5511"}],"collection":[{"href":"https:\/\/cmh.ens.fr\/en\/wp-json\/wp\/v2\/pages"}],"about":[{"href":"https:\/\/cmh.ens.fr\/en\/wp-json\/wp\/v2\/types\/page"}],"author":[{"embeddable":true,"href":"https:\/\/cmh.ens.fr\/en\/wp-json\/wp\/v2\/users\/1"}],"replies":[{"embeddable":true,"href":"https:\/\/cmh.ens.fr\/en\/wp-json\/wp\/v2\/comments?post=5511"}],"version-history":[{"count":0,"href":"https:\/\/cmh.ens.fr\/en\/wp-json\/wp\/v2\/pages\/5511\/revisions"}],"up":[{"embeddable":true,"href":"https:\/\/cmh.ens.fr\/en\/wp-json\/wp\/v2\/pages\/2649"}],"wp:attachment":[{"href":"https:\/\/cmh.ens.fr\/en\/wp-json\/wp\/v2\/media?parent=5511"}],"curies":[{"name":"wp","href":"https:\/\/api.w.org\/{rel}","templated":true}]}}