{"id":5507,"date":"2021-05-17T13:03:13","date_gmt":"2021-05-17T11:03:13","guid":{"rendered":"https:\/\/w3.cmh.ens.fr\/?page_id=5507"},"modified":"2021-05-17T13:03:15","modified_gmt":"2021-05-17T11:03:15","slug":"seminaires-cmh-2018-2019","status":"publish","type":"page","link":"https:\/\/cmh.ens.fr\/en\/activites-scientifiques-anterieures\/seminaires-cmh-2018-2019\/","title":{"rendered":"S\u00e9minaires CMH 2018-2019"},"content":{"rendered":"<p><strong>S\u00e9ance 1 \u2013 mardi 18 septembre 2018<\/strong><br>Theodore Porter (UCLA)<br>Genetics in the Madhouse&nbsp;: The Unknown History of Human Heredity, Princeton Univeristy Press, 2018<br>Discutant&nbsp;: Emmanuel Didier <strong>S\u00e9ance 2 \u2013 jeudi 18 octobre 2018<\/strong><br>C\u00e9dric Lomba (CNRS, CRESPPA-CSU)<br>La restructuration permanente de la condition ouvri\u00e8re. De Cockerill \u00e0 ArcelorMittal, \u00c9ditions du Croquant, 2018<br>Discutant&nbsp;: Serge Paugam <strong>S\u00e9ance 3 \u2013 mardi 13 novembre 2018<\/strong><br>Maud Simonet (CNRS, IDHES)<br>Who Cleans the Park&nbsp;? Public Work and Urban Governance In New York City, U Chicago Press, 2017 (avec John Krinsky)<br>Discutante&nbsp;: Sophie Pochic <strong>S\u00e9ance 4 \u2013 mardi 18 d\u00e9cembre 2018<\/strong><br>Christiane Besnier (CANTHEL)<br>La v\u00e9rit\u00e9 c\u00f4t\u00e9 cour. Une ethnologue aux assises, La D\u00e9couverte, 2017<br>Discutante&nbsp;: Liora Isra\u00ebl <strong>S\u00e9ance 5 \u2013 mardi 15 janvier 2019<\/strong><br>Sarah Mazouz (CNRS, CERAPS)<br>La R\u00e9publique et ses autres. Politiques de l\u2019alt\u00e9rit\u00e9 dans la France des ann\u00e9es 2000, ENS Lyon \u00c9ditions, 2017<br>Discutante&nbsp;: Am\u00e9lie Le Renard <strong>S\u00e9ance 6 \u2013 mardi 12 f\u00e9vrier 2019<\/strong><br>Julien Bonhomme (ENS, LAS) et (sous r\u00e9serve) Julien Bondaz (Universit\u00e9 Lyon 2, LADEC)<br>L\u2019offrande de la mort. Une rumeur au S\u00e9n\u00e9gal, CNRS ed., 2017<br>Discutante&nbsp;: Johanna Sim\u00e9ant-Germanos <strong>S\u00e9ance 7 \u2013 mardi 26 mars 2019<\/strong> (attention&nbsp;: cette s\u00e9ance a lieu en salle R1-13)<br>Val\u00e9rie Boussard (Universit\u00e9 Paris Nanterre, IDHES)<br>Finance at Work (ed.), Routledge, 2017<br>Discutant&nbsp;: Jo\u00ebl Laillier <strong>S\u00e9ance 8 \u2013 mardi 16 avril 2019<\/strong><br>Johan Heilbron (CNRS, CESSP)<br>French Sociology, Cornell University Press, 2015<br>Discutant&nbsp;: Christian Topalov <strong>S\u00e9ance 9 \u2013 jeudi 16 mai 2019<\/strong><br>Gabrielle Sch\u00fctz (UVSQ, Printemps)<br>Jeunes, jolies et sous-trait\u00e9es. Les h\u00f4tesses d\u2019accueil, La Dispute 2018<br>Discutante&nbsp;: Christelle Avril<\/p>","protected":false},"excerpt":{"rendered":"<p>S\u00e9ance 1 \u2013 mardi 18 septembre 2018Theodore Porter (UCLA)Genetics in the Madhouse&nbsp;: The Unknown History of Human Heredity, Princeton Univeristy Press, 2018Discutant&nbsp;: Emmanuel Didier S\u00e9ance 2 \u2013 jeudi 18 octobre 2018C\u00e9dric Lomba (CNRS, CRESPPA-CSU)La restructuration permanente de la condition ouvri\u00e8re. De Cockerill \u00e0 ArcelorMittal, \u00c9ditions du Croquant, 2018Discutant&nbsp;: Serge Paugam S\u00e9ance 3 \u2013 mardi 13 [&hellip;]<\/p>\n","protected":false},"author":1,"featured_media":0,"parent":2649,"menu_order":0,"comment_status":"closed","ping_status":"closed","template":"","meta":{"_acf_changed":false,"footnotes":""},"class_list":["post-5507","page","type-page","status-publish","hentry"],"acf":[],"yoast_head":"<!-- This site is optimized with the Yoast SEO plugin v25.6 - https:\/\/yoast.com\/wordpress\/plugins\/seo\/ -->\n<title>CMH<\/title>\n<meta name=\"robots\" content=\"index, follow, max-snippet:-1, max-image-preview:large, max-video-preview:-1\" \/>\n<link rel=\"canonical\" href=\"https:\/\/cmh.ens.fr\/en\/activites-scientifiques-anterieures\/seminaires-cmh-2018-2019\/\" class=\"yoast-seo-meta-tag\" \/>\n<meta property=\"og:locale\" content=\"en_US\" class=\"yoast-seo-meta-tag\" \/>\n<meta property=\"og:type\" content=\"article\" class=\"yoast-seo-meta-tag\" \/>\n<meta property=\"og:title\" content=\"S\u00e9minaires CMH 2018-2019 - CMH\" class=\"yoast-seo-meta-tag\" \/>\n<meta property=\"og:description\" content=\"S\u00e9ance 1 \u2013 mardi 18 septembre 2018Theodore Porter (UCLA)Genetics in the Madhouse&nbsp;: The Unknown History of Human Heredity, Princeton Univeristy Press, 2018Discutant&nbsp;: Emmanuel Didier S\u00e9ance 2 \u2013 jeudi 18 octobre 2018C\u00e9dric Lomba (CNRS, CRESPPA-CSU)La restructuration permanente de la condition ouvri\u00e8re. De Cockerill \u00e0 ArcelorMittal, \u00c9ditions du Croquant, 2018Discutant&nbsp;: Serge Paugam S\u00e9ance 3 \u2013 mardi 13 [&hellip;]\" class=\"yoast-seo-meta-tag\" \/>\n<meta property=\"og:url\" content=\"https:\/\/cmh.ens.fr\/en\/activites-scientifiques-anterieures\/seminaires-cmh-2018-2019\/\" class=\"yoast-seo-meta-tag\" \/>\n<meta property=\"og:site_name\" content=\"CMH\" class=\"yoast-seo-meta-tag\" \/>\n<meta property=\"article:modified_time\" content=\"2021-05-17T11:03:15+00:00\" class=\"yoast-seo-meta-tag\" \/>\n<meta name=\"twitter:card\" content=\"summary_large_image\" class=\"yoast-seo-meta-tag\" \/>\n<meta name=\"twitter:label1\" content=\"Est. reading time\" class=\"yoast-seo-meta-tag\" \/>\n\t<meta name=\"twitter:data1\" content=\"2 minutes\" class=\"yoast-seo-meta-tag\" \/>\n<script type=\"application\/ld+json\" class=\"yoast-schema-graph\">{\"@context\":\"https:\/\/schema.org\",\"@graph\":[{\"@type\":\"WebPage\",\"@id\":\"https:\/\/cmh.ens.fr\/en\/activites-scientifiques-anterieures\/seminaires-cmh-2018-2019\/\",\"url\":\"https:\/\/cmh.ens.fr\/en\/activites-scientifiques-anterieures\/seminaires-cmh-2018-2019\/\",\"name\":\"S\u00e9minaires CMH 2018-2019 - CMH\",\"isPartOf\":{\"@id\":\"https:\/\/cmh.ens.fr\/en\/#website\"},\"datePublished\":\"2021-05-17T11:03:13+00:00\",\"dateModified\":\"2021-05-17T11:03:15+00:00\",\"breadcrumb\":{\"@id\":\"https:\/\/cmh.ens.fr\/en\/activites-scientifiques-anterieures\/seminaires-cmh-2018-2019\/#breadcrumb\"},\"inLanguage\":\"en-US\",\"potentialAction\":[{\"@type\":\"ReadAction\",\"target\":[\"https:\/\/cmh.ens.fr\/en\/activites-scientifiques-anterieures\/seminaires-cmh-2018-2019\/\"]}]},{\"@type\":\"BreadcrumbList\",\"@id\":\"https:\/\/cmh.ens.fr\/en\/activites-scientifiques-anterieures\/seminaires-cmh-2018-2019\/#breadcrumb\",\"itemListElement\":[{\"@type\":\"ListItem\",\"position\":1,\"name\":\"Accueil\",\"item\":\"https:\/\/cmh.ens.fr\/\"},{\"@type\":\"ListItem\",\"position\":2,\"name\":\"Activit\u00e9s scientifiques ant\u00e9rieures\",\"item\":\"https:\/\/cmh.ens.fr\/activites-scientifiques-anterieures\/\"},{\"@type\":\"ListItem\",\"position\":3,\"name\":\"S\u00e9minaires CMH 2018-2019\"}]},{\"@type\":\"WebSite\",\"@id\":\"https:\/\/cmh.ens.fr\/en\/#website\",\"url\":\"https:\/\/cmh.ens.fr\/en\/\",\"name\":\"CMH\",\"description\":\"Centre Maurice Halbwachs\",\"publisher\":{\"@id\":\"https:\/\/cmh.ens.fr\/en\/#organization\"},\"potentialAction\":[{\"@type\":\"SearchAction\",\"target\":{\"@type\":\"EntryPoint\",\"urlTemplate\":\"https:\/\/cmh.ens.fr\/en\/?s={search_term_string}\"},\"query-input\":{\"@type\":\"PropertyValueSpecification\",\"valueRequired\":true,\"valueName\":\"search_term_string\"}}],\"inLanguage\":\"en-US\"},{\"@type\":\"Organization\",\"@id\":\"https:\/\/cmh.ens.fr\/en\/#organization\",\"name\":\"Centre Maurice Halbwachs\",\"url\":\"https:\/\/cmh.ens.fr\/en\/\",\"logo\":{\"@type\":\"ImageObject\",\"inLanguage\":\"en-US\",\"@id\":\"https:\/\/cmh.ens.fr\/en\/#\/schema\/logo\/image\/\",\"url\":\"https:\/\/www.cmh.ens.fr\/wp-content\/uploads\/siteon0.jpg\",\"contentUrl\":\"https:\/\/www.cmh.ens.fr\/wp-content\/uploads\/siteon0.jpg\",\"width\":86,\"height\":53,\"caption\":\"Centre Maurice Halbwachs\"},\"image\":{\"@id\":\"https:\/\/cmh.ens.fr\/en\/#\/schema\/logo\/image\/\"}}]}<\/script>\n<!-- \/ Yoast SEO plugin. -->","yoast_head_json":{"title":"CMH","robots":{"index":"index","follow":"follow","max-snippet":"max-snippet:-1","max-image-preview":"max-image-preview:large","max-video-preview":"max-video-preview:-1"},"canonical":"https:\/\/cmh.ens.fr\/en\/activites-scientifiques-anterieures\/seminaires-cmh-2018-2019\/","og_locale":"en_US","og_type":"article","og_title":"S\u00e9minaires CMH 2018-2019 - CMH","og_description":"S\u00e9ance 1 \u2013 mardi 18 septembre 2018Theodore Porter (UCLA)Genetics in the Madhouse&nbsp;: The Unknown History of Human Heredity, Princeton Univeristy Press, 2018Discutant&nbsp;: Emmanuel Didier S\u00e9ance 2 \u2013 jeudi 18 octobre 2018C\u00e9dric Lomba (CNRS, CRESPPA-CSU)La restructuration permanente de la condition ouvri\u00e8re. De Cockerill \u00e0 ArcelorMittal, \u00c9ditions du Croquant, 2018Discutant&nbsp;: Serge Paugam S\u00e9ance 3 \u2013 mardi 13 [&hellip;]","og_url":"https:\/\/cmh.ens.fr\/en\/activites-scientifiques-anterieures\/seminaires-cmh-2018-2019\/","og_site_name":"CMH","article_modified_time":"2021-05-17T11:03:15+00:00","twitter_card":"summary_large_image","twitter_misc":{"Est. reading time":"2 minutes"},"schema":{"@context":"https:\/\/schema.org","@graph":[{"@type":"WebPage","@id":"https:\/\/cmh.ens.fr\/en\/activites-scientifiques-anterieures\/seminaires-cmh-2018-2019\/","url":"https:\/\/cmh.ens.fr\/en\/activites-scientifiques-anterieures\/seminaires-cmh-2018-2019\/","name":"S\u00e9minaires CMH 2018-2019 - CMH","isPartOf":{"@id":"https:\/\/cmh.ens.fr\/en\/#website"},"datePublished":"2021-05-17T11:03:13+00:00","dateModified":"2021-05-17T11:03:15+00:00","breadcrumb":{"@id":"https:\/\/cmh.ens.fr\/en\/activites-scientifiques-anterieures\/seminaires-cmh-2018-2019\/#breadcrumb"},"inLanguage":"en-US","potentialAction":[{"@type":"ReadAction","target":["https:\/\/cmh.ens.fr\/en\/activites-scientifiques-anterieures\/seminaires-cmh-2018-2019\/"]}]},{"@type":"BreadcrumbList","@id":"https:\/\/cmh.ens.fr\/en\/activites-scientifiques-anterieures\/seminaires-cmh-2018-2019\/#breadcrumb","itemListElement":[{"@type":"ListItem","position":1,"name":"Accueil","item":"https:\/\/cmh.ens.fr\/"},{"@type":"ListItem","position":2,"name":"Activit\u00e9s scientifiques ant\u00e9rieures","item":"https:\/\/cmh.ens.fr\/activites-scientifiques-anterieures\/"},{"@type":"ListItem","position":3,"name":"S\u00e9minaires CMH 2018-2019"}]},{"@type":"WebSite","@id":"https:\/\/cmh.ens.fr\/en\/#website","url":"https:\/\/cmh.ens.fr\/en\/","name":"CMH","description":"Centre Maurice Halbwachs","publisher":{"@id":"https:\/\/cmh.ens.fr\/en\/#organization"},"potentialAction":[{"@type":"SearchAction","target":{"@type":"EntryPoint","urlTemplate":"https:\/\/cmh.ens.fr\/en\/?s={search_term_string}"},"query-input":{"@type":"PropertyValueSpecification","valueRequired":true,"valueName":"search_term_string"}}],"inLanguage":"en-US"},{"@type":"Organization","@id":"https:\/\/cmh.ens.fr\/en\/#organization","name":"Centre Maurice Halbwachs","url":"https:\/\/cmh.ens.fr\/en\/","logo":{"@type":"ImageObject","inLanguage":"en-US","@id":"https:\/\/cmh.ens.fr\/en\/#\/schema\/logo\/image\/","url":"https:\/\/www.cmh.ens.fr\/wp-content\/uploads\/siteon0.jpg","contentUrl":"https:\/\/www.cmh.ens.fr\/wp-content\/uploads\/siteon0.jpg","width":86,"height":53,"caption":"Centre Maurice Halbwachs"},"image":{"@id":"https:\/\/cmh.ens.fr\/en\/#\/schema\/logo\/image\/"}}]}},"_links":{"self":[{"href":"https:\/\/cmh.ens.fr\/en\/wp-json\/wp\/v2\/pages\/5507"}],"collection":[{"href":"https:\/\/cmh.ens.fr\/en\/wp-json\/wp\/v2\/pages"}],"about":[{"href":"https:\/\/cmh.ens.fr\/en\/wp-json\/wp\/v2\/types\/page"}],"author":[{"embeddable":true,"href":"https:\/\/cmh.ens.fr\/en\/wp-json\/wp\/v2\/users\/1"}],"replies":[{"embeddable":true,"href":"https:\/\/cmh.ens.fr\/en\/wp-json\/wp\/v2\/comments?post=5507"}],"version-history":[{"count":0,"href":"https:\/\/cmh.ens.fr\/en\/wp-json\/wp\/v2\/pages\/5507\/revisions"}],"up":[{"embeddable":true,"href":"https:\/\/cmh.ens.fr\/en\/wp-json\/wp\/v2\/pages\/2649"}],"wp:attachment":[{"href":"https:\/\/cmh.ens.fr\/en\/wp-json\/wp\/v2\/media?parent=5507"}],"curies":[{"name":"wp","href":"https:\/\/api.w.org\/{rel}","templated":true}]}}