{"id":5495,"date":"2021-05-17T12:59:11","date_gmt":"2021-05-17T10:59:11","guid":{"rendered":"https:\/\/w3.cmh.ens.fr\/?page_id=5495"},"modified":"2021-05-17T12:59:13","modified_gmt":"2021-05-17T10:59:13","slug":"seminaires-cmh-2019-2020","status":"publish","type":"page","link":"https:\/\/cmh.ens.fr\/en\/activites-scientifiques-anterieures\/seminaires-cmh-2019-2020\/","title":{"rendered":"S\u00e9minaires CMH 2019-2020"},"content":{"rendered":"<p><\/p>\n\n\n\n<ul class=\"wp-block-list\"><li> <strong>S\u00e9ance 1 \u2013 Mardi 1er octobre 2019<\/strong><br>\nLudivine Bantigny<br>\nPour son livre 1968. De grands soirs en petits matins (<a href=\"http:\/\/www.seuil.com\/ouvrage\/1968-de-grands-soirs-en-petits-matins-ludivine-bantigny\/9782021301571\">Le Seuil<\/a>, 2018)<\/li><li> <strong>S\u00e9ance 2 \u2013  Mardi 3 d\u00e9cembre 2019<\/strong><br>\nMaria Malmstr\u00f6m<br>\nPour son livre The Streets are Talking to Me (<a href=\"https:\/\/www.ucpress.edu\/book\/9780520304338\/the-streets-are-talking-to-me\">University of California Press<\/a>, 2019)<\/li><li> <strong>S\u00e9ance 3 \u2013 Mardi 14 janvier 2020<\/strong><br>\nMichael Burawoy<br>\nPour la traduction en fran\u00e7ais de ses Conversations avec Bourdieu <a href=\"http:\/\/www.editionsamsterdam.fr\/conversations-avec-bourdieu\/\">(Amsterdam<\/a>, 2019)<\/li><li> <strong>S\u00e9ance 4 \u2013  Mardi 4 f\u00e9vrier 2020<\/strong><br>\nSylvie Tissot<br>\nPour son livre Gayfriendly. Acceptation et contr\u00f4le de l\u2019homosexualit\u00e9 \u00e0 Paris et \u00e0 New York (<a href=\"http:\/\/www.raisonsdagir-editions.org\/catalogue\/gayfriendly\/\">Raisons d\u2019agir<\/a>, 2018)<\/li><li> <strong>S\u00e9ance 5 \u2013  Mardi 3 mars 2020<\/strong><br>\nFabian Muniesa<br>\nPour le <a href=\"https:\/\/www.pressesdesmines.com\/produit\/capitalization\/\">livre<\/a>\n collectif Capitalization. A Cultural Guide&nbsp;? co-\u00e9crit avec Liliana \nDoganova, Horacio Ortiz, Florence Paterson, Alaric Bourgoin, V\u00e9ra \nEhrenstein, Pierre-Andr\u00e9 Juven, David Pontille, Basak Sara\u00e7-Lesavre et \nGuillaume Yon<\/li><li> <strong>S\u00e9ance 6 \u2013 Mardi 21 avril 2020<\/strong><br>\nBernard Lahire<br>\nPour son livre L\u2019interpr\u00e9tation sociologique des r\u00eaves (<a href=\"https:\/\/editionsladecouverte.fr\/catalogue\/index-L_interpr__tation_sociologique_des_r__ves-9782707198662.html\">La D\u00e9couverte<\/a>, 2018)<\/li><li> <strong>S\u00e9ance 7 \u2013  Mardi 5 mai 2020<\/strong><br>\nAudrey C\u00e9lestine<br>\nPour son livre Une famille fran\u00e7aise. Des Antilles \u00e0 Dunkerque en passant par l\u2019Alg\u00e9rie (<a href=\"https:\/\/www.editionstextuel.com\/livre\/une-famille-francaise\">Textuel<\/a>, 2018)<\/li><li> <strong>S\u00e9ance 8 \u2013  D\u00e9but juin (\u00e0 confirmer)<\/strong><br>\nAbir Kr\u00e9fa<br>\nPour son livre \u00c9crits, genre et autorit\u00e9s. Enqu\u00eate en Tunisie (<a href=\"http:\/\/catalogue-editions.ens-lyon.fr\/fr\/livre\/?GCOI=29021100040960\">ENS \u00c9ditions<\/a>, 2018)<\/li><\/ul>","protected":false},"excerpt":{"rendered":"<p>S\u00e9ance 1 \u2013 Mardi 1er octobre 2019 Ludivine Bantigny Pour son livre 1968. De grands soirs en petits matins (Le Seuil, 2018) S\u00e9ance 2 \u2013 Mardi 3 d\u00e9cembre 2019 Maria Malmstr\u00f6m Pour son livre The Streets are Talking to Me (University of California Press, 2019) S\u00e9ance 3 \u2013 Mardi 14 janvier 2020 Michael Burawoy Pour [&hellip;]<\/p>\n","protected":false},"author":1,"featured_media":0,"parent":2649,"menu_order":0,"comment_status":"closed","ping_status":"closed","template":"","meta":{"_acf_changed":false,"footnotes":""},"class_list":["post-5495","page","type-page","status-publish","hentry"],"acf":[],"yoast_head":"<!-- This site is optimized with the Yoast SEO plugin v25.6 - https:\/\/yoast.com\/wordpress\/plugins\/seo\/ -->\n<title>CMH<\/title>\n<meta name=\"robots\" content=\"index, follow, max-snippet:-1, max-image-preview:large, max-video-preview:-1\" \/>\n<link rel=\"canonical\" href=\"https:\/\/cmh.ens.fr\/en\/activites-scientifiques-anterieures\/seminaires-cmh-2019-2020\/\" class=\"yoast-seo-meta-tag\" \/>\n<meta property=\"og:locale\" content=\"en_US\" class=\"yoast-seo-meta-tag\" \/>\n<meta property=\"og:type\" content=\"article\" class=\"yoast-seo-meta-tag\" \/>\n<meta property=\"og:title\" content=\"S\u00e9minaires CMH 2019-2020 - CMH\" class=\"yoast-seo-meta-tag\" \/>\n<meta property=\"og:description\" content=\"S\u00e9ance 1 \u2013 Mardi 1er octobre 2019 Ludivine Bantigny Pour son livre 1968. De grands soirs en petits matins (Le Seuil, 2018) S\u00e9ance 2 \u2013 Mardi 3 d\u00e9cembre 2019 Maria Malmstr\u00f6m Pour son livre The Streets are Talking to Me (University of California Press, 2019) S\u00e9ance 3 \u2013 Mardi 14 janvier 2020 Michael Burawoy Pour [&hellip;]\" class=\"yoast-seo-meta-tag\" \/>\n<meta property=\"og:url\" content=\"https:\/\/cmh.ens.fr\/en\/activites-scientifiques-anterieures\/seminaires-cmh-2019-2020\/\" class=\"yoast-seo-meta-tag\" \/>\n<meta property=\"og:site_name\" content=\"CMH\" class=\"yoast-seo-meta-tag\" \/>\n<meta property=\"article:modified_time\" content=\"2021-05-17T10:59:13+00:00\" class=\"yoast-seo-meta-tag\" \/>\n<meta name=\"twitter:card\" content=\"summary_large_image\" class=\"yoast-seo-meta-tag\" \/>\n<meta name=\"twitter:label1\" content=\"Est. reading time\" class=\"yoast-seo-meta-tag\" \/>\n\t<meta name=\"twitter:data1\" content=\"1 minute\" class=\"yoast-seo-meta-tag\" \/>\n<script type=\"application\/ld+json\" class=\"yoast-schema-graph\">{\"@context\":\"https:\/\/schema.org\",\"@graph\":[{\"@type\":\"WebPage\",\"@id\":\"https:\/\/cmh.ens.fr\/en\/activites-scientifiques-anterieures\/seminaires-cmh-2019-2020\/\",\"url\":\"https:\/\/cmh.ens.fr\/en\/activites-scientifiques-anterieures\/seminaires-cmh-2019-2020\/\",\"name\":\"S\u00e9minaires CMH 2019-2020 - CMH\",\"isPartOf\":{\"@id\":\"https:\/\/cmh.ens.fr\/en\/#website\"},\"datePublished\":\"2021-05-17T10:59:11+00:00\",\"dateModified\":\"2021-05-17T10:59:13+00:00\",\"breadcrumb\":{\"@id\":\"https:\/\/cmh.ens.fr\/en\/activites-scientifiques-anterieures\/seminaires-cmh-2019-2020\/#breadcrumb\"},\"inLanguage\":\"en-US\",\"potentialAction\":[{\"@type\":\"ReadAction\",\"target\":[\"https:\/\/cmh.ens.fr\/en\/activites-scientifiques-anterieures\/seminaires-cmh-2019-2020\/\"]}]},{\"@type\":\"BreadcrumbList\",\"@id\":\"https:\/\/cmh.ens.fr\/en\/activites-scientifiques-anterieures\/seminaires-cmh-2019-2020\/#breadcrumb\",\"itemListElement\":[{\"@type\":\"ListItem\",\"position\":1,\"name\":\"Accueil\",\"item\":\"https:\/\/cmh.ens.fr\/\"},{\"@type\":\"ListItem\",\"position\":2,\"name\":\"Activit\u00e9s scientifiques ant\u00e9rieures\",\"item\":\"https:\/\/cmh.ens.fr\/activites-scientifiques-anterieures\/\"},{\"@type\":\"ListItem\",\"position\":3,\"name\":\"S\u00e9minaires CMH 2019-2020\"}]},{\"@type\":\"WebSite\",\"@id\":\"https:\/\/cmh.ens.fr\/en\/#website\",\"url\":\"https:\/\/cmh.ens.fr\/en\/\",\"name\":\"CMH\",\"description\":\"Centre Maurice Halbwachs\",\"publisher\":{\"@id\":\"https:\/\/cmh.ens.fr\/en\/#organization\"},\"potentialAction\":[{\"@type\":\"SearchAction\",\"target\":{\"@type\":\"EntryPoint\",\"urlTemplate\":\"https:\/\/cmh.ens.fr\/en\/?s={search_term_string}\"},\"query-input\":{\"@type\":\"PropertyValueSpecification\",\"valueRequired\":true,\"valueName\":\"search_term_string\"}}],\"inLanguage\":\"en-US\"},{\"@type\":\"Organization\",\"@id\":\"https:\/\/cmh.ens.fr\/en\/#organization\",\"name\":\"Centre Maurice Halbwachs\",\"url\":\"https:\/\/cmh.ens.fr\/en\/\",\"logo\":{\"@type\":\"ImageObject\",\"inLanguage\":\"en-US\",\"@id\":\"https:\/\/cmh.ens.fr\/en\/#\/schema\/logo\/image\/\",\"url\":\"https:\/\/www.cmh.ens.fr\/wp-content\/uploads\/siteon0.jpg\",\"contentUrl\":\"https:\/\/www.cmh.ens.fr\/wp-content\/uploads\/siteon0.jpg\",\"width\":86,\"height\":53,\"caption\":\"Centre Maurice Halbwachs\"},\"image\":{\"@id\":\"https:\/\/cmh.ens.fr\/en\/#\/schema\/logo\/image\/\"}}]}<\/script>\n<!-- \/ Yoast SEO plugin. -->","yoast_head_json":{"title":"CMH","robots":{"index":"index","follow":"follow","max-snippet":"max-snippet:-1","max-image-preview":"max-image-preview:large","max-video-preview":"max-video-preview:-1"},"canonical":"https:\/\/cmh.ens.fr\/en\/activites-scientifiques-anterieures\/seminaires-cmh-2019-2020\/","og_locale":"en_US","og_type":"article","og_title":"S\u00e9minaires CMH 2019-2020 - CMH","og_description":"S\u00e9ance 1 \u2013 Mardi 1er octobre 2019 Ludivine Bantigny Pour son livre 1968. De grands soirs en petits matins (Le Seuil, 2018) S\u00e9ance 2 \u2013 Mardi 3 d\u00e9cembre 2019 Maria Malmstr\u00f6m Pour son livre The Streets are Talking to Me (University of California Press, 2019) S\u00e9ance 3 \u2013 Mardi 14 janvier 2020 Michael Burawoy Pour [&hellip;]","og_url":"https:\/\/cmh.ens.fr\/en\/activites-scientifiques-anterieures\/seminaires-cmh-2019-2020\/","og_site_name":"CMH","article_modified_time":"2021-05-17T10:59:13+00:00","twitter_card":"summary_large_image","twitter_misc":{"Est. reading time":"1 minute"},"schema":{"@context":"https:\/\/schema.org","@graph":[{"@type":"WebPage","@id":"https:\/\/cmh.ens.fr\/en\/activites-scientifiques-anterieures\/seminaires-cmh-2019-2020\/","url":"https:\/\/cmh.ens.fr\/en\/activites-scientifiques-anterieures\/seminaires-cmh-2019-2020\/","name":"S\u00e9minaires CMH 2019-2020 - CMH","isPartOf":{"@id":"https:\/\/cmh.ens.fr\/en\/#website"},"datePublished":"2021-05-17T10:59:11+00:00","dateModified":"2021-05-17T10:59:13+00:00","breadcrumb":{"@id":"https:\/\/cmh.ens.fr\/en\/activites-scientifiques-anterieures\/seminaires-cmh-2019-2020\/#breadcrumb"},"inLanguage":"en-US","potentialAction":[{"@type":"ReadAction","target":["https:\/\/cmh.ens.fr\/en\/activites-scientifiques-anterieures\/seminaires-cmh-2019-2020\/"]}]},{"@type":"BreadcrumbList","@id":"https:\/\/cmh.ens.fr\/en\/activites-scientifiques-anterieures\/seminaires-cmh-2019-2020\/#breadcrumb","itemListElement":[{"@type":"ListItem","position":1,"name":"Accueil","item":"https:\/\/cmh.ens.fr\/"},{"@type":"ListItem","position":2,"name":"Activit\u00e9s scientifiques ant\u00e9rieures","item":"https:\/\/cmh.ens.fr\/activites-scientifiques-anterieures\/"},{"@type":"ListItem","position":3,"name":"S\u00e9minaires CMH 2019-2020"}]},{"@type":"WebSite","@id":"https:\/\/cmh.ens.fr\/en\/#website","url":"https:\/\/cmh.ens.fr\/en\/","name":"CMH","description":"Centre Maurice Halbwachs","publisher":{"@id":"https:\/\/cmh.ens.fr\/en\/#organization"},"potentialAction":[{"@type":"SearchAction","target":{"@type":"EntryPoint","urlTemplate":"https:\/\/cmh.ens.fr\/en\/?s={search_term_string}"},"query-input":{"@type":"PropertyValueSpecification","valueRequired":true,"valueName":"search_term_string"}}],"inLanguage":"en-US"},{"@type":"Organization","@id":"https:\/\/cmh.ens.fr\/en\/#organization","name":"Centre Maurice Halbwachs","url":"https:\/\/cmh.ens.fr\/en\/","logo":{"@type":"ImageObject","inLanguage":"en-US","@id":"https:\/\/cmh.ens.fr\/en\/#\/schema\/logo\/image\/","url":"https:\/\/www.cmh.ens.fr\/wp-content\/uploads\/siteon0.jpg","contentUrl":"https:\/\/www.cmh.ens.fr\/wp-content\/uploads\/siteon0.jpg","width":86,"height":53,"caption":"Centre Maurice Halbwachs"},"image":{"@id":"https:\/\/cmh.ens.fr\/en\/#\/schema\/logo\/image\/"}}]}},"_links":{"self":[{"href":"https:\/\/cmh.ens.fr\/en\/wp-json\/wp\/v2\/pages\/5495"}],"collection":[{"href":"https:\/\/cmh.ens.fr\/en\/wp-json\/wp\/v2\/pages"}],"about":[{"href":"https:\/\/cmh.ens.fr\/en\/wp-json\/wp\/v2\/types\/page"}],"author":[{"embeddable":true,"href":"https:\/\/cmh.ens.fr\/en\/wp-json\/wp\/v2\/users\/1"}],"replies":[{"embeddable":true,"href":"https:\/\/cmh.ens.fr\/en\/wp-json\/wp\/v2\/comments?post=5495"}],"version-history":[{"count":0,"href":"https:\/\/cmh.ens.fr\/en\/wp-json\/wp\/v2\/pages\/5495\/revisions"}],"up":[{"embeddable":true,"href":"https:\/\/cmh.ens.fr\/en\/wp-json\/wp\/v2\/pages\/2649"}],"wp:attachment":[{"href":"https:\/\/cmh.ens.fr\/en\/wp-json\/wp\/v2\/media?parent=5495"}],"curies":[{"name":"wp","href":"https:\/\/api.w.org\/{rel}","templated":true}]}}