{"id":4229,"date":"2021-04-06T14:04:02","date_gmt":"2021-04-06T12:04:02","guid":{"rendered":"https:\/\/w3.cmh.ens.fr\/?page_id=4229"},"modified":"2025-10-02T10:05:47","modified_gmt":"2025-10-02T08:05:47","slug":"seminaires-ehess","status":"publish","type":"page","link":"https:\/\/cmh.ens.fr\/en\/seminaires-ehess\/","title":{"rendered":"EHESS seminars"},"content":{"rendered":"\n<p>Les membres du CMH animent diff\u00e9rents s\u00e9minaires \u00e0 l\u2019EHESS\u00a0:<\/p>\n\n\n\n<ul class=\"wp-block-list\">\n<li><a href=\"https:\/\/enseignements.ehess.fr\/2025-2026\/ue\/729\">Agriculteurs, sols et semences dans la globalisation<\/a><\/li>\n\n\n\n<li><a href=\"https:\/\/enseignements.ehess.fr\/2025-2026\/ue\/669\">Approches postcoloniales et d\u00e9coloniales du genre et de la sexualit\u00e9<\/a><\/li>\n\n\n\n<li><a href=\"https:\/\/enseignements.ehess.fr\/2025-2026\/ue\/884\">Apr\u00e8s le Master<\/a><\/li>\n\n\n\n<li><a href=\"https:\/\/enseignements.ehess.fr\/2025-2026\/ue\/153\">Atelier de professionnalisation en sciences sociales (M2)<\/a><\/li>\n\n\n\n<li><a href=\"https:\/\/enseignements.ehess.fr\/2025-2026\/ue\/229\">Atelier enqu\u00eate par questionnaire [M1]<\/a><\/li>\n\n\n\n<li><a href=\"https:\/\/enseignements.ehess.fr\/2025-2026\/ue\/405\">Ateliers recherches<\/a><\/li>\n\n\n\n<li><a href=\"https:\/\/enseignements.ehess.fr\/2025-2026\/ue\/544\">Attachements multiples\u00a0: liens sociaux, aspirations et enjeux environnementaux<\/a><\/li>\n\n\n\n<li><a href=\"https:\/\/enseignements.ehess.fr\/2025-2026\/ue\/247\">Capitalisme, organisations et enjeux d\u2019\u00e9galit\u00e9<\/a><\/li>\n\n\n\n<li><a href=\"https:\/\/enseignements.ehess.fr\/2025-2026\/ue\/445\">Classes sociales et in\u00e9galit\u00e9s<\/a><\/li>\n\n\n\n<li><a href=\"https:\/\/enseignements.ehess.fr\/2025-2026\/ue\/827\">Crises \u00e9conomiques et crises politiques<\/a><\/li>\n\n\n\n<li><a href=\"https:\/\/enseignements.ehess.fr\/2025-2026\/ue\/567\">D\u00e9lits de presse. Ethnographie de la 17<sup>e<\/sup>\u00a0chambre du tribunal judiciaire de Paris<\/a><\/li>\n\n\n\n<li><a href=\"https:\/\/enseignements.ehess.fr\/2025-2026\/ue\/123\">Du sexe au genre\u00a0: textes fondamentaux<\/a><\/li>\n\n\n\n<li><a href=\"https:\/\/enseignements.ehess.fr\/2025-2026\/ue\/364\">Enqu\u00eate de luxe\u00a0: relations de service et rapports de classe internationalis\u00e9s<\/a><\/li>\n\n\n\n<li><a href=\"https:\/\/enseignements.ehess.fr\/2025-2026\/ue\/486\">Enqu\u00eate sur les budgets de famille des petites classes moyennes<\/a><\/li>\n\n\n\n<li><a href=\"https:\/\/enseignements.ehess.fr\/2025-2026\/ue\/342\">Enqu\u00eater en sciences sociales\u00a0: Terrains transnationaux, Enjeux postcoloniaux et Rapports sociaux de race<\/a><\/li>\n\n\n\n<li><a href=\"https:\/\/enseignements.ehess.fr\/2025-2026\/ue\/122\">Ethnographier le genre (groupe 2)<\/a><\/li>\n\n\n\n<li><a href=\"https:\/\/enseignements.ehess.fr\/2025-2026\/ue\/361\">Fabrique des donn\u00e9es<\/a><\/li>\n\n\n\n<li><a href=\"https:\/\/enseignements.ehess.fr\/2025-2026\/ue\/686\">Genre et professions judiciaires. \u00c0 partir d&rsquo;une enqu\u00eate sur les avocat\u00b7es aux Conseils<\/a><\/li>\n\n\n\n<li><a href=\"https:\/\/enseignements.ehess.fr\/2025-2026\/ue\/857\">Genre et travail, pratiques et politiques<\/a><\/li>\n\n\n\n<li><a href=\"https:\/\/enseignements.ehess.fr\/2025-2026\/ue\/642\">Groupe de r\u00e9flexion sur le Br\u00e9sil contemporain (GRBC)<\/a><\/li>\n\n\n\n<li><a href=\"https:\/\/enseignements.ehess.fr\/2025-2026\/ue\/652\">Histoire et soci\u00e9t\u00e9s contemporaines du Maghreb\u00a0: Questions, terrains et m\u00e9thodes<\/a><\/li>\n\n\n\n<li><a href=\"https:\/\/enseignements.ehess.fr\/2025-2026\/ue\/167\">Initiation \u00e0 l&rsquo;enqu\u00eate de terrain<\/a><\/li>\n\n\n\n<li><a href=\"https:\/\/enseignements.ehess.fr\/2025-2026\/ue\/208\">Institutions de la monnaie et de la dette<\/a><\/li>\n\n\n\n<li><a href=\"https:\/\/enseignements.ehess.fr\/2025-2026\/ue\/493\">Introduction aux m\u00e9thodes mixtes<\/a><\/li>\n\n\n\n<li><a href=\"https:\/\/enseignements.ehess.fr\/2025-2026\/ue\/296\">L&rsquo;interdiscipinarit\u00e9 en action<\/a><\/li>\n\n\n\n<li><a href=\"https:\/\/enseignements.ehess.fr\/2025-2026\/ue\/570\">La question de la v\u00e9rit\u00e9 en sciences sociales et en droit<\/a><\/li>\n\n\n\n<li><a href=\"https:\/\/enseignements.ehess.fr\/2025-2026\/ue\/428\">La rencontre en sciences sociales\u00a0: humains et non-humains<\/a><\/li>\n\n\n\n<li><a href=\"https:\/\/enseignements.ehess.fr\/2025-2026\/ue\/585\">Les batailles de l\u2019int\u00e9r\u00eat g\u00e9n\u00e9ral. Acteurs, savoirs et pratiques \u00e0 la fronti\u00e8re public-priv\u00e9<\/a><\/li>\n\n\n\n<li><a href=\"https:\/\/enseignements.ehess.fr\/2025-2026\/ue\/664\">Les institutions publiques au travail\u00a0: le cas de l\u2019\u00e9cole<\/a><\/li>\n\n\n\n<li><a href=\"https:\/\/enseignements.ehess.fr\/2025-2026\/ue\/154\">Les limites de l\u2019enqu\u00eate\u00a0: enjeux \u00e9thiques, questions de droit<\/a><\/li>\n\n\n\n<li><a href=\"https:\/\/enseignements.ehess.fr\/2025-2026\/ue\/39\">Les recompositions contemporaines du croire<\/a><\/li>\n\n\n\n<li><a href=\"https:\/\/enseignements.ehess.fr\/2025-2026\/ue\/495\">Mod\u00e9lisation avanc\u00e9e pour les sciences sociales<\/a><\/li>\n\n\n\n<li><a href=\"https:\/\/enseignements.ehess.fr\/2025-2026\/ue\/530\">PLAD &#8211; Analyse textuelle en sociologie et sociologie historique<\/a><\/li>\n\n\n\n<li><a href=\"https:\/\/enseignements.ehess.fr\/2025-2026\/ue\/319\">Politique des sciences<\/a><\/li>\n\n\n\n<li><a href=\"https:\/\/enseignements.ehess.fr\/2025-2026\/ue\/537\">Pour \u00e9tudier le travail<\/a><\/li>\n\n\n\n<li><a href=\"https:\/\/enseignements.ehess.fr\/2025-2026\/ue\/137\">Qu&rsquo;est-ce qu&rsquo;une enqu\u00eate sociologique I<\/a><\/li>\n\n\n\n<li><a href=\"https:\/\/enseignements.ehess.fr\/2025-2026\/ue\/355\">R\u00e9inscrire le religieux dans le social\u00a0: enjeux et m\u00e9thodes<\/a><\/li>\n\n\n\n<li><a href=\"https:\/\/enseignements.ehess.fr\/2025-2026\/ue\/327\">Responsabilit\u00e9\u00a0: autour des liens entre les personnes et les choses (\u00e9poques moderne et contemporaine)<\/a><\/li>\n\n\n\n<li><a href=\"https:\/\/enseignements.ehess.fr\/2025-2026\/ue\/76\">S\u2019engager ou se r\u00e9engager dans la vie face \u00e0 la catastrophe \u00e9cologique\u00a0? Perplexit\u00e9s, t\u00e2tonnements et enqu\u00eates de cadres sup\u00e9rieurs<\/a><\/li>\n\n\n\n<li><a href=\"https:\/\/enseignements.ehess.fr\/2025-2026\/ue\/48\">Sant\u00e9 et Big Data<\/a><\/li>\n\n\n\n<li><a href=\"https:\/\/enseignements.ehess.fr\/2025-2026\/ue\/407\">Sciences sociales et alimentation<\/a><\/li>\n\n\n\n<li><a href=\"https:\/\/enseignements.ehess.fr\/2025-2026\/ue\/668\">S\u00e9minaire de la formation doctorale Sciences sociales et genre<\/a><\/li>\n\n\n\n<li><a href=\"https:\/\/enseignements.ehess.fr\/2025-2026\/ue\/383\">Sociologies d&rsquo;aujourd&rsquo;hui (groupe 2)<\/a><\/li>\n\n\n\n<li><a href=\"https:\/\/enseignements.ehess.fr\/2025-2026\/ue\/297\"><em>Sociology of elites: an introduction<\/em><\/a><\/li>\n<\/ul>\n","protected":false},"excerpt":{"rendered":"<p>The members of the CMH lead various seminars at the EHESS:<\/p>","protected":false},"author":1,"featured_media":0,"parent":0,"menu_order":0,"comment_status":"closed","ping_status":"closed","template":"","meta":{"_acf_changed":false,"footnotes":""},"class_list":["post-4229","page","type-page","status-publish","hentry"],"acf":[],"yoast_head":"<!-- This site is optimized with the Yoast SEO plugin v25.6 - https:\/\/yoast.com\/wordpress\/plugins\/seo\/ -->\n<title>CMH<\/title>\n<meta name=\"robots\" content=\"index, follow, max-snippet:-1, max-image-preview:large, max-video-preview:-1\" \/>\n<link rel=\"canonical\" href=\"https:\/\/cmh.ens.fr\/en\/seminaires-ehess\/\" class=\"yoast-seo-meta-tag\" \/>\n<meta property=\"og:locale\" content=\"en_US\" class=\"yoast-seo-meta-tag\" \/>\n<meta property=\"og:type\" content=\"article\" class=\"yoast-seo-meta-tag\" \/>\n<meta property=\"og:title\" content=\"S\u00e9minaires EHESS - CMH\" class=\"yoast-seo-meta-tag\" \/>\n<meta property=\"og:description\" content=\"Les membres du CMH animent diff\u00e9rents s\u00e9minaires \u00e0 l\u2019EHESS\u00a0:\" class=\"yoast-seo-meta-tag\" \/>\n<meta property=\"og:url\" content=\"https:\/\/cmh.ens.fr\/en\/seminaires-ehess\/\" class=\"yoast-seo-meta-tag\" \/>\n<meta property=\"og:site_name\" content=\"CMH\" class=\"yoast-seo-meta-tag\" \/>\n<meta property=\"article:modified_time\" content=\"2025-10-02T08:05:47+00:00\" class=\"yoast-seo-meta-tag\" \/>\n<meta name=\"twitter:card\" content=\"summary_large_image\" class=\"yoast-seo-meta-tag\" \/>\n<meta name=\"twitter:label1\" content=\"Est. reading time\" class=\"yoast-seo-meta-tag\" \/>\n\t<meta name=\"twitter:data1\" content=\"2 minutes\" class=\"yoast-seo-meta-tag\" \/>\n<script type=\"application\/ld+json\" class=\"yoast-schema-graph\">{\"@context\":\"https:\/\/schema.org\",\"@graph\":[{\"@type\":\"WebPage\",\"@id\":\"https:\/\/cmh.ens.fr\/en\/seminaires-ehess\/\",\"url\":\"https:\/\/cmh.ens.fr\/en\/seminaires-ehess\/\",\"name\":\"S\u00e9minaires EHESS - CMH\",\"isPartOf\":{\"@id\":\"https:\/\/cmh.ens.fr\/en\/#website\"},\"datePublished\":\"2021-04-06T12:04:02+00:00\",\"dateModified\":\"2025-10-02T08:05:47+00:00\",\"breadcrumb\":{\"@id\":\"https:\/\/cmh.ens.fr\/en\/seminaires-ehess\/#breadcrumb\"},\"inLanguage\":\"en-US\",\"potentialAction\":[{\"@type\":\"ReadAction\",\"target\":[\"https:\/\/cmh.ens.fr\/en\/seminaires-ehess\/\"]}]},{\"@type\":\"BreadcrumbList\",\"@id\":\"https:\/\/cmh.ens.fr\/en\/seminaires-ehess\/#breadcrumb\",\"itemListElement\":[{\"@type\":\"ListItem\",\"position\":1,\"name\":\"Accueil\",\"item\":\"https:\/\/cmh.ens.fr\/\"},{\"@type\":\"ListItem\",\"position\":2,\"name\":\"S\u00e9minaires EHESS\"}]},{\"@type\":\"WebSite\",\"@id\":\"https:\/\/cmh.ens.fr\/en\/#website\",\"url\":\"https:\/\/cmh.ens.fr\/en\/\",\"name\":\"CMH\",\"description\":\"Centre Maurice Halbwachs\",\"publisher\":{\"@id\":\"https:\/\/cmh.ens.fr\/en\/#organization\"},\"potentialAction\":[{\"@type\":\"SearchAction\",\"target\":{\"@type\":\"EntryPoint\",\"urlTemplate\":\"https:\/\/cmh.ens.fr\/en\/?s={search_term_string}\"},\"query-input\":{\"@type\":\"PropertyValueSpecification\",\"valueRequired\":true,\"valueName\":\"search_term_string\"}}],\"inLanguage\":\"en-US\"},{\"@type\":\"Organization\",\"@id\":\"https:\/\/cmh.ens.fr\/en\/#organization\",\"name\":\"Centre Maurice Halbwachs\",\"url\":\"https:\/\/cmh.ens.fr\/en\/\",\"logo\":{\"@type\":\"ImageObject\",\"inLanguage\":\"en-US\",\"@id\":\"https:\/\/cmh.ens.fr\/en\/#\/schema\/logo\/image\/\",\"url\":\"https:\/\/www.cmh.ens.fr\/wp-content\/uploads\/siteon0.jpg\",\"contentUrl\":\"https:\/\/www.cmh.ens.fr\/wp-content\/uploads\/siteon0.jpg\",\"width\":86,\"height\":53,\"caption\":\"Centre Maurice Halbwachs\"},\"image\":{\"@id\":\"https:\/\/cmh.ens.fr\/en\/#\/schema\/logo\/image\/\"}}]}<\/script>\n<!-- \/ Yoast SEO plugin. -->","yoast_head_json":{"title":"CMH","robots":{"index":"index","follow":"follow","max-snippet":"max-snippet:-1","max-image-preview":"max-image-preview:large","max-video-preview":"max-video-preview:-1"},"canonical":"https:\/\/cmh.ens.fr\/en\/seminaires-ehess\/","og_locale":"en_US","og_type":"article","og_title":"S\u00e9minaires EHESS - CMH","og_description":"Les membres du CMH animent diff\u00e9rents s\u00e9minaires \u00e0 l\u2019EHESS\u00a0:","og_url":"https:\/\/cmh.ens.fr\/en\/seminaires-ehess\/","og_site_name":"CMH","article_modified_time":"2025-10-02T08:05:47+00:00","twitter_card":"summary_large_image","twitter_misc":{"Est. reading time":"2 minutes"},"schema":{"@context":"https:\/\/schema.org","@graph":[{"@type":"WebPage","@id":"https:\/\/cmh.ens.fr\/en\/seminaires-ehess\/","url":"https:\/\/cmh.ens.fr\/en\/seminaires-ehess\/","name":"S\u00e9minaires EHESS - CMH","isPartOf":{"@id":"https:\/\/cmh.ens.fr\/en\/#website"},"datePublished":"2021-04-06T12:04:02+00:00","dateModified":"2025-10-02T08:05:47+00:00","breadcrumb":{"@id":"https:\/\/cmh.ens.fr\/en\/seminaires-ehess\/#breadcrumb"},"inLanguage":"en-US","potentialAction":[{"@type":"ReadAction","target":["https:\/\/cmh.ens.fr\/en\/seminaires-ehess\/"]}]},{"@type":"BreadcrumbList","@id":"https:\/\/cmh.ens.fr\/en\/seminaires-ehess\/#breadcrumb","itemListElement":[{"@type":"ListItem","position":1,"name":"Accueil","item":"https:\/\/cmh.ens.fr\/"},{"@type":"ListItem","position":2,"name":"S\u00e9minaires EHESS"}]},{"@type":"WebSite","@id":"https:\/\/cmh.ens.fr\/en\/#website","url":"https:\/\/cmh.ens.fr\/en\/","name":"CMH","description":"Centre Maurice Halbwachs","publisher":{"@id":"https:\/\/cmh.ens.fr\/en\/#organization"},"potentialAction":[{"@type":"SearchAction","target":{"@type":"EntryPoint","urlTemplate":"https:\/\/cmh.ens.fr\/en\/?s={search_term_string}"},"query-input":{"@type":"PropertyValueSpecification","valueRequired":true,"valueName":"search_term_string"}}],"inLanguage":"en-US"},{"@type":"Organization","@id":"https:\/\/cmh.ens.fr\/en\/#organization","name":"Centre Maurice Halbwachs","url":"https:\/\/cmh.ens.fr\/en\/","logo":{"@type":"ImageObject","inLanguage":"en-US","@id":"https:\/\/cmh.ens.fr\/en\/#\/schema\/logo\/image\/","url":"https:\/\/www.cmh.ens.fr\/wp-content\/uploads\/siteon0.jpg","contentUrl":"https:\/\/www.cmh.ens.fr\/wp-content\/uploads\/siteon0.jpg","width":86,"height":53,"caption":"Centre Maurice Halbwachs"},"image":{"@id":"https:\/\/cmh.ens.fr\/en\/#\/schema\/logo\/image\/"}}]}},"_links":{"self":[{"href":"https:\/\/cmh.ens.fr\/en\/wp-json\/wp\/v2\/pages\/4229"}],"collection":[{"href":"https:\/\/cmh.ens.fr\/en\/wp-json\/wp\/v2\/pages"}],"about":[{"href":"https:\/\/cmh.ens.fr\/en\/wp-json\/wp\/v2\/types\/page"}],"author":[{"embeddable":true,"href":"https:\/\/cmh.ens.fr\/en\/wp-json\/wp\/v2\/users\/1"}],"replies":[{"embeddable":true,"href":"https:\/\/cmh.ens.fr\/en\/wp-json\/wp\/v2\/comments?post=4229"}],"version-history":[{"count":5,"href":"https:\/\/cmh.ens.fr\/en\/wp-json\/wp\/v2\/pages\/4229\/revisions"}],"predecessor-version":[{"id":15949,"href":"https:\/\/cmh.ens.fr\/en\/wp-json\/wp\/v2\/pages\/4229\/revisions\/15949"}],"wp:attachment":[{"href":"https:\/\/cmh.ens.fr\/en\/wp-json\/wp\/v2\/media?parent=4229"}],"curies":[{"name":"wp","href":"https:\/\/api.w.org\/{rel}","templated":true}]}}