{"id":3751,"date":"2021-03-09T15:38:16","date_gmt":"2021-03-09T14:38:16","guid":{"rendered":"https:\/\/w3.cmh.ens.fr\/?page_id=3751"},"modified":"2022-01-13T13:33:36","modified_gmt":"2022-01-13T12:33:36","slug":"ingenieurs-et-techniciens","status":"publish","type":"page","link":"https:\/\/cmh.ens.fr\/en\/members\/ingenieurs-et-techniciens\/","title":{"rendered":"Engineers and technicians"},"content":{"rendered":"<div data-elementor-type=\"wp-page\" data-elementor-id=\"3751\" class=\"elementor elementor-3751\" data-elementor-post-type=\"page\">\n\t\t\t\t\t\t<section class=\"elementor-section elementor-top-section elementor-element elementor-element-ce9174a elementor-section-boxed elementor-section-height-default elementor-section-height-default\" data-id=\"ce9174a\" data-element_type=\"section\" data-e-type=\"section\">\n\t\t\t\t\t\t<div class=\"elementor-container elementor-column-gap-default\">\n\t\t\t\t\t<div class=\"elementor-column elementor-col-100 elementor-top-column elementor-element elementor-element-b3f7b01\" data-id=\"b3f7b01\" data-element_type=\"column\" data-e-type=\"column\">\n\t\t\t<div class=\"elementor-widget-wrap elementor-element-populated\">\n\t\t\t\t\t\t<div class=\"elementor-element elementor-element-fbf0eb2 elementor-widget elementor-widget-shortcode\" data-id=\"fbf0eb2\" data-element_type=\"widget\" data-e-type=\"widget\" data-widget_type=\"shortcode.default\">\n\t\t\t\t<div class=\"elementor-widget-container\">\n\t\t\t\t\t\t\t<div class=\"elementor-shortcode\">6 membres<\/div>\n\t\t\t\t\t\t<\/div>\n\t\t\t\t<\/div>\n\t\t\t\t\t<\/div>\n\t\t<\/div>\n\t\t\t\t\t<\/div>\n\t\t<\/section>\n\t\t\t\t<section class=\"elementor-section elementor-top-section elementor-element elementor-element-b76299b elementor-section-boxed elementor-section-height-default elementor-section-height-default\" data-id=\"b76299b\" data-element_type=\"section\" data-e-type=\"section\">\n\t\t\t\t\t\t<div class=\"elementor-container elementor-column-gap-default\">\n\t\t\t\t\t<div class=\"elementor-column elementor-col-100 elementor-top-column elementor-element elementor-element-e54da3d\" data-id=\"e54da3d\" data-element_type=\"column\" data-e-type=\"column\">\n\t\t\t<div class=\"elementor-widget-wrap elementor-element-populated\">\n\t\t\t\t\t\t<div class=\"elementor-element elementor-element-5d3ceaf elementor-widget elementor-widget-shortcode\" data-id=\"5d3ceaf\" data-element_type=\"widget\" data-e-type=\"widget\" data-widget_type=\"shortcode.default\">\n\t\t\t\t<div class=\"elementor-widget-container\">\n\t\t\t\t\t\t\t<div class=\"elementor-shortcode\">\t\t<div class=\"am7_search_autocomplete_users\">\n\t\t\t<div style=\"display:flex;\">\n\t\t\t\t<input type=\"text\" id=\"am7_search_autocomplete_users_input\" placeholder=\"Rechercher un membre\" autocomplete=\"off\"\/>\n\t\t\t\t<svg id=\"am7_search_autocomplete_users_loader\" version=\"1.1\" xmlns=\"http:\/\/www.w3.org\/2000\/svg\" xmlns:xlink=\"http:\/\/www.w3.org\/1999\/xlink\" x=\"0px\" y=\"0px\" width=\"50px\" height=\"50px\" viewbox=\"0 0 40 40\" enable-background=\"new 0 0 40 40\" xml:space=\"preserve\" style=\"display:none\">\n\t\t\t\t\t<path opacity=\"0.2\" fill=\"#000\" d=\"M20.201,5.169c-8.254,0-14.946,6.692-14.946,14.946c0,8.255,6.692,14.946,14.946,14.946\t\t\t\t\ts14.946-6.691,14.946-14.946C35.146,11.861,28.455,5.169,20.201,5.169z M20.201,31.749c-6.425,0-11.634-5.208-11.634-11.634\t\t\t\t\tc0-6.425,5.209-11.634,11.634-11.634c6.425,0,11.633,5.209,11.633,11.634C31.834,26.541,26.626,31.749,20.201,31.749z\">\n\t\t\t\t\t<\/path>\n\t\t\t\t\t<path fill=\"#000\" d=\"M26.013,10.047l1.654-2.866c-2.198-1.272-4.743-2.012-7.466-2.012h0v3.312h0\t\t\t\t\tC22.32,8.481,24.301,9.057,26.013,10.047z\">\n\t\t\t\t\t\t<animatetransform attributetype=\"xml\" attributename=\"transform\" type=\"rotate\" from=\"0 20 20\" to=\"360 20 20\" dur=\"0.5s\" repeatcount=\"indefinite\"><\/animatetransform>\n\t\t\t\t\t<\/path>\n\t\t\t\t<\/svg>\n\t\t\t\t<script type=\"text\/javascript\">\n\t\t\t\t\tjQuery(document).ready(function(){\n\t\t\t\t\t\tjQuery(\"#am7_search_autocomplete_users_input\").keyup(function(){\n\t\t\t\t\t\t\tif (jQuery(this).val().length > 1) {\n\t\t\t\t\t\t\t\tjQuery.ajax({\n\t\t\t\t\t\t\t\t\ttype: \"GET\",\n\t\t\t\t\t\t\t\t\turl: \"\/wp-content\/plugins\/am7_plugin\/data.php\",\n\t\t\t\t\t\t\t\t\tdata: { 'type':'users_suggesstion', 'name':jQuery(this).val() , 'cat':'ingenieurs-et-techniciens' , 'old':'0' },\n\t\t\t\t\t\t\t\t\tbeforeSend: function(){\n\t\t\t\t\t\t\t\t\t\tjQuery(\"#am7_search_autocomplete_users_loader\").show();\n\n\t\t\t\t\t\t\t\t\t},\n\t\t\t\t\t\t\t\t\tsuccess: function(data){\n\t\t\t\t\t\t\t\t\t\tjQuery(\"#am7_search_autocomplete_users_suggesstion\").show();\n\t\t\t\t\t\t\t\t\t\tjQuery(\"#am7_search_autocomplete_users_suggesstion\").html(data);\n\t\t\t\t\t\t\t\t\t\tjQuery(\"#am7_search_autocomplete_users_loader\").hide();\n\t\t\t\t\t\t\t\t\t}\n\t\t\t\t\t\t\t\t});\n\t\t\t\t\t\t\t}\n\t\t\t\t\t\t\telse {\n\t\t\t\t\t\t\t\tjQuery(\"#am7_search_autocomplete_users_suggesstion\").html('');\n\t\t\t\t\t\t\t\tjQuery(\"#am7_search_autocomplete_users_suggesstion\").hide();\n\t\t\t\t\t\t\t\tjQuery(\"#am7_search_autocomplete_users_loader\").hide();\n\t\t\t\t\t\t\t}\n\t\t\t\t\t\t});\n\t\t\t\t\t});\n\t\t\t\t<\/script>\n\t\t\t<\/div>\n\t\t\t<div id=\"am7_search_autocomplete_users_suggesstion\"><\/div>\n\t\t<\/div>\n\t\t<div id=\"am7_letter_list\"><a href=\"\/en\/wp-json\/wp\/v2\/pages\/3751\" class=\"active\">Tous<\/a><div class=\"am7_letter_list_sep\"><\/div><a href=\"\" class=\"am7_disable\">A<\/a><div class=\"am7_letter_list_sep\"><\/div><a href=\"?l=B\">B<\/a><div class=\"am7_letter_list_sep\"><\/div><a href=\"?l=C\">C<\/a><div class=\"am7_letter_list_sep\"><\/div><a href=\"\" class=\"am7_disable\">D<\/a><div class=\"am7_letter_list_sep\"><\/div><a href=\"\" class=\"am7_disable\">E<\/a><div class=\"am7_letter_list_sep\"><\/div><a href=\"\" class=\"am7_disable\">F<\/a><div class=\"am7_letter_list_sep\"><\/div><a href=\"\" class=\"am7_disable\">G<\/a><div class=\"am7_letter_list_sep\"><\/div><a href=\"\" class=\"am7_disable\">H<\/a><div class=\"am7_letter_list_sep\"><\/div><a href=\"\" class=\"am7_disable\">I<\/a><div class=\"am7_letter_list_sep\"><\/div><a href=\"\" class=\"am7_disable\">J<\/a><div class=\"am7_letter_list_sep\"><\/div><a href=\"?l=K\">K<\/a><div class=\"am7_letter_list_sep\"><\/div><a href=\"?l=L\">L<\/a><div class=\"am7_letter_list_sep\"><\/div><a href=\"?l=M\">M<\/a><div class=\"am7_letter_list_sep\"><\/div><a href=\"\" class=\"am7_disable\">N<\/a><div class=\"am7_letter_list_sep\"><\/div><a href=\"\" class=\"am7_disable\">O<\/a><div class=\"am7_letter_list_sep\"><\/div><a href=\"?l=P\">P<\/a><div class=\"am7_letter_list_sep\"><\/div><a href=\"\" class=\"am7_disable\">Q<\/a><div class=\"am7_letter_list_sep\"><\/div><a href=\"?l=R\">R<\/a><div class=\"am7_letter_list_sep\"><\/div><a href=\"?l=S\">S<\/a><div class=\"am7_letter_list_sep\"><\/div><a href=\"?l=T\">T<\/a><div class=\"am7_letter_list_sep\"><\/div><a href=\"\" class=\"am7_disable\">U<\/a><div class=\"am7_letter_list_sep\"><\/div><a href=\"\" class=\"am7_disable\">V<\/a><div class=\"am7_letter_list_sep\"><\/div><a href=\"\" class=\"am7_disable\">W<\/a><div class=\"am7_letter_list_sep\"><\/div><a href=\"\" class=\"am7_disable\">X<\/a><div class=\"am7_letter_list_sep\"><\/div><a href=\"\" class=\"am7_disable\">Y<\/a><div class=\"am7_letter_list_sep\"><\/div><a href=\"\" class=\"am7_disable\">Z<\/a><\/div><div class=\"am7_infinite_scroll\" id=\"am7_users_scroll\"><div id=\"am7_users_list_lettre-A\" class=\"am7_users_list_post_scroll_lettre\">\n\t\t\t\t<article class=\"am7_users_list_post_scroll\"><\/article>\n\t\t\t<\/div><div id=\"am7_users_list_lettre-B\" class=\"am7_users_list_post_scroll_lettre\">\n\t\t\t\t<article class=\"am7_users_list_post_scroll\"><\/article>\n\t\t\t<\/div><div id=\"am7_users_list_lettre-C\" class=\"am7_users_list_post_scroll_lettre\">\n\t\t\t\t<article class=\"am7_users_list_post_scroll\">\t\t\t\t\t<h2 class=\"am7_users_list_title_mois\">C<\/h2>\n\t\t\t\t\t\t\t\t\t\t\t<div class=\"am7_author_list_user elementor-card-shadow-yes\">\n\t\t\t\t\t\t\t<div class=\"am7_author_list_user_left\">\n\t\t\t\t\t\t\t\t<a href=\"\/en\/author\/damien-cartron\/\"><img decoding=\"async\" width=\"300px\" height=\"300px\" src=\"https:\/\/cmh.ens.fr\/wp-content\/uploads\/IMG_3637-300x300-1.jpg\"><\/a>\t\t\t\t\t\t\t<\/div>\n\t\t\t\t\t\t\t<div class=\"am7_author_list_user_right\">\n\t\t\t\t\t\t\t\t<div class=\"am7_author_list_user_groupe\">Engineers and technicians<\/div>\t\t\t\t\t\t\t\t<h3 style=\"margin-bottom:8px!important;\">\n\t\t\t\t\t\t\t\t\t<a href=\"\/en\/author\/damien-cartron\/\">Damien Cartron<\/a>\t\t\t\t\t\t\t\t<\/h3>\n\t\t\t\t\t\t\t\t<span>Ing\u00e9nieur de recherche, CNRS<br><\/span>\t\t\t\t\t\t\t<\/div>\n\t\t\t\t\t\t<\/div>\n\t\t\t\t\t\t<\/article>\n\t\t\t<\/div><div id=\"am7_users_list_lettre-D\" class=\"am7_users_list_post_scroll_lettre\">\n\t\t\t\t<article class=\"am7_users_list_post_scroll\"><\/article>\n\t\t\t<\/div><div id=\"am7_users_list_lettre-E\" class=\"am7_users_list_post_scroll_lettre\">\n\t\t\t\t<article class=\"am7_users_list_post_scroll\"><\/article>\n\t\t\t<\/div><div id=\"am7_users_list_lettre-F\" class=\"am7_users_list_post_scroll_lettre\">\n\t\t\t\t<article class=\"am7_users_list_post_scroll\"><\/article>\n\t\t\t<\/div><div id=\"am7_users_list_lettre-G\" class=\"am7_users_list_post_scroll_lettre\">\n\t\t\t\t<article class=\"am7_users_list_post_scroll\"><\/article>\n\t\t\t<\/div><div id=\"am7_users_list_lettre-H\" class=\"am7_users_list_post_scroll_lettre\">\n\t\t\t\t<article class=\"am7_users_list_post_scroll\"><\/article>\n\t\t\t<\/div><div id=\"am7_users_list_lettre-I\" class=\"am7_users_list_post_scroll_lettre\">\n\t\t\t\t<article class=\"am7_users_list_post_scroll\"><\/article>\n\t\t\t<\/div><div id=\"am7_users_list_lettre-J\" class=\"am7_users_list_post_scroll_lettre\">\n\t\t\t\t<article class=\"am7_users_list_post_scroll\"><\/article>\n\t\t\t<\/div><div id=\"am7_users_list_lettre-K\" class=\"am7_users_list_post_scroll_lettre\">\n\t\t\t\t<article class=\"am7_users_list_post_scroll\">\t\t\t\t\t<h2 class=\"am7_users_list_title_mois\">K<\/h2>\n\t\t\t\t\t\t\t\t\t\t\t<div class=\"am7_author_list_user elementor-card-shadow-yes\">\n\t\t\t\t\t\t\t<div class=\"am7_author_list_user_left\">\n\t\t\t\t\t\t\t\t<a href=\"\/en\/author\/florence-kerdoncuff\/\"><\/a>\t\t\t\t\t\t\t<\/div>\n\t\t\t\t\t\t\t<div class=\"am7_author_list_user_right\">\n\t\t\t\t\t\t\t\t<div class=\"am7_author_list_user_groupe\">Management and administrative team<\/div><div class=\"am7_author_list_user_groupe\">Engineers and technicians<\/div>\t\t\t\t\t\t\t\t<h3 style=\"margin-bottom:8px!important;\">\n\t\t\t\t\t\t\t\t\t<a href=\"\/en\/author\/florence-kerdoncuff\/\">Florence Kerdoncuff<\/a>\t\t\t\t\t\t\t\t<\/h3>\n\t\t\t\t\t\t\t\t<span>Ing\u00e9nieure d\u2019Etudes, CNRS - Secr\u00e9taire de r\u00e9daction de la revue Sociologie<br><\/span>\t\t\t\t\t\t\t<\/div>\n\t\t\t\t\t\t<\/div>\n\t\t\t\t\t\t<\/article>\n\t\t\t<\/div><div id=\"am7_users_list_lettre-L\" class=\"am7_users_list_post_scroll_lettre\">\n\t\t\t\t<article class=\"am7_users_list_post_scroll\">\t\t\t\t\t<h2 class=\"am7_users_list_title_mois\">L<\/h2>\n\t\t\t\t\t\t\t\t\t\t\t<div class=\"am7_author_list_user elementor-card-shadow-yes\">\n\t\t\t\t\t\t\t<div class=\"am7_author_list_user_left\">\n\t\t\t\t\t\t\t\t<a href=\"\/en\/author\/audrey-leroy\/\"><\/a>\t\t\t\t\t\t\t<\/div>\n\t\t\t\t\t\t\t<div class=\"am7_author_list_user_right\">\n\t\t\t\t\t\t\t\t<div class=\"am7_author_list_user_groupe\">Management and administrative team<\/div><div class=\"am7_author_list_user_groupe\">Engineers and technicians<\/div>\t\t\t\t\t\t\t\t<h3 style=\"margin-bottom:8px!important;\">\n\t\t\t\t\t\t\t\t\t<a href=\"\/en\/author\/audrey-leroy\/\">Audrey Leroy<\/a>\t\t\t\t\t\t\t\t<\/h3>\n\t\t\t\t\t\t\t\t<span>Mission<br><\/span>\t\t\t\t\t\t\t<\/div>\n\t\t\t\t\t\t<\/div>\n\t\t\t\t\t\t<\/article>\n\t\t\t<\/div><div id=\"am7_users_list_lettre-M\" class=\"am7_users_list_post_scroll_lettre\">\n\t\t\t\t<article class=\"am7_users_list_post_scroll\">\t\t\t\t\t<h2 class=\"am7_users_list_title_mois\">M<\/h2>\n\t\t\t\t\t\t\t\t\t\t\t<div class=\"am7_author_list_user elementor-card-shadow-yes\">\n\t\t\t\t\t\t\t<div class=\"am7_author_list_user_left\">\n\t\t\t\t\t\t\t\t<a href=\"\/en\/author\/arlette-mollet\/\"><\/a>\t\t\t\t\t\t\t<\/div>\n\t\t\t\t\t\t\t<div class=\"am7_author_list_user_right\">\n\t\t\t\t\t\t\t\t<div class=\"am7_author_list_user_groupe\">Management and administrative team<\/div><div class=\"am7_author_list_user_groupe\">Engineers and technicians<\/div>\t\t\t\t\t\t\t\t<h3 style=\"margin-bottom:8px!important;\">\n\t\t\t\t\t\t\t\t\t<a href=\"\/en\/author\/arlette-mollet\/\">Arlette Mollet<\/a>\t\t\t\t\t\t\t\t<\/h3>\n\t\t\t\t\t\t\t\t<span>Assistante Ing\u00e9nieure, CNRS, Secr\u00e9taire de direction<br><\/span>\t\t\t\t\t\t\t<\/div>\n\t\t\t\t\t\t<\/div>\n\t\t\t\t\t\t<\/article>\n\t\t\t<\/div><div id=\"am7_users_list_lettre-N\" class=\"am7_users_list_post_scroll_lettre\">\n\t\t\t\t<article class=\"am7_users_list_post_scroll\"><\/article>\n\t\t\t<\/div><div id=\"am7_users_list_lettre-O\" class=\"am7_users_list_post_scroll_lettre\">\n\t\t\t\t<article class=\"am7_users_list_post_scroll\"><\/article>\n\t\t\t<\/div><div id=\"am7_users_list_lettre-P\" class=\"am7_users_list_post_scroll_lettre\">\n\t\t\t\t<article class=\"am7_users_list_post_scroll\">\t\t\t\t\t<h2 class=\"am7_users_list_title_mois\">P<\/h2>\n\t\t\t\t\t\t\t\t\t\t\t<div class=\"am7_author_list_user elementor-card-shadow-yes\">\n\t\t\t\t\t\t\t<div class=\"am7_author_list_user_left\">\n\t\t\t\t\t\t\t\t<a href=\"\/en\/author\/sabrina-pastorelli\/\"><\/a>\t\t\t\t\t\t\t<\/div>\n\t\t\t\t\t\t\t<div class=\"am7_author_list_user_right\">\n\t\t\t\t\t\t\t\t<div class=\"am7_author_list_user_groupe\">Management and administrative team<\/div><div class=\"am7_author_list_user_groupe\">Engineers and technicians<\/div>\t\t\t\t\t\t\t\t<h3 style=\"margin-bottom:8px!important;\">\n\t\t\t\t\t\t\t\t\t<a href=\"\/en\/author\/sabrina-pastorelli\/\">Sabrina Pastorelli<\/a>\t\t\t\t\t\t\t\t<\/h3>\n\t\t\t\t\t\t\t\t<span>Ing\u00e9nieure en production, traitement, analyse des donn\u00e9es et enqu\u00eates<br><\/span>\t\t\t\t\t\t\t<\/div>\n\t\t\t\t\t\t<\/div>\n\t\t\t\t\t\t<\/article>\n\t\t\t<\/div><div id=\"am7_users_list_lettre-Q\" class=\"am7_users_list_post_scroll_lettre\">\n\t\t\t\t<article class=\"am7_users_list_post_scroll\"><\/article>\n\t\t\t<\/div><div id=\"am7_users_list_lettre-R\" class=\"am7_users_list_post_scroll_lettre\">\n\t\t\t\t<article class=\"am7_users_list_post_scroll\"><\/article>\n\t\t\t<\/div><div id=\"am7_users_list_lettre-S\" class=\"am7_users_list_post_scroll_lettre\">\n\t\t\t\t<article class=\"am7_users_list_post_scroll\">\t\t\t\t\t<h2 class=\"am7_users_list_title_mois\">S<\/h2>\n\t\t\t\t\t\t\t\t\t\t\t<div class=\"am7_author_list_user elementor-card-shadow-yes\">\n\t\t\t\t\t\t\t<div class=\"am7_author_list_user_left\">\n\t\t\t\t\t\t\t\t<a href=\"\/en\/author\/muriel-schilovitz\/\"><\/a>\t\t\t\t\t\t\t<\/div>\n\t\t\t\t\t\t\t<div class=\"am7_author_list_user_right\">\n\t\t\t\t\t\t\t\t<div class=\"am7_author_list_user_groupe\">Management and administrative team<\/div><div class=\"am7_author_list_user_groupe\">Engineers and technicians<\/div>\t\t\t\t\t\t\t\t<h3 style=\"margin-bottom:8px!important;\">\n\t\t\t\t\t\t\t\t\t<a href=\"\/en\/author\/muriel-schilovitz\/\">Muriel Schilovitz<\/a>\t\t\t\t\t\t\t\t<\/h3>\n\t\t\t\t\t\t\t\t<span>Technicienne, EHESS, Webmestre<br><\/span>\t\t\t\t\t\t\t<\/div>\n\t\t\t\t\t\t<\/div>\n\t\t\t\t\t\t<\/article>\n\t\t\t<\/div><div id=\"am7_users_list_lettre-T\" class=\"am7_users_list_post_scroll_lettre\">\n\t\t\t\t<article class=\"am7_users_list_post_scroll\"><\/article>\n\t\t\t<\/div><div id=\"am7_users_list_lettre-U\" class=\"am7_users_list_post_scroll_lettre\">\n\t\t\t\t<article class=\"am7_users_list_post_scroll\"><\/article>\n\t\t\t<\/div><div id=\"am7_users_list_lettre-V\" class=\"am7_users_list_post_scroll_lettre\">\n\t\t\t\t<article class=\"am7_users_list_post_scroll\"><\/article>\n\t\t\t<\/div><div id=\"am7_users_list_lettre-W\" class=\"am7_users_list_post_scroll_lettre\">\n\t\t\t\t<article class=\"am7_users_list_post_scroll\"><\/article>\n\t\t\t<\/div><div id=\"am7_users_list_lettre-X\" class=\"am7_users_list_post_scroll_lettre\">\n\t\t\t\t<article class=\"am7_users_list_post_scroll\"><\/article>\n\t\t\t<\/div><div id=\"am7_users_list_lettre-Y\" class=\"am7_users_list_post_scroll_lettre\">\n\t\t\t\t<article class=\"am7_users_list_post_scroll\"><\/article>\n\t\t\t<\/div><div id=\"am7_users_list_lettre-Z\" class=\"am7_users_list_post_scroll_lettre\">\n\t\t\t\t<article class=\"am7_users_list_post_scroll\"><\/article>\n\t\t\t<\/div><\/div>\n\n\t<style type=\"text\/css\">\n\t\t.article-list__page {\n\t\t\tclear: both;\n\t\t\tcounter-increment: page;\n\t\t\tpadding-bottom: 3em;\n\t\t\tposition: relative;\n\t\t}\n\t\t.am7_users_list_title_mois {\n\t\t\tcolor: #888888;\n\t\t\tpadding: 0.25em 0.5em;\n\t\t\tvertical-align: middle;\n\t\t\ttext-align: center;\n\t\t\tmargin: 1em -1em;\n\t\t\tdisplay: flex;\n\t\t\talign-items: center;\n\t\t}\n\t\t.am7_users_list_title_mois:before, .am7_users_list_title_mois:after {\n\t\t\tborder-top: 1px dotted var( --e-global-color-secondary );\n\t\t\tborder-bottom: 0;\n\t\t\tmargin: 0 1rem;\n\t\t\tcontent: \"\";\n\t\t\tflex: 1;\n\t\t\tvertical-align: middle;\n\t\t}\n\t\t.am7_infinite_scroll_pagination {\n\t\t\tbackground-color: #222;\n\t\t\tbox-shadow: 0 0 1em rgba(0, 0, 0, .25);\n\t\t\tdisplay: block;\n\t\t\tbottom: 0;\n\t\t\tleft: 0;\n\t\t\tlist-style-type: none;\n\t\t\tmargin: 0;\n\t\t\tpadding: 0.5em;\n\t\t\tposition: fixed;\n\t\t\tright: 0;\n\t\t\ttext-align: center;\n\t\t\ttransform: translateY(0);\n\t\t\ttransition: transform 0.2s;\n\t\t\tz-index: 2;\n\t\t}\n\t\t.article-list__pagination--inactive {\n\t\t\ttransform: translateY(100%);\n\t\t}\n\t\t.am7_infinite_scroll_pagination_date {\n\t\t\tdisplay: inline-block;\n\t\t\tmargin: 0 1em;\n\t\t}\n\t\t.am7_infinite_scroll_pagination_date a {\n\t\t\tcolor: #888;\n\t\t\ttext-decoration: none;\n\t\t}\n\t\t.am7_infinite_scroll_pagination_date a:hover, .am7_infinite_scroll_pagination_date a:focus {\n\t\t\tcolor: #aeaeae;\n\t\t}\n\t\t.am7_infinite_scroll_pagination_date a:active {\n\t\t\tcolor: #d5d5d5;\n\t\t}\n\t<\/style>\n\t<\/div>\n\t\t\t\t\t\t<\/div>\n\t\t\t\t<\/div>\n\t\t\t\t\t<\/div>\n\t\t<\/div>\n\t\t\t\t\t<\/div>\n\t\t<\/section>\n\t\t\t\t<\/div>","protected":false},"excerpt":{"rendered":"","protected":false},"author":1,"featured_media":0,"parent":749,"menu_order":0,"comment_status":"closed","ping_status":"closed","template":"","meta":{"_acf_changed":false,"footnotes":""},"class_list":["post-3751","page","type-page","status-publish","hentry"],"acf":[],"yoast_head":"<!-- This site is optimized with the Yoast SEO plugin v25.6 - https:\/\/yoast.com\/wordpress\/plugins\/seo\/ -->\n<title>CMH<\/title>\n<meta name=\"robots\" content=\"index, follow, max-snippet:-1, max-image-preview:large, max-video-preview:-1\" \/>\n<link rel=\"canonical\" href=\"https:\/\/cmh.ens.fr\/en\/members\/ingenieurs-et-techniciens\/\" class=\"yoast-seo-meta-tag\" \/>\n<meta property=\"og:locale\" content=\"en_US\" class=\"yoast-seo-meta-tag\" \/>\n<meta property=\"og:type\" content=\"article\" class=\"yoast-seo-meta-tag\" \/>\n<meta property=\"og:title\" content=\"Ing\u00e9nieurs et techniciens - CMH\" class=\"yoast-seo-meta-tag\" \/>\n<meta property=\"og:url\" content=\"https:\/\/cmh.ens.fr\/en\/members\/ingenieurs-et-techniciens\/\" class=\"yoast-seo-meta-tag\" \/>\n<meta property=\"og:site_name\" content=\"CMH\" class=\"yoast-seo-meta-tag\" \/>\n<meta property=\"article:modified_time\" content=\"2022-01-13T12:33:36+00:00\" class=\"yoast-seo-meta-tag\" \/>\n<meta name=\"twitter:card\" content=\"summary_large_image\" class=\"yoast-seo-meta-tag\" \/>\n<meta name=\"twitter:label1\" content=\"Est. reading time\" class=\"yoast-seo-meta-tag\" \/>\n\t<meta name=\"twitter:data1\" content=\"2 minutes\" class=\"yoast-seo-meta-tag\" \/>\n<script type=\"application\/ld+json\" class=\"yoast-schema-graph\">{\"@context\":\"https:\/\/schema.org\",\"@graph\":[{\"@type\":\"WebPage\",\"@id\":\"https:\/\/cmh.ens.fr\/en\/members\/ingenieurs-et-techniciens\/\",\"url\":\"https:\/\/cmh.ens.fr\/en\/members\/ingenieurs-et-techniciens\/\",\"name\":\"Ing\u00e9nieurs et techniciens - CMH\",\"isPartOf\":{\"@id\":\"https:\/\/cmh.ens.fr\/en\/#website\"},\"datePublished\":\"2021-03-09T14:38:16+00:00\",\"dateModified\":\"2022-01-13T12:33:36+00:00\",\"breadcrumb\":{\"@id\":\"https:\/\/cmh.ens.fr\/en\/members\/ingenieurs-et-techniciens\/#breadcrumb\"},\"inLanguage\":\"en-US\",\"potentialAction\":[{\"@type\":\"ReadAction\",\"target\":[\"https:\/\/cmh.ens.fr\/en\/members\/ingenieurs-et-techniciens\/\"]}]},{\"@type\":\"BreadcrumbList\",\"@id\":\"https:\/\/cmh.ens.fr\/en\/members\/ingenieurs-et-techniciens\/#breadcrumb\",\"itemListElement\":[{\"@type\":\"ListItem\",\"position\":1,\"name\":\"Accueil\",\"item\":\"https:\/\/cmh.ens.fr\/\"},{\"@type\":\"ListItem\",\"position\":2,\"name\":\"Membres\",\"item\":\"https:\/\/cmh.ens.fr\/en\/members\/\"},{\"@type\":\"ListItem\",\"position\":3,\"name\":\"Ing\u00e9nieurs et techniciens\"}]},{\"@type\":\"WebSite\",\"@id\":\"https:\/\/cmh.ens.fr\/en\/#website\",\"url\":\"https:\/\/cmh.ens.fr\/en\/\",\"name\":\"CMH\",\"description\":\"Centre Maurice Halbwachs\",\"publisher\":{\"@id\":\"https:\/\/cmh.ens.fr\/en\/#organization\"},\"potentialAction\":[{\"@type\":\"SearchAction\",\"target\":{\"@type\":\"EntryPoint\",\"urlTemplate\":\"https:\/\/cmh.ens.fr\/en\/?s={search_term_string}\"},\"query-input\":{\"@type\":\"PropertyValueSpecification\",\"valueRequired\":true,\"valueName\":\"search_term_string\"}}],\"inLanguage\":\"en-US\"},{\"@type\":\"Organization\",\"@id\":\"https:\/\/cmh.ens.fr\/en\/#organization\",\"name\":\"Centre Maurice Halbwachs\",\"url\":\"https:\/\/cmh.ens.fr\/en\/\",\"logo\":{\"@type\":\"ImageObject\",\"inLanguage\":\"en-US\",\"@id\":\"https:\/\/cmh.ens.fr\/en\/#\/schema\/logo\/image\/\",\"url\":\"https:\/\/www.cmh.ens.fr\/wp-content\/uploads\/siteon0.jpg\",\"contentUrl\":\"https:\/\/www.cmh.ens.fr\/wp-content\/uploads\/siteon0.jpg\",\"width\":86,\"height\":53,\"caption\":\"Centre Maurice Halbwachs\"},\"image\":{\"@id\":\"https:\/\/cmh.ens.fr\/en\/#\/schema\/logo\/image\/\"}}]}<\/script>\n<!-- \/ Yoast SEO plugin. -->","yoast_head_json":{"title":"CMH","robots":{"index":"index","follow":"follow","max-snippet":"max-snippet:-1","max-image-preview":"max-image-preview:large","max-video-preview":"max-video-preview:-1"},"canonical":"https:\/\/cmh.ens.fr\/en\/members\/ingenieurs-et-techniciens\/","og_locale":"en_US","og_type":"article","og_title":"Ing\u00e9nieurs et techniciens - CMH","og_url":"https:\/\/cmh.ens.fr\/en\/members\/ingenieurs-et-techniciens\/","og_site_name":"CMH","article_modified_time":"2022-01-13T12:33:36+00:00","twitter_card":"summary_large_image","twitter_misc":{"Est. reading time":"2 minutes"},"schema":{"@context":"https:\/\/schema.org","@graph":[{"@type":"WebPage","@id":"https:\/\/cmh.ens.fr\/en\/members\/ingenieurs-et-techniciens\/","url":"https:\/\/cmh.ens.fr\/en\/members\/ingenieurs-et-techniciens\/","name":"Ing\u00e9nieurs et techniciens - CMH","isPartOf":{"@id":"https:\/\/cmh.ens.fr\/en\/#website"},"datePublished":"2021-03-09T14:38:16+00:00","dateModified":"2022-01-13T12:33:36+00:00","breadcrumb":{"@id":"https:\/\/cmh.ens.fr\/en\/members\/ingenieurs-et-techniciens\/#breadcrumb"},"inLanguage":"en-US","potentialAction":[{"@type":"ReadAction","target":["https:\/\/cmh.ens.fr\/en\/members\/ingenieurs-et-techniciens\/"]}]},{"@type":"BreadcrumbList","@id":"https:\/\/cmh.ens.fr\/en\/members\/ingenieurs-et-techniciens\/#breadcrumb","itemListElement":[{"@type":"ListItem","position":1,"name":"Accueil","item":"https:\/\/cmh.ens.fr\/"},{"@type":"ListItem","position":2,"name":"Membres","item":"https:\/\/cmh.ens.fr\/en\/members\/"},{"@type":"ListItem","position":3,"name":"Ing\u00e9nieurs et techniciens"}]},{"@type":"WebSite","@id":"https:\/\/cmh.ens.fr\/en\/#website","url":"https:\/\/cmh.ens.fr\/en\/","name":"CMH","description":"Centre Maurice Halbwachs","publisher":{"@id":"https:\/\/cmh.ens.fr\/en\/#organization"},"potentialAction":[{"@type":"SearchAction","target":{"@type":"EntryPoint","urlTemplate":"https:\/\/cmh.ens.fr\/en\/?s={search_term_string}"},"query-input":{"@type":"PropertyValueSpecification","valueRequired":true,"valueName":"search_term_string"}}],"inLanguage":"en-US"},{"@type":"Organization","@id":"https:\/\/cmh.ens.fr\/en\/#organization","name":"Centre Maurice Halbwachs","url":"https:\/\/cmh.ens.fr\/en\/","logo":{"@type":"ImageObject","inLanguage":"en-US","@id":"https:\/\/cmh.ens.fr\/en\/#\/schema\/logo\/image\/","url":"https:\/\/www.cmh.ens.fr\/wp-content\/uploads\/siteon0.jpg","contentUrl":"https:\/\/www.cmh.ens.fr\/wp-content\/uploads\/siteon0.jpg","width":86,"height":53,"caption":"Centre Maurice Halbwachs"},"image":{"@id":"https:\/\/cmh.ens.fr\/en\/#\/schema\/logo\/image\/"}}]}},"_links":{"self":[{"href":"https:\/\/cmh.ens.fr\/en\/wp-json\/wp\/v2\/pages\/3751"}],"collection":[{"href":"https:\/\/cmh.ens.fr\/en\/wp-json\/wp\/v2\/pages"}],"about":[{"href":"https:\/\/cmh.ens.fr\/en\/wp-json\/wp\/v2\/types\/page"}],"author":[{"embeddable":true,"href":"https:\/\/cmh.ens.fr\/en\/wp-json\/wp\/v2\/users\/1"}],"replies":[{"embeddable":true,"href":"https:\/\/cmh.ens.fr\/en\/wp-json\/wp\/v2\/comments?post=3751"}],"version-history":[{"count":3,"href":"https:\/\/cmh.ens.fr\/en\/wp-json\/wp\/v2\/pages\/3751\/revisions"}],"predecessor-version":[{"id":9207,"href":"https:\/\/cmh.ens.fr\/en\/wp-json\/wp\/v2\/pages\/3751\/revisions\/9207"}],"up":[{"embeddable":true,"href":"https:\/\/cmh.ens.fr\/en\/wp-json\/wp\/v2\/pages\/749"}],"wp:attachment":[{"href":"https:\/\/cmh.ens.fr\/en\/wp-json\/wp\/v2\/media?parent=3751"}],"curies":[{"name":"wp","href":"https:\/\/api.w.org\/{rel}","templated":true}]}}