{"id":2649,"date":"2021-01-13T15:56:42","date_gmt":"2021-01-13T14:56:42","guid":{"rendered":"https:\/\/w3.cmh.ens.fr\/?page_id=2649"},"modified":"2022-10-11T11:47:12","modified_gmt":"2022-10-11T09:47:12","slug":"activites-scientifiques-anterieures","status":"publish","type":"page","link":"https:\/\/cmh.ens.fr\/en\/activites-scientifiques-anterieures\/","title":{"rendered":"Previous scientific activities"},"content":{"rendered":"<div data-elementor-type=\"wp-page\" data-elementor-id=\"2649\" class=\"elementor elementor-2649\" data-elementor-post-type=\"page\">\n\t\t\t\t\t\t<section class=\"elementor-section elementor-top-section elementor-element elementor-element-7eee0c6 elementor-section-boxed elementor-section-height-default elementor-section-height-default\" data-id=\"7eee0c6\" data-element_type=\"section\" data-e-type=\"section\">\n\t\t\t\t\t\t<div class=\"elementor-container elementor-column-gap-default\">\n\t\t\t\t\t<div class=\"elementor-column elementor-col-100 elementor-top-column elementor-element elementor-element-7df9959\" data-id=\"7df9959\" data-element_type=\"column\" data-e-type=\"column\">\n\t\t\t<div class=\"elementor-widget-wrap elementor-element-populated\">\n\t\t\t\t\t\t<div class=\"elementor-element elementor-element-183de62 elementor-widget elementor-widget-text-editor\" data-id=\"183de62\" data-element_type=\"widget\" data-e-type=\"widget\" data-widget_type=\"text-editor.default\">\n\t\t\t\t<div class=\"elementor-widget-container\">\n\t\t\t\t\t\t\t\t\t<p>Activit\u00e9s scientifiques avant 2019<\/p>\t\t\t\t\t\t\t\t<\/div>\n\t\t\t\t<\/div>\n\t\t\t\t<div class=\"elementor-element elementor-element-9fbac79 elementor-widget elementor-widget-shortcode\" data-id=\"9fbac79\" data-element_type=\"widget\" data-e-type=\"widget\" data-widget_type=\"shortcode.default\">\n\t\t\t\t<div class=\"elementor-widget-container\">\n\t\t\t\t\t\t\t<div class=\"elementor-shortcode\"><ul class=\"am7_page_list\"><li class=\"page_item page-item-5495\"><a href=\"https:\/\/cmh.ens.fr\/en\/activites-scientifiques-anterieures\/seminaires-cmh-2019-2020\/\">S\u00e9minaires CMH 2019-2020<\/a><\/li>\n<li class=\"page_item page-item-5497\"><a href=\"https:\/\/cmh.ens.fr\/en\/activites-scientifiques-anterieures\/seminaires-daxes-2019-20\/\">S\u00e9minaires d\u2019axes 2019-20<\/a><\/li>\n<li class=\"page_item page-item-5499\"><a href=\"https:\/\/cmh.ens.fr\/en\/activites-scientifiques-anterieures\/seminaires-sciences-sociales-et-alimentation-2019-20\/\">S\u00e9minaires\u00a0\u00ab\u00a0Sciences sociales et alimentation\u00a0\u00bb 2019-20<\/a><\/li>\n<li class=\"page_item page-item-5501\"><a href=\"https:\/\/cmh.ens.fr\/en\/activites-scientifiques-anterieures\/manifestations-scientifiques-2019\/\">Manifestations scientifiques 2019<\/a><\/li>\n<li class=\"page_item page-item-5503\"><a href=\"https:\/\/cmh.ens.fr\/en\/activites-scientifiques-anterieures\/seminaires-daxes-2018-19\/\">S\u00e9minaires d\u2019axes 2018-19<\/a><\/li>\n<li class=\"page_item page-item-5505\"><a href=\"https:\/\/cmh.ens.fr\/en\/activites-scientifiques-anterieures\/seminaires-sciences-sociales-et-alimentation-2018-19\/\">S\u00e9minaires\u00a0\u00ab\u00a0Sciences sociales et alimentation\u00a0\u00bb 2018-19<\/a><\/li>\n<li class=\"page_item page-item-5507\"><a href=\"https:\/\/cmh.ens.fr\/en\/activites-scientifiques-anterieures\/seminaires-cmh-2018-2019\/\">S\u00e9minaires CMH 2018-2019<\/a><\/li>\n<li class=\"page_item page-item-5509\"><a href=\"https:\/\/cmh.ens.fr\/en\/activites-scientifiques-anterieures\/manifestations-scientifiques-2018\/\">Manifestations scientifiques 2018<\/a><\/li>\n<li class=\"page_item page-item-5511\"><a href=\"https:\/\/cmh.ens.fr\/en\/activites-scientifiques-anterieures\/professeurs-invites-2018\/\">Professeurs invit\u00e9s 2018<\/a><\/li>\n<li class=\"page_item page-item-5513\"><a href=\"https:\/\/cmh.ens.fr\/en\/activites-scientifiques-anterieures\/seminaires-cmh-2017-2018\/\">S\u00e9minaires CMH 2017-2018<\/a><\/li>\n<li class=\"page_item page-item-5515\"><a href=\"https:\/\/cmh.ens.fr\/en\/activites-scientifiques-anterieures\/seminaires-sciences-sociales-et-alimentation-2017-18\/\">S\u00e9minaires\u00a0\u00ab\u00a0Sciences sociales et alimentation\u00a0\u00bb 2017-18<\/a><\/li>\n<li class=\"page_item page-item-5517\"><a href=\"https:\/\/cmh.ens.fr\/en\/activites-scientifiques-anterieures\/manifestations-scientifiques-2017\/\">Manifestations scientifiques 2017<\/a><\/li>\n<li class=\"page_item page-item-5519\"><a href=\"https:\/\/cmh.ens.fr\/en\/activites-scientifiques-anterieures\/professeurs-invites-2017\/\">Professeurs invit\u00e9s 2017<\/a><\/li>\n<li class=\"page_item page-item-5521\"><a href=\"https:\/\/cmh.ens.fr\/en\/activites-scientifiques-anterieures\/manifestations-scientifiques-2016\/\">Manifestations scientifiques 2016<\/a><\/li>\n<li class=\"page_item page-item-5523\"><a href=\"https:\/\/cmh.ens.fr\/en\/activites-scientifiques-anterieures\/professeurs-invites-2016\/\">Professeurs invit\u00e9s 2016<\/a><\/li>\n<li class=\"page_item page-item-5525\"><a href=\"https:\/\/cmh.ens.fr\/en\/activites-scientifiques-anterieures\/manifestations-scientifiques-2015\/\">Manifestations scientifiques 2015<\/a><\/li>\n<li class=\"page_item page-item-5526\"><a href=\"https:\/\/cmh.ens.fr\/en\/activites-scientifiques-anterieures\/professeurs-invites-2015\/\">Professeurs invit\u00e9s 2015<\/a><\/li>\n<li class=\"page_item page-item-5529\"><a href=\"https:\/\/cmh.ens.fr\/en\/activites-scientifiques-anterieures\/manifestations-scientifiques-2014\/\">Manifestations scientifiques 2014<\/a><\/li>\n<li class=\"page_item page-item-5531\"><a href=\"https:\/\/cmh.ens.fr\/en\/activites-scientifiques-anterieures\/professeurs-invites-2014\/\">Professeurs invit\u00e9s 2014<\/a><\/li>\n<li class=\"page_item page-item-5744\"><a href=\"https:\/\/cmh.ens.fr\/en\/activites-scientifiques-anterieures\/coralim5-jeunes-et-confinement\/\">Coralim5 &#8211; Jeunes et confinement<\/a><\/li>\n<li class=\"page_item page-item-5748\"><a href=\"https:\/\/cmh.ens.fr\/en\/activites-scientifiques-anterieures\/covprehension\/\">CoVprehension<\/a><\/li>\n<li class=\"page_item page-item-5754\"><a href=\"https:\/\/cmh.ens.fr\/en\/activites-scientifiques-anterieures\/atelier-tepsis-personnalisation-des-liens-politiques-ethnographie-et-comparaison\/\">Atelier TEPSIS\u00a0\u00ab\u00a0Personnalisation des liens politiques\u00a0: ethnographie et comparaison\u00a0\u00bb<\/a><\/li>\n<\/ul><\/div>\n\t\t\t\t\t\t<\/div>\n\t\t\t\t<\/div>\n\t\t\t\t\t<\/div>\n\t\t<\/div>\n\t\t\t\t\t<\/div>\n\t\t<\/section>\n\t\t\t\t<\/div>","protected":false},"excerpt":{"rendered":"<p>Activit\u00e9s scientifiques avant 2019<\/p>","protected":false},"author":1,"featured_media":0,"parent":0,"menu_order":0,"comment_status":"closed","ping_status":"closed","template":"","meta":{"_acf_changed":false,"footnotes":""},"class_list":["post-2649","page","type-page","status-publish","hentry"],"acf":[],"yoast_head":"<!-- This site is optimized with the Yoast SEO plugin v25.6 - https:\/\/yoast.com\/wordpress\/plugins\/seo\/ -->\n<title>CMH<\/title>\n<meta name=\"robots\" content=\"index, follow, max-snippet:-1, max-image-preview:large, max-video-preview:-1\" \/>\n<link rel=\"canonical\" href=\"https:\/\/cmh.ens.fr\/en\/activites-scientifiques-anterieures\/\" class=\"yoast-seo-meta-tag\" \/>\n<meta property=\"og:locale\" content=\"en_US\" class=\"yoast-seo-meta-tag\" \/>\n<meta property=\"og:type\" content=\"article\" class=\"yoast-seo-meta-tag\" \/>\n<meta property=\"og:title\" content=\"Activit\u00e9s scientifiques ant\u00e9rieures - CMH\" class=\"yoast-seo-meta-tag\" \/>\n<meta property=\"og:description\" content=\"Activit\u00e9s scientifiques avant 2019\" class=\"yoast-seo-meta-tag\" \/>\n<meta property=\"og:url\" content=\"https:\/\/cmh.ens.fr\/en\/activites-scientifiques-anterieures\/\" class=\"yoast-seo-meta-tag\" \/>\n<meta property=\"og:site_name\" content=\"CMH\" class=\"yoast-seo-meta-tag\" \/>\n<meta property=\"article:modified_time\" content=\"2022-10-11T09:47:12+00:00\" class=\"yoast-seo-meta-tag\" \/>\n<meta name=\"twitter:card\" content=\"summary_large_image\" class=\"yoast-seo-meta-tag\" \/>\n<meta name=\"twitter:label1\" content=\"Est. reading time\" class=\"yoast-seo-meta-tag\" \/>\n\t<meta name=\"twitter:data1\" content=\"1 minute\" class=\"yoast-seo-meta-tag\" \/>\n<script type=\"application\/ld+json\" class=\"yoast-schema-graph\">{\"@context\":\"https:\/\/schema.org\",\"@graph\":[{\"@type\":\"WebPage\",\"@id\":\"https:\/\/cmh.ens.fr\/en\/activites-scientifiques-anterieures\/\",\"url\":\"https:\/\/cmh.ens.fr\/en\/activites-scientifiques-anterieures\/\",\"name\":\"Activit\u00e9s scientifiques ant\u00e9rieures - CMH\",\"isPartOf\":{\"@id\":\"https:\/\/cmh.ens.fr\/en\/#website\"},\"datePublished\":\"2021-01-13T14:56:42+00:00\",\"dateModified\":\"2022-10-11T09:47:12+00:00\",\"breadcrumb\":{\"@id\":\"https:\/\/cmh.ens.fr\/en\/activites-scientifiques-anterieures\/#breadcrumb\"},\"inLanguage\":\"en-US\",\"potentialAction\":[{\"@type\":\"ReadAction\",\"target\":[\"https:\/\/cmh.ens.fr\/en\/activites-scientifiques-anterieures\/\"]}]},{\"@type\":\"BreadcrumbList\",\"@id\":\"https:\/\/cmh.ens.fr\/en\/activites-scientifiques-anterieures\/#breadcrumb\",\"itemListElement\":[{\"@type\":\"ListItem\",\"position\":1,\"name\":\"Accueil\",\"item\":\"https:\/\/cmh.ens.fr\/\"},{\"@type\":\"ListItem\",\"position\":2,\"name\":\"Activit\u00e9s scientifiques ant\u00e9rieures\"}]},{\"@type\":\"WebSite\",\"@id\":\"https:\/\/cmh.ens.fr\/en\/#website\",\"url\":\"https:\/\/cmh.ens.fr\/en\/\",\"name\":\"CMH\",\"description\":\"Centre Maurice Halbwachs\",\"publisher\":{\"@id\":\"https:\/\/cmh.ens.fr\/en\/#organization\"},\"potentialAction\":[{\"@type\":\"SearchAction\",\"target\":{\"@type\":\"EntryPoint\",\"urlTemplate\":\"https:\/\/cmh.ens.fr\/en\/?s={search_term_string}\"},\"query-input\":{\"@type\":\"PropertyValueSpecification\",\"valueRequired\":true,\"valueName\":\"search_term_string\"}}],\"inLanguage\":\"en-US\"},{\"@type\":\"Organization\",\"@id\":\"https:\/\/cmh.ens.fr\/en\/#organization\",\"name\":\"Centre Maurice Halbwachs\",\"url\":\"https:\/\/cmh.ens.fr\/en\/\",\"logo\":{\"@type\":\"ImageObject\",\"inLanguage\":\"en-US\",\"@id\":\"https:\/\/cmh.ens.fr\/en\/#\/schema\/logo\/image\/\",\"url\":\"https:\/\/www.cmh.ens.fr\/wp-content\/uploads\/siteon0.jpg\",\"contentUrl\":\"https:\/\/www.cmh.ens.fr\/wp-content\/uploads\/siteon0.jpg\",\"width\":86,\"height\":53,\"caption\":\"Centre Maurice Halbwachs\"},\"image\":{\"@id\":\"https:\/\/cmh.ens.fr\/en\/#\/schema\/logo\/image\/\"}}]}<\/script>\n<!-- \/ Yoast SEO plugin. -->","yoast_head_json":{"title":"CMH","robots":{"index":"index","follow":"follow","max-snippet":"max-snippet:-1","max-image-preview":"max-image-preview:large","max-video-preview":"max-video-preview:-1"},"canonical":"https:\/\/cmh.ens.fr\/en\/activites-scientifiques-anterieures\/","og_locale":"en_US","og_type":"article","og_title":"Activit\u00e9s scientifiques ant\u00e9rieures - CMH","og_description":"Activit\u00e9s scientifiques avant 2019","og_url":"https:\/\/cmh.ens.fr\/en\/activites-scientifiques-anterieures\/","og_site_name":"CMH","article_modified_time":"2022-10-11T09:47:12+00:00","twitter_card":"summary_large_image","twitter_misc":{"Est. reading time":"1 minute"},"schema":{"@context":"https:\/\/schema.org","@graph":[{"@type":"WebPage","@id":"https:\/\/cmh.ens.fr\/en\/activites-scientifiques-anterieures\/","url":"https:\/\/cmh.ens.fr\/en\/activites-scientifiques-anterieures\/","name":"Activit\u00e9s scientifiques ant\u00e9rieures - CMH","isPartOf":{"@id":"https:\/\/cmh.ens.fr\/en\/#website"},"datePublished":"2021-01-13T14:56:42+00:00","dateModified":"2022-10-11T09:47:12+00:00","breadcrumb":{"@id":"https:\/\/cmh.ens.fr\/en\/activites-scientifiques-anterieures\/#breadcrumb"},"inLanguage":"en-US","potentialAction":[{"@type":"ReadAction","target":["https:\/\/cmh.ens.fr\/en\/activites-scientifiques-anterieures\/"]}]},{"@type":"BreadcrumbList","@id":"https:\/\/cmh.ens.fr\/en\/activites-scientifiques-anterieures\/#breadcrumb","itemListElement":[{"@type":"ListItem","position":1,"name":"Accueil","item":"https:\/\/cmh.ens.fr\/"},{"@type":"ListItem","position":2,"name":"Activit\u00e9s scientifiques ant\u00e9rieures"}]},{"@type":"WebSite","@id":"https:\/\/cmh.ens.fr\/en\/#website","url":"https:\/\/cmh.ens.fr\/en\/","name":"CMH","description":"Centre Maurice Halbwachs","publisher":{"@id":"https:\/\/cmh.ens.fr\/en\/#organization"},"potentialAction":[{"@type":"SearchAction","target":{"@type":"EntryPoint","urlTemplate":"https:\/\/cmh.ens.fr\/en\/?s={search_term_string}"},"query-input":{"@type":"PropertyValueSpecification","valueRequired":true,"valueName":"search_term_string"}}],"inLanguage":"en-US"},{"@type":"Organization","@id":"https:\/\/cmh.ens.fr\/en\/#organization","name":"Centre Maurice Halbwachs","url":"https:\/\/cmh.ens.fr\/en\/","logo":{"@type":"ImageObject","inLanguage":"en-US","@id":"https:\/\/cmh.ens.fr\/en\/#\/schema\/logo\/image\/","url":"https:\/\/www.cmh.ens.fr\/wp-content\/uploads\/siteon0.jpg","contentUrl":"https:\/\/www.cmh.ens.fr\/wp-content\/uploads\/siteon0.jpg","width":86,"height":53,"caption":"Centre Maurice Halbwachs"},"image":{"@id":"https:\/\/cmh.ens.fr\/en\/#\/schema\/logo\/image\/"}}]}},"_links":{"self":[{"href":"https:\/\/cmh.ens.fr\/en\/wp-json\/wp\/v2\/pages\/2649"}],"collection":[{"href":"https:\/\/cmh.ens.fr\/en\/wp-json\/wp\/v2\/pages"}],"about":[{"href":"https:\/\/cmh.ens.fr\/en\/wp-json\/wp\/v2\/types\/page"}],"author":[{"embeddable":true,"href":"https:\/\/cmh.ens.fr\/en\/wp-json\/wp\/v2\/users\/1"}],"replies":[{"embeddable":true,"href":"https:\/\/cmh.ens.fr\/en\/wp-json\/wp\/v2\/comments?post=2649"}],"version-history":[{"count":3,"href":"https:\/\/cmh.ens.fr\/en\/wp-json\/wp\/v2\/pages\/2649\/revisions"}],"predecessor-version":[{"id":10854,"href":"https:\/\/cmh.ens.fr\/en\/wp-json\/wp\/v2\/pages\/2649\/revisions\/10854"}],"wp:attachment":[{"href":"https:\/\/cmh.ens.fr\/en\/wp-json\/wp\/v2\/media?parent=2649"}],"curies":[{"name":"wp","href":"https:\/\/api.w.org\/{rel}","templated":true}]}}