{"id":16275,"date":"2026-01-19T15:15:48","date_gmt":"2026-01-19T14:15:48","guid":{"rendered":"https:\/\/cmh.ens.fr\/?page_id=16275"},"modified":"2026-02-09T11:40:57","modified_gmt":"2026-02-09T10:40:57","slug":"les-mardis-des-doctorant-es","status":"publish","type":"page","link":"https:\/\/cmh.ens.fr\/en\/les-mardis-des-doctorant-es\/","title":{"rendered":"Les Mardis des doctorant.es"},"content":{"rendered":"<p>Ce s\u00e9minaire mensuel se tiendra les\u00a0<strong>mardis de 16h \u00e0 18h de janvier \u00e0 juin<\/strong>. Il a pour objectif d\u2019offrir un espace de discussion entre doctorant.es pour pr\u00e9senter des m\u00e9thodes p\u00e9dagogiques et de pr\u00e9paration au terrain ainsi que des d\u00e9marches administratives qui concernent toutes et tous les doctorant.es \u00e0 diff\u00e9rents moments de\u00a0parcours. Cet espace est aussi pens\u00e9 comme un temps d\u2019\u00e9change entre doctorant.es pour partager tant leurs enthousiasmes que leurs difficult\u00e9s. Plus g\u00e9n\u00e9ralement, il s&rsquo;agit de faire de ce s\u00e9minaire un cadre privil\u00e9gi\u00e9 pour partager leurs exp\u00e9riences et faire dialoguer leurs recherches et leurs perspectives.<\/p>\n\n\n\n<p>S\u00e9minaire organis\u00e9 par Nawal Achiri et Lor\u00e9lia de Bresson et soutenu par l\u2019intervention de plusieurs coll\u00e8gues doctorant.es.<\/p>\n\n\n\n<p>Pour nous contacter\u00a0: nawal.achiri@ens.psl.eu et lorelia.db@outlook.fr.<\/p>\n\n\n\n<p><strong>Programme<br>Mardi 27 janvier 2026<\/strong>,\u00a0\u00ab\u00a0Comment enseigner en tant que doctorant.e.\u00a0? Pratiques p\u00e9dagogiques, positionnement et exp\u00e9riences\u00a0\u00bb, avec Pablo Aubert-Lacombe, 17h-18h30.<br><strong>Mardi 17 f\u00e9vrier 2026<\/strong>,\u00a0\u00ab\u00a0La qu\u00eate de financements\u00a0\u00bb, avec Rola Matter et Honorine Goueth<br>Sous-th\u00e8mes propos\u00e9s\u00a0: la th\u00e8se CIFRE<br><strong>Mardi 10 mars 2026<\/strong>,\u00a0\u00ab\u00a0Entre campagnes d\u2019ATER &amp; RGPD, comment se pr\u00e9parer et se sensibiliser\u00a0?\u00a0\u00bb avec Chlo\u00e9 Hubert.<br><strong>Mardi 14 avril 2026<\/strong>,\u00a0\u00ab\u00a0Avant, pendant, apr\u00e8s\u00a0: comment aborder son terrain et en revenir\u00a0?\u00a0\u00bb, avec Luana Reveriot et L\u00e9ontine Latteux Hartmann et \u00e9ventuellement d\u2019autres intervenant.es int\u00e9ress\u00e9.es.<br>Sous-th\u00e8mes propos\u00e9s\u00a0: Etre une femme sur le terrain, l\u2019enclicage?, les VSS\u2026<br><strong>Mardi 12 mai 2026<\/strong>,\u00a0\u00ab\u00a0M\u00e9thodes d\u2019\u00e9criture\u00a0\u00bb, intervenant.es \u00e0 d\u00e9finir.<br><strong>Mardi 2 juin 2026<\/strong>,\u00a0\u00ab\u00a0Discussion libre autour d\u2019un go\u00fbter\u00a0\u00bb<br>Sous-th\u00e8mes propos\u00e9s\u00a0: la sant\u00e9 mentale<\/p>","protected":false},"excerpt":{"rendered":"<p>Ce s\u00e9minaire mensuel se tiendra les\u00a0mardis de 16h \u00e0 18h de janvier \u00e0 juin. Il a pour objectif d\u2019offrir un espace de discussion entre doctorant.es pour pr\u00e9senter des m\u00e9thodes p\u00e9dagogiques et de pr\u00e9paration au terrain ainsi que des d\u00e9marches administratives qui concernent toutes et tous les doctorant.es \u00e0 diff\u00e9rents moments de\u00a0parcours. Cet espace est aussi [&hellip;]<\/p>\n","protected":false},"author":545,"featured_media":0,"parent":0,"menu_order":0,"comment_status":"closed","ping_status":"closed","template":"","meta":{"_acf_changed":false,"footnotes":""},"class_list":["post-16275","page","type-page","status-publish","hentry"],"acf":[],"yoast_head":"<!-- This site is optimized with the Yoast SEO plugin v25.6 - https:\/\/yoast.com\/wordpress\/plugins\/seo\/ -->\n<title>CMH<\/title>\n<meta name=\"robots\" content=\"index, follow, max-snippet:-1, max-image-preview:large, max-video-preview:-1\" \/>\n<link rel=\"canonical\" href=\"https:\/\/cmh.ens.fr\/en\/les-mardis-des-doctorant-es\/\" class=\"yoast-seo-meta-tag\" \/>\n<meta property=\"og:locale\" content=\"en_US\" class=\"yoast-seo-meta-tag\" \/>\n<meta property=\"og:type\" content=\"article\" class=\"yoast-seo-meta-tag\" \/>\n<meta property=\"og:title\" content=\"Les Mardis des doctorant.es - CMH\" class=\"yoast-seo-meta-tag\" \/>\n<meta property=\"og:description\" content=\"Ce s\u00e9minaire mensuel se tiendra les\u00a0mardis de 16h \u00e0 18h de janvier \u00e0 juin. Il a pour objectif d\u2019offrir un espace de discussion entre doctorant.es pour pr\u00e9senter des m\u00e9thodes p\u00e9dagogiques et de pr\u00e9paration au terrain ainsi que des d\u00e9marches administratives qui concernent toutes et tous les doctorant.es \u00e0 diff\u00e9rents moments de\u00a0parcours. Cet espace est aussi [&hellip;]\" class=\"yoast-seo-meta-tag\" \/>\n<meta property=\"og:url\" content=\"https:\/\/cmh.ens.fr\/en\/les-mardis-des-doctorant-es\/\" class=\"yoast-seo-meta-tag\" \/>\n<meta property=\"og:site_name\" content=\"CMH\" class=\"yoast-seo-meta-tag\" \/>\n<meta property=\"article:modified_time\" content=\"2026-02-09T10:40:57+00:00\" class=\"yoast-seo-meta-tag\" \/>\n<meta name=\"twitter:card\" content=\"summary_large_image\" class=\"yoast-seo-meta-tag\" \/>\n<meta name=\"twitter:label1\" content=\"Est. reading time\" class=\"yoast-seo-meta-tag\" \/>\n\t<meta name=\"twitter:data1\" content=\"2 minutes\" class=\"yoast-seo-meta-tag\" \/>\n<script type=\"application\/ld+json\" class=\"yoast-schema-graph\">{\"@context\":\"https:\/\/schema.org\",\"@graph\":[{\"@type\":\"WebPage\",\"@id\":\"https:\/\/cmh.ens.fr\/en\/les-mardis-des-doctorant-es\/\",\"url\":\"https:\/\/cmh.ens.fr\/en\/les-mardis-des-doctorant-es\/\",\"name\":\"Les Mardis des doctorant.es - CMH\",\"isPartOf\":{\"@id\":\"https:\/\/cmh.ens.fr\/en\/#website\"},\"datePublished\":\"2026-01-19T14:15:48+00:00\",\"dateModified\":\"2026-02-09T10:40:57+00:00\",\"breadcrumb\":{\"@id\":\"https:\/\/cmh.ens.fr\/en\/les-mardis-des-doctorant-es\/#breadcrumb\"},\"inLanguage\":\"en-US\",\"potentialAction\":[{\"@type\":\"ReadAction\",\"target\":[\"https:\/\/cmh.ens.fr\/en\/les-mardis-des-doctorant-es\/\"]}]},{\"@type\":\"BreadcrumbList\",\"@id\":\"https:\/\/cmh.ens.fr\/en\/les-mardis-des-doctorant-es\/#breadcrumb\",\"itemListElement\":[{\"@type\":\"ListItem\",\"position\":1,\"name\":\"Accueil\",\"item\":\"https:\/\/cmh.ens.fr\/\"},{\"@type\":\"ListItem\",\"position\":2,\"name\":\"Les Mardis des doctorant.es\"}]},{\"@type\":\"WebSite\",\"@id\":\"https:\/\/cmh.ens.fr\/en\/#website\",\"url\":\"https:\/\/cmh.ens.fr\/en\/\",\"name\":\"CMH\",\"description\":\"Centre Maurice Halbwachs\",\"publisher\":{\"@id\":\"https:\/\/cmh.ens.fr\/en\/#organization\"},\"potentialAction\":[{\"@type\":\"SearchAction\",\"target\":{\"@type\":\"EntryPoint\",\"urlTemplate\":\"https:\/\/cmh.ens.fr\/en\/?s={search_term_string}\"},\"query-input\":{\"@type\":\"PropertyValueSpecification\",\"valueRequired\":true,\"valueName\":\"search_term_string\"}}],\"inLanguage\":\"en-US\"},{\"@type\":\"Organization\",\"@id\":\"https:\/\/cmh.ens.fr\/en\/#organization\",\"name\":\"Centre Maurice Halbwachs\",\"url\":\"https:\/\/cmh.ens.fr\/en\/\",\"logo\":{\"@type\":\"ImageObject\",\"inLanguage\":\"en-US\",\"@id\":\"https:\/\/cmh.ens.fr\/en\/#\/schema\/logo\/image\/\",\"url\":\"https:\/\/www.cmh.ens.fr\/wp-content\/uploads\/siteon0.jpg\",\"contentUrl\":\"https:\/\/www.cmh.ens.fr\/wp-content\/uploads\/siteon0.jpg\",\"width\":86,\"height\":53,\"caption\":\"Centre Maurice Halbwachs\"},\"image\":{\"@id\":\"https:\/\/cmh.ens.fr\/en\/#\/schema\/logo\/image\/\"}}]}<\/script>\n<!-- \/ Yoast SEO plugin. -->","yoast_head_json":{"title":"CMH","robots":{"index":"index","follow":"follow","max-snippet":"max-snippet:-1","max-image-preview":"max-image-preview:large","max-video-preview":"max-video-preview:-1"},"canonical":"https:\/\/cmh.ens.fr\/en\/les-mardis-des-doctorant-es\/","og_locale":"en_US","og_type":"article","og_title":"Les Mardis des doctorant.es - CMH","og_description":"Ce s\u00e9minaire mensuel se tiendra les\u00a0mardis de 16h \u00e0 18h de janvier \u00e0 juin. Il a pour objectif d\u2019offrir un espace de discussion entre doctorant.es pour pr\u00e9senter des m\u00e9thodes p\u00e9dagogiques et de pr\u00e9paration au terrain ainsi que des d\u00e9marches administratives qui concernent toutes et tous les doctorant.es \u00e0 diff\u00e9rents moments de\u00a0parcours. Cet espace est aussi [&hellip;]","og_url":"https:\/\/cmh.ens.fr\/en\/les-mardis-des-doctorant-es\/","og_site_name":"CMH","article_modified_time":"2026-02-09T10:40:57+00:00","twitter_card":"summary_large_image","twitter_misc":{"Est. reading time":"2 minutes"},"schema":{"@context":"https:\/\/schema.org","@graph":[{"@type":"WebPage","@id":"https:\/\/cmh.ens.fr\/en\/les-mardis-des-doctorant-es\/","url":"https:\/\/cmh.ens.fr\/en\/les-mardis-des-doctorant-es\/","name":"Les Mardis des doctorant.es - CMH","isPartOf":{"@id":"https:\/\/cmh.ens.fr\/en\/#website"},"datePublished":"2026-01-19T14:15:48+00:00","dateModified":"2026-02-09T10:40:57+00:00","breadcrumb":{"@id":"https:\/\/cmh.ens.fr\/en\/les-mardis-des-doctorant-es\/#breadcrumb"},"inLanguage":"en-US","potentialAction":[{"@type":"ReadAction","target":["https:\/\/cmh.ens.fr\/en\/les-mardis-des-doctorant-es\/"]}]},{"@type":"BreadcrumbList","@id":"https:\/\/cmh.ens.fr\/en\/les-mardis-des-doctorant-es\/#breadcrumb","itemListElement":[{"@type":"ListItem","position":1,"name":"Accueil","item":"https:\/\/cmh.ens.fr\/"},{"@type":"ListItem","position":2,"name":"Les Mardis des doctorant.es"}]},{"@type":"WebSite","@id":"https:\/\/cmh.ens.fr\/en\/#website","url":"https:\/\/cmh.ens.fr\/en\/","name":"CMH","description":"Centre Maurice Halbwachs","publisher":{"@id":"https:\/\/cmh.ens.fr\/en\/#organization"},"potentialAction":[{"@type":"SearchAction","target":{"@type":"EntryPoint","urlTemplate":"https:\/\/cmh.ens.fr\/en\/?s={search_term_string}"},"query-input":{"@type":"PropertyValueSpecification","valueRequired":true,"valueName":"search_term_string"}}],"inLanguage":"en-US"},{"@type":"Organization","@id":"https:\/\/cmh.ens.fr\/en\/#organization","name":"Centre Maurice Halbwachs","url":"https:\/\/cmh.ens.fr\/en\/","logo":{"@type":"ImageObject","inLanguage":"en-US","@id":"https:\/\/cmh.ens.fr\/en\/#\/schema\/logo\/image\/","url":"https:\/\/www.cmh.ens.fr\/wp-content\/uploads\/siteon0.jpg","contentUrl":"https:\/\/www.cmh.ens.fr\/wp-content\/uploads\/siteon0.jpg","width":86,"height":53,"caption":"Centre Maurice Halbwachs"},"image":{"@id":"https:\/\/cmh.ens.fr\/en\/#\/schema\/logo\/image\/"}}]}},"_links":{"self":[{"href":"https:\/\/cmh.ens.fr\/en\/wp-json\/wp\/v2\/pages\/16275"}],"collection":[{"href":"https:\/\/cmh.ens.fr\/en\/wp-json\/wp\/v2\/pages"}],"about":[{"href":"https:\/\/cmh.ens.fr\/en\/wp-json\/wp\/v2\/types\/page"}],"author":[{"embeddable":true,"href":"https:\/\/cmh.ens.fr\/en\/wp-json\/wp\/v2\/users\/545"}],"replies":[{"embeddable":true,"href":"https:\/\/cmh.ens.fr\/en\/wp-json\/wp\/v2\/comments?post=16275"}],"version-history":[{"count":6,"href":"https:\/\/cmh.ens.fr\/en\/wp-json\/wp\/v2\/pages\/16275\/revisions"}],"predecessor-version":[{"id":16327,"href":"https:\/\/cmh.ens.fr\/en\/wp-json\/wp\/v2\/pages\/16275\/revisions\/16327"}],"wp:attachment":[{"href":"https:\/\/cmh.ens.fr\/en\/wp-json\/wp\/v2\/media?parent=16275"}],"curies":[{"name":"wp","href":"https:\/\/api.w.org\/{rel}","templated":true}]}}