{"id":15574,"date":"2025-04-07T14:29:03","date_gmt":"2025-04-07T12:29:03","guid":{"rendered":"https:\/\/cmh.ens.fr\/?page_id=15574"},"modified":"2025-04-07T14:31:59","modified_gmt":"2025-04-07T12:31:59","slug":"liste-des-membres-du-conseil-dunite-5-fevrier-2025","status":"publish","type":"page","link":"https:\/\/cmh.ens.fr\/en\/liste-des-membres-du-conseil-dunite-5-fevrier-2025\/","title":{"rendered":"Liste des membres du Conseil d\u2019unit\u00e9"},"content":{"rendered":"<p class=\"has-text-align-left\"><strong>5 f\u00e9vrier 2025<\/strong><\/p>\n\n\n\n<p><strong><u>Membres de droit<\/u><\/strong><strong>&nbsp;:<br><\/strong>Anne Lhuissier, directrice du Centre Maurice Halbwachs<br>Christelle Avril, directrice adjointe du Centre&nbsp;Maurice&nbsp;Halbwachs<br>Yannick Fer, directeur adjoint du Centre&nbsp;Maurice Halbwachs<\/p>\n\n\n\n<p><strong><u>Membres \u00e9lu\u00b7es<\/u><\/strong><strong>&nbsp;:<\/strong><\/p>\n\n\n\n<p><strong><em>Coll\u00e8ge&nbsp;A- sous&nbsp;coll\u00e8ge A1<br><\/em><\/strong>Liora Isra\u00ebl, Directrice d\u2019\u00e9tudes EHESS,<br>Florence Maillochon, Directrice de recherche au CNRS,<\/p>\n\n\n\n<p><strong><em>Coll\u00e8ge&nbsp;A \u2013 sous coll\u00e8ge&nbsp;A2<br><\/em><\/strong>Brianne Dubois, Agr\u00e9g\u00e9e pr\u00e9paratrice ENS,<br>Isabelle Parizot, Charg\u00e9e de recherche CNRS<br>C\u00e9cile Thom\u00e9, Charg\u00e9e de recherche CNRS<\/p>\n\n\n\n<p><strong><em>Coll\u00e8ge&nbsp;A- sous&nbsp;coll\u00e8ge A3<br><\/em><\/strong>Stanislas Bebin, doctorant,<br>Arthur Kramer, doctorant<br>Lise Laudren, doctorante,<br>May Khattab, doctorante, suppl\u00e9ante,<\/p>\n\n\n\n<p><strong><em>Coll\u00e8ge&nbsp;B<br><\/em><\/strong>Solenne Bertrand, Ing\u00e9nieure d\u2019\u00e9tudes CNRS,<br>Damien Cartron, Ing\u00e9nieur de recherche CNRS,<br>Arlette Mollet, Assistante ing\u00e9nieur CNRS,<\/p>\n\n\n\n<p><strong><u>Membres nomm\u00e9\u00b7es<\/u><\/strong><strong>&nbsp;:<br><\/strong>Thomas Depecker, Charg\u00e9 de recherche INRAE,<br>Claude Didry, Directeur de recherche CNRS,<br>Benjamin Lemoine, Charg\u00e9 de recherche CNRS,<br>Etienne Penissat, Charg\u00e9 de recherche CNRS,<br>Johanna Sim\u00e9ant-Germanos, Professeure ENS<\/p>","protected":false},"excerpt":{"rendered":"<p>5 f\u00e9vrier 2025 Membres de droit&nbsp;:Anne Lhuissier, directrice du Centre Maurice HalbwachsChristelle Avril, directrice adjointe du Centre&nbsp;Maurice&nbsp;HalbwachsYannick Fer, directeur adjoint du Centre&nbsp;Maurice Halbwachs Membres \u00e9lu\u00b7es&nbsp;: Coll\u00e8ge&nbsp;A- sous&nbsp;coll\u00e8ge A1Liora Isra\u00ebl, Directrice d\u2019\u00e9tudes EHESS,Florence Maillochon, Directrice de recherche au CNRS, Coll\u00e8ge&nbsp;A \u2013 sous coll\u00e8ge&nbsp;A2Brianne Dubois, Agr\u00e9g\u00e9e pr\u00e9paratrice ENS,Isabelle Parizot, Charg\u00e9e de recherche CNRSC\u00e9cile Thom\u00e9, Charg\u00e9e de recherche [&hellip;]<\/p>\n","protected":false},"author":94,"featured_media":0,"parent":0,"menu_order":0,"comment_status":"closed","ping_status":"closed","template":"","meta":{"_acf_changed":false,"footnotes":""},"class_list":["post-15574","page","type-page","status-publish","hentry"],"acf":[],"yoast_head":"<!-- This site is optimized with the Yoast SEO plugin v25.6 - https:\/\/yoast.com\/wordpress\/plugins\/seo\/ -->\n<title>CMH<\/title>\n<meta name=\"robots\" content=\"index, follow, max-snippet:-1, max-image-preview:large, max-video-preview:-1\" \/>\n<link rel=\"canonical\" href=\"https:\/\/cmh.ens.fr\/en\/liste-des-membres-du-conseil-dunite-5-fevrier-2025\/\" class=\"yoast-seo-meta-tag\" \/>\n<meta property=\"og:locale\" content=\"en_US\" class=\"yoast-seo-meta-tag\" \/>\n<meta property=\"og:type\" content=\"article\" class=\"yoast-seo-meta-tag\" \/>\n<meta property=\"og:title\" content=\"Liste des membres du Conseil d\u2019unit\u00e9 - CMH\" class=\"yoast-seo-meta-tag\" \/>\n<meta property=\"og:description\" content=\"5 f\u00e9vrier 2025 Membres de droit&nbsp;:Anne Lhuissier, directrice du Centre Maurice HalbwachsChristelle Avril, directrice adjointe du Centre&nbsp;Maurice&nbsp;HalbwachsYannick Fer, directeur adjoint du Centre&nbsp;Maurice Halbwachs Membres \u00e9lu\u00b7es&nbsp;: Coll\u00e8ge&nbsp;A- sous&nbsp;coll\u00e8ge A1Liora Isra\u00ebl, Directrice d\u2019\u00e9tudes EHESS,Florence Maillochon, Directrice de recherche au CNRS, Coll\u00e8ge&nbsp;A \u2013 sous coll\u00e8ge&nbsp;A2Brianne Dubois, Agr\u00e9g\u00e9e pr\u00e9paratrice ENS,Isabelle Parizot, Charg\u00e9e de recherche CNRSC\u00e9cile Thom\u00e9, Charg\u00e9e de recherche [&hellip;]\" class=\"yoast-seo-meta-tag\" \/>\n<meta property=\"og:url\" content=\"https:\/\/cmh.ens.fr\/en\/liste-des-membres-du-conseil-dunite-5-fevrier-2025\/\" class=\"yoast-seo-meta-tag\" \/>\n<meta property=\"og:site_name\" content=\"CMH\" class=\"yoast-seo-meta-tag\" \/>\n<meta property=\"article:modified_time\" content=\"2025-04-07T12:31:59+00:00\" class=\"yoast-seo-meta-tag\" \/>\n<meta name=\"twitter:card\" content=\"summary_large_image\" class=\"yoast-seo-meta-tag\" \/>\n<meta name=\"twitter:label1\" content=\"Est. reading time\" class=\"yoast-seo-meta-tag\" \/>\n\t<meta name=\"twitter:data1\" content=\"1 minute\" class=\"yoast-seo-meta-tag\" \/>\n<script type=\"application\/ld+json\" class=\"yoast-schema-graph\">{\"@context\":\"https:\/\/schema.org\",\"@graph\":[{\"@type\":\"WebPage\",\"@id\":\"https:\/\/cmh.ens.fr\/en\/liste-des-membres-du-conseil-dunite-5-fevrier-2025\/\",\"url\":\"https:\/\/cmh.ens.fr\/en\/liste-des-membres-du-conseil-dunite-5-fevrier-2025\/\",\"name\":\"Liste des membres du Conseil d\u2019unit\u00e9 - CMH\",\"isPartOf\":{\"@id\":\"https:\/\/cmh.ens.fr\/en\/#website\"},\"datePublished\":\"2025-04-07T12:29:03+00:00\",\"dateModified\":\"2025-04-07T12:31:59+00:00\",\"breadcrumb\":{\"@id\":\"https:\/\/cmh.ens.fr\/en\/liste-des-membres-du-conseil-dunite-5-fevrier-2025\/#breadcrumb\"},\"inLanguage\":\"en-US\",\"potentialAction\":[{\"@type\":\"ReadAction\",\"target\":[\"https:\/\/cmh.ens.fr\/en\/liste-des-membres-du-conseil-dunite-5-fevrier-2025\/\"]}]},{\"@type\":\"BreadcrumbList\",\"@id\":\"https:\/\/cmh.ens.fr\/en\/liste-des-membres-du-conseil-dunite-5-fevrier-2025\/#breadcrumb\",\"itemListElement\":[{\"@type\":\"ListItem\",\"position\":1,\"name\":\"Accueil\",\"item\":\"https:\/\/cmh.ens.fr\/\"},{\"@type\":\"ListItem\",\"position\":2,\"name\":\"Liste des membres du Conseil d\u2019unit\u00e9\"}]},{\"@type\":\"WebSite\",\"@id\":\"https:\/\/cmh.ens.fr\/en\/#website\",\"url\":\"https:\/\/cmh.ens.fr\/en\/\",\"name\":\"CMH\",\"description\":\"Centre Maurice Halbwachs\",\"publisher\":{\"@id\":\"https:\/\/cmh.ens.fr\/en\/#organization\"},\"potentialAction\":[{\"@type\":\"SearchAction\",\"target\":{\"@type\":\"EntryPoint\",\"urlTemplate\":\"https:\/\/cmh.ens.fr\/en\/?s={search_term_string}\"},\"query-input\":{\"@type\":\"PropertyValueSpecification\",\"valueRequired\":true,\"valueName\":\"search_term_string\"}}],\"inLanguage\":\"en-US\"},{\"@type\":\"Organization\",\"@id\":\"https:\/\/cmh.ens.fr\/en\/#organization\",\"name\":\"Centre Maurice Halbwachs\",\"url\":\"https:\/\/cmh.ens.fr\/en\/\",\"logo\":{\"@type\":\"ImageObject\",\"inLanguage\":\"en-US\",\"@id\":\"https:\/\/cmh.ens.fr\/en\/#\/schema\/logo\/image\/\",\"url\":\"https:\/\/www.cmh.ens.fr\/wp-content\/uploads\/siteon0.jpg\",\"contentUrl\":\"https:\/\/www.cmh.ens.fr\/wp-content\/uploads\/siteon0.jpg\",\"width\":86,\"height\":53,\"caption\":\"Centre Maurice Halbwachs\"},\"image\":{\"@id\":\"https:\/\/cmh.ens.fr\/en\/#\/schema\/logo\/image\/\"}}]}<\/script>\n<!-- \/ Yoast SEO plugin. -->","yoast_head_json":{"title":"CMH","robots":{"index":"index","follow":"follow","max-snippet":"max-snippet:-1","max-image-preview":"max-image-preview:large","max-video-preview":"max-video-preview:-1"},"canonical":"https:\/\/cmh.ens.fr\/en\/liste-des-membres-du-conseil-dunite-5-fevrier-2025\/","og_locale":"en_US","og_type":"article","og_title":"Liste des membres du Conseil d\u2019unit\u00e9 - CMH","og_description":"5 f\u00e9vrier 2025 Membres de droit&nbsp;:Anne Lhuissier, directrice du Centre Maurice HalbwachsChristelle Avril, directrice adjointe du Centre&nbsp;Maurice&nbsp;HalbwachsYannick Fer, directeur adjoint du Centre&nbsp;Maurice Halbwachs Membres \u00e9lu\u00b7es&nbsp;: Coll\u00e8ge&nbsp;A- sous&nbsp;coll\u00e8ge A1Liora Isra\u00ebl, Directrice d\u2019\u00e9tudes EHESS,Florence Maillochon, Directrice de recherche au CNRS, Coll\u00e8ge&nbsp;A \u2013 sous coll\u00e8ge&nbsp;A2Brianne Dubois, Agr\u00e9g\u00e9e pr\u00e9paratrice ENS,Isabelle Parizot, Charg\u00e9e de recherche CNRSC\u00e9cile Thom\u00e9, Charg\u00e9e de recherche [&hellip;]","og_url":"https:\/\/cmh.ens.fr\/en\/liste-des-membres-du-conseil-dunite-5-fevrier-2025\/","og_site_name":"CMH","article_modified_time":"2025-04-07T12:31:59+00:00","twitter_card":"summary_large_image","twitter_misc":{"Est. reading time":"1 minute"},"schema":{"@context":"https:\/\/schema.org","@graph":[{"@type":"WebPage","@id":"https:\/\/cmh.ens.fr\/en\/liste-des-membres-du-conseil-dunite-5-fevrier-2025\/","url":"https:\/\/cmh.ens.fr\/en\/liste-des-membres-du-conseil-dunite-5-fevrier-2025\/","name":"Liste des membres du Conseil d\u2019unit\u00e9 - CMH","isPartOf":{"@id":"https:\/\/cmh.ens.fr\/en\/#website"},"datePublished":"2025-04-07T12:29:03+00:00","dateModified":"2025-04-07T12:31:59+00:00","breadcrumb":{"@id":"https:\/\/cmh.ens.fr\/en\/liste-des-membres-du-conseil-dunite-5-fevrier-2025\/#breadcrumb"},"inLanguage":"en-US","potentialAction":[{"@type":"ReadAction","target":["https:\/\/cmh.ens.fr\/en\/liste-des-membres-du-conseil-dunite-5-fevrier-2025\/"]}]},{"@type":"BreadcrumbList","@id":"https:\/\/cmh.ens.fr\/en\/liste-des-membres-du-conseil-dunite-5-fevrier-2025\/#breadcrumb","itemListElement":[{"@type":"ListItem","position":1,"name":"Accueil","item":"https:\/\/cmh.ens.fr\/"},{"@type":"ListItem","position":2,"name":"Liste des membres du Conseil d\u2019unit\u00e9"}]},{"@type":"WebSite","@id":"https:\/\/cmh.ens.fr\/en\/#website","url":"https:\/\/cmh.ens.fr\/en\/","name":"CMH","description":"Centre Maurice Halbwachs","publisher":{"@id":"https:\/\/cmh.ens.fr\/en\/#organization"},"potentialAction":[{"@type":"SearchAction","target":{"@type":"EntryPoint","urlTemplate":"https:\/\/cmh.ens.fr\/en\/?s={search_term_string}"},"query-input":{"@type":"PropertyValueSpecification","valueRequired":true,"valueName":"search_term_string"}}],"inLanguage":"en-US"},{"@type":"Organization","@id":"https:\/\/cmh.ens.fr\/en\/#organization","name":"Centre Maurice Halbwachs","url":"https:\/\/cmh.ens.fr\/en\/","logo":{"@type":"ImageObject","inLanguage":"en-US","@id":"https:\/\/cmh.ens.fr\/en\/#\/schema\/logo\/image\/","url":"https:\/\/www.cmh.ens.fr\/wp-content\/uploads\/siteon0.jpg","contentUrl":"https:\/\/www.cmh.ens.fr\/wp-content\/uploads\/siteon0.jpg","width":86,"height":53,"caption":"Centre Maurice Halbwachs"},"image":{"@id":"https:\/\/cmh.ens.fr\/en\/#\/schema\/logo\/image\/"}}]}},"_links":{"self":[{"href":"https:\/\/cmh.ens.fr\/en\/wp-json\/wp\/v2\/pages\/15574"}],"collection":[{"href":"https:\/\/cmh.ens.fr\/en\/wp-json\/wp\/v2\/pages"}],"about":[{"href":"https:\/\/cmh.ens.fr\/en\/wp-json\/wp\/v2\/types\/page"}],"author":[{"embeddable":true,"href":"https:\/\/cmh.ens.fr\/en\/wp-json\/wp\/v2\/users\/94"}],"replies":[{"embeddable":true,"href":"https:\/\/cmh.ens.fr\/en\/wp-json\/wp\/v2\/comments?post=15574"}],"version-history":[{"count":3,"href":"https:\/\/cmh.ens.fr\/en\/wp-json\/wp\/v2\/pages\/15574\/revisions"}],"predecessor-version":[{"id":15578,"href":"https:\/\/cmh.ens.fr\/en\/wp-json\/wp\/v2\/pages\/15574\/revisions\/15578"}],"wp:attachment":[{"href":"https:\/\/cmh.ens.fr\/en\/wp-json\/wp\/v2\/media?parent=15574"}],"curies":[{"name":"wp","href":"https:\/\/api.w.org\/{rel}","templated":true}]}}