{"id":14451,"date":"2024-04-23T15:05:27","date_gmt":"2024-04-23T13:05:27","guid":{"rendered":"https:\/\/www.cmh.ens.fr\/?page_id=14451"},"modified":"2024-05-02T13:53:40","modified_gmt":"2024-05-02T11:53:40","slug":"le-site-encyclopedie-maurice-halbwachs","status":"publish","type":"page","link":"https:\/\/cmh.ens.fr\/en\/maurice-halbwachs\/le-site-encyclopedie-maurice-halbwachs\/","title":{"rendered":"Encyclop\u00e9die Maurice Halbwachs"},"content":{"rendered":"<p>Consultable \u00e0 l\u2019adresse\u00a0: <a href=\"https:\/\/halbwachs-encyclopedie.huma-num.fr\/site\/\" target=\"_blank\" rel=\"noreferrer noopener\">https:\/\/halbwachs-encyclopedie.huma-num.fr\/site\/<\/a><\/p>\n\n\n\n<p>Encyclop\u00e9die Maurice Halbwachs est un projet \u00e9ditorial du Centre Maurice Halbwachs con\u00e7u et cr\u00e9\u00e9 par <strong>Bertrand M\u00fcller<\/strong>, directeur de recherche \u00e9m\u00e9rite, autour de l\u2019\u0153uvre et des activit\u00e9s &nbsp;d\u2019un sociologue majeur du XXe si\u00e8cle trop souvent m\u00e9connu.<\/p>\n\n\n\n<p>L\u2019Encyclop\u00e9die est une opportunit\u00e9 et un moyen pour&nbsp;:<\/p>\n\n\n\n<ul class=\"wp-block-list\">\n<li>Associer au nom et au site du laboratoire une <strong>proposition intellectuelle<\/strong> de r\u00e9f\u00e9rence susceptible d\u2019accroitre la visibilit\u00e9 du laboratoire.<\/li>\n\n\n\n<li>Offrir un <strong>espace de r\u00e9flexivit\u00e9 et de d\u00e9bats<\/strong> continu\u00e9s sur la sociologie et les sciences sociales \u00e0 partir de l\u2019une de ses figures majeures.<\/li>\n\n\n\n<li>Offrir un <strong>outil de connaissance<\/strong> pour les membres du laboratoire et la communaut\u00e9 scientifique sur l\u2019histoire de la sociologie, ses m\u00e9moires et ses traditions.<\/li>\n<\/ul>\n\n\n\n<p>L\u2019Encyclop\u00e9die est un site \u00e9ditorial&nbsp;:<\/p>\n\n\n\n<ul class=\"wp-block-list\">\n<li><strong>Collaboratif<\/strong>&nbsp;: l\u2019encyclop\u00e9die est un dispositif collaboratif qui repose sur l\u2019expertise d\u2019un comit\u00e9 \u00e9ditorial garant de la qualit\u00e9 scientifique des contenus publi\u00e9s.<\/li>\n\n\n\n<li><strong>R\u00e9flexif et critique<\/strong>&nbsp;: les notices descriptives sont accompagn\u00e9es d\u2019articles qui peuvent pr\u00e9senter des points de vue diff\u00e9rents, contradictoires constituant un espace de d\u00e9bats et de controverses.<\/li>\n\n\n\n<li><strong>Relationnel<\/strong>&nbsp;: l\u2019encyclop\u00e9die est compos\u00e9e de notices et d\u2019articles organis\u00e9s en collections, reli\u00e9s entre eux, constituant des dossiers structur\u00e9s.<\/li>\n\n\n\n<li><strong>Graphique<\/strong>&nbsp;: les contenus sont consultables sous plusieurs formes&nbsp;: graphique, liste et notices.<\/li>\n\n\n\n<li><strong>Documentaire<\/strong>&nbsp;: des documents d\u2019archives, une iconographie compl\u00e8tent les dossiers.<\/li>\n\n\n\n<li><strong>Ouvert<\/strong>&nbsp;: d\u00e9velopp\u00e9 sur le web, le projet \u00e9ditorial permet de contourner les contraintes d\u2019une \u00e9dition en format papier et demeure modifiable et r\u00e9actualisable.<\/li>\n<\/ul>\n\n\n\n<p>L\u2019Encyclop\u00e9die offre encore d\u2019autres possibilit\u00e9s&nbsp;:<\/p>\n\n\n\n<ul class=\"wp-block-list\">\n<li><strong>Temps<\/strong>&nbsp;:une frise chronologique (ligne de <strong>temps<\/strong>) qui pr\u00e9sente des \u00e9l\u00e9ments s\u00e9lectionn\u00e9s dans le temps, pr\u00e9sent\u00e9s sous forme chronologique.<\/li>\n\n\n\n<li><strong>Espaces<\/strong>&nbsp;: une repr\u00e9sentation g\u00e9ographique (<strong>espaces<\/strong>) qui permet de visualiser sur une carte des \u00e9l\u00e9ments s\u00e9lectionn\u00e9s.<\/li>\n\n\n\n<li><strong>Dossiers th\u00e9matiques<\/strong>&nbsp;: des s\u00e9lections sp\u00e9cifiques et temporaires de notices, d\u2019articles et de documents peuvent \u00eatre propos\u00e9es dans le cadre d\u2019une actualit\u00e9 th\u00e9matique, de programmes de concours, etc.<\/li>\n\n\n\n<li><strong>Une bibliographie<\/strong> des travaux de et sur Maurice Halbwachs.<\/li>\n<\/ul>\n\n\n\n<p>Enfin l\u2019Encyclop\u00e9die est encore un espace de travail qui offre des outils de recherche, de consultation et de conservation&nbsp;:<\/p>\n\n\n\n<ul class=\"wp-block-list\">\n<li>Un <strong>panier de notices<\/strong>.<\/li>\n\n\n\n<li>Des <strong>parcours et les historiques de recherche<\/strong>.<\/li>\n\n\n\n<li>Des <strong>s\u00e9lections de notices<\/strong> sous forme graphique<\/li>\n<\/ul>\n\n\n\n<p>peuvent \u00eatre constitu\u00e9s, conserv\u00e9s et r\u00e9actualis\u00e9s par les utilisateurs\u00b7trices.<\/p>","protected":false},"excerpt":{"rendered":"<p>Consultable \u00e0 l\u2019adresse\u00a0: https:\/\/halbwachs-encyclopedie.huma-num.fr\/site\/ Encyclop\u00e9die Maurice Halbwachs est un projet \u00e9ditorial du Centre Maurice Halbwachs con\u00e7u et cr\u00e9\u00e9 par Bertrand M\u00fcller, directeur de recherche \u00e9m\u00e9rite, autour de l\u2019\u0153uvre et des activit\u00e9s &nbsp;d\u2019un sociologue majeur du XXe si\u00e8cle trop souvent m\u00e9connu. L\u2019Encyclop\u00e9die est une opportunit\u00e9 et un moyen pour&nbsp;: L\u2019Encyclop\u00e9die est un site \u00e9ditorial&nbsp;: L\u2019Encyclop\u00e9die offre [&hellip;]<\/p>\n","protected":false},"author":545,"featured_media":0,"parent":108,"menu_order":0,"comment_status":"closed","ping_status":"closed","template":"","meta":{"_acf_changed":false,"footnotes":""},"class_list":["post-14451","page","type-page","status-publish","hentry"],"acf":[],"yoast_head":"<!-- This site is optimized with the Yoast SEO plugin v25.6 - https:\/\/yoast.com\/wordpress\/plugins\/seo\/ -->\n<title>CMH<\/title>\n<meta name=\"robots\" content=\"index, follow, max-snippet:-1, max-image-preview:large, max-video-preview:-1\" \/>\n<link rel=\"canonical\" href=\"https:\/\/cmh.ens.fr\/en\/maurice-halbwachs\/le-site-encyclopedie-maurice-halbwachs\/\" class=\"yoast-seo-meta-tag\" \/>\n<meta property=\"og:locale\" content=\"en_US\" class=\"yoast-seo-meta-tag\" \/>\n<meta property=\"og:type\" content=\"article\" class=\"yoast-seo-meta-tag\" \/>\n<meta property=\"og:title\" content=\"Encyclop\u00e9die Maurice Halbwachs - CMH\" class=\"yoast-seo-meta-tag\" \/>\n<meta property=\"og:description\" content=\"Consultable \u00e0 l\u2019adresse\u00a0: https:\/\/halbwachs-encyclopedie.huma-num.fr\/site\/ Encyclop\u00e9die Maurice Halbwachs est un projet \u00e9ditorial du Centre Maurice Halbwachs con\u00e7u et cr\u00e9\u00e9 par Bertrand M\u00fcller, directeur de recherche \u00e9m\u00e9rite, autour de l\u2019\u0153uvre et des activit\u00e9s &nbsp;d\u2019un sociologue majeur du XXe si\u00e8cle trop souvent m\u00e9connu. L\u2019Encyclop\u00e9die est une opportunit\u00e9 et un moyen pour&nbsp;: L\u2019Encyclop\u00e9die est un site \u00e9ditorial&nbsp;: L\u2019Encyclop\u00e9die offre [&hellip;]\" class=\"yoast-seo-meta-tag\" \/>\n<meta property=\"og:url\" content=\"https:\/\/cmh.ens.fr\/en\/maurice-halbwachs\/le-site-encyclopedie-maurice-halbwachs\/\" class=\"yoast-seo-meta-tag\" \/>\n<meta property=\"og:site_name\" content=\"CMH\" class=\"yoast-seo-meta-tag\" \/>\n<meta property=\"article:modified_time\" content=\"2024-05-02T11:53:40+00:00\" class=\"yoast-seo-meta-tag\" \/>\n<meta name=\"twitter:card\" content=\"summary_large_image\" class=\"yoast-seo-meta-tag\" \/>\n<meta name=\"twitter:label1\" content=\"Est. reading time\" class=\"yoast-seo-meta-tag\" \/>\n\t<meta name=\"twitter:data1\" content=\"2 minutes\" class=\"yoast-seo-meta-tag\" \/>\n<script type=\"application\/ld+json\" class=\"yoast-schema-graph\">{\"@context\":\"https:\/\/schema.org\",\"@graph\":[{\"@type\":\"WebPage\",\"@id\":\"https:\/\/cmh.ens.fr\/en\/maurice-halbwachs\/le-site-encyclopedie-maurice-halbwachs\/\",\"url\":\"https:\/\/cmh.ens.fr\/en\/maurice-halbwachs\/le-site-encyclopedie-maurice-halbwachs\/\",\"name\":\"Encyclop\u00e9die Maurice Halbwachs - CMH\",\"isPartOf\":{\"@id\":\"https:\/\/cmh.ens.fr\/en\/#website\"},\"datePublished\":\"2024-04-23T13:05:27+00:00\",\"dateModified\":\"2024-05-02T11:53:40+00:00\",\"breadcrumb\":{\"@id\":\"https:\/\/cmh.ens.fr\/en\/maurice-halbwachs\/le-site-encyclopedie-maurice-halbwachs\/#breadcrumb\"},\"inLanguage\":\"en-US\",\"potentialAction\":[{\"@type\":\"ReadAction\",\"target\":[\"https:\/\/cmh.ens.fr\/en\/maurice-halbwachs\/le-site-encyclopedie-maurice-halbwachs\/\"]}]},{\"@type\":\"BreadcrumbList\",\"@id\":\"https:\/\/cmh.ens.fr\/en\/maurice-halbwachs\/le-site-encyclopedie-maurice-halbwachs\/#breadcrumb\",\"itemListElement\":[{\"@type\":\"ListItem\",\"position\":1,\"name\":\"Accueil\",\"item\":\"https:\/\/cmh.ens.fr\/\"},{\"@type\":\"ListItem\",\"position\":2,\"name\":\"Maurice Halbwachs\",\"item\":\"https:\/\/cmh.ens.fr\/maurice-halbwachs\/\"},{\"@type\":\"ListItem\",\"position\":3,\"name\":\"Encyclop\u00e9die Maurice Halbwachs\"}]},{\"@type\":\"WebSite\",\"@id\":\"https:\/\/cmh.ens.fr\/en\/#website\",\"url\":\"https:\/\/cmh.ens.fr\/en\/\",\"name\":\"CMH\",\"description\":\"Centre Maurice Halbwachs\",\"publisher\":{\"@id\":\"https:\/\/cmh.ens.fr\/en\/#organization\"},\"potentialAction\":[{\"@type\":\"SearchAction\",\"target\":{\"@type\":\"EntryPoint\",\"urlTemplate\":\"https:\/\/cmh.ens.fr\/en\/?s={search_term_string}\"},\"query-input\":{\"@type\":\"PropertyValueSpecification\",\"valueRequired\":true,\"valueName\":\"search_term_string\"}}],\"inLanguage\":\"en-US\"},{\"@type\":\"Organization\",\"@id\":\"https:\/\/cmh.ens.fr\/en\/#organization\",\"name\":\"Centre Maurice Halbwachs\",\"url\":\"https:\/\/cmh.ens.fr\/en\/\",\"logo\":{\"@type\":\"ImageObject\",\"inLanguage\":\"en-US\",\"@id\":\"https:\/\/cmh.ens.fr\/en\/#\/schema\/logo\/image\/\",\"url\":\"https:\/\/www.cmh.ens.fr\/wp-content\/uploads\/siteon0.jpg\",\"contentUrl\":\"https:\/\/www.cmh.ens.fr\/wp-content\/uploads\/siteon0.jpg\",\"width\":86,\"height\":53,\"caption\":\"Centre Maurice Halbwachs\"},\"image\":{\"@id\":\"https:\/\/cmh.ens.fr\/en\/#\/schema\/logo\/image\/\"}}]}<\/script>\n<!-- \/ Yoast SEO plugin. -->","yoast_head_json":{"title":"CMH","robots":{"index":"index","follow":"follow","max-snippet":"max-snippet:-1","max-image-preview":"max-image-preview:large","max-video-preview":"max-video-preview:-1"},"canonical":"https:\/\/cmh.ens.fr\/en\/maurice-halbwachs\/le-site-encyclopedie-maurice-halbwachs\/","og_locale":"en_US","og_type":"article","og_title":"Encyclop\u00e9die Maurice Halbwachs - CMH","og_description":"Consultable \u00e0 l\u2019adresse\u00a0: https:\/\/halbwachs-encyclopedie.huma-num.fr\/site\/ Encyclop\u00e9die Maurice Halbwachs est un projet \u00e9ditorial du Centre Maurice Halbwachs con\u00e7u et cr\u00e9\u00e9 par Bertrand M\u00fcller, directeur de recherche \u00e9m\u00e9rite, autour de l\u2019\u0153uvre et des activit\u00e9s &nbsp;d\u2019un sociologue majeur du XXe si\u00e8cle trop souvent m\u00e9connu. L\u2019Encyclop\u00e9die est une opportunit\u00e9 et un moyen pour&nbsp;: L\u2019Encyclop\u00e9die est un site \u00e9ditorial&nbsp;: L\u2019Encyclop\u00e9die offre [&hellip;]","og_url":"https:\/\/cmh.ens.fr\/en\/maurice-halbwachs\/le-site-encyclopedie-maurice-halbwachs\/","og_site_name":"CMH","article_modified_time":"2024-05-02T11:53:40+00:00","twitter_card":"summary_large_image","twitter_misc":{"Est. reading time":"2 minutes"},"schema":{"@context":"https:\/\/schema.org","@graph":[{"@type":"WebPage","@id":"https:\/\/cmh.ens.fr\/en\/maurice-halbwachs\/le-site-encyclopedie-maurice-halbwachs\/","url":"https:\/\/cmh.ens.fr\/en\/maurice-halbwachs\/le-site-encyclopedie-maurice-halbwachs\/","name":"Encyclop\u00e9die Maurice Halbwachs - CMH","isPartOf":{"@id":"https:\/\/cmh.ens.fr\/en\/#website"},"datePublished":"2024-04-23T13:05:27+00:00","dateModified":"2024-05-02T11:53:40+00:00","breadcrumb":{"@id":"https:\/\/cmh.ens.fr\/en\/maurice-halbwachs\/le-site-encyclopedie-maurice-halbwachs\/#breadcrumb"},"inLanguage":"en-US","potentialAction":[{"@type":"ReadAction","target":["https:\/\/cmh.ens.fr\/en\/maurice-halbwachs\/le-site-encyclopedie-maurice-halbwachs\/"]}]},{"@type":"BreadcrumbList","@id":"https:\/\/cmh.ens.fr\/en\/maurice-halbwachs\/le-site-encyclopedie-maurice-halbwachs\/#breadcrumb","itemListElement":[{"@type":"ListItem","position":1,"name":"Accueil","item":"https:\/\/cmh.ens.fr\/"},{"@type":"ListItem","position":2,"name":"Maurice Halbwachs","item":"https:\/\/cmh.ens.fr\/maurice-halbwachs\/"},{"@type":"ListItem","position":3,"name":"Encyclop\u00e9die Maurice Halbwachs"}]},{"@type":"WebSite","@id":"https:\/\/cmh.ens.fr\/en\/#website","url":"https:\/\/cmh.ens.fr\/en\/","name":"CMH","description":"Centre Maurice Halbwachs","publisher":{"@id":"https:\/\/cmh.ens.fr\/en\/#organization"},"potentialAction":[{"@type":"SearchAction","target":{"@type":"EntryPoint","urlTemplate":"https:\/\/cmh.ens.fr\/en\/?s={search_term_string}"},"query-input":{"@type":"PropertyValueSpecification","valueRequired":true,"valueName":"search_term_string"}}],"inLanguage":"en-US"},{"@type":"Organization","@id":"https:\/\/cmh.ens.fr\/en\/#organization","name":"Centre Maurice Halbwachs","url":"https:\/\/cmh.ens.fr\/en\/","logo":{"@type":"ImageObject","inLanguage":"en-US","@id":"https:\/\/cmh.ens.fr\/en\/#\/schema\/logo\/image\/","url":"https:\/\/www.cmh.ens.fr\/wp-content\/uploads\/siteon0.jpg","contentUrl":"https:\/\/www.cmh.ens.fr\/wp-content\/uploads\/siteon0.jpg","width":86,"height":53,"caption":"Centre Maurice Halbwachs"},"image":{"@id":"https:\/\/cmh.ens.fr\/en\/#\/schema\/logo\/image\/"}}]}},"_links":{"self":[{"href":"https:\/\/cmh.ens.fr\/en\/wp-json\/wp\/v2\/pages\/14451"}],"collection":[{"href":"https:\/\/cmh.ens.fr\/en\/wp-json\/wp\/v2\/pages"}],"about":[{"href":"https:\/\/cmh.ens.fr\/en\/wp-json\/wp\/v2\/types\/page"}],"author":[{"embeddable":true,"href":"https:\/\/cmh.ens.fr\/en\/wp-json\/wp\/v2\/users\/545"}],"replies":[{"embeddable":true,"href":"https:\/\/cmh.ens.fr\/en\/wp-json\/wp\/v2\/comments?post=14451"}],"version-history":[{"count":6,"href":"https:\/\/cmh.ens.fr\/en\/wp-json\/wp\/v2\/pages\/14451\/revisions"}],"predecessor-version":[{"id":14474,"href":"https:\/\/cmh.ens.fr\/en\/wp-json\/wp\/v2\/pages\/14451\/revisions\/14474"}],"up":[{"embeddable":true,"href":"https:\/\/cmh.ens.fr\/en\/wp-json\/wp\/v2\/pages\/108"}],"wp:attachment":[{"href":"https:\/\/cmh.ens.fr\/en\/wp-json\/wp\/v2\/media?parent=14451"}],"curies":[{"name":"wp","href":"https:\/\/api.w.org\/{rel}","templated":true}]}}