{"id":13889,"date":"2023-12-19T14:17:57","date_gmt":"2023-12-19T13:17:57","guid":{"rendered":"https:\/\/www.cmh.ens.fr\/?page_id=13889"},"modified":"2024-03-22T11:12:15","modified_gmt":"2024-03-22T10:12:15","slug":"groupe-recits-et-faits-religieux","status":"publish","type":"page","link":"https:\/\/cmh.ens.fr\/en\/autres-seminaires\/groupe-recits-et-faits-religieux\/","title":{"rendered":"Groupe \u00ab\u00a0R\u00e9cits et Faits Religieux\u00a0\u00bb"},"content":{"rendered":"<p>Plac\u00e9 sous l&rsquo;axe SSPD mais ouvert \u00e0 tous ceux int\u00e9ress\u00e9s par une recherche par, autour ou avec les ph\u00e9nom\u00e8nes religieux, du calendrier de nos rencontres. Responsables\u00a0: Thierry Maire et Emma Bigot. Les r\u00e9unions se font le lundi de 11h \u00e0 13h, en salle R3-35 \u00e0 Jourdan\u00a0:<\/p>\n\n\n\n<p>&#8211; Lundi 8 janvier 2024\u00a0: s\u00e9ance <strong>&lsquo;religion et politique&rsquo;<\/strong> avec des pr\u00e9sentations de Thierry Maire sur &lsquo;mobilisations conservatrices et \u00e9vang\u00e9liques au Guatemala\u00a0\u00bb et Arthur Kramer sur &lsquo;religion et concepts \u00e9conomiques&rsquo;.<\/p>\n\n\n\n<p>&#8211; Lundi 05 f\u00e9vrier 2024\u00a0: S\u00e9ance autour de <strong>la mat\u00e9rialit\u00e9 du religieux<\/strong>: invit\u00e9es Marie-Laure Boursin (Aix-Marseille) \u00ab\u00a0les poup\u00e9es musulmanes: objets de socialisation primaire\u00a0\u00bb et Caroline Perr\u00e9e (URMIS, CEMCA) \u00ab\u00a0la labilit\u00e9 des ex-voto au Mexique\u00a0\u00bb<\/p>\n\n\n\n<p>&#8211; Lundi&nbsp; 04 mars 2024\u00a0: S\u00e9ance autour de <strong>la subjectivit\u00e9 du croire<\/strong> (Julie Blanc) et un invit\u00e9\u00a0:&nbsp; Yana Pak (\u00e0 partir de sa th\u00e8se sur un r\u00e9seau d&rsquo;entrepreneurs musulmans au Kazakhstan \u00ab\u00a0Un esprit du capitalisme musulman postsovi\u00e9tique\u00a0\u00bb)<\/p>\n\n\n\n<p>&#8211; Lundi\u00a0 08 avril 2024\u00a0: Emma Bigot (CMH), \u00ab\u00a0R\u00e9flexions sur les formes et les mobilisations des r\u00e9cits dans un milieu \u201cNew Age\u201d, le cas des sorci\u00e8res contemporaines.\u00a0\u00bb <br>Marie Mazella (LESC-Nanterre), Pr\u00e9sentation de l&rsquo;atelier et du r\u00e9seau<em> Contemporary Spiritual Practices<\/em><\/p>\n\n\n\n<p>&#8211; Lundi 06 mai 2024\u00a0: S\u00e9ance autour de <strong>sant\u00e9 et religion<\/strong> avec Fernand Idriss Mintooge (EHPE) sur \u00ab\u00a0Ethnographie des sens sociaux de la cure en contexte \u00e9vang\u00e9lique au Cameroun\u00a0\u00bb.<\/p>\n\n\n\n<p>Projet de <strong>JE fin mai-d\u00e9but juin<\/strong> autour de la notion de \u00ab\u00a0religion prise comme r\u00e9cit\u00a0\u00bb<\/p>","protected":false},"excerpt":{"rendered":"<p>Plac\u00e9 sous l&rsquo;axe SSPD mais ouvert \u00e0 tous ceux int\u00e9ress\u00e9s par une recherche par, autour ou avec les ph\u00e9nom\u00e8nes religieux, du calendrier de nos rencontres. Responsables\u00a0: Thierry Maire et Emma Bigot. Les r\u00e9unions se font le lundi de 11h \u00e0 13h, en salle R3-35 \u00e0 Jourdan\u00a0: &#8211; Lundi 8 janvier 2024\u00a0: s\u00e9ance &lsquo;religion et politique&rsquo; [&hellip;]<\/p>\n","protected":false},"author":94,"featured_media":0,"parent":10823,"menu_order":0,"comment_status":"closed","ping_status":"closed","template":"","meta":{"_acf_changed":false,"footnotes":""},"class_list":["post-13889","page","type-page","status-publish","hentry"],"acf":[],"yoast_head":"<!-- This site is optimized with the Yoast SEO plugin v25.6 - https:\/\/yoast.com\/wordpress\/plugins\/seo\/ -->\n<title>CMH<\/title>\n<meta name=\"robots\" content=\"index, follow, max-snippet:-1, max-image-preview:large, max-video-preview:-1\" \/>\n<link rel=\"canonical\" href=\"https:\/\/cmh.ens.fr\/en\/autres-seminaires\/groupe-recits-et-faits-religieux\/\" class=\"yoast-seo-meta-tag\" \/>\n<meta property=\"og:locale\" content=\"en_US\" class=\"yoast-seo-meta-tag\" \/>\n<meta property=\"og:type\" content=\"article\" class=\"yoast-seo-meta-tag\" \/>\n<meta property=\"og:title\" content=\"Groupe &quot;R\u00e9cits et Faits Religieux&quot; - CMH\" class=\"yoast-seo-meta-tag\" \/>\n<meta property=\"og:description\" content=\"Plac\u00e9 sous l&rsquo;axe SSPD mais ouvert \u00e0 tous ceux int\u00e9ress\u00e9s par une recherche par, autour ou avec les ph\u00e9nom\u00e8nes religieux, du calendrier de nos rencontres. Responsables\u00a0: Thierry Maire et Emma Bigot. Les r\u00e9unions se font le lundi de 11h \u00e0 13h, en salle R3-35 \u00e0 Jourdan\u00a0: &#8211; Lundi 8 janvier 2024\u00a0: s\u00e9ance &lsquo;religion et politique&rsquo; [&hellip;]\" class=\"yoast-seo-meta-tag\" \/>\n<meta property=\"og:url\" content=\"https:\/\/cmh.ens.fr\/en\/autres-seminaires\/groupe-recits-et-faits-religieux\/\" class=\"yoast-seo-meta-tag\" \/>\n<meta property=\"og:site_name\" content=\"CMH\" class=\"yoast-seo-meta-tag\" \/>\n<meta property=\"article:modified_time\" content=\"2024-03-22T10:12:15+00:00\" class=\"yoast-seo-meta-tag\" \/>\n<meta name=\"twitter:card\" content=\"summary_large_image\" class=\"yoast-seo-meta-tag\" \/>\n<meta name=\"twitter:label1\" content=\"Est. reading time\" class=\"yoast-seo-meta-tag\" \/>\n\t<meta name=\"twitter:data1\" content=\"2 minutes\" class=\"yoast-seo-meta-tag\" \/>\n<script type=\"application\/ld+json\" class=\"yoast-schema-graph\">{\"@context\":\"https:\/\/schema.org\",\"@graph\":[{\"@type\":\"WebPage\",\"@id\":\"https:\/\/cmh.ens.fr\/en\/autres-seminaires\/groupe-recits-et-faits-religieux\/\",\"url\":\"https:\/\/cmh.ens.fr\/en\/autres-seminaires\/groupe-recits-et-faits-religieux\/\",\"name\":\"Groupe \\\"R\u00e9cits et Faits Religieux\\\" - CMH\",\"isPartOf\":{\"@id\":\"https:\/\/cmh.ens.fr\/en\/#website\"},\"datePublished\":\"2023-12-19T13:17:57+00:00\",\"dateModified\":\"2024-03-22T10:12:15+00:00\",\"breadcrumb\":{\"@id\":\"https:\/\/cmh.ens.fr\/en\/autres-seminaires\/groupe-recits-et-faits-religieux\/#breadcrumb\"},\"inLanguage\":\"en-US\",\"potentialAction\":[{\"@type\":\"ReadAction\",\"target\":[\"https:\/\/cmh.ens.fr\/en\/autres-seminaires\/groupe-recits-et-faits-religieux\/\"]}]},{\"@type\":\"BreadcrumbList\",\"@id\":\"https:\/\/cmh.ens.fr\/en\/autres-seminaires\/groupe-recits-et-faits-religieux\/#breadcrumb\",\"itemListElement\":[{\"@type\":\"ListItem\",\"position\":1,\"name\":\"Accueil\",\"item\":\"https:\/\/cmh.ens.fr\/\"},{\"@type\":\"ListItem\",\"position\":2,\"name\":\"Autres S\u00e9minaires\",\"item\":\"https:\/\/cmh.ens.fr\/en\/autres-seminaires\/\"},{\"@type\":\"ListItem\",\"position\":3,\"name\":\"Groupe \u00ab\u00a0R\u00e9cits et Faits Religieux\u00a0\u00bb\"}]},{\"@type\":\"WebSite\",\"@id\":\"https:\/\/cmh.ens.fr\/en\/#website\",\"url\":\"https:\/\/cmh.ens.fr\/en\/\",\"name\":\"CMH\",\"description\":\"Centre Maurice Halbwachs\",\"publisher\":{\"@id\":\"https:\/\/cmh.ens.fr\/en\/#organization\"},\"potentialAction\":[{\"@type\":\"SearchAction\",\"target\":{\"@type\":\"EntryPoint\",\"urlTemplate\":\"https:\/\/cmh.ens.fr\/en\/?s={search_term_string}\"},\"query-input\":{\"@type\":\"PropertyValueSpecification\",\"valueRequired\":true,\"valueName\":\"search_term_string\"}}],\"inLanguage\":\"en-US\"},{\"@type\":\"Organization\",\"@id\":\"https:\/\/cmh.ens.fr\/en\/#organization\",\"name\":\"Centre Maurice Halbwachs\",\"url\":\"https:\/\/cmh.ens.fr\/en\/\",\"logo\":{\"@type\":\"ImageObject\",\"inLanguage\":\"en-US\",\"@id\":\"https:\/\/cmh.ens.fr\/en\/#\/schema\/logo\/image\/\",\"url\":\"https:\/\/www.cmh.ens.fr\/wp-content\/uploads\/siteon0.jpg\",\"contentUrl\":\"https:\/\/www.cmh.ens.fr\/wp-content\/uploads\/siteon0.jpg\",\"width\":86,\"height\":53,\"caption\":\"Centre Maurice Halbwachs\"},\"image\":{\"@id\":\"https:\/\/cmh.ens.fr\/en\/#\/schema\/logo\/image\/\"}}]}<\/script>\n<!-- \/ Yoast SEO plugin. -->","yoast_head_json":{"title":"CMH","robots":{"index":"index","follow":"follow","max-snippet":"max-snippet:-1","max-image-preview":"max-image-preview:large","max-video-preview":"max-video-preview:-1"},"canonical":"https:\/\/cmh.ens.fr\/en\/autres-seminaires\/groupe-recits-et-faits-religieux\/","og_locale":"en_US","og_type":"article","og_title":"Groupe \"R\u00e9cits et Faits Religieux\" - CMH","og_description":"Plac\u00e9 sous l&rsquo;axe SSPD mais ouvert \u00e0 tous ceux int\u00e9ress\u00e9s par une recherche par, autour ou avec les ph\u00e9nom\u00e8nes religieux, du calendrier de nos rencontres. Responsables\u00a0: Thierry Maire et Emma Bigot. Les r\u00e9unions se font le lundi de 11h \u00e0 13h, en salle R3-35 \u00e0 Jourdan\u00a0: &#8211; Lundi 8 janvier 2024\u00a0: s\u00e9ance &lsquo;religion et politique&rsquo; [&hellip;]","og_url":"https:\/\/cmh.ens.fr\/en\/autres-seminaires\/groupe-recits-et-faits-religieux\/","og_site_name":"CMH","article_modified_time":"2024-03-22T10:12:15+00:00","twitter_card":"summary_large_image","twitter_misc":{"Est. reading time":"2 minutes"},"schema":{"@context":"https:\/\/schema.org","@graph":[{"@type":"WebPage","@id":"https:\/\/cmh.ens.fr\/en\/autres-seminaires\/groupe-recits-et-faits-religieux\/","url":"https:\/\/cmh.ens.fr\/en\/autres-seminaires\/groupe-recits-et-faits-religieux\/","name":"Groupe \"R\u00e9cits et Faits Religieux\" - CMH","isPartOf":{"@id":"https:\/\/cmh.ens.fr\/en\/#website"},"datePublished":"2023-12-19T13:17:57+00:00","dateModified":"2024-03-22T10:12:15+00:00","breadcrumb":{"@id":"https:\/\/cmh.ens.fr\/en\/autres-seminaires\/groupe-recits-et-faits-religieux\/#breadcrumb"},"inLanguage":"en-US","potentialAction":[{"@type":"ReadAction","target":["https:\/\/cmh.ens.fr\/en\/autres-seminaires\/groupe-recits-et-faits-religieux\/"]}]},{"@type":"BreadcrumbList","@id":"https:\/\/cmh.ens.fr\/en\/autres-seminaires\/groupe-recits-et-faits-religieux\/#breadcrumb","itemListElement":[{"@type":"ListItem","position":1,"name":"Accueil","item":"https:\/\/cmh.ens.fr\/"},{"@type":"ListItem","position":2,"name":"Autres S\u00e9minaires","item":"https:\/\/cmh.ens.fr\/en\/autres-seminaires\/"},{"@type":"ListItem","position":3,"name":"Groupe \u00ab\u00a0R\u00e9cits et Faits Religieux\u00a0\u00bb"}]},{"@type":"WebSite","@id":"https:\/\/cmh.ens.fr\/en\/#website","url":"https:\/\/cmh.ens.fr\/en\/","name":"CMH","description":"Centre Maurice Halbwachs","publisher":{"@id":"https:\/\/cmh.ens.fr\/en\/#organization"},"potentialAction":[{"@type":"SearchAction","target":{"@type":"EntryPoint","urlTemplate":"https:\/\/cmh.ens.fr\/en\/?s={search_term_string}"},"query-input":{"@type":"PropertyValueSpecification","valueRequired":true,"valueName":"search_term_string"}}],"inLanguage":"en-US"},{"@type":"Organization","@id":"https:\/\/cmh.ens.fr\/en\/#organization","name":"Centre Maurice Halbwachs","url":"https:\/\/cmh.ens.fr\/en\/","logo":{"@type":"ImageObject","inLanguage":"en-US","@id":"https:\/\/cmh.ens.fr\/en\/#\/schema\/logo\/image\/","url":"https:\/\/www.cmh.ens.fr\/wp-content\/uploads\/siteon0.jpg","contentUrl":"https:\/\/www.cmh.ens.fr\/wp-content\/uploads\/siteon0.jpg","width":86,"height":53,"caption":"Centre Maurice Halbwachs"},"image":{"@id":"https:\/\/cmh.ens.fr\/en\/#\/schema\/logo\/image\/"}}]}},"_links":{"self":[{"href":"https:\/\/cmh.ens.fr\/en\/wp-json\/wp\/v2\/pages\/13889"}],"collection":[{"href":"https:\/\/cmh.ens.fr\/en\/wp-json\/wp\/v2\/pages"}],"about":[{"href":"https:\/\/cmh.ens.fr\/en\/wp-json\/wp\/v2\/types\/page"}],"author":[{"embeddable":true,"href":"https:\/\/cmh.ens.fr\/en\/wp-json\/wp\/v2\/users\/94"}],"replies":[{"embeddable":true,"href":"https:\/\/cmh.ens.fr\/en\/wp-json\/wp\/v2\/comments?post=13889"}],"version-history":[{"count":4,"href":"https:\/\/cmh.ens.fr\/en\/wp-json\/wp\/v2\/pages\/13889\/revisions"}],"predecessor-version":[{"id":14331,"href":"https:\/\/cmh.ens.fr\/en\/wp-json\/wp\/v2\/pages\/13889\/revisions\/14331"}],"up":[{"embeddable":true,"href":"https:\/\/cmh.ens.fr\/en\/wp-json\/wp\/v2\/pages\/10823"}],"wp:attachment":[{"href":"https:\/\/cmh.ens.fr\/en\/wp-json\/wp\/v2\/media?parent=13889"}],"curies":[{"name":"wp","href":"https:\/\/api.w.org\/{rel}","templated":true}]}}