{"id":13883,"date":"2023-12-18T11:08:37","date_gmt":"2023-12-18T10:08:37","guid":{"rendered":"https:\/\/www.cmh.ens.fr\/?page_id=13883"},"modified":"2023-12-18T11:08:38","modified_gmt":"2023-12-18T10:08:38","slug":"programme-de-recherche-solifro-octobre-2023-a-septembre-2026","status":"publish","type":"page","link":"https:\/\/cmh.ens.fr\/en\/programmes-de-recherche\/programme-de-recherche-solifro-octobre-2023-a-septembre-2026\/","title":{"rendered":"Programme de Recherche SOLIFRO \u2013 Octobre 2023 \u00e0 Septembre 2026"},"content":{"rendered":"<p>SIGLE\/ACRONYME\u00a0: SOLIFRO<\/p>\n\n\n\n<p>Intitul\u00e9 long&nbsp;: Aux fronti\u00e8res des solidarit\u00e9s<\/p>\n\n\n\n<p>Responsable scientifique\u00a0: <strong>Saba LE RENARD<\/strong><\/p>\n\n\n\n<p>Partenaire ou coordinateur du projet&nbsp;: Partenaire<\/p>\n\n\n\n<p>Nom du coordinateur si diff\u00e9rent du responsable scientifique&nbsp;: Jane FREEDMAN<\/p>\n\n\n\n<p>Financeur&nbsp;: ANR&nbsp; (ANR-23-CE41-0016-02)<\/p>\n\n\n\n<p>Date de d\u00e9but&nbsp;: 01\/10\/2023<\/p>\n\n\n\n<p>Date de fin&nbsp;: &nbsp;30\/09\/2026<\/p>\n\n\n\n<p>Pr\u00e9sentation synth\u00e9tique du projet&nbsp;:<\/p>\n\n\n\n<p><strong><u>R\u00e9sum\u00e9 court&nbsp;:<\/u><\/strong><\/p>\n\n\n\n<p>Le programme SOLIFRO vise \u00e0 \u00e9tudier les formes de violences qui peuvent advenir dans les actions de solidarit\u00e9 envers les personnes franchissant les fronti\u00e8res fran\u00e7aises. Il a \u00e9t\u00e9 construit \u00e0 la demande d\u2019associations \u0153uvrant dans cette sph\u00e8re, et repose sur trois terrains, aux fronti\u00e8res franco-italienne (Brian\u00e7on), franco-espagnole (Hendaye\/Bayonne) et franco-britannique (Calais). Les quatre axes de r\u00e9flexion sont les suivants&nbsp;: (1) Comment les collectifs d\u00e9finissent-ils les violences et g\u00e8rent-ils les rumeurs et accusations de violence en leur sein&nbsp;? (2) Quels sont les parcours et les profils des personnes engag\u00e9es dans les actions de solidarit\u00e9&nbsp;? (3) Quels imaginaires et fantasmes sexualis\u00e9s sont-ils \u00e0 l\u2019\u0153uvre dans les repr\u00e9sentations des personnes franchissant les fronti\u00e8res, d\u2019une part, et des personnes engag\u00e9es dans les actions de solidarit\u00e9, d\u2019autre part\u00a0? (4) Comment les personnes franchissant les fronti\u00e8res per\u00e7oivent-elles ce qu\u2019est la solidarit\u00e9 \u2013 de la part de collectifs mais aussi entre migrant\u00b7es&nbsp;?<\/p>\n\n\n\n<p><strong><u>R\u00e9sum\u00e9 long&nbsp;:<\/u><\/strong><\/p>\n\n\n\n<p>Ces derni\u00e8res ann\u00e9es, le soutien de la base aux personnes en migration, en particulier dans les lieux de blocage tels que les zones frontali\u00e8res, joue un r\u00f4le central dans les exp\u00e9riences de mobilit\u00e9 vers et au sein de l&rsquo;Europe. Les fronti\u00e8res europ\u00e9ennes, tant internes qu&rsquo;externes, sont devenues de plus en plus militaris\u00e9es et difficiles \u00e0 franchir, engendrant une violence racialis\u00e9e et genr\u00e9e \u00e0 l&rsquo;encontre des personnes migrantes du Sud global. Dans le m\u00eame temps, ces fronti\u00e8res sont devenues des lieux de soutien et de militantisme. Offrir l&rsquo;hospitalit\u00e9, des soins, des produits de premi\u00e8re n\u00e9cessit\u00e9 ou des informations pratiques et juridiques, ce soutien &#8211; souvent qualifi\u00e9 de solidaire &#8211; vise \u00e0 garantir les droits fondamentaux bafou\u00e9s par les politiques migratoires s\u00e9curitaires et \u00e0 faciliter la poursuite du voyage des personnes en migration. Malgr\u00e9 un nombre croissant de travaux sur les solidarit\u00e9s aux fronti\u00e8res, la question des violences de genre et sexuelles survenant dans les espaces de la cause des migrant\u00b7e\u00b7s semble encore taboue. Ce projet vise \u00e0 comprendre les processus sociaux qui produisent des violences de genre et sexuelles dans les contextes de solidarit\u00e9s aux fronti\u00e8res fran\u00e7aises. Il entend mettre en lumi\u00e8re des violences jusqu&rsquo;alors invisibilis\u00e9es, qui semblent faire syst\u00e8me dans le contexte politique de fermeture des fronti\u00e8res \u00e0 certaines migrations et de disparition d&rsquo;un droit d&rsquo;asile effectif. Pour \u00e9tudier ces formes de violence, il s&rsquo;agit d&rsquo;identifier les rapports de pouvoir en jeu dans les situations de fronti\u00e8res, en saisissant \u00e0 la fois les m\u00e9canismes structurels et les implications individuelles qui les permettent. Il s&rsquo;agit de comprendre comment ces violences sont rendues invisibles, cr\u00e9ant une hi\u00e9rarchie des violences aux fronti\u00e8res, entre celles qu&rsquo;il faut d\u00e9noncer et celles qu&rsquo;il faut taire \u00ab\u00a0pour le bien de la cause\u00a0\u00bb. En abordant les questions des relations intimes, de la sexualit\u00e9 et de la violence sexuelle, l&rsquo;\u00e9tude vise \u00e0 d\u00e9construire les mythes de la solidarit\u00e9 \u00ab\u00a0pure\u00a0\u00bb et forc\u00e9ment l\u00e9gitime en faveur des personnes en migration. La recherche qualitative dans trois zones frontali\u00e8res &#8211; la franco-britannique, la franco-italienne et la franco-espagnole &#8211; permettra une analyse d\u00e9taill\u00e9e de la (re)production des rapports et relations de pouvoir et de domination entre les acteur\u00b7rice\u00b7s de la solidarit\u00e9 et les personnes en migration. Elle examinera, \u00e0 diff\u00e9rentes \u00e9chelles, la (non) r\u00e9gulation des relations intimes entre \u00ab\u00a0solidaires\u00a0\u00bb et \u00ab\u00a0b\u00e9n\u00e9ficiaires de la solidarit\u00e9\u00a0\u00bb dans les diff\u00e9rents contextes; il s&rsquo;agira \u00e9galement d&rsquo;\u00e9tudier les parcours des b\u00e9n\u00e9voles\/militant\u00b7e\u00b7s et la mani\u00e8re dont les repr\u00e9sentations et les fantasmes de genre et de sexualit\u00e9 fa\u00e7onnent les espaces d&rsquo;accueil. Cela permettra de mettre en lumi\u00e8re la mani\u00e8re dont la violence de genre et sexuelle est produite, trait\u00e9e et v\u00e9cue dans chaque contexte frontalier local. Nous pr\u00eaterons attention aux diff\u00e9rentes formes de violence produites dans ces espaces et \u00e0 la mani\u00e8re dont elles interagissent avec les pratiques de contr\u00f4le migratoire. Il s\u2019agira \u00e9galement de voir comment ces questions sont probl\u00e9matis\u00e9es de mani\u00e8re diff\u00e9renci\u00e9e dans les espaces de solidarit\u00e9 queer et h\u00e9t\u00e9ronorm\u00e9s. Le projet vise \u00e0 explorer ces nouvelles pistes de recherche, en particulier en ce qui concerne les liens entre contr\u00f4le des migrations, solidarit\u00e9, sexualit\u00e9, violence et (re)production de la race et du genre dans les zones frontali\u00e8res. En outre, la recherche examinera si et comment les personnes en migration r\u00e9sistent \u00e0 \u00ab\u00a0l&rsquo;ordre solidaire\u00a0\u00bb en place aux fronti\u00e8res, en particulier dans les domaines de l&rsquo;intimit\u00e9 et de la sexualit\u00e9, et quelles formes alternatives de solidarit\u00e9 elles peuvent construire entre elles. Le r\u00e9sultat attendu de ce projet est \u00e0 la fois de pouvoir ouvrir un nouveau champ de recherche acad\u00e9mique et de soutenir concr\u00e8tement les associations et les collectifs dans la pr\u00e9vention de la violence dans les espaces de solidarit\u00e9.<\/p>","protected":false},"excerpt":{"rendered":"<p>SIGLE\/ACRONYME\u00a0: SOLIFRO Intitul\u00e9 long&nbsp;: Aux fronti\u00e8res des solidarit\u00e9s Responsable scientifique\u00a0: Saba LE RENARD Partenaire ou coordinateur du projet&nbsp;: Partenaire Nom du coordinateur si diff\u00e9rent du responsable scientifique&nbsp;: Jane FREEDMAN Financeur&nbsp;: ANR&nbsp; (ANR-23-CE41-0016-02) Date de d\u00e9but&nbsp;: 01\/10\/2023 Date de fin&nbsp;: &nbsp;30\/09\/2026 Pr\u00e9sentation synth\u00e9tique du projet&nbsp;: R\u00e9sum\u00e9 court&nbsp;: Le programme SOLIFRO vise \u00e0 \u00e9tudier les formes de [&hellip;]<\/p>\n","protected":false},"author":94,"featured_media":0,"parent":5740,"menu_order":0,"comment_status":"closed","ping_status":"closed","template":"","meta":{"_acf_changed":false,"footnotes":""},"class_list":["post-13883","page","type-page","status-publish","hentry"],"acf":[],"yoast_head":"<!-- This site is optimized with the Yoast SEO plugin v25.6 - https:\/\/yoast.com\/wordpress\/plugins\/seo\/ -->\n<title>CMH<\/title>\n<meta name=\"robots\" content=\"index, follow, max-snippet:-1, max-image-preview:large, max-video-preview:-1\" \/>\n<link rel=\"canonical\" href=\"https:\/\/cmh.ens.fr\/en\/programmes-de-recherche\/programme-de-recherche-solifro-octobre-2023-a-septembre-2026\/\" class=\"yoast-seo-meta-tag\" \/>\n<meta property=\"og:locale\" content=\"en_US\" class=\"yoast-seo-meta-tag\" \/>\n<meta property=\"og:type\" content=\"article\" class=\"yoast-seo-meta-tag\" \/>\n<meta property=\"og:title\" content=\"Programme de Recherche SOLIFRO \u2013 Octobre 2023 \u00e0 Septembre 2026 - CMH\" class=\"yoast-seo-meta-tag\" \/>\n<meta property=\"og:description\" content=\"SIGLE\/ACRONYME\u00a0: SOLIFRO Intitul\u00e9 long&nbsp;: Aux fronti\u00e8res des solidarit\u00e9s Responsable scientifique\u00a0: Saba LE RENARD Partenaire ou coordinateur du projet&nbsp;: Partenaire Nom du coordinateur si diff\u00e9rent du responsable scientifique&nbsp;: Jane FREEDMAN Financeur&nbsp;: ANR&nbsp; (ANR-23-CE41-0016-02) Date de d\u00e9but&nbsp;: 01\/10\/2023 Date de fin&nbsp;: &nbsp;30\/09\/2026 Pr\u00e9sentation synth\u00e9tique du projet&nbsp;: R\u00e9sum\u00e9 court&nbsp;: Le programme SOLIFRO vise \u00e0 \u00e9tudier les formes de [&hellip;]\" class=\"yoast-seo-meta-tag\" \/>\n<meta property=\"og:url\" content=\"https:\/\/cmh.ens.fr\/en\/programmes-de-recherche\/programme-de-recherche-solifro-octobre-2023-a-septembre-2026\/\" class=\"yoast-seo-meta-tag\" \/>\n<meta property=\"og:site_name\" content=\"CMH\" class=\"yoast-seo-meta-tag\" \/>\n<meta property=\"article:modified_time\" content=\"2023-12-18T10:08:38+00:00\" class=\"yoast-seo-meta-tag\" \/>\n<meta name=\"twitter:card\" content=\"summary_large_image\" class=\"yoast-seo-meta-tag\" \/>\n<meta name=\"twitter:label1\" content=\"Est. reading time\" class=\"yoast-seo-meta-tag\" \/>\n\t<meta name=\"twitter:data1\" content=\"5 minutes\" class=\"yoast-seo-meta-tag\" \/>\n<script type=\"application\/ld+json\" class=\"yoast-schema-graph\">{\"@context\":\"https:\/\/schema.org\",\"@graph\":[{\"@type\":\"WebPage\",\"@id\":\"https:\/\/cmh.ens.fr\/en\/programmes-de-recherche\/programme-de-recherche-solifro-octobre-2023-a-septembre-2026\/\",\"url\":\"https:\/\/cmh.ens.fr\/en\/programmes-de-recherche\/programme-de-recherche-solifro-octobre-2023-a-septembre-2026\/\",\"name\":\"Programme de Recherche SOLIFRO \u2013 Octobre 2023 \u00e0 Septembre 2026 - CMH\",\"isPartOf\":{\"@id\":\"https:\/\/cmh.ens.fr\/en\/#website\"},\"datePublished\":\"2023-12-18T10:08:37+00:00\",\"dateModified\":\"2023-12-18T10:08:38+00:00\",\"breadcrumb\":{\"@id\":\"https:\/\/cmh.ens.fr\/en\/programmes-de-recherche\/programme-de-recherche-solifro-octobre-2023-a-septembre-2026\/#breadcrumb\"},\"inLanguage\":\"en-US\",\"potentialAction\":[{\"@type\":\"ReadAction\",\"target\":[\"https:\/\/cmh.ens.fr\/en\/programmes-de-recherche\/programme-de-recherche-solifro-octobre-2023-a-septembre-2026\/\"]}]},{\"@type\":\"BreadcrumbList\",\"@id\":\"https:\/\/cmh.ens.fr\/en\/programmes-de-recherche\/programme-de-recherche-solifro-octobre-2023-a-septembre-2026\/#breadcrumb\",\"itemListElement\":[{\"@type\":\"ListItem\",\"position\":1,\"name\":\"Accueil\",\"item\":\"https:\/\/cmh.ens.fr\/\"},{\"@type\":\"ListItem\",\"position\":2,\"name\":\"Programmes de recherche\",\"item\":\"https:\/\/cmh.ens.fr\/programmes-de-recherche\/\"},{\"@type\":\"ListItem\",\"position\":3,\"name\":\"Programme de Recherche SOLIFRO \u2013 Octobre 2023 \u00e0 Septembre 2026\"}]},{\"@type\":\"WebSite\",\"@id\":\"https:\/\/cmh.ens.fr\/en\/#website\",\"url\":\"https:\/\/cmh.ens.fr\/en\/\",\"name\":\"CMH\",\"description\":\"Centre Maurice Halbwachs\",\"publisher\":{\"@id\":\"https:\/\/cmh.ens.fr\/en\/#organization\"},\"potentialAction\":[{\"@type\":\"SearchAction\",\"target\":{\"@type\":\"EntryPoint\",\"urlTemplate\":\"https:\/\/cmh.ens.fr\/en\/?s={search_term_string}\"},\"query-input\":{\"@type\":\"PropertyValueSpecification\",\"valueRequired\":true,\"valueName\":\"search_term_string\"}}],\"inLanguage\":\"en-US\"},{\"@type\":\"Organization\",\"@id\":\"https:\/\/cmh.ens.fr\/en\/#organization\",\"name\":\"Centre Maurice Halbwachs\",\"url\":\"https:\/\/cmh.ens.fr\/en\/\",\"logo\":{\"@type\":\"ImageObject\",\"inLanguage\":\"en-US\",\"@id\":\"https:\/\/cmh.ens.fr\/en\/#\/schema\/logo\/image\/\",\"url\":\"https:\/\/www.cmh.ens.fr\/wp-content\/uploads\/siteon0.jpg\",\"contentUrl\":\"https:\/\/www.cmh.ens.fr\/wp-content\/uploads\/siteon0.jpg\",\"width\":86,\"height\":53,\"caption\":\"Centre Maurice Halbwachs\"},\"image\":{\"@id\":\"https:\/\/cmh.ens.fr\/en\/#\/schema\/logo\/image\/\"}}]}<\/script>\n<!-- \/ Yoast SEO plugin. -->","yoast_head_json":{"title":"CMH","robots":{"index":"index","follow":"follow","max-snippet":"max-snippet:-1","max-image-preview":"max-image-preview:large","max-video-preview":"max-video-preview:-1"},"canonical":"https:\/\/cmh.ens.fr\/en\/programmes-de-recherche\/programme-de-recherche-solifro-octobre-2023-a-septembre-2026\/","og_locale":"en_US","og_type":"article","og_title":"Programme de Recherche SOLIFRO \u2013 Octobre 2023 \u00e0 Septembre 2026 - CMH","og_description":"SIGLE\/ACRONYME\u00a0: SOLIFRO Intitul\u00e9 long&nbsp;: Aux fronti\u00e8res des solidarit\u00e9s Responsable scientifique\u00a0: Saba LE RENARD Partenaire ou coordinateur du projet&nbsp;: Partenaire Nom du coordinateur si diff\u00e9rent du responsable scientifique&nbsp;: Jane FREEDMAN Financeur&nbsp;: ANR&nbsp; (ANR-23-CE41-0016-02) Date de d\u00e9but&nbsp;: 01\/10\/2023 Date de fin&nbsp;: &nbsp;30\/09\/2026 Pr\u00e9sentation synth\u00e9tique du projet&nbsp;: R\u00e9sum\u00e9 court&nbsp;: Le programme SOLIFRO vise \u00e0 \u00e9tudier les formes de [&hellip;]","og_url":"https:\/\/cmh.ens.fr\/en\/programmes-de-recherche\/programme-de-recherche-solifro-octobre-2023-a-septembre-2026\/","og_site_name":"CMH","article_modified_time":"2023-12-18T10:08:38+00:00","twitter_card":"summary_large_image","twitter_misc":{"Est. reading time":"5 minutes"},"schema":{"@context":"https:\/\/schema.org","@graph":[{"@type":"WebPage","@id":"https:\/\/cmh.ens.fr\/en\/programmes-de-recherche\/programme-de-recherche-solifro-octobre-2023-a-septembre-2026\/","url":"https:\/\/cmh.ens.fr\/en\/programmes-de-recherche\/programme-de-recherche-solifro-octobre-2023-a-septembre-2026\/","name":"Programme de Recherche SOLIFRO \u2013 Octobre 2023 \u00e0 Septembre 2026 - CMH","isPartOf":{"@id":"https:\/\/cmh.ens.fr\/en\/#website"},"datePublished":"2023-12-18T10:08:37+00:00","dateModified":"2023-12-18T10:08:38+00:00","breadcrumb":{"@id":"https:\/\/cmh.ens.fr\/en\/programmes-de-recherche\/programme-de-recherche-solifro-octobre-2023-a-septembre-2026\/#breadcrumb"},"inLanguage":"en-US","potentialAction":[{"@type":"ReadAction","target":["https:\/\/cmh.ens.fr\/en\/programmes-de-recherche\/programme-de-recherche-solifro-octobre-2023-a-septembre-2026\/"]}]},{"@type":"BreadcrumbList","@id":"https:\/\/cmh.ens.fr\/en\/programmes-de-recherche\/programme-de-recherche-solifro-octobre-2023-a-septembre-2026\/#breadcrumb","itemListElement":[{"@type":"ListItem","position":1,"name":"Accueil","item":"https:\/\/cmh.ens.fr\/"},{"@type":"ListItem","position":2,"name":"Programmes de recherche","item":"https:\/\/cmh.ens.fr\/programmes-de-recherche\/"},{"@type":"ListItem","position":3,"name":"Programme de Recherche SOLIFRO \u2013 Octobre 2023 \u00e0 Septembre 2026"}]},{"@type":"WebSite","@id":"https:\/\/cmh.ens.fr\/en\/#website","url":"https:\/\/cmh.ens.fr\/en\/","name":"CMH","description":"Centre Maurice Halbwachs","publisher":{"@id":"https:\/\/cmh.ens.fr\/en\/#organization"},"potentialAction":[{"@type":"SearchAction","target":{"@type":"EntryPoint","urlTemplate":"https:\/\/cmh.ens.fr\/en\/?s={search_term_string}"},"query-input":{"@type":"PropertyValueSpecification","valueRequired":true,"valueName":"search_term_string"}}],"inLanguage":"en-US"},{"@type":"Organization","@id":"https:\/\/cmh.ens.fr\/en\/#organization","name":"Centre Maurice Halbwachs","url":"https:\/\/cmh.ens.fr\/en\/","logo":{"@type":"ImageObject","inLanguage":"en-US","@id":"https:\/\/cmh.ens.fr\/en\/#\/schema\/logo\/image\/","url":"https:\/\/www.cmh.ens.fr\/wp-content\/uploads\/siteon0.jpg","contentUrl":"https:\/\/www.cmh.ens.fr\/wp-content\/uploads\/siteon0.jpg","width":86,"height":53,"caption":"Centre Maurice Halbwachs"},"image":{"@id":"https:\/\/cmh.ens.fr\/en\/#\/schema\/logo\/image\/"}}]}},"_links":{"self":[{"href":"https:\/\/cmh.ens.fr\/en\/wp-json\/wp\/v2\/pages\/13883"}],"collection":[{"href":"https:\/\/cmh.ens.fr\/en\/wp-json\/wp\/v2\/pages"}],"about":[{"href":"https:\/\/cmh.ens.fr\/en\/wp-json\/wp\/v2\/types\/page"}],"author":[{"embeddable":true,"href":"https:\/\/cmh.ens.fr\/en\/wp-json\/wp\/v2\/users\/94"}],"replies":[{"embeddable":true,"href":"https:\/\/cmh.ens.fr\/en\/wp-json\/wp\/v2\/comments?post=13883"}],"version-history":[{"count":1,"href":"https:\/\/cmh.ens.fr\/en\/wp-json\/wp\/v2\/pages\/13883\/revisions"}],"predecessor-version":[{"id":13884,"href":"https:\/\/cmh.ens.fr\/en\/wp-json\/wp\/v2\/pages\/13883\/revisions\/13884"}],"up":[{"embeddable":true,"href":"https:\/\/cmh.ens.fr\/en\/wp-json\/wp\/v2\/pages\/5740"}],"wp:attachment":[{"href":"https:\/\/cmh.ens.fr\/en\/wp-json\/wp\/v2\/media?parent=13883"}],"curies":[{"name":"wp","href":"https:\/\/api.w.org\/{rel}","templated":true}]}}