{"id":13838,"date":"2023-12-13T17:44:53","date_gmt":"2023-12-13T16:44:53","guid":{"rendered":"https:\/\/www.cmh.ens.fr\/?page_id=13838"},"modified":"2023-12-13T17:44:54","modified_gmt":"2023-12-13T16:44:54","slug":"programme-de-recherche-fhrpe-aout-2022-a-juin-2024","status":"publish","type":"page","link":"https:\/\/cmh.ens.fr\/en\/programmes-de-recherche\/programme-de-recherche-fhrpe-aout-2022-a-juin-2024\/","title":{"rendered":"Programme de Recherche FHRPE  \u2013 Ao\u00fbt 2022 \u00e0 Juin 2024"},"content":{"rendered":"<p>SIGLE\/ACRONYME&nbsp;: FHRPE<\/p>\n\n\n\n<p>Intitul\u00e9 long&nbsp;:\u00a0\u00ab&nbsp;Les mobilit\u00e9s r\u00e9sidentielles des personnes en situation de grande pauvret\u00e9&nbsp;\u00bb<\/p>\n\n\n\n<p>Responsable scientifique\u00a0: <strong>Florence WEBER<\/strong><\/p>\n\n\n\n<p>Partenaire ou coordinateur du projet&nbsp;: Coordinatrice<\/p>\n\n\n\n<p>Nom du coordinateur si diff\u00e9rent du responsable scientifique&nbsp;:<\/p>\n\n\n\n<p>Financeur&nbsp;: Fondation Hospitali\u00e8re pour la Recherche sur la Pr\u00e9carit\u00e9 et l\u2019Exclusion sociale<\/p>\n\n\n\n<p>Date de d\u00e9but&nbsp;: 22\/08\/2022<\/p>\n\n\n\n<p>Date de fin&nbsp;:&nbsp; 30\/06\/2024<\/p>\n\n\n\n<p>Pr\u00e9sentation synth\u00e9tique du projet&nbsp;:<\/p>\n\n\n\n<p>Le projet vise \u00e0 analyser les mobilit\u00e9s r\u00e9sidentielles de populations relevant de la grande pauvret\u00e9, depuis les villes m\u00e9tropolis\u00e9es vers des petites villes en d\u00e9croissance, par une double ethnographie des strat\u00e9gies de survie et des orientations institutionnelles. Nous adoptons une d\u00e9finition \u00e9largie des formes de r\u00e9sidence&nbsp;:\u00a0\u00adla rue, le nomadisme, l\u2019habitat pr\u00e9caire, l\u2019h\u00e9bergement en structure et la r\u00e9sidence ordinaire (logement social de fait, de droit et march\u00e9 immobilier). La m\u00eame m\u00e9thodologie d\u2019enqu\u00eate (ethnographie, photographie, g\u00e9ographie, statistique) est appliqu\u00e9e dans trois lieux d\u2019arriv\u00e9e (Tonnerre, La Souterraine, le CHAPSA de Nanterre) qui se r\u00e9v\u00e8lent \u00eatre \u00e9galement des lieux de d\u00e9part. Le projet s\u2019inscrit dans une recherche multisitu\u00e9e qui vise \u00e0 documenter l\u2019accroissement des in\u00e9galit\u00e9s spatiales et \u00e0 proposer des hypoth\u00e8ses sur les processus \u00e9conomiques et politiques qui d\u00e9terminent les mobilit\u00e9s et les immobilit\u00e9s r\u00e9sidentielles.<\/p>\n\n\n\n<p>&nbsp;\u2026\u2026\u2026\u2026\u2026\u2026\u2026\u2026\u2026\u2026\u2026\u2026\u2026\u2026\u2026\u2026\u2026\u2026\u2026\u2026\u2026\u2026\u2026\u2026\u2026\u2026\u2026\u2026\u2026\u2026\u2026\u2026\u2026\u2026\u2026\u2026\u2026\u2026\u2026\u2026\u2026\u2026\u2026\u2026\u2026\u2026..\u2026\u2026\u2026\u2026\u2026\u2026\u2026\u2026\u2026\u2026<\/p>\n\n\n\n<p>Lien (site du projet, blog, s\u00e9minaire du projet, publication\u2026)&nbsp;:<\/p>\n\n\n\n<p>Sur <a href=\"https:\/\/able-journal.org\/fr\/tenir\/\">Tonnerre<\/a>\u00a0<\/p>\n\n\n\n<p>Sur les <a href=\"https:\/\/doi.org\/10.3917\/parti.036.0007\">politiques locales<\/a> et leurs effets sur les populations migrantes\u00a0: Haapaj\u00e4rvi, L., Vieujean, O., Eir\u00f3, F. &amp; Vollebergh, A. (2023). Introduction. Gouverner par les liens. <em>Participations<\/em>, 36, 7-30. <\/p>\n\n\n\n<p>Sur l\u2019<a href=\"https:\/\/www.ens.psl.eu\/agenda\/retours-de-la-souterraine\/2022-06-08t070000\">enqu\u00eate<\/a> photographique et ethnographique men\u00e9e \u00e0 La Souterraine\u00a0<\/p>","protected":false},"excerpt":{"rendered":"<p>SIGLE\/ACRONYME&nbsp;: FHRPE Intitul\u00e9 long&nbsp;:\u00a0\u00ab&nbsp;Les mobilit\u00e9s r\u00e9sidentielles des personnes en situation de grande pauvret\u00e9&nbsp;\u00bb Responsable scientifique\u00a0: Florence WEBER Partenaire ou coordinateur du projet&nbsp;: Coordinatrice Nom du coordinateur si diff\u00e9rent du responsable scientifique&nbsp;: Financeur&nbsp;: Fondation Hospitali\u00e8re pour la Recherche sur la Pr\u00e9carit\u00e9 et l\u2019Exclusion sociale Date de d\u00e9but&nbsp;: 22\/08\/2022 Date de fin&nbsp;:&nbsp; 30\/06\/2024 Pr\u00e9sentation synth\u00e9tique du projet&nbsp;: [&hellip;]<\/p>\n","protected":false},"author":94,"featured_media":0,"parent":5740,"menu_order":0,"comment_status":"closed","ping_status":"closed","template":"","meta":{"_acf_changed":false,"footnotes":""},"class_list":["post-13838","page","type-page","status-publish","hentry"],"acf":[],"yoast_head":"<!-- This site is optimized with the Yoast SEO plugin v25.6 - https:\/\/yoast.com\/wordpress\/plugins\/seo\/ -->\n<title>CMH<\/title>\n<meta name=\"robots\" content=\"index, follow, max-snippet:-1, max-image-preview:large, max-video-preview:-1\" \/>\n<link rel=\"canonical\" href=\"https:\/\/cmh.ens.fr\/en\/programmes-de-recherche\/programme-de-recherche-fhrpe-aout-2022-a-juin-2024\/\" class=\"yoast-seo-meta-tag\" \/>\n<meta property=\"og:locale\" content=\"en_US\" class=\"yoast-seo-meta-tag\" \/>\n<meta property=\"og:type\" content=\"article\" class=\"yoast-seo-meta-tag\" \/>\n<meta property=\"og:title\" content=\"Programme de Recherche FHRPE \u2013 Ao\u00fbt 2022 \u00e0 Juin 2024 - CMH\" class=\"yoast-seo-meta-tag\" \/>\n<meta property=\"og:description\" content=\"SIGLE\/ACRONYME&nbsp;: FHRPE Intitul\u00e9 long&nbsp;:\u00a0\u00ab&nbsp;Les mobilit\u00e9s r\u00e9sidentielles des personnes en situation de grande pauvret\u00e9&nbsp;\u00bb Responsable scientifique\u00a0: Florence WEBER Partenaire ou coordinateur du projet&nbsp;: Coordinatrice Nom du coordinateur si diff\u00e9rent du responsable scientifique&nbsp;: Financeur&nbsp;: Fondation Hospitali\u00e8re pour la Recherche sur la Pr\u00e9carit\u00e9 et l\u2019Exclusion sociale Date de d\u00e9but&nbsp;: 22\/08\/2022 Date de fin&nbsp;:&nbsp; 30\/06\/2024 Pr\u00e9sentation synth\u00e9tique du projet&nbsp;: [&hellip;]\" class=\"yoast-seo-meta-tag\" \/>\n<meta property=\"og:url\" content=\"https:\/\/cmh.ens.fr\/en\/programmes-de-recherche\/programme-de-recherche-fhrpe-aout-2022-a-juin-2024\/\" class=\"yoast-seo-meta-tag\" \/>\n<meta property=\"og:site_name\" content=\"CMH\" class=\"yoast-seo-meta-tag\" \/>\n<meta property=\"article:modified_time\" content=\"2023-12-13T16:44:54+00:00\" class=\"yoast-seo-meta-tag\" \/>\n<meta name=\"twitter:card\" content=\"summary_large_image\" class=\"yoast-seo-meta-tag\" \/>\n<meta name=\"twitter:label1\" content=\"Est. reading time\" class=\"yoast-seo-meta-tag\" \/>\n\t<meta name=\"twitter:data1\" content=\"2 minutes\" class=\"yoast-seo-meta-tag\" \/>\n<script type=\"application\/ld+json\" class=\"yoast-schema-graph\">{\"@context\":\"https:\/\/schema.org\",\"@graph\":[{\"@type\":\"WebPage\",\"@id\":\"https:\/\/cmh.ens.fr\/en\/programmes-de-recherche\/programme-de-recherche-fhrpe-aout-2022-a-juin-2024\/\",\"url\":\"https:\/\/cmh.ens.fr\/en\/programmes-de-recherche\/programme-de-recherche-fhrpe-aout-2022-a-juin-2024\/\",\"name\":\"Programme de Recherche FHRPE \u2013 Ao\u00fbt 2022 \u00e0 Juin 2024 - CMH\",\"isPartOf\":{\"@id\":\"https:\/\/cmh.ens.fr\/en\/#website\"},\"datePublished\":\"2023-12-13T16:44:53+00:00\",\"dateModified\":\"2023-12-13T16:44:54+00:00\",\"breadcrumb\":{\"@id\":\"https:\/\/cmh.ens.fr\/en\/programmes-de-recherche\/programme-de-recherche-fhrpe-aout-2022-a-juin-2024\/#breadcrumb\"},\"inLanguage\":\"en-US\",\"potentialAction\":[{\"@type\":\"ReadAction\",\"target\":[\"https:\/\/cmh.ens.fr\/en\/programmes-de-recherche\/programme-de-recherche-fhrpe-aout-2022-a-juin-2024\/\"]}]},{\"@type\":\"BreadcrumbList\",\"@id\":\"https:\/\/cmh.ens.fr\/en\/programmes-de-recherche\/programme-de-recherche-fhrpe-aout-2022-a-juin-2024\/#breadcrumb\",\"itemListElement\":[{\"@type\":\"ListItem\",\"position\":1,\"name\":\"Accueil\",\"item\":\"https:\/\/cmh.ens.fr\/\"},{\"@type\":\"ListItem\",\"position\":2,\"name\":\"Programmes de recherche\",\"item\":\"https:\/\/cmh.ens.fr\/programmes-de-recherche\/\"},{\"@type\":\"ListItem\",\"position\":3,\"name\":\"Programme de Recherche FHRPE \u2013 Ao\u00fbt 2022 \u00e0 Juin 2024\"}]},{\"@type\":\"WebSite\",\"@id\":\"https:\/\/cmh.ens.fr\/en\/#website\",\"url\":\"https:\/\/cmh.ens.fr\/en\/\",\"name\":\"CMH\",\"description\":\"Centre Maurice Halbwachs\",\"publisher\":{\"@id\":\"https:\/\/cmh.ens.fr\/en\/#organization\"},\"potentialAction\":[{\"@type\":\"SearchAction\",\"target\":{\"@type\":\"EntryPoint\",\"urlTemplate\":\"https:\/\/cmh.ens.fr\/en\/?s={search_term_string}\"},\"query-input\":{\"@type\":\"PropertyValueSpecification\",\"valueRequired\":true,\"valueName\":\"search_term_string\"}}],\"inLanguage\":\"en-US\"},{\"@type\":\"Organization\",\"@id\":\"https:\/\/cmh.ens.fr\/en\/#organization\",\"name\":\"Centre Maurice Halbwachs\",\"url\":\"https:\/\/cmh.ens.fr\/en\/\",\"logo\":{\"@type\":\"ImageObject\",\"inLanguage\":\"en-US\",\"@id\":\"https:\/\/cmh.ens.fr\/en\/#\/schema\/logo\/image\/\",\"url\":\"https:\/\/www.cmh.ens.fr\/wp-content\/uploads\/siteon0.jpg\",\"contentUrl\":\"https:\/\/www.cmh.ens.fr\/wp-content\/uploads\/siteon0.jpg\",\"width\":86,\"height\":53,\"caption\":\"Centre Maurice Halbwachs\"},\"image\":{\"@id\":\"https:\/\/cmh.ens.fr\/en\/#\/schema\/logo\/image\/\"}}]}<\/script>\n<!-- \/ Yoast SEO plugin. -->","yoast_head_json":{"title":"CMH","robots":{"index":"index","follow":"follow","max-snippet":"max-snippet:-1","max-image-preview":"max-image-preview:large","max-video-preview":"max-video-preview:-1"},"canonical":"https:\/\/cmh.ens.fr\/en\/programmes-de-recherche\/programme-de-recherche-fhrpe-aout-2022-a-juin-2024\/","og_locale":"en_US","og_type":"article","og_title":"Programme de Recherche FHRPE \u2013 Ao\u00fbt 2022 \u00e0 Juin 2024 - CMH","og_description":"SIGLE\/ACRONYME&nbsp;: FHRPE Intitul\u00e9 long&nbsp;:\u00a0\u00ab&nbsp;Les mobilit\u00e9s r\u00e9sidentielles des personnes en situation de grande pauvret\u00e9&nbsp;\u00bb Responsable scientifique\u00a0: Florence WEBER Partenaire ou coordinateur du projet&nbsp;: Coordinatrice Nom du coordinateur si diff\u00e9rent du responsable scientifique&nbsp;: Financeur&nbsp;: Fondation Hospitali\u00e8re pour la Recherche sur la Pr\u00e9carit\u00e9 et l\u2019Exclusion sociale Date de d\u00e9but&nbsp;: 22\/08\/2022 Date de fin&nbsp;:&nbsp; 30\/06\/2024 Pr\u00e9sentation synth\u00e9tique du projet&nbsp;: [&hellip;]","og_url":"https:\/\/cmh.ens.fr\/en\/programmes-de-recherche\/programme-de-recherche-fhrpe-aout-2022-a-juin-2024\/","og_site_name":"CMH","article_modified_time":"2023-12-13T16:44:54+00:00","twitter_card":"summary_large_image","twitter_misc":{"Est. reading time":"2 minutes"},"schema":{"@context":"https:\/\/schema.org","@graph":[{"@type":"WebPage","@id":"https:\/\/cmh.ens.fr\/en\/programmes-de-recherche\/programme-de-recherche-fhrpe-aout-2022-a-juin-2024\/","url":"https:\/\/cmh.ens.fr\/en\/programmes-de-recherche\/programme-de-recherche-fhrpe-aout-2022-a-juin-2024\/","name":"Programme de Recherche FHRPE \u2013 Ao\u00fbt 2022 \u00e0 Juin 2024 - CMH","isPartOf":{"@id":"https:\/\/cmh.ens.fr\/en\/#website"},"datePublished":"2023-12-13T16:44:53+00:00","dateModified":"2023-12-13T16:44:54+00:00","breadcrumb":{"@id":"https:\/\/cmh.ens.fr\/en\/programmes-de-recherche\/programme-de-recherche-fhrpe-aout-2022-a-juin-2024\/#breadcrumb"},"inLanguage":"en-US","potentialAction":[{"@type":"ReadAction","target":["https:\/\/cmh.ens.fr\/en\/programmes-de-recherche\/programme-de-recherche-fhrpe-aout-2022-a-juin-2024\/"]}]},{"@type":"BreadcrumbList","@id":"https:\/\/cmh.ens.fr\/en\/programmes-de-recherche\/programme-de-recherche-fhrpe-aout-2022-a-juin-2024\/#breadcrumb","itemListElement":[{"@type":"ListItem","position":1,"name":"Accueil","item":"https:\/\/cmh.ens.fr\/"},{"@type":"ListItem","position":2,"name":"Programmes de recherche","item":"https:\/\/cmh.ens.fr\/programmes-de-recherche\/"},{"@type":"ListItem","position":3,"name":"Programme de Recherche FHRPE \u2013 Ao\u00fbt 2022 \u00e0 Juin 2024"}]},{"@type":"WebSite","@id":"https:\/\/cmh.ens.fr\/en\/#website","url":"https:\/\/cmh.ens.fr\/en\/","name":"CMH","description":"Centre Maurice Halbwachs","publisher":{"@id":"https:\/\/cmh.ens.fr\/en\/#organization"},"potentialAction":[{"@type":"SearchAction","target":{"@type":"EntryPoint","urlTemplate":"https:\/\/cmh.ens.fr\/en\/?s={search_term_string}"},"query-input":{"@type":"PropertyValueSpecification","valueRequired":true,"valueName":"search_term_string"}}],"inLanguage":"en-US"},{"@type":"Organization","@id":"https:\/\/cmh.ens.fr\/en\/#organization","name":"Centre Maurice Halbwachs","url":"https:\/\/cmh.ens.fr\/en\/","logo":{"@type":"ImageObject","inLanguage":"en-US","@id":"https:\/\/cmh.ens.fr\/en\/#\/schema\/logo\/image\/","url":"https:\/\/www.cmh.ens.fr\/wp-content\/uploads\/siteon0.jpg","contentUrl":"https:\/\/www.cmh.ens.fr\/wp-content\/uploads\/siteon0.jpg","width":86,"height":53,"caption":"Centre Maurice Halbwachs"},"image":{"@id":"https:\/\/cmh.ens.fr\/en\/#\/schema\/logo\/image\/"}}]}},"_links":{"self":[{"href":"https:\/\/cmh.ens.fr\/en\/wp-json\/wp\/v2\/pages\/13838"}],"collection":[{"href":"https:\/\/cmh.ens.fr\/en\/wp-json\/wp\/v2\/pages"}],"about":[{"href":"https:\/\/cmh.ens.fr\/en\/wp-json\/wp\/v2\/types\/page"}],"author":[{"embeddable":true,"href":"https:\/\/cmh.ens.fr\/en\/wp-json\/wp\/v2\/users\/94"}],"replies":[{"embeddable":true,"href":"https:\/\/cmh.ens.fr\/en\/wp-json\/wp\/v2\/comments?post=13838"}],"version-history":[{"count":1,"href":"https:\/\/cmh.ens.fr\/en\/wp-json\/wp\/v2\/pages\/13838\/revisions"}],"predecessor-version":[{"id":13839,"href":"https:\/\/cmh.ens.fr\/en\/wp-json\/wp\/v2\/pages\/13838\/revisions\/13839"}],"up":[{"embeddable":true,"href":"https:\/\/cmh.ens.fr\/en\/wp-json\/wp\/v2\/pages\/5740"}],"wp:attachment":[{"href":"https:\/\/cmh.ens.fr\/en\/wp-json\/wp\/v2\/media?parent=13838"}],"curies":[{"name":"wp","href":"https:\/\/api.w.org\/{rel}","templated":true}]}}