{"id":13804,"date":"2023-12-12T12:36:09","date_gmt":"2023-12-12T11:36:09","guid":{"rendered":"https:\/\/www.cmh.ens.fr\/?page_id=13804"},"modified":"2023-12-12T12:40:39","modified_gmt":"2023-12-12T11:40:39","slug":"programme-de-recherche-popsu-juin-2023-a-mai-2026","status":"publish","type":"page","link":"https:\/\/cmh.ens.fr\/en\/programmes-de-recherche\/programme-de-recherche-popsu-juin-2023-a-mai-2026\/","title":{"rendered":"Programme de Recherche POPSU \u2013 Juin 2023 \u00e0 Mai 2026"},"content":{"rendered":"<p>SIGLE\/ACRONYME&nbsp;: POPSU<\/p>\n\n\n\n<p>Intitul\u00e9 long&nbsp;: POPSU Territoires dans la commune de Tonnerre<\/p>\n\n\n\n<p>Responsable scientifique\u00a0:<strong> Florence WEBER \/ Jean-Robert DANTOU<\/strong><\/p>\n\n\n\n<p>Partenaire ou coordinateur du projet&nbsp;: Coordinateur<\/p>\n\n\n\n<p>Nom du coordinateur si diff\u00e9rent du responsable scientifique&nbsp;:<\/p>\n\n\n\n<p>Financeur&nbsp;: GIP EPAU<\/p>\n\n\n\n<p>Date de d\u00e9but&nbsp;: 01\/06\/2023<\/p>\n\n\n\n<p>Date de fin&nbsp;:&nbsp; 31\/05\/2026<\/p>\n\n\n\n<p>Pr\u00e9sentation synth\u00e9tique du projet&nbsp;:<\/p>\n\n\n\n<p>Le projet\u00a0\u00ab&nbsp;De la fili\u00e8re au care&nbsp;\u00bb&nbsp; vise dans un premier temps \u00e0 analyser depuis un point d\u2019arriv\u00e9e les mobilit\u00e9s r\u00e9sidentielles de personnes en situation de pr\u00e9carit\u00e9 arriv\u00e9es dans la ville de Tonnerre (Yonne), par la photographie documentaire et l\u2019ethnographie r\u00e9flexive. L\u2019\u00e9tude de cas m\u00e8nera ensuite \u00e0 rencontrer les acteurs locaux du <em>care<\/em> (associations d\u2019habitants, structures m\u00e9dico-sociales, associations caritatives) afin de croiser leur regard avec l\u2019expertise des personnes concern\u00e9es et de faire \u00e9merger des pistes d\u2019am\u00e9lioration de la vie quotidienne des personnes en situation de pr\u00e9carit\u00e9 (rapport \u00e0 l\u2019avenir, sant\u00e9, liens sociaux).<\/p>\n\n\n\n<p>Ce projet s\u2019appuie sur un travail de th\u00e8se men\u00e9 dans la ville de Tonnerre entre 2017 et 2022 par le photographe documentaire Jean-Robert Dantou, dans le cadre d\u2019une th\u00e8se en Recherche Cr\u00e9ation SACRe (ENS-PSL). Le projet a pour objectif de r\u00e9aliser dans un premier temps une \u00e9tude de cas bas\u00e9e sur des entretiens r\u00e9alis\u00e9s aupr\u00e8s d\u2019acteurs de diff\u00e9rentes \u00e9chelles territoriales li\u00e9es \u00e0 ces fili\u00e8res d\u2019arriv\u00e9e&nbsp;: notamment la commune et le d\u00e9partement. La recherche vise dans un second temps \u00e0 rendre compte de la multiplicit\u00e9 des strat\u00e9gies d\u00e9ploy\u00e9es par les acteurs pour am\u00e9liorer le quotidien des personnes en situation de pr\u00e9carit\u00e9. Le projet propose une m\u00e9thodologie de recherche innovante croisant cartographie, photographie documentaire, archive, statistiques localis\u00e9es et ethnographie. Le projet se conclura par la r\u00e9alisation d\u2019une exposition dans la ville de Tonnerre du 29 mai au 30 juin 2024.<\/p>\n\n\n\n<p>\u2026\u2026\u2026\u2026\u2026\u2026\u2026\u2026\u2026\u2026\u2026\u2026\u2026\u2026\u2026\u2026\u2026\u2026\u2026\u2026\u2026\u2026\u2026\u2026\u2026\u2026\u2026\u2026\u2026\u2026\u2026\u2026\u2026\u2026\u2026\u2026\u2026\u2026\u2026\u2026\u2026\u2026\u2026\u2026\u2026\u2026..\u2026\u2026\u2026\u2026\u2026\u2026\u2026\u2026\u2026\u2026<\/p>\n\n\n\n<p>Liens (site du projet, blog, s\u00e9minaire du projet, publication\u2026)&nbsp;:<\/p>\n\n\n\n<p>Une publication sur le site de la <a href=\"https:\/\/commande-photojournalisme.culture.gouv.fr\/fr\/jean-robert-dantou-tenir\" target=\"_blank\" rel=\"noreferrer noopener\">BNF<\/a>\u00a0<\/p>\n\n\n\n<p>Une publication dans une <a href=\"https:\/\/able-journal.org\/fr\/tenir\/\" target=\"_blank\" rel=\"noreferrer noopener\">revue<\/a> arts \/ sciences\u00a0<\/p>\n\n\n\n<p>Un article dans <a href=\"https:\/\/www.liberation.fr\/forums\/trois-projets-pour-de-nouvelles-solidarites-20230629_5N5HINYFMJEYTA627B3OPBYIVA\/\" target=\"_blank\" rel=\"noreferrer noopener\">Lib\u00e9ration<\/a>\u00a0<\/p>","protected":false},"excerpt":{"rendered":"<p>SIGLE\/ACRONYME&nbsp;: POPSU Intitul\u00e9 long&nbsp;: POPSU Territoires dans la commune de Tonnerre Responsable scientifique\u00a0: Florence WEBER \/ Jean-Robert DANTOU Partenaire ou coordinateur du projet&nbsp;: Coordinateur Nom du coordinateur si diff\u00e9rent du responsable scientifique&nbsp;: Financeur&nbsp;: GIP EPAU Date de d\u00e9but&nbsp;: 01\/06\/2023 Date de fin&nbsp;:&nbsp; 31\/05\/2026 Pr\u00e9sentation synth\u00e9tique du projet&nbsp;: Le projet\u00a0\u00ab&nbsp;De la fili\u00e8re au care&nbsp;\u00bb&nbsp; vise dans [&hellip;]<\/p>\n","protected":false},"author":94,"featured_media":0,"parent":5740,"menu_order":0,"comment_status":"closed","ping_status":"closed","template":"","meta":{"_acf_changed":false,"footnotes":""},"class_list":["post-13804","page","type-page","status-publish","hentry"],"acf":[],"yoast_head":"<!-- This site is optimized with the Yoast SEO plugin v25.6 - https:\/\/yoast.com\/wordpress\/plugins\/seo\/ -->\n<title>CMH<\/title>\n<meta name=\"robots\" content=\"index, follow, max-snippet:-1, max-image-preview:large, max-video-preview:-1\" \/>\n<link rel=\"canonical\" href=\"https:\/\/cmh.ens.fr\/en\/programmes-de-recherche\/programme-de-recherche-popsu-juin-2023-a-mai-2026\/\" class=\"yoast-seo-meta-tag\" \/>\n<meta property=\"og:locale\" content=\"en_US\" class=\"yoast-seo-meta-tag\" \/>\n<meta property=\"og:type\" content=\"article\" class=\"yoast-seo-meta-tag\" \/>\n<meta property=\"og:title\" content=\"Programme de Recherche POPSU \u2013 Juin 2023 \u00e0 Mai 2026 - CMH\" class=\"yoast-seo-meta-tag\" \/>\n<meta property=\"og:description\" content=\"SIGLE\/ACRONYME&nbsp;: POPSU Intitul\u00e9 long&nbsp;: POPSU Territoires dans la commune de Tonnerre Responsable scientifique\u00a0: Florence WEBER \/ Jean-Robert DANTOU Partenaire ou coordinateur du projet&nbsp;: Coordinateur Nom du coordinateur si diff\u00e9rent du responsable scientifique&nbsp;: Financeur&nbsp;: GIP EPAU Date de d\u00e9but&nbsp;: 01\/06\/2023 Date de fin&nbsp;:&nbsp; 31\/05\/2026 Pr\u00e9sentation synth\u00e9tique du projet&nbsp;: Le projet\u00a0\u00ab&nbsp;De la fili\u00e8re au care&nbsp;\u00bb&nbsp; vise dans [&hellip;]\" class=\"yoast-seo-meta-tag\" \/>\n<meta property=\"og:url\" content=\"https:\/\/cmh.ens.fr\/en\/programmes-de-recherche\/programme-de-recherche-popsu-juin-2023-a-mai-2026\/\" class=\"yoast-seo-meta-tag\" \/>\n<meta property=\"og:site_name\" content=\"CMH\" class=\"yoast-seo-meta-tag\" \/>\n<meta property=\"article:modified_time\" content=\"2023-12-12T11:40:39+00:00\" class=\"yoast-seo-meta-tag\" \/>\n<meta name=\"twitter:card\" content=\"summary_large_image\" class=\"yoast-seo-meta-tag\" \/>\n<meta name=\"twitter:label1\" content=\"Est. reading time\" class=\"yoast-seo-meta-tag\" \/>\n\t<meta name=\"twitter:data1\" content=\"2 minutes\" class=\"yoast-seo-meta-tag\" \/>\n<script type=\"application\/ld+json\" class=\"yoast-schema-graph\">{\"@context\":\"https:\/\/schema.org\",\"@graph\":[{\"@type\":\"WebPage\",\"@id\":\"https:\/\/cmh.ens.fr\/en\/programmes-de-recherche\/programme-de-recherche-popsu-juin-2023-a-mai-2026\/\",\"url\":\"https:\/\/cmh.ens.fr\/en\/programmes-de-recherche\/programme-de-recherche-popsu-juin-2023-a-mai-2026\/\",\"name\":\"Programme de Recherche POPSU \u2013 Juin 2023 \u00e0 Mai 2026 - CMH\",\"isPartOf\":{\"@id\":\"https:\/\/cmh.ens.fr\/en\/#website\"},\"datePublished\":\"2023-12-12T11:36:09+00:00\",\"dateModified\":\"2023-12-12T11:40:39+00:00\",\"breadcrumb\":{\"@id\":\"https:\/\/cmh.ens.fr\/en\/programmes-de-recherche\/programme-de-recherche-popsu-juin-2023-a-mai-2026\/#breadcrumb\"},\"inLanguage\":\"en-US\",\"potentialAction\":[{\"@type\":\"ReadAction\",\"target\":[\"https:\/\/cmh.ens.fr\/en\/programmes-de-recherche\/programme-de-recherche-popsu-juin-2023-a-mai-2026\/\"]}]},{\"@type\":\"BreadcrumbList\",\"@id\":\"https:\/\/cmh.ens.fr\/en\/programmes-de-recherche\/programme-de-recherche-popsu-juin-2023-a-mai-2026\/#breadcrumb\",\"itemListElement\":[{\"@type\":\"ListItem\",\"position\":1,\"name\":\"Accueil\",\"item\":\"https:\/\/cmh.ens.fr\/\"},{\"@type\":\"ListItem\",\"position\":2,\"name\":\"Programmes de recherche\",\"item\":\"https:\/\/cmh.ens.fr\/programmes-de-recherche\/\"},{\"@type\":\"ListItem\",\"position\":3,\"name\":\"Programme de Recherche POPSU \u2013 Juin 2023 \u00e0 Mai 2026\"}]},{\"@type\":\"WebSite\",\"@id\":\"https:\/\/cmh.ens.fr\/en\/#website\",\"url\":\"https:\/\/cmh.ens.fr\/en\/\",\"name\":\"CMH\",\"description\":\"Centre Maurice Halbwachs\",\"publisher\":{\"@id\":\"https:\/\/cmh.ens.fr\/en\/#organization\"},\"potentialAction\":[{\"@type\":\"SearchAction\",\"target\":{\"@type\":\"EntryPoint\",\"urlTemplate\":\"https:\/\/cmh.ens.fr\/en\/?s={search_term_string}\"},\"query-input\":{\"@type\":\"PropertyValueSpecification\",\"valueRequired\":true,\"valueName\":\"search_term_string\"}}],\"inLanguage\":\"en-US\"},{\"@type\":\"Organization\",\"@id\":\"https:\/\/cmh.ens.fr\/en\/#organization\",\"name\":\"Centre Maurice Halbwachs\",\"url\":\"https:\/\/cmh.ens.fr\/en\/\",\"logo\":{\"@type\":\"ImageObject\",\"inLanguage\":\"en-US\",\"@id\":\"https:\/\/cmh.ens.fr\/en\/#\/schema\/logo\/image\/\",\"url\":\"https:\/\/www.cmh.ens.fr\/wp-content\/uploads\/siteon0.jpg\",\"contentUrl\":\"https:\/\/www.cmh.ens.fr\/wp-content\/uploads\/siteon0.jpg\",\"width\":86,\"height\":53,\"caption\":\"Centre Maurice Halbwachs\"},\"image\":{\"@id\":\"https:\/\/cmh.ens.fr\/en\/#\/schema\/logo\/image\/\"}}]}<\/script>\n<!-- \/ Yoast SEO plugin. -->","yoast_head_json":{"title":"CMH","robots":{"index":"index","follow":"follow","max-snippet":"max-snippet:-1","max-image-preview":"max-image-preview:large","max-video-preview":"max-video-preview:-1"},"canonical":"https:\/\/cmh.ens.fr\/en\/programmes-de-recherche\/programme-de-recherche-popsu-juin-2023-a-mai-2026\/","og_locale":"en_US","og_type":"article","og_title":"Programme de Recherche POPSU \u2013 Juin 2023 \u00e0 Mai 2026 - CMH","og_description":"SIGLE\/ACRONYME&nbsp;: POPSU Intitul\u00e9 long&nbsp;: POPSU Territoires dans la commune de Tonnerre Responsable scientifique\u00a0: Florence WEBER \/ Jean-Robert DANTOU Partenaire ou coordinateur du projet&nbsp;: Coordinateur Nom du coordinateur si diff\u00e9rent du responsable scientifique&nbsp;: Financeur&nbsp;: GIP EPAU Date de d\u00e9but&nbsp;: 01\/06\/2023 Date de fin&nbsp;:&nbsp; 31\/05\/2026 Pr\u00e9sentation synth\u00e9tique du projet&nbsp;: Le projet\u00a0\u00ab&nbsp;De la fili\u00e8re au care&nbsp;\u00bb&nbsp; vise dans [&hellip;]","og_url":"https:\/\/cmh.ens.fr\/en\/programmes-de-recherche\/programme-de-recherche-popsu-juin-2023-a-mai-2026\/","og_site_name":"CMH","article_modified_time":"2023-12-12T11:40:39+00:00","twitter_card":"summary_large_image","twitter_misc":{"Est. reading time":"2 minutes"},"schema":{"@context":"https:\/\/schema.org","@graph":[{"@type":"WebPage","@id":"https:\/\/cmh.ens.fr\/en\/programmes-de-recherche\/programme-de-recherche-popsu-juin-2023-a-mai-2026\/","url":"https:\/\/cmh.ens.fr\/en\/programmes-de-recherche\/programme-de-recherche-popsu-juin-2023-a-mai-2026\/","name":"Programme de Recherche POPSU \u2013 Juin 2023 \u00e0 Mai 2026 - CMH","isPartOf":{"@id":"https:\/\/cmh.ens.fr\/en\/#website"},"datePublished":"2023-12-12T11:36:09+00:00","dateModified":"2023-12-12T11:40:39+00:00","breadcrumb":{"@id":"https:\/\/cmh.ens.fr\/en\/programmes-de-recherche\/programme-de-recherche-popsu-juin-2023-a-mai-2026\/#breadcrumb"},"inLanguage":"en-US","potentialAction":[{"@type":"ReadAction","target":["https:\/\/cmh.ens.fr\/en\/programmes-de-recherche\/programme-de-recherche-popsu-juin-2023-a-mai-2026\/"]}]},{"@type":"BreadcrumbList","@id":"https:\/\/cmh.ens.fr\/en\/programmes-de-recherche\/programme-de-recherche-popsu-juin-2023-a-mai-2026\/#breadcrumb","itemListElement":[{"@type":"ListItem","position":1,"name":"Accueil","item":"https:\/\/cmh.ens.fr\/"},{"@type":"ListItem","position":2,"name":"Programmes de recherche","item":"https:\/\/cmh.ens.fr\/programmes-de-recherche\/"},{"@type":"ListItem","position":3,"name":"Programme de Recherche POPSU \u2013 Juin 2023 \u00e0 Mai 2026"}]},{"@type":"WebSite","@id":"https:\/\/cmh.ens.fr\/en\/#website","url":"https:\/\/cmh.ens.fr\/en\/","name":"CMH","description":"Centre Maurice Halbwachs","publisher":{"@id":"https:\/\/cmh.ens.fr\/en\/#organization"},"potentialAction":[{"@type":"SearchAction","target":{"@type":"EntryPoint","urlTemplate":"https:\/\/cmh.ens.fr\/en\/?s={search_term_string}"},"query-input":{"@type":"PropertyValueSpecification","valueRequired":true,"valueName":"search_term_string"}}],"inLanguage":"en-US"},{"@type":"Organization","@id":"https:\/\/cmh.ens.fr\/en\/#organization","name":"Centre Maurice Halbwachs","url":"https:\/\/cmh.ens.fr\/en\/","logo":{"@type":"ImageObject","inLanguage":"en-US","@id":"https:\/\/cmh.ens.fr\/en\/#\/schema\/logo\/image\/","url":"https:\/\/www.cmh.ens.fr\/wp-content\/uploads\/siteon0.jpg","contentUrl":"https:\/\/www.cmh.ens.fr\/wp-content\/uploads\/siteon0.jpg","width":86,"height":53,"caption":"Centre Maurice Halbwachs"},"image":{"@id":"https:\/\/cmh.ens.fr\/en\/#\/schema\/logo\/image\/"}}]}},"_links":{"self":[{"href":"https:\/\/cmh.ens.fr\/en\/wp-json\/wp\/v2\/pages\/13804"}],"collection":[{"href":"https:\/\/cmh.ens.fr\/en\/wp-json\/wp\/v2\/pages"}],"about":[{"href":"https:\/\/cmh.ens.fr\/en\/wp-json\/wp\/v2\/types\/page"}],"author":[{"embeddable":true,"href":"https:\/\/cmh.ens.fr\/en\/wp-json\/wp\/v2\/users\/94"}],"replies":[{"embeddable":true,"href":"https:\/\/cmh.ens.fr\/en\/wp-json\/wp\/v2\/comments?post=13804"}],"version-history":[{"count":2,"href":"https:\/\/cmh.ens.fr\/en\/wp-json\/wp\/v2\/pages\/13804\/revisions"}],"predecessor-version":[{"id":13807,"href":"https:\/\/cmh.ens.fr\/en\/wp-json\/wp\/v2\/pages\/13804\/revisions\/13807"}],"up":[{"embeddable":true,"href":"https:\/\/cmh.ens.fr\/en\/wp-json\/wp\/v2\/pages\/5740"}],"wp:attachment":[{"href":"https:\/\/cmh.ens.fr\/en\/wp-json\/wp\/v2\/media?parent=13804"}],"curies":[{"name":"wp","href":"https:\/\/api.w.org\/{rel}","templated":true}]}}