{"id":12914,"date":"2023-06-20T11:44:36","date_gmt":"2023-06-20T09:44:36","guid":{"rendered":"https:\/\/www.cmh.ens.fr\/intranet\/vie-de-lunite\/assemblees-generales-copy\/"},"modified":"2023-12-14T18:11:32","modified_gmt":"2023-12-14T17:11:32","slug":"assemblees-generales-copy","status":"publish","type":"page","link":"https:\/\/cmh.ens.fr\/en\/intranet\/vie-de-lunite\/assemblees-generales-copy\/","title":{"rendered":"Journ\u00e9es du CMH 2023"},"content":{"rendered":"<div class=\"members-access-error\">D\u00e9sol\u00e9 ce contenu est priv\u00e9. Veuillez <a href=\"https:\/\/cmh.ens.fr\/en\/connexion\/\">vous connecter<\/a> pour pouvoir y acc\u00e9der.<\/div>","protected":false},"excerpt":{"rendered":"<div class=\"members-access-error\">D\u00e9sol\u00e9 ce contenu est priv\u00e9. Veuillez <a href=\"https:\/\/cmh.ens.fr\/en\/connexion\/\">vous connecter<\/a> pour pouvoir y acc\u00e9der.<\/div>","protected":false},"author":94,"featured_media":0,"parent":12508,"menu_order":4,"comment_status":"closed","ping_status":"closed","template":"","meta":{"_acf_changed":false,"footnotes":""},"class_list":["post-12914","page","type-page","status-publish","hentry"],"acf":[],"yoast_head":"<!-- This site is optimized with the Yoast SEO plugin v25.6 - https:\/\/yoast.com\/wordpress\/plugins\/seo\/ -->\n<title>CMH<\/title>\n<meta name=\"robots\" content=\"index, follow, max-snippet:-1, max-image-preview:large, max-video-preview:-1\" \/>\n<link rel=\"canonical\" href=\"https:\/\/cmh.ens.fr\/en\/intranet\/vie-de-lunite\/assemblees-generales-copy\/\" class=\"yoast-seo-meta-tag\" \/>\n<meta property=\"og:locale\" content=\"en_US\" class=\"yoast-seo-meta-tag\" \/>\n<meta property=\"og:type\" content=\"article\" class=\"yoast-seo-meta-tag\" \/>\n<meta property=\"og:title\" content=\"Journ\u00e9es du CMH 2023 - CMH\" class=\"yoast-seo-meta-tag\" \/>\n<meta property=\"og:description\" content=\"D\u00e9sol\u00e9 ce contenu est priv\u00e9. Veuillez vous connecter pour pouvoir y acc\u00e9der.\" class=\"yoast-seo-meta-tag\" \/>\n<meta property=\"og:url\" content=\"https:\/\/cmh.ens.fr\/en\/intranet\/vie-de-lunite\/assemblees-generales-copy\/\" class=\"yoast-seo-meta-tag\" \/>\n<meta property=\"og:site_name\" content=\"CMH\" class=\"yoast-seo-meta-tag\" \/>\n<meta property=\"article:modified_time\" content=\"2023-12-14T17:11:32+00:00\" class=\"yoast-seo-meta-tag\" \/>\n<meta name=\"twitter:card\" content=\"summary_large_image\" class=\"yoast-seo-meta-tag\" \/>\n<meta name=\"twitter:label1\" content=\"Est. reading time\" class=\"yoast-seo-meta-tag\" \/>\n\t<meta name=\"twitter:data1\" content=\"1 minute\" class=\"yoast-seo-meta-tag\" \/>\n<script type=\"application\/ld+json\" class=\"yoast-schema-graph\">{\"@context\":\"https:\/\/schema.org\",\"@graph\":[{\"@type\":\"WebPage\",\"@id\":\"https:\/\/cmh.ens.fr\/en\/intranet\/vie-de-lunite\/assemblees-generales-copy\/\",\"url\":\"https:\/\/cmh.ens.fr\/en\/intranet\/vie-de-lunite\/assemblees-generales-copy\/\",\"name\":\"Journ\u00e9es du CMH 2023 - CMH\",\"isPartOf\":{\"@id\":\"https:\/\/cmh.ens.fr\/en\/#website\"},\"datePublished\":\"2023-06-20T09:44:36+00:00\",\"dateModified\":\"2023-12-14T17:11:32+00:00\",\"breadcrumb\":{\"@id\":\"https:\/\/cmh.ens.fr\/en\/intranet\/vie-de-lunite\/assemblees-generales-copy\/#breadcrumb\"},\"inLanguage\":\"en-US\",\"potentialAction\":[{\"@type\":\"ReadAction\",\"target\":[\"https:\/\/cmh.ens.fr\/en\/intranet\/vie-de-lunite\/assemblees-generales-copy\/\"]}]},{\"@type\":\"BreadcrumbList\",\"@id\":\"https:\/\/cmh.ens.fr\/en\/intranet\/vie-de-lunite\/assemblees-generales-copy\/#breadcrumb\",\"itemListElement\":[{\"@type\":\"ListItem\",\"position\":1,\"name\":\"Accueil\",\"item\":\"https:\/\/cmh.ens.fr\/\"},{\"@type\":\"ListItem\",\"position\":2,\"name\":\"Intranet\",\"item\":\"https:\/\/cmh.ens.fr\/en\/intranet\/\"},{\"@type\":\"ListItem\",\"position\":3,\"name\":\"Vie de l&rsquo;unit\u00e9\",\"item\":\"https:\/\/cmh.ens.fr\/intranet\/vie-de-lunite\/\"},{\"@type\":\"ListItem\",\"position\":4,\"name\":\"Journ\u00e9es du CMH 2023\"}]},{\"@type\":\"WebSite\",\"@id\":\"https:\/\/cmh.ens.fr\/en\/#website\",\"url\":\"https:\/\/cmh.ens.fr\/en\/\",\"name\":\"CMH\",\"description\":\"Centre Maurice Halbwachs\",\"publisher\":{\"@id\":\"https:\/\/cmh.ens.fr\/en\/#organization\"},\"potentialAction\":[{\"@type\":\"SearchAction\",\"target\":{\"@type\":\"EntryPoint\",\"urlTemplate\":\"https:\/\/cmh.ens.fr\/en\/?s={search_term_string}\"},\"query-input\":{\"@type\":\"PropertyValueSpecification\",\"valueRequired\":true,\"valueName\":\"search_term_string\"}}],\"inLanguage\":\"en-US\"},{\"@type\":\"Organization\",\"@id\":\"https:\/\/cmh.ens.fr\/en\/#organization\",\"name\":\"Centre Maurice Halbwachs\",\"url\":\"https:\/\/cmh.ens.fr\/en\/\",\"logo\":{\"@type\":\"ImageObject\",\"inLanguage\":\"en-US\",\"@id\":\"https:\/\/cmh.ens.fr\/en\/#\/schema\/logo\/image\/\",\"url\":\"https:\/\/www.cmh.ens.fr\/wp-content\/uploads\/siteon0.jpg\",\"contentUrl\":\"https:\/\/www.cmh.ens.fr\/wp-content\/uploads\/siteon0.jpg\",\"width\":86,\"height\":53,\"caption\":\"Centre Maurice Halbwachs\"},\"image\":{\"@id\":\"https:\/\/cmh.ens.fr\/en\/#\/schema\/logo\/image\/\"}}]}<\/script>\n<!-- \/ Yoast SEO plugin. -->","yoast_head_json":{"title":"CMH","robots":{"index":"index","follow":"follow","max-snippet":"max-snippet:-1","max-image-preview":"max-image-preview:large","max-video-preview":"max-video-preview:-1"},"canonical":"https:\/\/cmh.ens.fr\/en\/intranet\/vie-de-lunite\/assemblees-generales-copy\/","og_locale":"en_US","og_type":"article","og_title":"Journ\u00e9es du CMH 2023 - CMH","og_description":"D\u00e9sol\u00e9 ce contenu est priv\u00e9. Veuillez vous connecter pour pouvoir y acc\u00e9der.","og_url":"https:\/\/cmh.ens.fr\/en\/intranet\/vie-de-lunite\/assemblees-generales-copy\/","og_site_name":"CMH","article_modified_time":"2023-12-14T17:11:32+00:00","twitter_card":"summary_large_image","twitter_misc":{"Est. reading time":"1 minute"},"schema":{"@context":"https:\/\/schema.org","@graph":[{"@type":"WebPage","@id":"https:\/\/cmh.ens.fr\/en\/intranet\/vie-de-lunite\/assemblees-generales-copy\/","url":"https:\/\/cmh.ens.fr\/en\/intranet\/vie-de-lunite\/assemblees-generales-copy\/","name":"Journ\u00e9es du CMH 2023 - CMH","isPartOf":{"@id":"https:\/\/cmh.ens.fr\/en\/#website"},"datePublished":"2023-06-20T09:44:36+00:00","dateModified":"2023-12-14T17:11:32+00:00","breadcrumb":{"@id":"https:\/\/cmh.ens.fr\/en\/intranet\/vie-de-lunite\/assemblees-generales-copy\/#breadcrumb"},"inLanguage":"en-US","potentialAction":[{"@type":"ReadAction","target":["https:\/\/cmh.ens.fr\/en\/intranet\/vie-de-lunite\/assemblees-generales-copy\/"]}]},{"@type":"BreadcrumbList","@id":"https:\/\/cmh.ens.fr\/en\/intranet\/vie-de-lunite\/assemblees-generales-copy\/#breadcrumb","itemListElement":[{"@type":"ListItem","position":1,"name":"Accueil","item":"https:\/\/cmh.ens.fr\/"},{"@type":"ListItem","position":2,"name":"Intranet","item":"https:\/\/cmh.ens.fr\/en\/intranet\/"},{"@type":"ListItem","position":3,"name":"Vie de l&rsquo;unit\u00e9","item":"https:\/\/cmh.ens.fr\/intranet\/vie-de-lunite\/"},{"@type":"ListItem","position":4,"name":"Journ\u00e9es du CMH 2023"}]},{"@type":"WebSite","@id":"https:\/\/cmh.ens.fr\/en\/#website","url":"https:\/\/cmh.ens.fr\/en\/","name":"CMH","description":"Centre Maurice Halbwachs","publisher":{"@id":"https:\/\/cmh.ens.fr\/en\/#organization"},"potentialAction":[{"@type":"SearchAction","target":{"@type":"EntryPoint","urlTemplate":"https:\/\/cmh.ens.fr\/en\/?s={search_term_string}"},"query-input":{"@type":"PropertyValueSpecification","valueRequired":true,"valueName":"search_term_string"}}],"inLanguage":"en-US"},{"@type":"Organization","@id":"https:\/\/cmh.ens.fr\/en\/#organization","name":"Centre Maurice Halbwachs","url":"https:\/\/cmh.ens.fr\/en\/","logo":{"@type":"ImageObject","inLanguage":"en-US","@id":"https:\/\/cmh.ens.fr\/en\/#\/schema\/logo\/image\/","url":"https:\/\/www.cmh.ens.fr\/wp-content\/uploads\/siteon0.jpg","contentUrl":"https:\/\/www.cmh.ens.fr\/wp-content\/uploads\/siteon0.jpg","width":86,"height":53,"caption":"Centre Maurice Halbwachs"},"image":{"@id":"https:\/\/cmh.ens.fr\/en\/#\/schema\/logo\/image\/"}}]}},"_links":{"self":[{"href":"https:\/\/cmh.ens.fr\/en\/wp-json\/wp\/v2\/pages\/12914"}],"collection":[{"href":"https:\/\/cmh.ens.fr\/en\/wp-json\/wp\/v2\/pages"}],"about":[{"href":"https:\/\/cmh.ens.fr\/en\/wp-json\/wp\/v2\/types\/page"}],"author":[{"embeddable":true,"href":"https:\/\/cmh.ens.fr\/en\/wp-json\/wp\/v2\/users\/94"}],"replies":[{"embeddable":true,"href":"https:\/\/cmh.ens.fr\/en\/wp-json\/wp\/v2\/comments?post=12914"}],"version-history":[{"count":12,"href":"https:\/\/cmh.ens.fr\/en\/wp-json\/wp\/v2\/pages\/12914\/revisions"}],"predecessor-version":[{"id":13853,"href":"https:\/\/cmh.ens.fr\/en\/wp-json\/wp\/v2\/pages\/12914\/revisions\/13853"}],"up":[{"embeddable":true,"href":"https:\/\/cmh.ens.fr\/en\/wp-json\/wp\/v2\/pages\/12508"}],"wp:attachment":[{"href":"https:\/\/cmh.ens.fr\/en\/wp-json\/wp\/v2\/media?parent=12914"}],"curies":[{"name":"wp","href":"https:\/\/api.w.org\/{rel}","templated":true}]}}