{"id":12760,"date":"2023-06-05T18:10:32","date_gmt":"2023-06-05T16:10:32","guid":{"rendered":"https:\/\/www.cmh.ens.fr\/?page_id=12760"},"modified":"2023-06-05T18:10:32","modified_gmt":"2023-06-05T16:10:32","slug":"consigne-materiel-covid-19","status":"publish","type":"page","link":"https:\/\/cmh.ens.fr\/en\/intranet\/vie-de-lunite\/assistante-de-prevention\/consigne-materiel-covid-19\/","title":{"rendered":"Consigne mat\u00e9riel Covid 19"},"content":{"rendered":"<div class=\"members-access-error\">D\u00e9sol\u00e9 ce contenu est priv\u00e9. Veuillez <a href=\"https:\/\/cmh.ens.fr\/en\/connexion\/\">vous connecter<\/a> pour pouvoir y acc\u00e9der.<\/div>","protected":false},"excerpt":{"rendered":"<div class=\"members-access-error\">D\u00e9sol\u00e9 ce contenu est priv\u00e9. Veuillez <a href=\"https:\/\/cmh.ens.fr\/en\/connexion\/\">vous connecter<\/a> pour pouvoir y acc\u00e9der.<\/div>","protected":false},"author":1,"featured_media":0,"parent":12756,"menu_order":1,"comment_status":"closed","ping_status":"closed","template":"","meta":{"_acf_changed":false,"footnotes":""},"class_list":["post-12760","page","type-page","status-publish","hentry"],"acf":[],"yoast_head":"<!-- This site is optimized with the Yoast SEO plugin v25.6 - https:\/\/yoast.com\/wordpress\/plugins\/seo\/ -->\n<title>CMH<\/title>\n<meta name=\"robots\" content=\"index, follow, max-snippet:-1, max-image-preview:large, max-video-preview:-1\" \/>\n<link rel=\"canonical\" href=\"https:\/\/cmh.ens.fr\/en\/intranet\/vie-de-lunite\/assistante-de-prevention\/consigne-materiel-covid-19\/\" class=\"yoast-seo-meta-tag\" \/>\n<meta property=\"og:locale\" content=\"en_US\" class=\"yoast-seo-meta-tag\" \/>\n<meta property=\"og:type\" content=\"article\" class=\"yoast-seo-meta-tag\" \/>\n<meta property=\"og:title\" content=\"Consigne mat\u00e9riel Covid 19 - CMH\" class=\"yoast-seo-meta-tag\" \/>\n<meta property=\"og:description\" content=\"D\u00e9sol\u00e9 ce contenu est priv\u00e9. Veuillez vous connecter pour pouvoir y acc\u00e9der.\" class=\"yoast-seo-meta-tag\" \/>\n<meta property=\"og:url\" content=\"https:\/\/cmh.ens.fr\/en\/intranet\/vie-de-lunite\/assistante-de-prevention\/consigne-materiel-covid-19\/\" class=\"yoast-seo-meta-tag\" \/>\n<meta property=\"og:site_name\" content=\"CMH\" class=\"yoast-seo-meta-tag\" \/>\n<meta name=\"twitter:card\" content=\"summary_large_image\" class=\"yoast-seo-meta-tag\" \/>\n<script type=\"application\/ld+json\" class=\"yoast-schema-graph\">{\"@context\":\"https:\/\/schema.org\",\"@graph\":[{\"@type\":\"WebPage\",\"@id\":\"https:\/\/cmh.ens.fr\/en\/intranet\/vie-de-lunite\/assistante-de-prevention\/consigne-materiel-covid-19\/\",\"url\":\"https:\/\/cmh.ens.fr\/en\/intranet\/vie-de-lunite\/assistante-de-prevention\/consigne-materiel-covid-19\/\",\"name\":\"Consigne mat\u00e9riel Covid 19 - CMH\",\"isPartOf\":{\"@id\":\"https:\/\/cmh.ens.fr\/en\/#website\"},\"datePublished\":\"2023-06-05T16:10:32+00:00\",\"breadcrumb\":{\"@id\":\"https:\/\/cmh.ens.fr\/en\/intranet\/vie-de-lunite\/assistante-de-prevention\/consigne-materiel-covid-19\/#breadcrumb\"},\"inLanguage\":\"en-US\",\"potentialAction\":[{\"@type\":\"ReadAction\",\"target\":[\"https:\/\/cmh.ens.fr\/en\/intranet\/vie-de-lunite\/assistante-de-prevention\/consigne-materiel-covid-19\/\"]}]},{\"@type\":\"BreadcrumbList\",\"@id\":\"https:\/\/cmh.ens.fr\/en\/intranet\/vie-de-lunite\/assistante-de-prevention\/consigne-materiel-covid-19\/#breadcrumb\",\"itemListElement\":[{\"@type\":\"ListItem\",\"position\":1,\"name\":\"Accueil\",\"item\":\"https:\/\/cmh.ens.fr\/\"},{\"@type\":\"ListItem\",\"position\":2,\"name\":\"Intranet\",\"item\":\"https:\/\/cmh.ens.fr\/en\/intranet\/\"},{\"@type\":\"ListItem\",\"position\":3,\"name\":\"Vie de l&rsquo;unit\u00e9\",\"item\":\"https:\/\/cmh.ens.fr\/intranet\/vie-de-lunite\/\"},{\"@type\":\"ListItem\",\"position\":4,\"name\":\"Assistant\u00b7e de pr\u00e9vention\",\"item\":\"https:\/\/cmh.ens.fr\/intranet\/vie-de-lunite\/assistante-de-prevention\/\"},{\"@type\":\"ListItem\",\"position\":5,\"name\":\"Consigne mat\u00e9riel Covid 19\"}]},{\"@type\":\"WebSite\",\"@id\":\"https:\/\/cmh.ens.fr\/en\/#website\",\"url\":\"https:\/\/cmh.ens.fr\/en\/\",\"name\":\"CMH\",\"description\":\"Centre Maurice Halbwachs\",\"publisher\":{\"@id\":\"https:\/\/cmh.ens.fr\/en\/#organization\"},\"potentialAction\":[{\"@type\":\"SearchAction\",\"target\":{\"@type\":\"EntryPoint\",\"urlTemplate\":\"https:\/\/cmh.ens.fr\/en\/?s={search_term_string}\"},\"query-input\":{\"@type\":\"PropertyValueSpecification\",\"valueRequired\":true,\"valueName\":\"search_term_string\"}}],\"inLanguage\":\"en-US\"},{\"@type\":\"Organization\",\"@id\":\"https:\/\/cmh.ens.fr\/en\/#organization\",\"name\":\"Centre Maurice Halbwachs\",\"url\":\"https:\/\/cmh.ens.fr\/en\/\",\"logo\":{\"@type\":\"ImageObject\",\"inLanguage\":\"en-US\",\"@id\":\"https:\/\/cmh.ens.fr\/en\/#\/schema\/logo\/image\/\",\"url\":\"https:\/\/www.cmh.ens.fr\/wp-content\/uploads\/siteon0.jpg\",\"contentUrl\":\"https:\/\/www.cmh.ens.fr\/wp-content\/uploads\/siteon0.jpg\",\"width\":86,\"height\":53,\"caption\":\"Centre Maurice Halbwachs\"},\"image\":{\"@id\":\"https:\/\/cmh.ens.fr\/en\/#\/schema\/logo\/image\/\"}}]}<\/script>\n<!-- \/ Yoast SEO plugin. -->","yoast_head_json":{"title":"CMH","robots":{"index":"index","follow":"follow","max-snippet":"max-snippet:-1","max-image-preview":"max-image-preview:large","max-video-preview":"max-video-preview:-1"},"canonical":"https:\/\/cmh.ens.fr\/en\/intranet\/vie-de-lunite\/assistante-de-prevention\/consigne-materiel-covid-19\/","og_locale":"en_US","og_type":"article","og_title":"Consigne mat\u00e9riel Covid 19 - CMH","og_description":"D\u00e9sol\u00e9 ce contenu est priv\u00e9. Veuillez vous connecter pour pouvoir y acc\u00e9der.","og_url":"https:\/\/cmh.ens.fr\/en\/intranet\/vie-de-lunite\/assistante-de-prevention\/consigne-materiel-covid-19\/","og_site_name":"CMH","twitter_card":"summary_large_image","schema":{"@context":"https:\/\/schema.org","@graph":[{"@type":"WebPage","@id":"https:\/\/cmh.ens.fr\/en\/intranet\/vie-de-lunite\/assistante-de-prevention\/consigne-materiel-covid-19\/","url":"https:\/\/cmh.ens.fr\/en\/intranet\/vie-de-lunite\/assistante-de-prevention\/consigne-materiel-covid-19\/","name":"Consigne mat\u00e9riel Covid 19 - CMH","isPartOf":{"@id":"https:\/\/cmh.ens.fr\/en\/#website"},"datePublished":"2023-06-05T16:10:32+00:00","breadcrumb":{"@id":"https:\/\/cmh.ens.fr\/en\/intranet\/vie-de-lunite\/assistante-de-prevention\/consigne-materiel-covid-19\/#breadcrumb"},"inLanguage":"en-US","potentialAction":[{"@type":"ReadAction","target":["https:\/\/cmh.ens.fr\/en\/intranet\/vie-de-lunite\/assistante-de-prevention\/consigne-materiel-covid-19\/"]}]},{"@type":"BreadcrumbList","@id":"https:\/\/cmh.ens.fr\/en\/intranet\/vie-de-lunite\/assistante-de-prevention\/consigne-materiel-covid-19\/#breadcrumb","itemListElement":[{"@type":"ListItem","position":1,"name":"Accueil","item":"https:\/\/cmh.ens.fr\/"},{"@type":"ListItem","position":2,"name":"Intranet","item":"https:\/\/cmh.ens.fr\/en\/intranet\/"},{"@type":"ListItem","position":3,"name":"Vie de l&rsquo;unit\u00e9","item":"https:\/\/cmh.ens.fr\/intranet\/vie-de-lunite\/"},{"@type":"ListItem","position":4,"name":"Assistant\u00b7e de pr\u00e9vention","item":"https:\/\/cmh.ens.fr\/intranet\/vie-de-lunite\/assistante-de-prevention\/"},{"@type":"ListItem","position":5,"name":"Consigne mat\u00e9riel Covid 19"}]},{"@type":"WebSite","@id":"https:\/\/cmh.ens.fr\/en\/#website","url":"https:\/\/cmh.ens.fr\/en\/","name":"CMH","description":"Centre Maurice Halbwachs","publisher":{"@id":"https:\/\/cmh.ens.fr\/en\/#organization"},"potentialAction":[{"@type":"SearchAction","target":{"@type":"EntryPoint","urlTemplate":"https:\/\/cmh.ens.fr\/en\/?s={search_term_string}"},"query-input":{"@type":"PropertyValueSpecification","valueRequired":true,"valueName":"search_term_string"}}],"inLanguage":"en-US"},{"@type":"Organization","@id":"https:\/\/cmh.ens.fr\/en\/#organization","name":"Centre Maurice Halbwachs","url":"https:\/\/cmh.ens.fr\/en\/","logo":{"@type":"ImageObject","inLanguage":"en-US","@id":"https:\/\/cmh.ens.fr\/en\/#\/schema\/logo\/image\/","url":"https:\/\/www.cmh.ens.fr\/wp-content\/uploads\/siteon0.jpg","contentUrl":"https:\/\/www.cmh.ens.fr\/wp-content\/uploads\/siteon0.jpg","width":86,"height":53,"caption":"Centre Maurice Halbwachs"},"image":{"@id":"https:\/\/cmh.ens.fr\/en\/#\/schema\/logo\/image\/"}}]}},"_links":{"self":[{"href":"https:\/\/cmh.ens.fr\/en\/wp-json\/wp\/v2\/pages\/12760"}],"collection":[{"href":"https:\/\/cmh.ens.fr\/en\/wp-json\/wp\/v2\/pages"}],"about":[{"href":"https:\/\/cmh.ens.fr\/en\/wp-json\/wp\/v2\/types\/page"}],"author":[{"embeddable":true,"href":"https:\/\/cmh.ens.fr\/en\/wp-json\/wp\/v2\/users\/1"}],"replies":[{"embeddable":true,"href":"https:\/\/cmh.ens.fr\/en\/wp-json\/wp\/v2\/comments?post=12760"}],"version-history":[{"count":1,"href":"https:\/\/cmh.ens.fr\/en\/wp-json\/wp\/v2\/pages\/12760\/revisions"}],"predecessor-version":[{"id":12761,"href":"https:\/\/cmh.ens.fr\/en\/wp-json\/wp\/v2\/pages\/12760\/revisions\/12761"}],"up":[{"embeddable":true,"href":"https:\/\/cmh.ens.fr\/en\/wp-json\/wp\/v2\/pages\/12756"}],"wp:attachment":[{"href":"https:\/\/cmh.ens.fr\/en\/wp-json\/wp\/v2\/media?parent=12760"}],"curies":[{"name":"wp","href":"https:\/\/api.w.org\/{rel}","templated":true}]}}