{"id":12656,"date":"2023-06-05T10:35:33","date_gmt":"2023-06-05T08:35:33","guid":{"rendered":"https:\/\/www.cmh.ens.fr\/?page_id=12656"},"modified":"2023-06-05T10:37:38","modified_gmt":"2023-06-05T08:37:38","slug":"logos","status":"publish","type":"page","link":"https:\/\/cmh.ens.fr\/en\/intranet\/communication\/logos\/","title":{"rendered":"Logos"},"content":{"rendered":"<div class=\"members-access-error\">D\u00e9sol\u00e9 ce contenu est priv\u00e9. Veuillez <a href=\"https:\/\/cmh.ens.fr\/en\/connexion\/\">vous connecter<\/a> pour pouvoir y acc\u00e9der.<\/div>","protected":false},"excerpt":{"rendered":"<div class=\"members-access-error\">D\u00e9sol\u00e9 ce contenu est priv\u00e9. Veuillez <a href=\"https:\/\/cmh.ens.fr\/en\/connexion\/\">vous connecter<\/a> pour pouvoir y acc\u00e9der.<\/div>","protected":false},"author":1,"featured_media":3841,"parent":12510,"menu_order":1,"comment_status":"closed","ping_status":"closed","template":"","meta":{"_acf_changed":false,"footnotes":""},"class_list":["post-12656","page","type-page","status-publish","has-post-thumbnail","hentry"],"acf":[],"yoast_head":"<!-- This site is optimized with the Yoast SEO plugin v25.6 - https:\/\/yoast.com\/wordpress\/plugins\/seo\/ -->\n<title>CMH<\/title>\n<meta name=\"robots\" content=\"index, follow, max-snippet:-1, max-image-preview:large, max-video-preview:-1\" \/>\n<link rel=\"canonical\" href=\"https:\/\/cmh.ens.fr\/en\/intranet\/communication\/logos\/\" class=\"yoast-seo-meta-tag\" \/>\n<meta property=\"og:locale\" content=\"en_US\" class=\"yoast-seo-meta-tag\" \/>\n<meta property=\"og:type\" content=\"article\" class=\"yoast-seo-meta-tag\" \/>\n<meta property=\"og:title\" content=\"Logos - CMH\" class=\"yoast-seo-meta-tag\" \/>\n<meta property=\"og:description\" content=\"D\u00e9sol\u00e9 ce contenu est priv\u00e9. Veuillez vous connecter pour pouvoir y acc\u00e9der.\" class=\"yoast-seo-meta-tag\" \/>\n<meta property=\"og:url\" content=\"https:\/\/cmh.ens.fr\/en\/intranet\/communication\/logos\/\" class=\"yoast-seo-meta-tag\" \/>\n<meta property=\"og:site_name\" content=\"CMH\" class=\"yoast-seo-meta-tag\" \/>\n<meta property=\"article:modified_time\" content=\"2023-06-05T08:37:38+00:00\" class=\"yoast-seo-meta-tag\" \/>\n<meta property=\"og:image\" content=\"https:\/\/cmh.ens.fr\/wp-content\/uploads\/logo_cmh2.png\" class=\"yoast-seo-meta-tag\" \/>\n\t<meta property=\"og:image:width\" content=\"154\" class=\"yoast-seo-meta-tag\" \/>\n\t<meta property=\"og:image:height\" content=\"95\" class=\"yoast-seo-meta-tag\" \/>\n\t<meta property=\"og:image:type\" content=\"image\/png\" class=\"yoast-seo-meta-tag\" \/>\n<meta name=\"twitter:card\" content=\"summary_large_image\" class=\"yoast-seo-meta-tag\" \/>\n<script type=\"application\/ld+json\" class=\"yoast-schema-graph\">{\"@context\":\"https:\/\/schema.org\",\"@graph\":[{\"@type\":\"WebPage\",\"@id\":\"https:\/\/cmh.ens.fr\/en\/intranet\/communication\/logos\/\",\"url\":\"https:\/\/cmh.ens.fr\/en\/intranet\/communication\/logos\/\",\"name\":\"Logos - CMH\",\"isPartOf\":{\"@id\":\"https:\/\/cmh.ens.fr\/en\/#website\"},\"primaryImageOfPage\":{\"@id\":\"https:\/\/cmh.ens.fr\/en\/intranet\/communication\/logos\/#primaryimage\"},\"image\":{\"@id\":\"https:\/\/cmh.ens.fr\/en\/intranet\/communication\/logos\/#primaryimage\"},\"thumbnailUrl\":\"https:\/\/cmh.ens.fr\/wp-content\/uploads\/logo_cmh2.png\",\"datePublished\":\"2023-06-05T08:35:33+00:00\",\"dateModified\":\"2023-06-05T08:37:38+00:00\",\"breadcrumb\":{\"@id\":\"https:\/\/cmh.ens.fr\/en\/intranet\/communication\/logos\/#breadcrumb\"},\"inLanguage\":\"en-US\",\"potentialAction\":[{\"@type\":\"ReadAction\",\"target\":[\"https:\/\/cmh.ens.fr\/en\/intranet\/communication\/logos\/\"]}]},{\"@type\":\"ImageObject\",\"inLanguage\":\"en-US\",\"@id\":\"https:\/\/cmh.ens.fr\/en\/intranet\/communication\/logos\/#primaryimage\",\"url\":\"https:\/\/cmh.ens.fr\/wp-content\/uploads\/logo_cmh2.png\",\"contentUrl\":\"https:\/\/cmh.ens.fr\/wp-content\/uploads\/logo_cmh2.png\",\"width\":154,\"height\":95},{\"@type\":\"BreadcrumbList\",\"@id\":\"https:\/\/cmh.ens.fr\/en\/intranet\/communication\/logos\/#breadcrumb\",\"itemListElement\":[{\"@type\":\"ListItem\",\"position\":1,\"name\":\"Accueil\",\"item\":\"https:\/\/cmh.ens.fr\/\"},{\"@type\":\"ListItem\",\"position\":2,\"name\":\"Intranet\",\"item\":\"https:\/\/cmh.ens.fr\/en\/intranet\/\"},{\"@type\":\"ListItem\",\"position\":3,\"name\":\"Communication\",\"item\":\"https:\/\/cmh.ens.fr\/intranet\/communication\/\"},{\"@type\":\"ListItem\",\"position\":4,\"name\":\"Logos\"}]},{\"@type\":\"WebSite\",\"@id\":\"https:\/\/cmh.ens.fr\/en\/#website\",\"url\":\"https:\/\/cmh.ens.fr\/en\/\",\"name\":\"CMH\",\"description\":\"Centre Maurice Halbwachs\",\"publisher\":{\"@id\":\"https:\/\/cmh.ens.fr\/en\/#organization\"},\"potentialAction\":[{\"@type\":\"SearchAction\",\"target\":{\"@type\":\"EntryPoint\",\"urlTemplate\":\"https:\/\/cmh.ens.fr\/en\/?s={search_term_string}\"},\"query-input\":{\"@type\":\"PropertyValueSpecification\",\"valueRequired\":true,\"valueName\":\"search_term_string\"}}],\"inLanguage\":\"en-US\"},{\"@type\":\"Organization\",\"@id\":\"https:\/\/cmh.ens.fr\/en\/#organization\",\"name\":\"Centre Maurice Halbwachs\",\"url\":\"https:\/\/cmh.ens.fr\/en\/\",\"logo\":{\"@type\":\"ImageObject\",\"inLanguage\":\"en-US\",\"@id\":\"https:\/\/cmh.ens.fr\/en\/#\/schema\/logo\/image\/\",\"url\":\"https:\/\/www.cmh.ens.fr\/wp-content\/uploads\/siteon0.jpg\",\"contentUrl\":\"https:\/\/www.cmh.ens.fr\/wp-content\/uploads\/siteon0.jpg\",\"width\":86,\"height\":53,\"caption\":\"Centre Maurice Halbwachs\"},\"image\":{\"@id\":\"https:\/\/cmh.ens.fr\/en\/#\/schema\/logo\/image\/\"}}]}<\/script>\n<!-- \/ Yoast SEO plugin. -->","yoast_head_json":{"title":"CMH","robots":{"index":"index","follow":"follow","max-snippet":"max-snippet:-1","max-image-preview":"max-image-preview:large","max-video-preview":"max-video-preview:-1"},"canonical":"https:\/\/cmh.ens.fr\/en\/intranet\/communication\/logos\/","og_locale":"en_US","og_type":"article","og_title":"Logos - CMH","og_description":"D\u00e9sol\u00e9 ce contenu est priv\u00e9. Veuillez vous connecter pour pouvoir y acc\u00e9der.","og_url":"https:\/\/cmh.ens.fr\/en\/intranet\/communication\/logos\/","og_site_name":"CMH","article_modified_time":"2023-06-05T08:37:38+00:00","og_image":[{"width":154,"height":95,"url":"https:\/\/cmh.ens.fr\/wp-content\/uploads\/logo_cmh2.png","type":"image\/png"}],"twitter_card":"summary_large_image","schema":{"@context":"https:\/\/schema.org","@graph":[{"@type":"WebPage","@id":"https:\/\/cmh.ens.fr\/en\/intranet\/communication\/logos\/","url":"https:\/\/cmh.ens.fr\/en\/intranet\/communication\/logos\/","name":"Logos - CMH","isPartOf":{"@id":"https:\/\/cmh.ens.fr\/en\/#website"},"primaryImageOfPage":{"@id":"https:\/\/cmh.ens.fr\/en\/intranet\/communication\/logos\/#primaryimage"},"image":{"@id":"https:\/\/cmh.ens.fr\/en\/intranet\/communication\/logos\/#primaryimage"},"thumbnailUrl":"https:\/\/cmh.ens.fr\/wp-content\/uploads\/logo_cmh2.png","datePublished":"2023-06-05T08:35:33+00:00","dateModified":"2023-06-05T08:37:38+00:00","breadcrumb":{"@id":"https:\/\/cmh.ens.fr\/en\/intranet\/communication\/logos\/#breadcrumb"},"inLanguage":"en-US","potentialAction":[{"@type":"ReadAction","target":["https:\/\/cmh.ens.fr\/en\/intranet\/communication\/logos\/"]}]},{"@type":"ImageObject","inLanguage":"en-US","@id":"https:\/\/cmh.ens.fr\/en\/intranet\/communication\/logos\/#primaryimage","url":"https:\/\/cmh.ens.fr\/wp-content\/uploads\/logo_cmh2.png","contentUrl":"https:\/\/cmh.ens.fr\/wp-content\/uploads\/logo_cmh2.png","width":154,"height":95},{"@type":"BreadcrumbList","@id":"https:\/\/cmh.ens.fr\/en\/intranet\/communication\/logos\/#breadcrumb","itemListElement":[{"@type":"ListItem","position":1,"name":"Accueil","item":"https:\/\/cmh.ens.fr\/"},{"@type":"ListItem","position":2,"name":"Intranet","item":"https:\/\/cmh.ens.fr\/en\/intranet\/"},{"@type":"ListItem","position":3,"name":"Communication","item":"https:\/\/cmh.ens.fr\/intranet\/communication\/"},{"@type":"ListItem","position":4,"name":"Logos"}]},{"@type":"WebSite","@id":"https:\/\/cmh.ens.fr\/en\/#website","url":"https:\/\/cmh.ens.fr\/en\/","name":"CMH","description":"Centre Maurice Halbwachs","publisher":{"@id":"https:\/\/cmh.ens.fr\/en\/#organization"},"potentialAction":[{"@type":"SearchAction","target":{"@type":"EntryPoint","urlTemplate":"https:\/\/cmh.ens.fr\/en\/?s={search_term_string}"},"query-input":{"@type":"PropertyValueSpecification","valueRequired":true,"valueName":"search_term_string"}}],"inLanguage":"en-US"},{"@type":"Organization","@id":"https:\/\/cmh.ens.fr\/en\/#organization","name":"Centre Maurice Halbwachs","url":"https:\/\/cmh.ens.fr\/en\/","logo":{"@type":"ImageObject","inLanguage":"en-US","@id":"https:\/\/cmh.ens.fr\/en\/#\/schema\/logo\/image\/","url":"https:\/\/www.cmh.ens.fr\/wp-content\/uploads\/siteon0.jpg","contentUrl":"https:\/\/www.cmh.ens.fr\/wp-content\/uploads\/siteon0.jpg","width":86,"height":53,"caption":"Centre Maurice Halbwachs"},"image":{"@id":"https:\/\/cmh.ens.fr\/en\/#\/schema\/logo\/image\/"}}]}},"_links":{"self":[{"href":"https:\/\/cmh.ens.fr\/en\/wp-json\/wp\/v2\/pages\/12656"}],"collection":[{"href":"https:\/\/cmh.ens.fr\/en\/wp-json\/wp\/v2\/pages"}],"about":[{"href":"https:\/\/cmh.ens.fr\/en\/wp-json\/wp\/v2\/types\/page"}],"author":[{"embeddable":true,"href":"https:\/\/cmh.ens.fr\/en\/wp-json\/wp\/v2\/users\/1"}],"replies":[{"embeddable":true,"href":"https:\/\/cmh.ens.fr\/en\/wp-json\/wp\/v2\/comments?post=12656"}],"version-history":[{"count":1,"href":"https:\/\/cmh.ens.fr\/en\/wp-json\/wp\/v2\/pages\/12656\/revisions"}],"predecessor-version":[{"id":12657,"href":"https:\/\/cmh.ens.fr\/en\/wp-json\/wp\/v2\/pages\/12656\/revisions\/12657"}],"up":[{"embeddable":true,"href":"https:\/\/cmh.ens.fr\/en\/wp-json\/wp\/v2\/pages\/12510"}],"wp:featuredmedia":[{"embeddable":true,"href":"https:\/\/cmh.ens.fr\/en\/wp-json\/wp\/v2\/media\/3841"}],"wp:attachment":[{"href":"https:\/\/cmh.ens.fr\/en\/wp-json\/wp\/v2\/media?parent=12656"}],"curies":[{"name":"wp","href":"https:\/\/api.w.org\/{rel}","templated":true}]}}