{"id":12594,"date":"2023-06-02T14:06:19","date_gmt":"2023-06-02T12:06:19","guid":{"rendered":"https:\/\/www.cmh.ens.fr\/?page_id=12594"},"modified":"2024-01-30T14:49:15","modified_gmt":"2024-01-30T13:49:15","slug":"comite-ethique-scientifique","status":"publish","type":"page","link":"https:\/\/cmh.ens.fr\/en\/intranet\/comite-ethique-scientifique\/","title":{"rendered":"Comit\u00e9 \u00e9thique scientifique"},"content":{"rendered":"\t\t<div data-elementor-type=\"wp-page\" data-elementor-id=\"12594\" class=\"elementor elementor-12594\" data-elementor-post-type=\"page\">\n\t\t\t\t\t\t<section class=\"elementor-section elementor-top-section elementor-element elementor-element-0eba95f elementor-section-boxed elementor-section-height-default elementor-section-height-default\" data-id=\"0eba95f\" data-element_type=\"section\" data-e-type=\"section\">\n\t\t\t\t\t\t<div class=\"elementor-container elementor-column-gap-default\">\n\t\t\t\t\t<div class=\"elementor-column elementor-col-100 elementor-top-column elementor-element elementor-element-36801d1\" data-id=\"36801d1\" data-element_type=\"column\" data-e-type=\"column\">\n\t\t\t<div class=\"elementor-widget-wrap elementor-element-populated\">\n\t\t\t\t\t\t<div class=\"elementor-element elementor-element-6d0081b elementor-grid-5 elementor-grid-tablet-2 elementor-grid-mobile-1 elementor-posts--thumbnail-top elementor-widget elementor-widget-posts\" data-id=\"6d0081b\" data-element_type=\"widget\" data-e-type=\"widget\" data-settings=\"{&quot;classic_columns&quot;:&quot;5&quot;,&quot;classic_columns_tablet&quot;:&quot;2&quot;,&quot;classic_columns_mobile&quot;:&quot;1&quot;,&quot;classic_row_gap&quot;:{&quot;unit&quot;:&quot;px&quot;,&quot;size&quot;:35,&quot;sizes&quot;:[]},&quot;classic_row_gap_tablet&quot;:{&quot;unit&quot;:&quot;px&quot;,&quot;size&quot;:&quot;&quot;,&quot;sizes&quot;:[]},&quot;classic_row_gap_mobile&quot;:{&quot;unit&quot;:&quot;px&quot;,&quot;size&quot;:&quot;&quot;,&quot;sizes&quot;:[]}}\" data-widget_type=\"posts.classic\">\n\t\t\t\t<div class=\"elementor-widget-container\">\n\t\t\t\t\t\t\t<div class=\"elementor-posts-container elementor-posts elementor-posts--skin-classic elementor-grid\">\n\t\t\t\t<article class=\"elementor-post elementor-grid-item post-16428 page type-page status-publish hentry\">\n\t\t\t\t<div class=\"elementor-post__text\">\n\t\t\t\t<h3 class=\"elementor-post__title\">\n\t\t\t<a href=\"https:\/\/cmh.ens.fr\/en\/maurice-halbwachs-au-dela-de-weimar\/\" >\n\t\t\t\tMaurice Halbwachs au-del\u00e0 de Weimar\t\t\t<\/a>\n\t\t<\/h3>\n\t\t\t\t<\/div>\n\t\t\t\t<\/article>\n\t\t\t\t<article class=\"elementor-post elementor-grid-item post-703 page type-page status-publish hentry\">\n\t\t\t\t<div class=\"elementor-post__text\">\n\t\t\t\t<h3 class=\"elementor-post__title\">\n\t\t\t<a href=\"https:\/\/cmh.ens.fr\/en\/publications-du-cmh-sous-hal\/\" >\n\t\t\t\tPublications du CMH sous HAL\t\t\t<\/a>\n\t\t<\/h3>\n\t\t\t\t<\/div>\n\t\t\t\t<\/article>\n\t\t\t\t<article class=\"elementor-post elementor-grid-item post-108 page type-page status-publish hentry\">\n\t\t\t\t<div class=\"elementor-post__text\">\n\t\t\t\t<h3 class=\"elementor-post__title\">\n\t\t\t<a href=\"https:\/\/cmh.ens.fr\/en\/maurice-halbwachs\/\" >\n\t\t\t\tMaurice Halbwachs\t\t\t<\/a>\n\t\t<\/h3>\n\t\t\t\t<\/div>\n\t\t\t\t<\/article>\n\t\t\t\t<article class=\"elementor-post elementor-grid-item post-106 page type-page status-publish hentry\">\n\t\t\t\t<div class=\"elementor-post__text\">\n\t\t\t\t<h3 class=\"elementor-post__title\">\n\t\t\t<a href=\"https:\/\/cmh.ens.fr\/en\/partenaires\/\" >\n\t\t\t\tPartenaires\t\t\t<\/a>\n\t\t<\/h3>\n\t\t\t\t<\/div>\n\t\t\t\t<\/article>\n\t\t\t\t<article class=\"elementor-post elementor-grid-item post-104 page type-page status-publish hentry\">\n\t\t\t\t<div class=\"elementor-post__text\">\n\t\t\t\t<h3 class=\"elementor-post__title\">\n\t\t\t<a href=\"https:\/\/cmh.ens.fr\/en\/contacts-et-acces\/\" >\n\t\t\t\tContacts et acc\u00e8s\t\t\t<\/a>\n\t\t<\/h3>\n\t\t\t\t<\/div>\n\t\t\t\t<\/article>\n\t\t\t\t<article class=\"elementor-post elementor-grid-item post-102 page type-page status-publish hentry\">\n\t\t\t\t<div class=\"elementor-post__text\">\n\t\t\t\t<h3 class=\"elementor-post__title\">\n\t\t\t<a href=\"https:\/\/cmh.ens.fr\/en\/presentation-de-lunite\/\" >\n\t\t\t\tPr\u00e9sentation de l\u2019unit\u00e9\t\t\t<\/a>\n\t\t<\/h3>\n\t\t\t\t<\/div>\n\t\t\t\t<\/article>\n\t\t\t\t<article class=\"elementor-post elementor-grid-item post-36 page type-page status-publish hentry\">\n\t\t\t\t<div class=\"elementor-post__text\">\n\t\t\t\t<h3 class=\"elementor-post__title\">\n\t\t\t<a href=\"https:\/\/cmh.ens.fr\/en\/contact-us\/\" >\n\t\t\t\tContact us\t\t\t<\/a>\n\t\t<\/h3>\n\t\t\t\t<\/div>\n\t\t\t\t<\/article>\n\t\t\t\t<article class=\"elementor-post elementor-grid-item post-34 page type-page status-publish hentry\">\n\t\t\t\t<div class=\"elementor-post__text\">\n\t\t\t\t<h3 class=\"elementor-post__title\">\n\t\t\t<a href=\"https:\/\/cmh.ens.fr\/en\/contactez-nous\/\" >\n\t\t\t\tContactez nous\t\t\t<\/a>\n\t\t<\/h3>\n\t\t\t\t<\/div>\n\t\t\t\t<\/article>\n\t\t\t\t<article class=\"elementor-post elementor-grid-item post-14 page type-page status-publish hentry\">\n\t\t\t\t<div class=\"elementor-post__text\">\n\t\t\t\t<h3 class=\"elementor-post__title\">\n\t\t\t<a href=\"https:\/\/cmh.ens.fr\/en\/home\/\" >\n\t\t\t\tHome\t\t\t<\/a>\n\t\t<\/h3>\n\t\t\t\t<\/div>\n\t\t\t\t<\/article>\n\t\t\t\t<article class=\"elementor-post elementor-grid-item post-12 page type-page status-publish has-post-thumbnail hentry\">\n\t\t\t\t<a class=\"elementor-post__thumbnail__link\" href=\"https:\/\/cmh.ens.fr\/en\/\" tabindex=\"-1\" >\n\t\t\t<div class=\"elementor-post__thumbnail\"><img fetchpriority=\"high\" decoding=\"async\" width=\"300\" height=\"200\" src=\"https:\/\/cmh.ens.fr\/wp-content\/uploads\/jourdangd-300x200.jpg\" class=\"attachment-medium size-medium wp-image-1140\" alt=\"\" srcset=\"https:\/\/cmh.ens.fr\/wp-content\/uploads\/jourdangd-300x200.jpg 300w, https:\/\/cmh.ens.fr\/wp-content\/uploads\/jourdangd.jpg 720w\" sizes=\"(max-width: 300px) 100vw, 300px\" \/><\/div>\n\t\t<\/a>\n\t\t\t\t<div class=\"elementor-post__text\">\n\t\t\t\t<h3 class=\"elementor-post__title\">\n\t\t\t<a href=\"https:\/\/cmh.ens.fr\/en\/\" >\n\t\t\t\tAccueil\t\t\t<\/a>\n\t\t<\/h3>\n\t\t\t\t<\/div>\n\t\t\t\t<\/article>\n\t\t\t\t<\/div>\n\t\t\n\t\t\t\t\t\t<\/div>\n\t\t\t\t<\/div>\n\t\t\t\t\t<\/div>\n\t\t<\/div>\n\t\t\t\t\t<\/div>\n\t\t<\/section>\n\t\t\t\t<section class=\"elementor-section elementor-top-section elementor-element elementor-element-f73f305 elementor-section-boxed elementor-section-height-default elementor-section-height-default\" data-id=\"f73f305\" data-element_type=\"section\" data-e-type=\"section\">\n\t\t\t\t\t\t<div class=\"elementor-container elementor-column-gap-default\">\n\t\t\t\t\t<div class=\"elementor-column elementor-col-100 elementor-top-column elementor-element elementor-element-5fc65b9\" data-id=\"5fc65b9\" data-element_type=\"column\" data-e-type=\"column\">\n\t\t\t<div class=\"elementor-widget-wrap elementor-element-populated\">\n\t\t\t\t\t\t<div class=\"elementor-element elementor-element-68ce0a2 elementor-widget elementor-widget-text-editor\" data-id=\"68ce0a2\" data-element_type=\"widget\" data-e-type=\"widget\" data-widget_type=\"text-editor.default\">\n\t\t\t\t<div class=\"elementor-widget-container\">\n\t\t\t\t\t\t\t\t\t<p class=\"MsoNormal\" style=\"margin-bottom: 0.0001pt; text-indent: 35.45pt; line-height: 150%;\"><span style=\"font-size: 14.0pt; line-height: 150%; font-family: 'Times New Roman',serif; mso-fareast-font-family: 'Times New Roman'; mso-fareast-language: FR;\">Le comit\u00e9 d&rsquo;\u00e9thique du CMH a vocation \u00e0 \u00eatre un lieu d&rsquo;\u00e9change, de r\u00e9flexion, et de certification quand n\u00e9cessaire, sur les questions d&rsquo;\u00e9thique de la recherche dans l&rsquo;enqu\u00eate. Il ne se substitue pas aux instances d\u00e9j\u00e0 existantes dont il reconnait les principes g\u00e9n\u00e9raux (par exemple le comit\u00e9 d\u2019int\u00e9grit\u00e9 scientifique de l&rsquo;ENS, qui a plut\u00f4t vocation \u00e0 intervenir sur les questions de fraude, plagiat ou falsification des donn\u00e9es\u00a0; le comit\u00e9 d&rsquo;\u00e9thique du CNRS qui se veut une instance de r\u00e9flexion sur les dimensions \u00e9thiques et sociales de toute recherche\u00a0; le comit\u00e9 d\u2019\u00e9thique de l\u2019EHESS). <\/span><\/p><p><span style=\"font-size: 14.0pt; line-height: 107%; font-family: 'Times New Roman',serif; mso-fareast-font-family: 'Times New Roman'; mso-ansi-language: FR; mso-fareast-language: FR; mso-bidi-language: AR-SA;\">Le comit\u00e9 d&rsquo;\u00e9thique du CMH se r\u00e9f\u00e8re aux principes de la Charte nationale de d\u00e9ontologie des m\u00e9tiers de la recherche<a title=\"\" href=\"file:\/\/\/C:\/Users\/MSCHIL~1\/AppData\/Local\/Temp\/pid-9220\/cometique%20cmh_x%20intranet-1.docx#_ftn1\" name=\"_ftnref1\"><span class=\"MsoFootnoteReference\"><!-- [if !supportFootnotes]--><span class=\"MsoFootnoteReference\"><span style=\"font-size: 14pt; line-height: 107%;\">[1]<\/span><\/span><!--[endif]--><\/span><\/a>, d\u00e8s lors que ces derniers ne mettent pas en danger les enqu\u00eat\u00e9s ou les chercheurs et chercheuses.<\/span><\/p><div><p><!-- [if !supportFootnotes]--><\/p><hr align=\"left\" size=\"1\" width=\"33%\" \/><p><!--[endif]--><\/p><div id=\"ftn1\"><p class=\"MsoFootnoteText\"><a title=\"\" href=\"file:\/\/\/C:\/Users\/MSCHIL~1\/AppData\/Local\/Temp\/pid-9220\/cometique%20cmh_x%20intranet-1.docx#_ftnref1\" name=\"_ftn1\"><span class=\"MsoFootnoteReference\"><span style=\"font-family: 'Times New Roman',serif;\"><!-- [if !supportFootnotes]--><span class=\"MsoFootnoteReference\"><span style=\"font-size: 10pt; line-height: 107%;\">[1]<\/span><\/span><!--[endif]--><\/span><\/span><\/a><span style=\"font-family: 'Times New Roman',serif;\"> Charte nationale de d\u00e9ontologie des m\u00e9tiers de la recherche, 26 janvier 2015, <\/span><a href=\"https:\/\/comite-ethique.cnrs.fr\/charte\/\"><span style=\"font-family: 'Times New Roman',serif;\">https:\/\/comite-ethique.cnrs.fr\/charte\/<\/span><\/a><\/p><\/div><\/div>\t\t\t\t\t\t\t\t<\/div>\n\t\t\t\t<\/div>\n\t\t\t\t\t<\/div>\n\t\t<\/div>\n\t\t\t\t\t<\/div>\n\t\t<\/section>\n\t\t\t\t<\/div>\n\t\t","protected":false},"excerpt":{"rendered":"<p>Le comit\u00e9 d&rsquo;\u00e9thique du CMH a vocation \u00e0 \u00eatre un lieu d&rsquo;\u00e9change, de r\u00e9flexion, et de certification quand n\u00e9cessaire, sur les questions d&rsquo;\u00e9thique de la<\/p>","protected":false},"author":1,"featured_media":0,"parent":2763,"menu_order":7,"comment_status":"closed","ping_status":"closed","template":"","meta":{"_acf_changed":false,"footnotes":""},"class_list":["post-12594","page","type-page","status-publish","hentry"],"acf":[],"yoast_head":"<!-- This site is optimized with the Yoast SEO plugin v25.6 - https:\/\/yoast.com\/wordpress\/plugins\/seo\/ -->\n<title>CMH<\/title>\n<meta name=\"robots\" content=\"index, follow, max-snippet:-1, max-image-preview:large, max-video-preview:-1\" \/>\n<link rel=\"canonical\" href=\"https:\/\/cmh.ens.fr\/en\/intranet\/comite-ethique-scientifique\/\" class=\"yoast-seo-meta-tag\" \/>\n<meta property=\"og:locale\" content=\"en_US\" class=\"yoast-seo-meta-tag\" \/>\n<meta property=\"og:type\" content=\"article\" class=\"yoast-seo-meta-tag\" \/>\n<meta property=\"og:title\" content=\"Comit\u00e9 \u00e9thique scientifique - CMH\" class=\"yoast-seo-meta-tag\" \/>\n<meta property=\"og:description\" content=\"Le comit\u00e9 d&rsquo;\u00e9thique du CMH a vocation \u00e0 \u00eatre un lieu d&rsquo;\u00e9change, de r\u00e9flexion, et de certification quand n\u00e9cessaire, sur les questions d&rsquo;\u00e9thique de la\" class=\"yoast-seo-meta-tag\" \/>\n<meta property=\"og:url\" content=\"https:\/\/cmh.ens.fr\/en\/intranet\/comite-ethique-scientifique\/\" class=\"yoast-seo-meta-tag\" \/>\n<meta property=\"og:site_name\" content=\"CMH\" class=\"yoast-seo-meta-tag\" \/>\n<meta property=\"article:modified_time\" content=\"2024-01-30T13:49:15+00:00\" class=\"yoast-seo-meta-tag\" \/>\n<meta name=\"twitter:card\" content=\"summary_large_image\" class=\"yoast-seo-meta-tag\" \/>\n<meta name=\"twitter:label1\" content=\"Est. reading time\" class=\"yoast-seo-meta-tag\" \/>\n\t<meta name=\"twitter:data1\" content=\"1 minute\" class=\"yoast-seo-meta-tag\" \/>\n<script type=\"application\/ld+json\" class=\"yoast-schema-graph\">{\"@context\":\"https:\/\/schema.org\",\"@graph\":[{\"@type\":\"WebPage\",\"@id\":\"https:\/\/cmh.ens.fr\/en\/intranet\/comite-ethique-scientifique\/\",\"url\":\"https:\/\/cmh.ens.fr\/en\/intranet\/comite-ethique-scientifique\/\",\"name\":\"Comit\u00e9 \u00e9thique scientifique - CMH\",\"isPartOf\":{\"@id\":\"https:\/\/cmh.ens.fr\/en\/#website\"},\"datePublished\":\"2023-06-02T12:06:19+00:00\",\"dateModified\":\"2024-01-30T13:49:15+00:00\",\"breadcrumb\":{\"@id\":\"https:\/\/cmh.ens.fr\/en\/intranet\/comite-ethique-scientifique\/#breadcrumb\"},\"inLanguage\":\"en-US\",\"potentialAction\":[{\"@type\":\"ReadAction\",\"target\":[\"https:\/\/cmh.ens.fr\/en\/intranet\/comite-ethique-scientifique\/\"]}]},{\"@type\":\"BreadcrumbList\",\"@id\":\"https:\/\/cmh.ens.fr\/en\/intranet\/comite-ethique-scientifique\/#breadcrumb\",\"itemListElement\":[{\"@type\":\"ListItem\",\"position\":1,\"name\":\"Accueil\",\"item\":\"https:\/\/cmh.ens.fr\/\"},{\"@type\":\"ListItem\",\"position\":2,\"name\":\"Intranet\",\"item\":\"https:\/\/cmh.ens.fr\/en\/intranet\/\"},{\"@type\":\"ListItem\",\"position\":3,\"name\":\"Comit\u00e9 \u00e9thique scientifique\"}]},{\"@type\":\"WebSite\",\"@id\":\"https:\/\/cmh.ens.fr\/en\/#website\",\"url\":\"https:\/\/cmh.ens.fr\/en\/\",\"name\":\"CMH\",\"description\":\"Centre Maurice Halbwachs\",\"publisher\":{\"@id\":\"https:\/\/cmh.ens.fr\/en\/#organization\"},\"potentialAction\":[{\"@type\":\"SearchAction\",\"target\":{\"@type\":\"EntryPoint\",\"urlTemplate\":\"https:\/\/cmh.ens.fr\/en\/?s={search_term_string}\"},\"query-input\":{\"@type\":\"PropertyValueSpecification\",\"valueRequired\":true,\"valueName\":\"search_term_string\"}}],\"inLanguage\":\"en-US\"},{\"@type\":\"Organization\",\"@id\":\"https:\/\/cmh.ens.fr\/en\/#organization\",\"name\":\"Centre Maurice Halbwachs\",\"url\":\"https:\/\/cmh.ens.fr\/en\/\",\"logo\":{\"@type\":\"ImageObject\",\"inLanguage\":\"en-US\",\"@id\":\"https:\/\/cmh.ens.fr\/en\/#\/schema\/logo\/image\/\",\"url\":\"https:\/\/www.cmh.ens.fr\/wp-content\/uploads\/siteon0.jpg\",\"contentUrl\":\"https:\/\/www.cmh.ens.fr\/wp-content\/uploads\/siteon0.jpg\",\"width\":86,\"height\":53,\"caption\":\"Centre Maurice Halbwachs\"},\"image\":{\"@id\":\"https:\/\/cmh.ens.fr\/en\/#\/schema\/logo\/image\/\"}}]}<\/script>\n<!-- \/ Yoast SEO plugin. -->","yoast_head_json":{"title":"CMH","robots":{"index":"index","follow":"follow","max-snippet":"max-snippet:-1","max-image-preview":"max-image-preview:large","max-video-preview":"max-video-preview:-1"},"canonical":"https:\/\/cmh.ens.fr\/en\/intranet\/comite-ethique-scientifique\/","og_locale":"en_US","og_type":"article","og_title":"Comit\u00e9 \u00e9thique scientifique - CMH","og_description":"Le comit\u00e9 d&rsquo;\u00e9thique du CMH a vocation \u00e0 \u00eatre un lieu d&rsquo;\u00e9change, de r\u00e9flexion, et de certification quand n\u00e9cessaire, sur les questions d&rsquo;\u00e9thique de la","og_url":"https:\/\/cmh.ens.fr\/en\/intranet\/comite-ethique-scientifique\/","og_site_name":"CMH","article_modified_time":"2024-01-30T13:49:15+00:00","twitter_card":"summary_large_image","twitter_misc":{"Est. reading time":"1 minute"},"schema":{"@context":"https:\/\/schema.org","@graph":[{"@type":"WebPage","@id":"https:\/\/cmh.ens.fr\/en\/intranet\/comite-ethique-scientifique\/","url":"https:\/\/cmh.ens.fr\/en\/intranet\/comite-ethique-scientifique\/","name":"Comit\u00e9 \u00e9thique scientifique - CMH","isPartOf":{"@id":"https:\/\/cmh.ens.fr\/en\/#website"},"datePublished":"2023-06-02T12:06:19+00:00","dateModified":"2024-01-30T13:49:15+00:00","breadcrumb":{"@id":"https:\/\/cmh.ens.fr\/en\/intranet\/comite-ethique-scientifique\/#breadcrumb"},"inLanguage":"en-US","potentialAction":[{"@type":"ReadAction","target":["https:\/\/cmh.ens.fr\/en\/intranet\/comite-ethique-scientifique\/"]}]},{"@type":"BreadcrumbList","@id":"https:\/\/cmh.ens.fr\/en\/intranet\/comite-ethique-scientifique\/#breadcrumb","itemListElement":[{"@type":"ListItem","position":1,"name":"Accueil","item":"https:\/\/cmh.ens.fr\/"},{"@type":"ListItem","position":2,"name":"Intranet","item":"https:\/\/cmh.ens.fr\/en\/intranet\/"},{"@type":"ListItem","position":3,"name":"Comit\u00e9 \u00e9thique scientifique"}]},{"@type":"WebSite","@id":"https:\/\/cmh.ens.fr\/en\/#website","url":"https:\/\/cmh.ens.fr\/en\/","name":"CMH","description":"Centre Maurice Halbwachs","publisher":{"@id":"https:\/\/cmh.ens.fr\/en\/#organization"},"potentialAction":[{"@type":"SearchAction","target":{"@type":"EntryPoint","urlTemplate":"https:\/\/cmh.ens.fr\/en\/?s={search_term_string}"},"query-input":{"@type":"PropertyValueSpecification","valueRequired":true,"valueName":"search_term_string"}}],"inLanguage":"en-US"},{"@type":"Organization","@id":"https:\/\/cmh.ens.fr\/en\/#organization","name":"Centre Maurice Halbwachs","url":"https:\/\/cmh.ens.fr\/en\/","logo":{"@type":"ImageObject","inLanguage":"en-US","@id":"https:\/\/cmh.ens.fr\/en\/#\/schema\/logo\/image\/","url":"https:\/\/www.cmh.ens.fr\/wp-content\/uploads\/siteon0.jpg","contentUrl":"https:\/\/www.cmh.ens.fr\/wp-content\/uploads\/siteon0.jpg","width":86,"height":53,"caption":"Centre Maurice Halbwachs"},"image":{"@id":"https:\/\/cmh.ens.fr\/en\/#\/schema\/logo\/image\/"}}]}},"_links":{"self":[{"href":"https:\/\/cmh.ens.fr\/en\/wp-json\/wp\/v2\/pages\/12594"}],"collection":[{"href":"https:\/\/cmh.ens.fr\/en\/wp-json\/wp\/v2\/pages"}],"about":[{"href":"https:\/\/cmh.ens.fr\/en\/wp-json\/wp\/v2\/types\/page"}],"author":[{"embeddable":true,"href":"https:\/\/cmh.ens.fr\/en\/wp-json\/wp\/v2\/users\/1"}],"replies":[{"embeddable":true,"href":"https:\/\/cmh.ens.fr\/en\/wp-json\/wp\/v2\/comments?post=12594"}],"version-history":[{"count":7,"href":"https:\/\/cmh.ens.fr\/en\/wp-json\/wp\/v2\/pages\/12594\/revisions"}],"predecessor-version":[{"id":14055,"href":"https:\/\/cmh.ens.fr\/en\/wp-json\/wp\/v2\/pages\/12594\/revisions\/14055"}],"up":[{"embeddable":true,"href":"https:\/\/cmh.ens.fr\/en\/wp-json\/wp\/v2\/pages\/2763"}],"wp:attachment":[{"href":"https:\/\/cmh.ens.fr\/en\/wp-json\/wp\/v2\/media?parent=12594"}],"curies":[{"name":"wp","href":"https:\/\/api.w.org\/{rel}","templated":true}]}}