{"id":11111,"date":"2023-01-03T16:18:25","date_gmt":"2023-01-03T15:18:25","guid":{"rendered":"https:\/\/www.cmh.ens.fr\/?page_id=11111"},"modified":"2023-01-05T11:23:59","modified_gmt":"2023-01-05T10:23:59","slug":"programme-sante-numerique-en-societe","status":"publish","type":"page","link":"https:\/\/cmh.ens.fr\/en\/programmes-de-recherche\/programme-sante-numerique-en-societe\/","title":{"rendered":"Programme SocSanNum &#8211; F\u00e9vrier 2023 \u00e0 F\u00e9vrier 2026"},"content":{"rendered":"<h2 class=\"wp-block-heading\">Sant\u00e9 Num\u00e9rique en soci\u00e9t\u00e9<\/h2>\n\n\n\n<p>Responsable scientifique&nbsp;: <strong>Emmanuel DIDIER<\/strong><\/p>\n\n\n\n<p>Partenaire ou coordinateur du projet&nbsp;: <strong>PSL \/ ENS<\/strong><\/p>\n\n\n\n<p>Financeur&nbsp;: <strong>MESRI<\/strong><\/p>\n\n\n\n<p>Nous \u00e9tudions les d\u00e9terminants et les effets sociaux de la sant\u00e9 num\u00e9rique en train de se constituer, sp\u00e9cialement dans les domaines de la construction d\u2019infrastructures de donn\u00e9es, la transformation des professions de sant\u00e9, les bouleversements de la d\u00e9mocratie en sant\u00e9 et les nouvelles modalit\u00e9s de cr\u00e9ation de valeur. Ce projet implant\u00e9 sur le site du Val de Gr\u00e2ce permet de configurer un Institut transversal Sant\u00e9&nbsp;Num\u00e9rique et Soci\u00e9t\u00e9 membre de PariSant\u00e9 Campus.&nbsp; &nbsp;&nbsp;<\/p>","protected":false},"excerpt":{"rendered":"<p>Sant\u00e9 Num\u00e9rique en soci\u00e9t\u00e9 Responsable scientifique&nbsp;: Emmanuel DIDIER Partenaire ou coordinateur du projet&nbsp;: PSL \/ ENS Financeur&nbsp;: MESRI Nous \u00e9tudions les d\u00e9terminants et les effets sociaux de la sant\u00e9 num\u00e9rique en train de se constituer, sp\u00e9cialement dans les domaines de la construction d\u2019infrastructures de donn\u00e9es, la transformation des professions de sant\u00e9, les bouleversements de la [&hellip;]<\/p>\n","protected":false},"author":94,"featured_media":0,"parent":5740,"menu_order":1,"comment_status":"closed","ping_status":"closed","template":"","meta":{"_acf_changed":false,"footnotes":""},"class_list":["post-11111","page","type-page","status-publish","hentry"],"acf":[],"yoast_head":"<!-- This site is optimized with the Yoast SEO plugin v25.6 - https:\/\/yoast.com\/wordpress\/plugins\/seo\/ -->\n<title>CMH<\/title>\n<meta name=\"robots\" content=\"index, follow, max-snippet:-1, max-image-preview:large, max-video-preview:-1\" \/>\n<link rel=\"canonical\" href=\"https:\/\/cmh.ens.fr\/en\/programmes-de-recherche\/programme-sante-numerique-en-societe\/\" class=\"yoast-seo-meta-tag\" \/>\n<meta property=\"og:locale\" content=\"en_US\" class=\"yoast-seo-meta-tag\" \/>\n<meta property=\"og:type\" content=\"article\" class=\"yoast-seo-meta-tag\" \/>\n<meta property=\"og:title\" content=\"Programme SocSanNum - F\u00e9vrier 2023 \u00e0 F\u00e9vrier 2026 - CMH\" class=\"yoast-seo-meta-tag\" \/>\n<meta property=\"og:description\" content=\"Sant\u00e9 Num\u00e9rique en soci\u00e9t\u00e9 Responsable scientifique&nbsp;: Emmanuel DIDIER Partenaire ou coordinateur du projet&nbsp;: PSL \/ ENS Financeur&nbsp;: MESRI Nous \u00e9tudions les d\u00e9terminants et les effets sociaux de la sant\u00e9 num\u00e9rique en train de se constituer, sp\u00e9cialement dans les domaines de la construction d\u2019infrastructures de donn\u00e9es, la transformation des professions de sant\u00e9, les bouleversements de la [&hellip;]\" class=\"yoast-seo-meta-tag\" \/>\n<meta property=\"og:url\" content=\"https:\/\/cmh.ens.fr\/en\/programmes-de-recherche\/programme-sante-numerique-en-societe\/\" class=\"yoast-seo-meta-tag\" \/>\n<meta property=\"og:site_name\" content=\"CMH\" class=\"yoast-seo-meta-tag\" \/>\n<meta property=\"article:modified_time\" content=\"2023-01-05T10:23:59+00:00\" class=\"yoast-seo-meta-tag\" \/>\n<meta name=\"twitter:card\" content=\"summary_large_image\" class=\"yoast-seo-meta-tag\" \/>\n<meta name=\"twitter:label1\" content=\"Est. reading time\" class=\"yoast-seo-meta-tag\" \/>\n\t<meta name=\"twitter:data1\" content=\"1 minute\" class=\"yoast-seo-meta-tag\" \/>\n<script type=\"application\/ld+json\" class=\"yoast-schema-graph\">{\"@context\":\"https:\/\/schema.org\",\"@graph\":[{\"@type\":\"WebPage\",\"@id\":\"https:\/\/cmh.ens.fr\/en\/programmes-de-recherche\/programme-sante-numerique-en-societe\/\",\"url\":\"https:\/\/cmh.ens.fr\/en\/programmes-de-recherche\/programme-sante-numerique-en-societe\/\",\"name\":\"Programme SocSanNum - F\u00e9vrier 2023 \u00e0 F\u00e9vrier 2026 - CMH\",\"isPartOf\":{\"@id\":\"https:\/\/cmh.ens.fr\/en\/#website\"},\"datePublished\":\"2023-01-03T15:18:25+00:00\",\"dateModified\":\"2023-01-05T10:23:59+00:00\",\"breadcrumb\":{\"@id\":\"https:\/\/cmh.ens.fr\/en\/programmes-de-recherche\/programme-sante-numerique-en-societe\/#breadcrumb\"},\"inLanguage\":\"en-US\",\"potentialAction\":[{\"@type\":\"ReadAction\",\"target\":[\"https:\/\/cmh.ens.fr\/en\/programmes-de-recherche\/programme-sante-numerique-en-societe\/\"]}]},{\"@type\":\"BreadcrumbList\",\"@id\":\"https:\/\/cmh.ens.fr\/en\/programmes-de-recherche\/programme-sante-numerique-en-societe\/#breadcrumb\",\"itemListElement\":[{\"@type\":\"ListItem\",\"position\":1,\"name\":\"Accueil\",\"item\":\"https:\/\/cmh.ens.fr\/\"},{\"@type\":\"ListItem\",\"position\":2,\"name\":\"Programmes de recherche\",\"item\":\"https:\/\/cmh.ens.fr\/programmes-de-recherche\/\"},{\"@type\":\"ListItem\",\"position\":3,\"name\":\"Programme SocSanNum &#8211; F\u00e9vrier 2023 \u00e0 F\u00e9vrier 2026\"}]},{\"@type\":\"WebSite\",\"@id\":\"https:\/\/cmh.ens.fr\/en\/#website\",\"url\":\"https:\/\/cmh.ens.fr\/en\/\",\"name\":\"CMH\",\"description\":\"Centre Maurice Halbwachs\",\"publisher\":{\"@id\":\"https:\/\/cmh.ens.fr\/en\/#organization\"},\"potentialAction\":[{\"@type\":\"SearchAction\",\"target\":{\"@type\":\"EntryPoint\",\"urlTemplate\":\"https:\/\/cmh.ens.fr\/en\/?s={search_term_string}\"},\"query-input\":{\"@type\":\"PropertyValueSpecification\",\"valueRequired\":true,\"valueName\":\"search_term_string\"}}],\"inLanguage\":\"en-US\"},{\"@type\":\"Organization\",\"@id\":\"https:\/\/cmh.ens.fr\/en\/#organization\",\"name\":\"Centre Maurice Halbwachs\",\"url\":\"https:\/\/cmh.ens.fr\/en\/\",\"logo\":{\"@type\":\"ImageObject\",\"inLanguage\":\"en-US\",\"@id\":\"https:\/\/cmh.ens.fr\/en\/#\/schema\/logo\/image\/\",\"url\":\"https:\/\/www.cmh.ens.fr\/wp-content\/uploads\/siteon0.jpg\",\"contentUrl\":\"https:\/\/www.cmh.ens.fr\/wp-content\/uploads\/siteon0.jpg\",\"width\":86,\"height\":53,\"caption\":\"Centre Maurice Halbwachs\"},\"image\":{\"@id\":\"https:\/\/cmh.ens.fr\/en\/#\/schema\/logo\/image\/\"}}]}<\/script>\n<!-- \/ Yoast SEO plugin. -->","yoast_head_json":{"title":"CMH","robots":{"index":"index","follow":"follow","max-snippet":"max-snippet:-1","max-image-preview":"max-image-preview:large","max-video-preview":"max-video-preview:-1"},"canonical":"https:\/\/cmh.ens.fr\/en\/programmes-de-recherche\/programme-sante-numerique-en-societe\/","og_locale":"en_US","og_type":"article","og_title":"Programme SocSanNum - F\u00e9vrier 2023 \u00e0 F\u00e9vrier 2026 - CMH","og_description":"Sant\u00e9 Num\u00e9rique en soci\u00e9t\u00e9 Responsable scientifique&nbsp;: Emmanuel DIDIER Partenaire ou coordinateur du projet&nbsp;: PSL \/ ENS Financeur&nbsp;: MESRI Nous \u00e9tudions les d\u00e9terminants et les effets sociaux de la sant\u00e9 num\u00e9rique en train de se constituer, sp\u00e9cialement dans les domaines de la construction d\u2019infrastructures de donn\u00e9es, la transformation des professions de sant\u00e9, les bouleversements de la [&hellip;]","og_url":"https:\/\/cmh.ens.fr\/en\/programmes-de-recherche\/programme-sante-numerique-en-societe\/","og_site_name":"CMH","article_modified_time":"2023-01-05T10:23:59+00:00","twitter_card":"summary_large_image","twitter_misc":{"Est. reading time":"1 minute"},"schema":{"@context":"https:\/\/schema.org","@graph":[{"@type":"WebPage","@id":"https:\/\/cmh.ens.fr\/en\/programmes-de-recherche\/programme-sante-numerique-en-societe\/","url":"https:\/\/cmh.ens.fr\/en\/programmes-de-recherche\/programme-sante-numerique-en-societe\/","name":"Programme SocSanNum - F\u00e9vrier 2023 \u00e0 F\u00e9vrier 2026 - CMH","isPartOf":{"@id":"https:\/\/cmh.ens.fr\/en\/#website"},"datePublished":"2023-01-03T15:18:25+00:00","dateModified":"2023-01-05T10:23:59+00:00","breadcrumb":{"@id":"https:\/\/cmh.ens.fr\/en\/programmes-de-recherche\/programme-sante-numerique-en-societe\/#breadcrumb"},"inLanguage":"en-US","potentialAction":[{"@type":"ReadAction","target":["https:\/\/cmh.ens.fr\/en\/programmes-de-recherche\/programme-sante-numerique-en-societe\/"]}]},{"@type":"BreadcrumbList","@id":"https:\/\/cmh.ens.fr\/en\/programmes-de-recherche\/programme-sante-numerique-en-societe\/#breadcrumb","itemListElement":[{"@type":"ListItem","position":1,"name":"Accueil","item":"https:\/\/cmh.ens.fr\/"},{"@type":"ListItem","position":2,"name":"Programmes de recherche","item":"https:\/\/cmh.ens.fr\/programmes-de-recherche\/"},{"@type":"ListItem","position":3,"name":"Programme SocSanNum &#8211; F\u00e9vrier 2023 \u00e0 F\u00e9vrier 2026"}]},{"@type":"WebSite","@id":"https:\/\/cmh.ens.fr\/en\/#website","url":"https:\/\/cmh.ens.fr\/en\/","name":"CMH","description":"Centre Maurice Halbwachs","publisher":{"@id":"https:\/\/cmh.ens.fr\/en\/#organization"},"potentialAction":[{"@type":"SearchAction","target":{"@type":"EntryPoint","urlTemplate":"https:\/\/cmh.ens.fr\/en\/?s={search_term_string}"},"query-input":{"@type":"PropertyValueSpecification","valueRequired":true,"valueName":"search_term_string"}}],"inLanguage":"en-US"},{"@type":"Organization","@id":"https:\/\/cmh.ens.fr\/en\/#organization","name":"Centre Maurice Halbwachs","url":"https:\/\/cmh.ens.fr\/en\/","logo":{"@type":"ImageObject","inLanguage":"en-US","@id":"https:\/\/cmh.ens.fr\/en\/#\/schema\/logo\/image\/","url":"https:\/\/www.cmh.ens.fr\/wp-content\/uploads\/siteon0.jpg","contentUrl":"https:\/\/www.cmh.ens.fr\/wp-content\/uploads\/siteon0.jpg","width":86,"height":53,"caption":"Centre Maurice Halbwachs"},"image":{"@id":"https:\/\/cmh.ens.fr\/en\/#\/schema\/logo\/image\/"}}]}},"_links":{"self":[{"href":"https:\/\/cmh.ens.fr\/en\/wp-json\/wp\/v2\/pages\/11111"}],"collection":[{"href":"https:\/\/cmh.ens.fr\/en\/wp-json\/wp\/v2\/pages"}],"about":[{"href":"https:\/\/cmh.ens.fr\/en\/wp-json\/wp\/v2\/types\/page"}],"author":[{"embeddable":true,"href":"https:\/\/cmh.ens.fr\/en\/wp-json\/wp\/v2\/users\/94"}],"replies":[{"embeddable":true,"href":"https:\/\/cmh.ens.fr\/en\/wp-json\/wp\/v2\/comments?post=11111"}],"version-history":[{"count":11,"href":"https:\/\/cmh.ens.fr\/en\/wp-json\/wp\/v2\/pages\/11111\/revisions"}],"predecessor-version":[{"id":11149,"href":"https:\/\/cmh.ens.fr\/en\/wp-json\/wp\/v2\/pages\/11111\/revisions\/11149"}],"up":[{"embeddable":true,"href":"https:\/\/cmh.ens.fr\/en\/wp-json\/wp\/v2\/pages\/5740"}],"wp:attachment":[{"href":"https:\/\/cmh.ens.fr\/en\/wp-json\/wp\/v2\/media?parent=11111"}],"curies":[{"name":"wp","href":"https:\/\/api.w.org\/{rel}","templated":true}]}}