{"id":10893,"date":"2022-10-27T11:05:31","date_gmt":"2022-10-27T09:05:31","guid":{"rendered":"https:\/\/www.cmh.ens.fr\/?page_id=10893"},"modified":"2023-01-05T11:41:46","modified_gmt":"2023-01-05T10:41:46","slug":"programme-anr-avoconseils","status":"publish","type":"page","link":"https:\/\/cmh.ens.fr\/en\/programmes-de-recherche\/programme-anr-avoconseils\/","title":{"rendered":"Programme ANR Avoconseils &#8211; Octobre 2021 \u00e0 octobre 2024"},"content":{"rendered":"<h2 class=\"wp-block-heading\">Acc\u00e8s \u00e0 la justice et d\u00e9fense devant les Hautes Cours. Le r\u00f4le des avocats aux conseils<\/h2>\n\n\n\n<p>Responsable scientifique&nbsp;: <strong>Liora ISRA\u00cbL<\/strong><\/p>\n\n\n\n<p>Partenaire ou coordinateur du projet&nbsp;:&nbsp;<strong>Liora ISRA\u00cbL<\/strong><\/p>\n\n\n\n<p>Ce projet, financ\u00e9 par l&rsquo;Agence Nationale de la Recherche sur 3 ans, est coordonn\u00e9 par&nbsp;Liora Isra\u00ebl au Centre Maurice Halbwachs.&nbsp;Pr\u00e9vu pour se d\u00e9rouler sur trois ans (octobre 2021-octobre 2024), il sera conduit \u00e9galement par Claire Lemercier,&nbsp;historienne de la justice et des march\u00e9s au CSO&nbsp;et&nbsp;Laure Bl\u00e9vis, ma\u00eetresse de conf\u00e9rences \u00e0 l\u2019Universit\u00e9 Paris Nanterre (ISP), sociologue du droit et des migrations. L&rsquo;\u00e9quipe b\u00e9n\u00e9ficiera de l&rsquo;appui d&rsquo;Ana Maria Falconi, recrut\u00e9e comme ing\u00e9nieure de recherche au CSO pour un an sur ce projet, et de M\u00e9lanie Sargeac, post-doctorante au CMH pour un an \u00e9galement.<\/p>\n\n\n\n<p><strong>R\u00e9sum\u00e9<\/strong>\u00a0:<\/p>\n\n\n\n<p>Ce projet porte sur les professionnels m\u00e9connus qui donnent acc\u00e8s aux plus hauts tribunaux fran\u00e7ais (Conseil d&rsquo;\u00c9tat et Cour de cassation en particulier)\u00a0: les avocats aux conseils. Il s\u2019agit d\u2019une profession distincte de celle des avocats \u00e0 la Cour, qui poss\u00e8de depuis l\u2019Ancien R\u00e9gime le monopole de la d\u00e9fense devant les hautes cours fran\u00e7aises. Inconnus dans leur appellation m\u00eame par la quasi-totalit\u00e9 des citoyen\u00b7nes, ces juristes tr\u00e8s sp\u00e9cialis\u00e9s et en nombre limit\u00e9 (125 actuellement, pour 64 charges) sont pourtant des interm\u00e9diaires oblig\u00e9s pour porter son affaire devant ces juridictions.<\/p>\n\n\n\n<p>Afin de conna\u00eetre cette profession si particuli\u00e8re et la mani\u00e8re dont on peut y avoir recours, notre projet repose sur trois volets principaux\u00a0: premi\u00e8rement, une \u00e9tude syst\u00e9matique des trajectoires et de l\u2019activit\u00e9 professionnelles des avocats aux conseils (sur le temps long) ainsi que des d\u00e9bats autour de cette profession et de son r\u00f4le de filtre du contentieux ; deuxi\u00e8mement, un travail plus ethnographique sur les trajectoires d\u2019acc\u00e8s au droit des justiciables et les dispositifs suppos\u00e9s les faciliter (aide juridictionnelle, commissions d\u2019office notamment) ; troisi\u00e8mement, une \u00e9tude focalis\u00e9e sur les recours des \u00e9tranger\u00b7es devant le Conseil d\u2019\u00c9tat. Cette \u00e9tude portant sur une population sp\u00e9cifique pourra de ce fait \u00eatre plus approfondie et permettre de comprendre les in\u00e9galit\u00e9s d\u2019acc\u00e8s au droit entre \u00e9tranger\u00b7es, selon, par exemple, la nationalit\u00e9, le genre, la situation matrimoniale, le lieu de domicile en France, etc., mais aussi selon que leur contentieux est ou non accompagn\u00e9 par une association.<\/p>\n\n\n\n<p><a href=\"https:\/\/anr.fr\/Projet-ANR-21-CE41-0020\" target=\"_blank\" rel=\"noreferrer noopener\">Site du projet<\/a><\/p>","protected":false},"excerpt":{"rendered":"<p>Acc\u00e8s \u00e0 la justice et d\u00e9fense devant les Hautes Cours. Le r\u00f4le des avocats aux conseils Responsable scientifique&nbsp;: Liora ISRA\u00cbL Partenaire ou coordinateur du projet&nbsp;:&nbsp;Liora ISRA\u00cbL Ce projet, financ\u00e9 par l&rsquo;Agence Nationale de la Recherche sur 3 ans, est coordonn\u00e9 par&nbsp;Liora Isra\u00ebl au Centre Maurice Halbwachs.&nbsp;Pr\u00e9vu pour se d\u00e9rouler sur trois ans (octobre 2021-octobre 2024), [&hellip;]<\/p>\n","protected":false},"author":94,"featured_media":0,"parent":5740,"menu_order":3,"comment_status":"closed","ping_status":"closed","template":"","meta":{"_acf_changed":false,"footnotes":""},"class_list":["post-10893","page","type-page","status-publish","hentry"],"acf":[],"yoast_head":"<!-- This site is optimized with the Yoast SEO plugin v25.6 - https:\/\/yoast.com\/wordpress\/plugins\/seo\/ -->\n<title>CMH<\/title>\n<meta name=\"robots\" content=\"index, follow, max-snippet:-1, max-image-preview:large, max-video-preview:-1\" \/>\n<link rel=\"canonical\" href=\"https:\/\/cmh.ens.fr\/en\/programmes-de-recherche\/programme-anr-avoconseils\/\" class=\"yoast-seo-meta-tag\" \/>\n<meta property=\"og:locale\" content=\"en_US\" class=\"yoast-seo-meta-tag\" \/>\n<meta property=\"og:type\" content=\"article\" class=\"yoast-seo-meta-tag\" \/>\n<meta property=\"og:title\" content=\"Programme ANR Avoconseils - Octobre 2021 \u00e0 octobre 2024 - CMH\" class=\"yoast-seo-meta-tag\" \/>\n<meta property=\"og:description\" content=\"Acc\u00e8s \u00e0 la justice et d\u00e9fense devant les Hautes Cours. Le r\u00f4le des avocats aux conseils Responsable scientifique&nbsp;: Liora ISRA\u00cbL Partenaire ou coordinateur du projet&nbsp;:&nbsp;Liora ISRA\u00cbL Ce projet, financ\u00e9 par l&rsquo;Agence Nationale de la Recherche sur 3 ans, est coordonn\u00e9 par&nbsp;Liora Isra\u00ebl au Centre Maurice Halbwachs.&nbsp;Pr\u00e9vu pour se d\u00e9rouler sur trois ans (octobre 2021-octobre 2024), [&hellip;]\" class=\"yoast-seo-meta-tag\" \/>\n<meta property=\"og:url\" content=\"https:\/\/cmh.ens.fr\/en\/programmes-de-recherche\/programme-anr-avoconseils\/\" class=\"yoast-seo-meta-tag\" \/>\n<meta property=\"og:site_name\" content=\"CMH\" class=\"yoast-seo-meta-tag\" \/>\n<meta property=\"article:modified_time\" content=\"2023-01-05T10:41:46+00:00\" class=\"yoast-seo-meta-tag\" \/>\n<meta name=\"twitter:card\" content=\"summary_large_image\" class=\"yoast-seo-meta-tag\" \/>\n<meta name=\"twitter:label1\" content=\"Est. reading time\" class=\"yoast-seo-meta-tag\" \/>\n\t<meta name=\"twitter:data1\" content=\"2 minutes\" class=\"yoast-seo-meta-tag\" \/>\n<script type=\"application\/ld+json\" class=\"yoast-schema-graph\">{\"@context\":\"https:\/\/schema.org\",\"@graph\":[{\"@type\":\"WebPage\",\"@id\":\"https:\/\/cmh.ens.fr\/en\/programmes-de-recherche\/programme-anr-avoconseils\/\",\"url\":\"https:\/\/cmh.ens.fr\/en\/programmes-de-recherche\/programme-anr-avoconseils\/\",\"name\":\"Programme ANR Avoconseils - Octobre 2021 \u00e0 octobre 2024 - CMH\",\"isPartOf\":{\"@id\":\"https:\/\/cmh.ens.fr\/en\/#website\"},\"datePublished\":\"2022-10-27T09:05:31+00:00\",\"dateModified\":\"2023-01-05T10:41:46+00:00\",\"breadcrumb\":{\"@id\":\"https:\/\/cmh.ens.fr\/en\/programmes-de-recherche\/programme-anr-avoconseils\/#breadcrumb\"},\"inLanguage\":\"en-US\",\"potentialAction\":[{\"@type\":\"ReadAction\",\"target\":[\"https:\/\/cmh.ens.fr\/en\/programmes-de-recherche\/programme-anr-avoconseils\/\"]}]},{\"@type\":\"BreadcrumbList\",\"@id\":\"https:\/\/cmh.ens.fr\/en\/programmes-de-recherche\/programme-anr-avoconseils\/#breadcrumb\",\"itemListElement\":[{\"@type\":\"ListItem\",\"position\":1,\"name\":\"Accueil\",\"item\":\"https:\/\/cmh.ens.fr\/\"},{\"@type\":\"ListItem\",\"position\":2,\"name\":\"Programmes de recherche\",\"item\":\"https:\/\/cmh.ens.fr\/programmes-de-recherche\/\"},{\"@type\":\"ListItem\",\"position\":3,\"name\":\"Programme ANR Avoconseils &#8211; Octobre 2021 \u00e0 octobre 2024\"}]},{\"@type\":\"WebSite\",\"@id\":\"https:\/\/cmh.ens.fr\/en\/#website\",\"url\":\"https:\/\/cmh.ens.fr\/en\/\",\"name\":\"CMH\",\"description\":\"Centre Maurice Halbwachs\",\"publisher\":{\"@id\":\"https:\/\/cmh.ens.fr\/en\/#organization\"},\"potentialAction\":[{\"@type\":\"SearchAction\",\"target\":{\"@type\":\"EntryPoint\",\"urlTemplate\":\"https:\/\/cmh.ens.fr\/en\/?s={search_term_string}\"},\"query-input\":{\"@type\":\"PropertyValueSpecification\",\"valueRequired\":true,\"valueName\":\"search_term_string\"}}],\"inLanguage\":\"en-US\"},{\"@type\":\"Organization\",\"@id\":\"https:\/\/cmh.ens.fr\/en\/#organization\",\"name\":\"Centre Maurice Halbwachs\",\"url\":\"https:\/\/cmh.ens.fr\/en\/\",\"logo\":{\"@type\":\"ImageObject\",\"inLanguage\":\"en-US\",\"@id\":\"https:\/\/cmh.ens.fr\/en\/#\/schema\/logo\/image\/\",\"url\":\"https:\/\/www.cmh.ens.fr\/wp-content\/uploads\/siteon0.jpg\",\"contentUrl\":\"https:\/\/www.cmh.ens.fr\/wp-content\/uploads\/siteon0.jpg\",\"width\":86,\"height\":53,\"caption\":\"Centre Maurice Halbwachs\"},\"image\":{\"@id\":\"https:\/\/cmh.ens.fr\/en\/#\/schema\/logo\/image\/\"}}]}<\/script>\n<!-- \/ Yoast SEO plugin. -->","yoast_head_json":{"title":"CMH","robots":{"index":"index","follow":"follow","max-snippet":"max-snippet:-1","max-image-preview":"max-image-preview:large","max-video-preview":"max-video-preview:-1"},"canonical":"https:\/\/cmh.ens.fr\/en\/programmes-de-recherche\/programme-anr-avoconseils\/","og_locale":"en_US","og_type":"article","og_title":"Programme ANR Avoconseils - Octobre 2021 \u00e0 octobre 2024 - CMH","og_description":"Acc\u00e8s \u00e0 la justice et d\u00e9fense devant les Hautes Cours. Le r\u00f4le des avocats aux conseils Responsable scientifique&nbsp;: Liora ISRA\u00cbL Partenaire ou coordinateur du projet&nbsp;:&nbsp;Liora ISRA\u00cbL Ce projet, financ\u00e9 par l&rsquo;Agence Nationale de la Recherche sur 3 ans, est coordonn\u00e9 par&nbsp;Liora Isra\u00ebl au Centre Maurice Halbwachs.&nbsp;Pr\u00e9vu pour se d\u00e9rouler sur trois ans (octobre 2021-octobre 2024), [&hellip;]","og_url":"https:\/\/cmh.ens.fr\/en\/programmes-de-recherche\/programme-anr-avoconseils\/","og_site_name":"CMH","article_modified_time":"2023-01-05T10:41:46+00:00","twitter_card":"summary_large_image","twitter_misc":{"Est. reading time":"2 minutes"},"schema":{"@context":"https:\/\/schema.org","@graph":[{"@type":"WebPage","@id":"https:\/\/cmh.ens.fr\/en\/programmes-de-recherche\/programme-anr-avoconseils\/","url":"https:\/\/cmh.ens.fr\/en\/programmes-de-recherche\/programme-anr-avoconseils\/","name":"Programme ANR Avoconseils - Octobre 2021 \u00e0 octobre 2024 - CMH","isPartOf":{"@id":"https:\/\/cmh.ens.fr\/en\/#website"},"datePublished":"2022-10-27T09:05:31+00:00","dateModified":"2023-01-05T10:41:46+00:00","breadcrumb":{"@id":"https:\/\/cmh.ens.fr\/en\/programmes-de-recherche\/programme-anr-avoconseils\/#breadcrumb"},"inLanguage":"en-US","potentialAction":[{"@type":"ReadAction","target":["https:\/\/cmh.ens.fr\/en\/programmes-de-recherche\/programme-anr-avoconseils\/"]}]},{"@type":"BreadcrumbList","@id":"https:\/\/cmh.ens.fr\/en\/programmes-de-recherche\/programme-anr-avoconseils\/#breadcrumb","itemListElement":[{"@type":"ListItem","position":1,"name":"Accueil","item":"https:\/\/cmh.ens.fr\/"},{"@type":"ListItem","position":2,"name":"Programmes de recherche","item":"https:\/\/cmh.ens.fr\/programmes-de-recherche\/"},{"@type":"ListItem","position":3,"name":"Programme ANR Avoconseils &#8211; Octobre 2021 \u00e0 octobre 2024"}]},{"@type":"WebSite","@id":"https:\/\/cmh.ens.fr\/en\/#website","url":"https:\/\/cmh.ens.fr\/en\/","name":"CMH","description":"Centre Maurice Halbwachs","publisher":{"@id":"https:\/\/cmh.ens.fr\/en\/#organization"},"potentialAction":[{"@type":"SearchAction","target":{"@type":"EntryPoint","urlTemplate":"https:\/\/cmh.ens.fr\/en\/?s={search_term_string}"},"query-input":{"@type":"PropertyValueSpecification","valueRequired":true,"valueName":"search_term_string"}}],"inLanguage":"en-US"},{"@type":"Organization","@id":"https:\/\/cmh.ens.fr\/en\/#organization","name":"Centre Maurice Halbwachs","url":"https:\/\/cmh.ens.fr\/en\/","logo":{"@type":"ImageObject","inLanguage":"en-US","@id":"https:\/\/cmh.ens.fr\/en\/#\/schema\/logo\/image\/","url":"https:\/\/www.cmh.ens.fr\/wp-content\/uploads\/siteon0.jpg","contentUrl":"https:\/\/www.cmh.ens.fr\/wp-content\/uploads\/siteon0.jpg","width":86,"height":53,"caption":"Centre Maurice Halbwachs"},"image":{"@id":"https:\/\/cmh.ens.fr\/en\/#\/schema\/logo\/image\/"}}]}},"_links":{"self":[{"href":"https:\/\/cmh.ens.fr\/en\/wp-json\/wp\/v2\/pages\/10893"}],"collection":[{"href":"https:\/\/cmh.ens.fr\/en\/wp-json\/wp\/v2\/pages"}],"about":[{"href":"https:\/\/cmh.ens.fr\/en\/wp-json\/wp\/v2\/types\/page"}],"author":[{"embeddable":true,"href":"https:\/\/cmh.ens.fr\/en\/wp-json\/wp\/v2\/users\/94"}],"replies":[{"embeddable":true,"href":"https:\/\/cmh.ens.fr\/en\/wp-json\/wp\/v2\/comments?post=10893"}],"version-history":[{"count":4,"href":"https:\/\/cmh.ens.fr\/en\/wp-json\/wp\/v2\/pages\/10893\/revisions"}],"predecessor-version":[{"id":11150,"href":"https:\/\/cmh.ens.fr\/en\/wp-json\/wp\/v2\/pages\/10893\/revisions\/11150"}],"up":[{"embeddable":true,"href":"https:\/\/cmh.ens.fr\/en\/wp-json\/wp\/v2\/pages\/5740"}],"wp:attachment":[{"href":"https:\/\/cmh.ens.fr\/en\/wp-json\/wp\/v2\/media?parent=10893"}],"curies":[{"name":"wp","href":"https:\/\/api.w.org\/{rel}","templated":true}]}}