{"id":10877,"date":"2022-10-25T14:19:23","date_gmt":"2022-10-25T12:19:23","guid":{"rendered":"https:\/\/www.cmh.ens.fr\/?page_id=10877"},"modified":"2023-11-13T10:12:42","modified_gmt":"2023-11-13T09:12:42","slug":"programme-anr-endless","status":"publish","type":"page","link":"https:\/\/cmh.ens.fr\/en\/programmes-de-recherche\/programme-anr-endless\/","title":{"rendered":"Programme ANR ENDLESS &#8211; Septembre 2018 \u00e0 septembre 2024"},"content":{"rendered":"<h2 class=\"wp-block-heading\">Enjeux de l\u2019essor du salariat aux portes de l\u2019Europe. Le prisme de Tanger<\/h2>\n\n\n\n<p>Responsable scientifique&nbsp;: <strong>Alexandra BIDET<\/strong><\/p>\n\n\n\n<p>Partenaire ou coordinateur du projet&nbsp;:&nbsp;<strong>Alexandra BIDET<\/strong><\/p>\n\n\n\n<p>La r\u00e9gion de Tanger, en face de Gibraltar, conna\u00eet depuis une vingtaine d\u2019ann\u00e9e, un essor exponentiel du salariat industriel, associ\u00e9 \u00e0 de forts mouvements de migration, internes et externes au Maroc et \u00e0 l\u2019implantation de\u00a0\u00ab\u00a0zones franches\u00a0\u00bb, o\u00f9 se sont install\u00e9es de nombreuses grandes entreprises internationales, notamment dans le secteur de l\u2019automobile\u00a0: \u00e9quipementiers, ainsi que le constructeur Renault. Ce d\u00e9veloppement fait \u00e9cole, avec notamment l\u2019installation du constructeur Peugeot \u00e0 K\u00e9nitra, plus au sud du pays. Qu\u2019invente cette nouvelle forme de mondialisation du travail aux portes de l\u2019Europe\u00a0? Notre hypoth\u00e8se est que la zone de Tanger constitue un\u00a0\u00ab\u00a0laboratoire social\u00a0\u00bb pour l\u2019ensemble des acteurs concern\u00e9s\u00a0: pour le personnel des entreprises, qui a parfaitement conscience de la rupture ainsi introduite dans son existence sociale, mais aussi pour l\u2019encadrement, d\u00e9sormais lui-m\u00eame presque int\u00e9gralement marocain, et pour les responsables publics qui s\u2019inqui\u00e8tent de la viabilit\u00e9 \u00e0 terme de ce qu\u2019ils construisent et qui appara\u00eet sous leurs yeux, tour \u00e0 tour acteurs et spectateurs d\u2019une mutation sociale sans pr\u00e9c\u00e9dent. Ces emplois sont-ils per\u00e7us, \u00e9valu\u00e9s et investis comme des positions d\u2019attente, faute de mieux, des tremplins provisoires, des succ\u00e9dan\u00e9s d&rsquo;Europe, ou leurs formes (salariales, temporelles, civiles, interactionnelles, etc.) sont-elles investies plus durablement\u00a0? Il s\u2019agit notamment d\u2019\u00e9tudier dans quelle mesure les nouveaux\u00a0\u00ab\u00a0habitus\u00a0\u00bb industriels sont susceptibles de transformer les perspectives des populations concern\u00e9es dans d\u2019autres sph\u00e8res de leur vie que celle du travail proprement dite.<\/p>\n\n\n\n<p><strong>Lien (site du projet, blog, s\u00e9minaire du projet, publication\u2026)&nbsp;:<\/strong><\/p>\n\n\n\n<p>&#8211; Bidet A., Ou\u00e9draogo J.-B., Rot G., Vatin F. (2017),\u00a0\u00ab\u00a0Une nouvelle \u00e9conomie politique de l\u2019industrie\u00a0: la zone franche de Tanger\u00a0\u00bb, <em>Revue marocaine des sciences politiques et sociales<\/em>, hors s\u00e9rie XIV,\u00a0\u00ab\u00a0\u00c9conomie politique du Maroc\u00a0\u00bb, dirig\u00e9 par N. Akesbi, A. Berrada, M. Oubenal et M. S. Saadi, p. 221-240 (et en langue arabe).<br>&#8211; Vatin F. (2019),\u00a0\u00ab&nbsp;Salariat ouvrier et \u00e9mancipation f\u00e9minine au Maroc&nbsp;\u00bb (note critique), <em>Revue Fran\u00e7aise de Socio-\u00c9conomie<\/em>, vol. 2, n\u00b0&nbsp;23, p. 221-225.<\/p>\n\n\n\n<p>&#8211; Vatin F. (2020),\u00a0\u00ab&nbsp;Capital industriel et capital humain&nbsp;: la le\u00e7on de Tanger&nbsp;\u00bb, in Mohammed Benlahcen Tlem\u00e7ani, Zineddine Khelfaoui, Sofiane Tahi (Eds.), <em>Capital humain et dynamiques \u00e9conomiques<\/em>, Paris, L\u2019Harmattan, Coll. Questions contemporaines, 2020.<\/p>\n\n\n\n<p>&#8211;\u00a0\u00ab&nbsp;Travail, classes sociales et politiques publiques. Histoire et sociologie du capitalisme marocain&nbsp;\u00bb, Journ\u00e9e d\u2019\u00e9tudes du Centre Jacques Berque organis\u00e9e par Antoine Perrier et Scott Viallet-Thevenin, 30-31 mai 2022.<\/p>","protected":false},"excerpt":{"rendered":"<p>Enjeux de l\u2019essor du salariat aux portes de l\u2019Europe. Le prisme de Tanger Responsable scientifique&nbsp;: Alexandra BIDET Partenaire ou coordinateur du projet&nbsp;:&nbsp;Alexandra BIDET La r\u00e9gion de Tanger, en face de Gibraltar, conna\u00eet depuis une vingtaine d\u2019ann\u00e9e, un essor exponentiel du salariat industriel, associ\u00e9 \u00e0 de forts mouvements de migration, internes et externes au Maroc et [&hellip;]<\/p>\n","protected":false},"author":94,"featured_media":0,"parent":5740,"menu_order":4,"comment_status":"closed","ping_status":"closed","template":"","meta":{"_acf_changed":false,"footnotes":""},"class_list":["post-10877","page","type-page","status-publish","hentry"],"acf":[],"yoast_head":"<!-- This site is optimized with the Yoast SEO plugin v25.6 - https:\/\/yoast.com\/wordpress\/plugins\/seo\/ -->\n<title>CMH<\/title>\n<meta name=\"robots\" content=\"index, follow, max-snippet:-1, max-image-preview:large, max-video-preview:-1\" \/>\n<link rel=\"canonical\" href=\"https:\/\/cmh.ens.fr\/en\/programmes-de-recherche\/programme-anr-endless\/\" class=\"yoast-seo-meta-tag\" \/>\n<meta property=\"og:locale\" content=\"en_US\" class=\"yoast-seo-meta-tag\" \/>\n<meta property=\"og:type\" content=\"article\" class=\"yoast-seo-meta-tag\" \/>\n<meta property=\"og:title\" content=\"Programme ANR ENDLESS - Septembre 2018 \u00e0 septembre 2024 - CMH\" class=\"yoast-seo-meta-tag\" \/>\n<meta property=\"og:description\" content=\"Enjeux de l\u2019essor du salariat aux portes de l\u2019Europe. Le prisme de Tanger Responsable scientifique&nbsp;: Alexandra BIDET Partenaire ou coordinateur du projet&nbsp;:&nbsp;Alexandra BIDET La r\u00e9gion de Tanger, en face de Gibraltar, conna\u00eet depuis une vingtaine d\u2019ann\u00e9e, un essor exponentiel du salariat industriel, associ\u00e9 \u00e0 de forts mouvements de migration, internes et externes au Maroc et [&hellip;]\" class=\"yoast-seo-meta-tag\" \/>\n<meta property=\"og:url\" content=\"https:\/\/cmh.ens.fr\/en\/programmes-de-recherche\/programme-anr-endless\/\" class=\"yoast-seo-meta-tag\" \/>\n<meta property=\"og:site_name\" content=\"CMH\" class=\"yoast-seo-meta-tag\" \/>\n<meta property=\"article:modified_time\" content=\"2023-11-13T09:12:42+00:00\" class=\"yoast-seo-meta-tag\" \/>\n<meta name=\"twitter:card\" content=\"summary_large_image\" class=\"yoast-seo-meta-tag\" \/>\n<meta name=\"twitter:label1\" content=\"Est. reading time\" class=\"yoast-seo-meta-tag\" \/>\n\t<meta name=\"twitter:data1\" content=\"3 minutes\" class=\"yoast-seo-meta-tag\" \/>\n<script type=\"application\/ld+json\" class=\"yoast-schema-graph\">{\"@context\":\"https:\/\/schema.org\",\"@graph\":[{\"@type\":\"WebPage\",\"@id\":\"https:\/\/cmh.ens.fr\/en\/programmes-de-recherche\/programme-anr-endless\/\",\"url\":\"https:\/\/cmh.ens.fr\/en\/programmes-de-recherche\/programme-anr-endless\/\",\"name\":\"Programme ANR ENDLESS - Septembre 2018 \u00e0 septembre 2024 - CMH\",\"isPartOf\":{\"@id\":\"https:\/\/cmh.ens.fr\/en\/#website\"},\"datePublished\":\"2022-10-25T12:19:23+00:00\",\"dateModified\":\"2023-11-13T09:12:42+00:00\",\"breadcrumb\":{\"@id\":\"https:\/\/cmh.ens.fr\/en\/programmes-de-recherche\/programme-anr-endless\/#breadcrumb\"},\"inLanguage\":\"en-US\",\"potentialAction\":[{\"@type\":\"ReadAction\",\"target\":[\"https:\/\/cmh.ens.fr\/en\/programmes-de-recherche\/programme-anr-endless\/\"]}]},{\"@type\":\"BreadcrumbList\",\"@id\":\"https:\/\/cmh.ens.fr\/en\/programmes-de-recherche\/programme-anr-endless\/#breadcrumb\",\"itemListElement\":[{\"@type\":\"ListItem\",\"position\":1,\"name\":\"Accueil\",\"item\":\"https:\/\/cmh.ens.fr\/\"},{\"@type\":\"ListItem\",\"position\":2,\"name\":\"Programmes de recherche\",\"item\":\"https:\/\/cmh.ens.fr\/programmes-de-recherche\/\"},{\"@type\":\"ListItem\",\"position\":3,\"name\":\"Programme ANR ENDLESS &#8211; Septembre 2018 \u00e0 septembre 2024\"}]},{\"@type\":\"WebSite\",\"@id\":\"https:\/\/cmh.ens.fr\/en\/#website\",\"url\":\"https:\/\/cmh.ens.fr\/en\/\",\"name\":\"CMH\",\"description\":\"Centre Maurice Halbwachs\",\"publisher\":{\"@id\":\"https:\/\/cmh.ens.fr\/en\/#organization\"},\"potentialAction\":[{\"@type\":\"SearchAction\",\"target\":{\"@type\":\"EntryPoint\",\"urlTemplate\":\"https:\/\/cmh.ens.fr\/en\/?s={search_term_string}\"},\"query-input\":{\"@type\":\"PropertyValueSpecification\",\"valueRequired\":true,\"valueName\":\"search_term_string\"}}],\"inLanguage\":\"en-US\"},{\"@type\":\"Organization\",\"@id\":\"https:\/\/cmh.ens.fr\/en\/#organization\",\"name\":\"Centre Maurice Halbwachs\",\"url\":\"https:\/\/cmh.ens.fr\/en\/\",\"logo\":{\"@type\":\"ImageObject\",\"inLanguage\":\"en-US\",\"@id\":\"https:\/\/cmh.ens.fr\/en\/#\/schema\/logo\/image\/\",\"url\":\"https:\/\/www.cmh.ens.fr\/wp-content\/uploads\/siteon0.jpg\",\"contentUrl\":\"https:\/\/www.cmh.ens.fr\/wp-content\/uploads\/siteon0.jpg\",\"width\":86,\"height\":53,\"caption\":\"Centre Maurice Halbwachs\"},\"image\":{\"@id\":\"https:\/\/cmh.ens.fr\/en\/#\/schema\/logo\/image\/\"}}]}<\/script>\n<!-- \/ Yoast SEO plugin. -->","yoast_head_json":{"title":"CMH","robots":{"index":"index","follow":"follow","max-snippet":"max-snippet:-1","max-image-preview":"max-image-preview:large","max-video-preview":"max-video-preview:-1"},"canonical":"https:\/\/cmh.ens.fr\/en\/programmes-de-recherche\/programme-anr-endless\/","og_locale":"en_US","og_type":"article","og_title":"Programme ANR ENDLESS - Septembre 2018 \u00e0 septembre 2024 - CMH","og_description":"Enjeux de l\u2019essor du salariat aux portes de l\u2019Europe. Le prisme de Tanger Responsable scientifique&nbsp;: Alexandra BIDET Partenaire ou coordinateur du projet&nbsp;:&nbsp;Alexandra BIDET La r\u00e9gion de Tanger, en face de Gibraltar, conna\u00eet depuis une vingtaine d\u2019ann\u00e9e, un essor exponentiel du salariat industriel, associ\u00e9 \u00e0 de forts mouvements de migration, internes et externes au Maroc et [&hellip;]","og_url":"https:\/\/cmh.ens.fr\/en\/programmes-de-recherche\/programme-anr-endless\/","og_site_name":"CMH","article_modified_time":"2023-11-13T09:12:42+00:00","twitter_card":"summary_large_image","twitter_misc":{"Est. reading time":"3 minutes"},"schema":{"@context":"https:\/\/schema.org","@graph":[{"@type":"WebPage","@id":"https:\/\/cmh.ens.fr\/en\/programmes-de-recherche\/programme-anr-endless\/","url":"https:\/\/cmh.ens.fr\/en\/programmes-de-recherche\/programme-anr-endless\/","name":"Programme ANR ENDLESS - Septembre 2018 \u00e0 septembre 2024 - CMH","isPartOf":{"@id":"https:\/\/cmh.ens.fr\/en\/#website"},"datePublished":"2022-10-25T12:19:23+00:00","dateModified":"2023-11-13T09:12:42+00:00","breadcrumb":{"@id":"https:\/\/cmh.ens.fr\/en\/programmes-de-recherche\/programme-anr-endless\/#breadcrumb"},"inLanguage":"en-US","potentialAction":[{"@type":"ReadAction","target":["https:\/\/cmh.ens.fr\/en\/programmes-de-recherche\/programme-anr-endless\/"]}]},{"@type":"BreadcrumbList","@id":"https:\/\/cmh.ens.fr\/en\/programmes-de-recherche\/programme-anr-endless\/#breadcrumb","itemListElement":[{"@type":"ListItem","position":1,"name":"Accueil","item":"https:\/\/cmh.ens.fr\/"},{"@type":"ListItem","position":2,"name":"Programmes de recherche","item":"https:\/\/cmh.ens.fr\/programmes-de-recherche\/"},{"@type":"ListItem","position":3,"name":"Programme ANR ENDLESS &#8211; Septembre 2018 \u00e0 septembre 2024"}]},{"@type":"WebSite","@id":"https:\/\/cmh.ens.fr\/en\/#website","url":"https:\/\/cmh.ens.fr\/en\/","name":"CMH","description":"Centre Maurice Halbwachs","publisher":{"@id":"https:\/\/cmh.ens.fr\/en\/#organization"},"potentialAction":[{"@type":"SearchAction","target":{"@type":"EntryPoint","urlTemplate":"https:\/\/cmh.ens.fr\/en\/?s={search_term_string}"},"query-input":{"@type":"PropertyValueSpecification","valueRequired":true,"valueName":"search_term_string"}}],"inLanguage":"en-US"},{"@type":"Organization","@id":"https:\/\/cmh.ens.fr\/en\/#organization","name":"Centre Maurice Halbwachs","url":"https:\/\/cmh.ens.fr\/en\/","logo":{"@type":"ImageObject","inLanguage":"en-US","@id":"https:\/\/cmh.ens.fr\/en\/#\/schema\/logo\/image\/","url":"https:\/\/www.cmh.ens.fr\/wp-content\/uploads\/siteon0.jpg","contentUrl":"https:\/\/www.cmh.ens.fr\/wp-content\/uploads\/siteon0.jpg","width":86,"height":53,"caption":"Centre Maurice Halbwachs"},"image":{"@id":"https:\/\/cmh.ens.fr\/en\/#\/schema\/logo\/image\/"}}]}},"_links":{"self":[{"href":"https:\/\/cmh.ens.fr\/en\/wp-json\/wp\/v2\/pages\/10877"}],"collection":[{"href":"https:\/\/cmh.ens.fr\/en\/wp-json\/wp\/v2\/pages"}],"about":[{"href":"https:\/\/cmh.ens.fr\/en\/wp-json\/wp\/v2\/types\/page"}],"author":[{"embeddable":true,"href":"https:\/\/cmh.ens.fr\/en\/wp-json\/wp\/v2\/users\/94"}],"replies":[{"embeddable":true,"href":"https:\/\/cmh.ens.fr\/en\/wp-json\/wp\/v2\/comments?post=10877"}],"version-history":[{"count":7,"href":"https:\/\/cmh.ens.fr\/en\/wp-json\/wp\/v2\/pages\/10877\/revisions"}],"predecessor-version":[{"id":13596,"href":"https:\/\/cmh.ens.fr\/en\/wp-json\/wp\/v2\/pages\/10877\/revisions\/13596"}],"up":[{"embeddable":true,"href":"https:\/\/cmh.ens.fr\/en\/wp-json\/wp\/v2\/pages\/5740"}],"wp:attachment":[{"href":"https:\/\/cmh.ens.fr\/en\/wp-json\/wp\/v2\/media?parent=10877"}],"curies":[{"name":"wp","href":"https:\/\/api.w.org\/{rel}","templated":true}]}}