{"id":108,"date":"2020-12-02T09:31:36","date_gmt":"2020-12-02T09:31:36","guid":{"rendered":"https:\/\/w3.cmh.ens.fr\/?page_id=108"},"modified":"2024-04-22T16:03:26","modified_gmt":"2024-04-22T14:03:26","slug":"maurice-halbwachs","status":"publish","type":"page","link":"https:\/\/cmh.ens.fr\/en\/maurice-halbwachs\/","title":{"rendered":"Maurice Halbwachs"},"content":{"rendered":"<p><img decoding=\"async\" width=\"130\" height=\"144\" class=\"wp-image-3836\" style=\"margin:0 1rem 1rem 0;float: left;width: 130px;\" src=\"https:\/\/www.cmh.ens.fr\/wp-content\/uploads\/MauriceHalbwachs.jpg\" alt=\"\">(1877-1945)<br>Maurice Halbwachs est n\u00e9 en 1877 \u00e0 Reims o\u00f9 son p\u00e8re, agr\u00e9g\u00e9, enseignait l\u2019allemand. Celui-ci avait opt\u00e9 pour la France apr\u00e8s l\u2019annexion de l\u2019Alsace-Lorraine par l\u2019Empire allemand en 1871. Maurice Halbwachs entre \u00e0 l\u2019Ecole normale sup\u00e9rieure en 1898 o\u00f9 il retrouve son professeur de philosophie du Lyc\u00e9e Henri IV, Henri Bergson. Il obtient l\u2019agr\u00e9gation de philosophie en 1901. Son a\u00een\u00e9 et condisciple Fran\u00e7ois Simiand l\u2019entra\u00eene vers Emile Durkheim aupr\u00e8s de qui il collabore \u00e0 <em>L\u2019Ann\u00e9e sociologique<\/em> d\u00e8s 1905. Pendant la Premi\u00e8re guerre mondiale, il travaille au cabinet d\u2019Albert Thomas au minist\u00e8re de l\u2019Armement. Actif dans les cercles socialistes, il \u00e9crit dans <em>L\u2019Humanit\u00e9<\/em> de Jean Jaur\u00e8s et dans les <em>Cahiers du socialisme<\/em>.<br>Sa carri\u00e8re universitaire se d\u00e9roule ensuite, de 1919 \u00e0 1935 \u00e0 l\u2019Universit\u00e9 de Strasbourg, lieu alors tr\u00e8s dynamique o\u00f9 il fr\u00e9quente le math\u00e9maticien Maurice Fr\u00e9chet, les historiens Lucien Febvre et Marc Bloch et le psychologue Charles Blondel. En 1932, il est nomm\u00e9 membre correspondant de l\u2019Acad\u00e9mie des sciences morales et politiques. A partir de 1934, il est l\u2019animateur de la troisi\u00e8me s\u00e9rie de la revue de Durkheim et lui donne le nom d\u2019<em>Annales sociologiques<\/em>. En 1935, il est nomm\u00e9 \u00e0 la Sorbonne. La m\u00eame ann\u00e9e il devient membre de l\u2019Institut international de statistique. Il est \u00e9lu au printemps 1944 au Coll\u00e8ge de France, mais il n\u2019aura pas le temps d\u2019y enseigner&nbsp;: il est arr\u00eat\u00e9 en juillet 1944, puis d\u00e9port\u00e9 \u00e0 Buchenwald o\u00f9 il meurt en mars 1945.<br>En 1946, Mario Roques a esquiss\u00e9 dans un hommage ce portrait&nbsp;:\u00a0\u00ab&nbsp;Il aimait la discussion philosophique&nbsp;; il parlait d\u2019une voix lente, appuy\u00e9e, menant jusqu\u2019au bout son raisonnement sans se laisser d\u00e9tourner des conclusions auxquelles il voulait aboutir. Mais plus encore, il \u00e9tait \u00e9pris d\u2019exactitude et d\u2019\u00e9tude pr\u00e9cise&nbsp;; d\u2019une sinc\u00e9rit\u00e9 scrupuleuse, il s\u2019informait longuement, sans passion, et, toujours, de son examen des faits il tirait des conclusions auxquelles il conformait son attitude morale et son activit\u00e9 scientifique.&nbsp;\u00bb (<em>Cahiers fran\u00e7ais d\u2019information<\/em>, n\u00b014, 18 mai 1945, p. 4).<br>La d\u00e9marche de Maurice Halbwachs allie la m\u00e9thode critique apprise aupr\u00e8s de Bergson et celle, sociologique, de Durkheim. Dans ses travaux, nombreux et diversifi\u00e9s, s\u2019exprime l\u2019id\u00e9e de la complexit\u00e9 des ph\u00e9nom\u00e8nes sociaux qui doit \u00eatre saisis dans la multiplicit\u00e9 de leurs dimensions temporelles et spatiales, dans les relations entre les substrats mat\u00e9riels et les repr\u00e9sentations, dans les imbrications de ce qu\u2019on appr\u00e9cie aujourd\u2019hui en termes d\u2019\u00e9chelles&nbsp;: individuelles, familiales, locales, nationales et globales. Halbwachs a compris, tr\u00e8s t\u00f4t, la n\u00e9cessit\u00e9 de rompre avec la th\u00e9orie de l\u2019homme moyen et de d\u00e9passer le cadre statistique \u00e9labor\u00e9 par Adolphe Quetelet puis r\u00e9vis\u00e9 par Durkheim. Il estime plus conforme \u00e0 la r\u00e9alit\u00e9 des faits sociaux de les saisir par le biais des \u00e9carts que leur r\u00e9gularit\u00e9 offre par rapport au hasard de toutes les choses. Dans le cas de la morphologie, ces r\u00e9gularit\u00e9s\u00a0\u00ab&nbsp;r\u00e9alis\u00e9es dans des groupes et port\u00e9es par le corps social \u2013 la combinatoire des interactions entre les hommes \u2013 se pr\u00eatent aux d\u00e9nombrements&nbsp;\u00bb. Le calcul des probabilit\u00e9s fournit alors l\u2019outil ad\u00e9quat pour mesurer l\u2019\u00e9cart entre fait de hasard et fait social. Dans le cas de la m\u00e9moire, les r\u00e9gularit\u00e9s sont produites par le syst\u00e8me des repr\u00e9sentations partag\u00e9es par l\u2019individu et intimement ancr\u00e9es en lui. Ce syst\u00e8me trace un itin\u00e9raire qui se r\u00e9v\u00e8le comme personnel par la s\u00e9lection qu\u2019il op\u00e8re parmi la complexit\u00e9 des influences subies. Psychologie collective et morphologie sociale deviennent ainsi pour Halbwachs deux variantes de l\u2019objectivation des temps et des espaces sociaux.<br>D\u00e9cembre 2007 \u2013 Centre Maurice Halbwachs.<br>Source\u00a0: M. Halbwachs et al., <em>Le point de vue du nombre<\/em>, Paris, INED, 2005 (sous la dir. de M.&nbsp;Jaisson et \u00c9. Brian).<\/p>\n\n\n\n<p>Le Centre Maurice Halbwachs (CMH) met \u00e0 la disposition des chercheurs en sciences sociales la bibliographie, qu\u2019il souhaite compl\u00e8te, du sociologue dont il a adopt\u00e9 le patronyme.<\/p>\n\n\n\n<p>La r\u00e9alisation de cette bibliographie s\u2019inscrit dans la ligne du net regain d\u2019int\u00e9r\u00eat dont b\u00e9n\u00e9ficie l\u2019\u0153uvre de Maurice Halbwachs (1877-1945) depuis le d\u00e9but des ann\u00e9es 2000. Elle participe \u00e0 l\u2019\u00e9largissement des ressources documentaires offertes aux chercheurs par le site Internet du CMH. Elle apporte aussi, \u00e0 sa mani\u00e8re, un coup de projecteur sur ce qu\u2019a \u00e9t\u00e9, dans ses th\u00e8mes, ses probl\u00e9matiques, sa diversit\u00e9, la production des sciences sociales, en France et \u00e0 l\u2019\u00e9tranger, au cours du premier XXe si\u00e8cle.<\/p>\n\n\n\n<p>Une pr\u00e9sentation g\u00e9n\u00e9rale pr\u00e9cise les choix de pr\u00e9sentation qui ont guid\u00e9 la constitution de cette bibliographie et tente de d\u00e9gager les caract\u00e9ristiques et tendances d\u2019ensemble qui ressortent directement de sa consultation.<\/p>\n\n\n\n<p>Malgr\u00e9 le soin qui lui a \u00e9t\u00e9 apport\u00e9, cette bibliographie rec\u00e8le sans doute encore des imperfections. Ses utilisateurs sont invit\u00e9s \u00e0 signaler tout oubli, ainsi que toute nouvelle publication dont ils auraient connaissance.<\/p>\n\n\n\n<p class=\"has-text-align-right\"><strong>Gilles Montigny<\/strong><\/p>\n\n\n\n<p>Voir la page <a href=\"https:\/\/fr.wikipedia.org\/wiki\/Centre_Maurice-Halbwachs\" target=\"_blank\" rel=\"noreferrer noopener\">Wikip\u00e9dia<\/a><\/p>\n\n\n\n<p><a href=\"https:\/\/halbwachs-encyclopedie.huma-num.fr\/site\/\" target=\"_blank\" rel=\"noreferrer noopener\">Encyclop\u00e9die Maurice Halbwachs<\/a><\/p>\n\n\n\n<div class=\"wp-block-file\"><a id=\"wp-block-file--media-7f808c83-25de-4b26-a0d3-ec0199d76c3d\" href=\"https:\/\/www.cmh.ens.fr\/wp-content\/uploads\/etudesetdocs12-3.pdf\">Bibliography<\/a><a href=\"https:\/\/www.cmh.ens.fr\/wp-content\/uploads\/etudesetdocs12-3.pdf\" class=\"wp-block-file__button wp-element-button\" download aria-describedby=\"wp-block-file--media-7f808c83-25de-4b26-a0d3-ec0199d76c3d\">Download<\/a><\/div>\n\n\n\n<p class=\"has-text-align-center\"><\/p>\n\n\n\n<p class=\"has-text-align-center\"><strong>Ouvrages de Maurice Halbwachs<\/strong><\/p>\n\n\n\n<p><em>Leibniz<\/em>, Paris, Delaplane 1906&nbsp;; Mellott\u00e9e, 1928&nbsp;; 1950.<br><em>Les Expropriations et le prix des terrains \u00e0 Paris (1860-1900)<\/em>, Paris, Rieder-Corn\u00e9ly, 1909 (th\u00e8se de droit).<br><em>La Classe ouvri\u00e8re et les niveaux de vie. Recherches sur la hi\u00e9rarchie des besoins dans les soci\u00e9t\u00e9s industrielles contemporaines<\/em>, Paris, Alcan, 1912 (th\u00e8se principale de Lettres)<br><em>La Th\u00e9orie de l\u2019homme moyen. Essai sur Quetelet et la statistique morale<\/em>, Paris, Alcan, 1912 (th\u00e8se compl\u00e9mentaire de Lettres).<br><em>Le Calcul des probabilit\u00e9s \u00e0 la port\u00e9e de tous<\/em>, Paris, Dunod, 1924 (avec Maurice Fr\u00e9chet).<br><em>Les Cadres sociaux de la m\u00e9moire<\/em>, Paris, Alcan, 1925&nbsp;; PUF, 1952&nbsp;; Albin Michel, 1994.<br><em>La Population et les trac\u00e9s de voies \u00e0 Paris depuis cent ans<\/em>, Paris, PUF, 1928 (r\u00e9\u00e9d. augment\u00e9e de la premi\u00e8re partie des Expropriations&#8230;, 1909).<br><em>Les Causes du suicide<\/em>, Paris, Alcan, 1930&nbsp;; PUF, 2002.<br><em>L\u2019\u00c9volution des besoins dans les classes ouvri\u00e8res<\/em>, Paris, Alcan, 1933.<br><em>Le Point de vue du nombre<\/em>, partie III du t. VII,&nbsp;<em>L\u2019Esp\u00e8ce humaine<\/em>, de l\u2019<em>Encyclop\u00e9die fran\u00e7aise<\/em>, Paris, 1936 (en collaboration)&nbsp;; Paris, INED, 2005.<br><em>Morphologie sociale<\/em>, Paris, Armand Colin, 1938&nbsp;; 1970.<br><em>Esquisse d\u2019une psychologie des classes sociales<\/em>&nbsp;(parus dans&nbsp;<em>Analyse des mobiles qui orientent l\u2019activit\u00e9 des individus dans la vie sociale<\/em>, vol. I), Li\u00e8ge, Thone \/ Paris, Sirey, 1938&nbsp;; Paris, Rivi\u00e8re, 1955 et 1964.<br><em>Sociologie \u00e9conomique et d\u00e9mographie<\/em>, n\u00b0&nbsp;875 des&nbsp;<em>Actualit\u00e9s scientifiques et industrielles<\/em>, Section\u00a0\u00ab&nbsp;Philosophie&nbsp;\u00bb, Paris, Hermann, 1940.<br><em>La Topographie l\u00e9gendaire des \u00c9vangiles en Terre sainte. \u00c9tude de m\u00e9moire collective<\/em>, Paris, PUF, 1941&nbsp;; 1971.<br><em>La M\u00e9moire collective<\/em>, Paris, PUF, 1949 (<em>Ann\u00e9e sociologique, 1940-1948<\/em>)&nbsp;; PUF, 1950&nbsp;; 1968&nbsp;; Albin Michel, 1997 (\u00e9dition remani\u00e9e).<br><em>Classes sociales et morphologie<\/em>, Paris, Minuit, 1972 (recueil d\u2019articles et bibliographie compl\u00e9mentaire, par Victor Karady).<\/p>","protected":false},"excerpt":{"rendered":"<p>(1877-1945)Maurice Halbwachs est n\u00e9 en 1877 \u00e0 Reims o\u00f9 son p\u00e8re, agr\u00e9g\u00e9, enseignait l\u2019allemand. Celui-ci avait opt\u00e9 pour la France apr\u00e8s l\u2019annexion de l\u2019Alsace-Lorraine par l\u2019Empire allemand en 1871. Maurice Halbwachs entre \u00e0 l\u2019Ecole normale sup\u00e9rieure en 1898 o\u00f9 il retrouve son professeur de philosophie du Lyc\u00e9e Henri IV, Henri Bergson. Il obtient l\u2019agr\u00e9gation de [&hellip;]<\/p>\n","protected":false},"author":1,"featured_media":0,"parent":0,"menu_order":0,"comment_status":"closed","ping_status":"closed","template":"","meta":{"_acf_changed":false,"footnotes":""},"class_list":["post-108","page","type-page","status-publish","hentry"],"acf":[],"yoast_head":"<!-- This site is optimized with the Yoast SEO plugin v25.6 - https:\/\/yoast.com\/wordpress\/plugins\/seo\/ -->\n<title>CMH<\/title>\n<meta name=\"robots\" content=\"index, follow, max-snippet:-1, max-image-preview:large, max-video-preview:-1\" \/>\n<link rel=\"canonical\" href=\"https:\/\/cmh.ens.fr\/en\/maurice-halbwachs\/\" class=\"yoast-seo-meta-tag\" \/>\n<meta property=\"og:locale\" content=\"en_US\" class=\"yoast-seo-meta-tag\" \/>\n<meta property=\"og:type\" content=\"article\" class=\"yoast-seo-meta-tag\" \/>\n<meta property=\"og:title\" content=\"Maurice Halbwachs - CMH\" class=\"yoast-seo-meta-tag\" \/>\n<meta property=\"og:description\" content=\"(1877-1945)Maurice Halbwachs est n\u00e9 en 1877 \u00e0 Reims o\u00f9 son p\u00e8re, agr\u00e9g\u00e9, enseignait l\u2019allemand. Celui-ci avait opt\u00e9 pour la France apr\u00e8s l\u2019annexion de l\u2019Alsace-Lorraine par l\u2019Empire allemand en 1871. Maurice Halbwachs entre \u00e0 l\u2019Ecole normale sup\u00e9rieure en 1898 o\u00f9 il retrouve son professeur de philosophie du Lyc\u00e9e Henri IV, Henri Bergson. Il obtient l\u2019agr\u00e9gation de [&hellip;]\" class=\"yoast-seo-meta-tag\" \/>\n<meta property=\"og:url\" content=\"https:\/\/cmh.ens.fr\/en\/maurice-halbwachs\/\" class=\"yoast-seo-meta-tag\" \/>\n<meta property=\"og:site_name\" content=\"CMH\" class=\"yoast-seo-meta-tag\" \/>\n<meta property=\"article:modified_time\" content=\"2024-04-22T14:03:26+00:00\" class=\"yoast-seo-meta-tag\" \/>\n<meta property=\"og:image\" content=\"https:\/\/www.cmh.ens.fr\/wp-content\/uploads\/MauriceHalbwachs.jpg\" class=\"yoast-seo-meta-tag\" \/>\n<meta name=\"twitter:card\" content=\"summary_large_image\" class=\"yoast-seo-meta-tag\" \/>\n<meta name=\"twitter:label1\" content=\"Est. reading time\" class=\"yoast-seo-meta-tag\" \/>\n\t<meta name=\"twitter:data1\" content=\"6 minutes\" class=\"yoast-seo-meta-tag\" \/>\n<script type=\"application\/ld+json\" class=\"yoast-schema-graph\">{\"@context\":\"https:\/\/schema.org\",\"@graph\":[{\"@type\":\"WebPage\",\"@id\":\"https:\/\/cmh.ens.fr\/en\/maurice-halbwachs\/\",\"url\":\"https:\/\/cmh.ens.fr\/en\/maurice-halbwachs\/\",\"name\":\"Maurice Halbwachs - CMH\",\"isPartOf\":{\"@id\":\"https:\/\/cmh.ens.fr\/en\/#website\"},\"primaryImageOfPage\":{\"@id\":\"https:\/\/cmh.ens.fr\/en\/maurice-halbwachs\/#primaryimage\"},\"image\":{\"@id\":\"https:\/\/cmh.ens.fr\/en\/maurice-halbwachs\/#primaryimage\"},\"thumbnailUrl\":\"https:\/\/www.cmh.ens.fr\/wp-content\/uploads\/MauriceHalbwachs.jpg\",\"datePublished\":\"2020-12-02T09:31:36+00:00\",\"dateModified\":\"2024-04-22T14:03:26+00:00\",\"breadcrumb\":{\"@id\":\"https:\/\/cmh.ens.fr\/en\/maurice-halbwachs\/#breadcrumb\"},\"inLanguage\":\"en-US\",\"potentialAction\":[{\"@type\":\"ReadAction\",\"target\":[\"https:\/\/cmh.ens.fr\/en\/maurice-halbwachs\/\"]}]},{\"@type\":\"ImageObject\",\"inLanguage\":\"en-US\",\"@id\":\"https:\/\/cmh.ens.fr\/en\/maurice-halbwachs\/#primaryimage\",\"url\":\"https:\/\/www.cmh.ens.fr\/wp-content\/uploads\/MauriceHalbwachs.jpg\",\"contentUrl\":\"https:\/\/www.cmh.ens.fr\/wp-content\/uploads\/MauriceHalbwachs.jpg\"},{\"@type\":\"BreadcrumbList\",\"@id\":\"https:\/\/cmh.ens.fr\/en\/maurice-halbwachs\/#breadcrumb\",\"itemListElement\":[{\"@type\":\"ListItem\",\"position\":1,\"name\":\"Accueil\",\"item\":\"https:\/\/cmh.ens.fr\/\"},{\"@type\":\"ListItem\",\"position\":2,\"name\":\"Maurice Halbwachs\"}]},{\"@type\":\"WebSite\",\"@id\":\"https:\/\/cmh.ens.fr\/en\/#website\",\"url\":\"https:\/\/cmh.ens.fr\/en\/\",\"name\":\"CMH\",\"description\":\"Centre Maurice Halbwachs\",\"publisher\":{\"@id\":\"https:\/\/cmh.ens.fr\/en\/#organization\"},\"potentialAction\":[{\"@type\":\"SearchAction\",\"target\":{\"@type\":\"EntryPoint\",\"urlTemplate\":\"https:\/\/cmh.ens.fr\/en\/?s={search_term_string}\"},\"query-input\":{\"@type\":\"PropertyValueSpecification\",\"valueRequired\":true,\"valueName\":\"search_term_string\"}}],\"inLanguage\":\"en-US\"},{\"@type\":\"Organization\",\"@id\":\"https:\/\/cmh.ens.fr\/en\/#organization\",\"name\":\"Centre Maurice Halbwachs\",\"url\":\"https:\/\/cmh.ens.fr\/en\/\",\"logo\":{\"@type\":\"ImageObject\",\"inLanguage\":\"en-US\",\"@id\":\"https:\/\/cmh.ens.fr\/en\/#\/schema\/logo\/image\/\",\"url\":\"https:\/\/www.cmh.ens.fr\/wp-content\/uploads\/siteon0.jpg\",\"contentUrl\":\"https:\/\/www.cmh.ens.fr\/wp-content\/uploads\/siteon0.jpg\",\"width\":86,\"height\":53,\"caption\":\"Centre Maurice Halbwachs\"},\"image\":{\"@id\":\"https:\/\/cmh.ens.fr\/en\/#\/schema\/logo\/image\/\"}}]}<\/script>\n<!-- \/ Yoast SEO plugin. -->","yoast_head_json":{"title":"CMH","robots":{"index":"index","follow":"follow","max-snippet":"max-snippet:-1","max-image-preview":"max-image-preview:large","max-video-preview":"max-video-preview:-1"},"canonical":"https:\/\/cmh.ens.fr\/en\/maurice-halbwachs\/","og_locale":"en_US","og_type":"article","og_title":"Maurice Halbwachs - CMH","og_description":"(1877-1945)Maurice Halbwachs est n\u00e9 en 1877 \u00e0 Reims o\u00f9 son p\u00e8re, agr\u00e9g\u00e9, enseignait l\u2019allemand. Celui-ci avait opt\u00e9 pour la France apr\u00e8s l\u2019annexion de l\u2019Alsace-Lorraine par l\u2019Empire allemand en 1871. Maurice Halbwachs entre \u00e0 l\u2019Ecole normale sup\u00e9rieure en 1898 o\u00f9 il retrouve son professeur de philosophie du Lyc\u00e9e Henri IV, Henri Bergson. Il obtient l\u2019agr\u00e9gation de [&hellip;]","og_url":"https:\/\/cmh.ens.fr\/en\/maurice-halbwachs\/","og_site_name":"CMH","article_modified_time":"2024-04-22T14:03:26+00:00","og_image":[{"url":"https:\/\/www.cmh.ens.fr\/wp-content\/uploads\/MauriceHalbwachs.jpg","type":"","width":"","height":""}],"twitter_card":"summary_large_image","twitter_misc":{"Est. reading time":"6 minutes"},"schema":{"@context":"https:\/\/schema.org","@graph":[{"@type":"WebPage","@id":"https:\/\/cmh.ens.fr\/en\/maurice-halbwachs\/","url":"https:\/\/cmh.ens.fr\/en\/maurice-halbwachs\/","name":"Maurice Halbwachs - CMH","isPartOf":{"@id":"https:\/\/cmh.ens.fr\/en\/#website"},"primaryImageOfPage":{"@id":"https:\/\/cmh.ens.fr\/en\/maurice-halbwachs\/#primaryimage"},"image":{"@id":"https:\/\/cmh.ens.fr\/en\/maurice-halbwachs\/#primaryimage"},"thumbnailUrl":"https:\/\/www.cmh.ens.fr\/wp-content\/uploads\/MauriceHalbwachs.jpg","datePublished":"2020-12-02T09:31:36+00:00","dateModified":"2024-04-22T14:03:26+00:00","breadcrumb":{"@id":"https:\/\/cmh.ens.fr\/en\/maurice-halbwachs\/#breadcrumb"},"inLanguage":"en-US","potentialAction":[{"@type":"ReadAction","target":["https:\/\/cmh.ens.fr\/en\/maurice-halbwachs\/"]}]},{"@type":"ImageObject","inLanguage":"en-US","@id":"https:\/\/cmh.ens.fr\/en\/maurice-halbwachs\/#primaryimage","url":"https:\/\/www.cmh.ens.fr\/wp-content\/uploads\/MauriceHalbwachs.jpg","contentUrl":"https:\/\/www.cmh.ens.fr\/wp-content\/uploads\/MauriceHalbwachs.jpg"},{"@type":"BreadcrumbList","@id":"https:\/\/cmh.ens.fr\/en\/maurice-halbwachs\/#breadcrumb","itemListElement":[{"@type":"ListItem","position":1,"name":"Accueil","item":"https:\/\/cmh.ens.fr\/"},{"@type":"ListItem","position":2,"name":"Maurice Halbwachs"}]},{"@type":"WebSite","@id":"https:\/\/cmh.ens.fr\/en\/#website","url":"https:\/\/cmh.ens.fr\/en\/","name":"CMH","description":"Centre Maurice Halbwachs","publisher":{"@id":"https:\/\/cmh.ens.fr\/en\/#organization"},"potentialAction":[{"@type":"SearchAction","target":{"@type":"EntryPoint","urlTemplate":"https:\/\/cmh.ens.fr\/en\/?s={search_term_string}"},"query-input":{"@type":"PropertyValueSpecification","valueRequired":true,"valueName":"search_term_string"}}],"inLanguage":"en-US"},{"@type":"Organization","@id":"https:\/\/cmh.ens.fr\/en\/#organization","name":"Centre Maurice Halbwachs","url":"https:\/\/cmh.ens.fr\/en\/","logo":{"@type":"ImageObject","inLanguage":"en-US","@id":"https:\/\/cmh.ens.fr\/en\/#\/schema\/logo\/image\/","url":"https:\/\/www.cmh.ens.fr\/wp-content\/uploads\/siteon0.jpg","contentUrl":"https:\/\/www.cmh.ens.fr\/wp-content\/uploads\/siteon0.jpg","width":86,"height":53,"caption":"Centre Maurice Halbwachs"},"image":{"@id":"https:\/\/cmh.ens.fr\/en\/#\/schema\/logo\/image\/"}}]}},"_links":{"self":[{"href":"https:\/\/cmh.ens.fr\/en\/wp-json\/wp\/v2\/pages\/108"}],"collection":[{"href":"https:\/\/cmh.ens.fr\/en\/wp-json\/wp\/v2\/pages"}],"about":[{"href":"https:\/\/cmh.ens.fr\/en\/wp-json\/wp\/v2\/types\/page"}],"author":[{"embeddable":true,"href":"https:\/\/cmh.ens.fr\/en\/wp-json\/wp\/v2\/users\/1"}],"replies":[{"embeddable":true,"href":"https:\/\/cmh.ens.fr\/en\/wp-json\/wp\/v2\/comments?post=108"}],"version-history":[{"count":8,"href":"https:\/\/cmh.ens.fr\/en\/wp-json\/wp\/v2\/pages\/108\/revisions"}],"predecessor-version":[{"id":14433,"href":"https:\/\/cmh.ens.fr\/en\/wp-json\/wp\/v2\/pages\/108\/revisions\/14433"}],"wp:attachment":[{"href":"https:\/\/cmh.ens.fr\/en\/wp-json\/wp\/v2\/media?parent=108"}],"curies":[{"name":"wp","href":"https:\/\/api.w.org\/{rel}","templated":true}]}}