{"id":106,"date":"2020-12-02T09:30:47","date_gmt":"2020-12-02T09:30:47","guid":{"rendered":"https:\/\/w3.cmh.ens.fr\/?page_id=106"},"modified":"2026-01-08T11:43:18","modified_gmt":"2026-01-08T10:43:18","slug":"partenaires","status":"publish","type":"page","link":"https:\/\/cmh.ens.fr\/en\/partenaires\/","title":{"rendered":"Partners"},"content":{"rendered":"<h3 class=\"wp-block-heading\">Programme Gradu\u00e9 Sciences Sociales PSL<\/h3>\n\n\n\n<p>Le Programme Gradu\u00e9 Sciences Sociales de PSL propose un cycle pluridisciplinaire complet d\u2019\u00e9tudes sup\u00e9rieures et de recherche du Master au Doctorat au carrefour des sciences sociales. Il propose plusieurs dispositifs pour aider et accompagner \u00e9tudiants et doctorants, de la 1re ann\u00e9e de Master jusqu&rsquo;\u00e0 leur insertion professionnelle apr\u00e8s la th\u00e8se.<\/p>\n\n\n\n<ul class=\"wp-block-list\">\n<li> <a href=\"https:\/\/dauphine.psl.eu\/formations\/programmes-gradues\/sciences-sociales\" target=\"_blank\" rel=\"noreferrer noopener\">Programme Gradu\u00e9<\/a> <\/li>\n<\/ul>\n\n\n\n<h3 class=\"wp-block-heading\">EUR GSST<\/h3>\n\n\n\n<p>Sous la responsabilit\u00e9 scientifique et technique de&nbsp;<strong>Christelle Avril<\/strong>, l\u2019\u00c9cole Universitaire de Recherche Sciences sociales du Genre et de la Sexualit\u00e9 (EUR GSST\/ANR-18-EURE-0008), port\u00e9e par l\u2019EHESS en partenariat avec l\u2019Ined (Mathieu Trachman, responsable adjoint de l\u2019EUR), est une formation gradu\u00e9e du master au doctorat inscrite sur le Campus Condorcet. Elle se distingue dans le paysage universitaire fran\u00e7ais par la centralit\u00e9 accord\u00e9e \u00e0 la pratique de l\u2019enqu\u00eate empirique quantitative et qualitative, mais aussi par l\u2019articulation entre genre et sexualit\u00e9. Elle contribue au d\u00e9veloppement du champ des sciences sociales (sociologie, histoire, anthropologie) du genre et de la sexualit\u00e9 et \u00e0 la diffusion des savoirs sur ces questions dans la soci\u00e9t\u00e9 civile.<\/p>\n\n\n\n<h3 class=\"wp-block-heading\">EUR TRANSLITTERAE<\/h3>\n\n\n\n<p>Dans la lign\u00e9e du <a href=\"http:\/\/transfers.ens.fr\/\">Labex TransferS<\/a>, l\u2019EUR Translitter\u00e6 explore les Humanit\u00e9s du point de vue des circulations dont elles r\u00e9sultent et analyse la constitution m\u00eame des disciplines comme le r\u00e9sultat de processus permanents de transferts. Articul\u00e9e en quatre grands volets th\u00e9matiques\u00a0: Textes en translation, Histoires et transferts, Pens\u00e9e critique transdisciplinaire, Humanit\u00e9s, sciences et techniques, l\u2019EUR Translitter\u00e6 accompagne la mise en place de nouveaux cursus de Master et formations au sein de PSL en visant une int\u00e9gration optimale des enseignements et s\u00e9minaires de recherche propos\u00e9s par les UMR, d\u00e9partements et partenaires de Translitter\u00e6. Elle offre une formation de haut niveau sur cinq ans en sciences humaines, avec une r\u00e9flexion pouss\u00e9e dans l\u2019approche des textes, l\u2019\u00e9pist\u00e9mologie et les processus transnationaux de d\u00e9placement, soutenue par un programme de bourses.<\/p>\n\n\n\n<ul class=\"wp-block-list\">\n<li><a href=\"https:\/\/www.univ-psl.fr\/translitterae\" target=\"_blank\" rel=\"noreferrer noopener\">EUR Translitter\u00e6<\/a><\/li>\n<\/ul>\n\n\n\n<h3 class=\"wp-block-heading\">Masters de l\u2019EHESS<\/h3>\n\n\n\n<p>Le Centre Maurice Halbwachs est largement structur\u00e9 par la participation de ses membres aux enseignements dispens\u00e9s en particulier dans les masters de l\u2019EHESS, dont il partage le mot d\u2019ordre de\u00a0\u00ab&nbsp;formation \u00e0 la recherche par la recherche&nbsp;\u00bb.<\/p>\n\n\n\n<p>Ses chercheurs, enseignants-chercheurs et ing\u00e9nieurs participent de fa\u00e7on principale aux quatre formations suivantes, en partenariat avec l\u2019EHESS&nbsp;:<\/p>\n\n\n\n<ul class=\"wp-block-list\">\n<li>Master\u00a0<a href=\"https:\/\/www.ehess.fr\/fr\/master-%C3%A9tudes-sur-genre-sociologie-histoire-anthropologie\" target=\"_blank\" rel=\"noreferrer noopener\">\u00c9tudes de genre<\/a><\/li>\n\n\n\n<li>Master\u00a0<a href=\"https:\/\/www.ehess.fr\/fr\/master-sociologie\" target=\"_blank\" rel=\"noreferrer noopener\">Sociologie<\/a><\/li>\n\n\n\n<li>Master\u00a0<a href=\"http:\/\/master-sciences-sociales.ens.fr\/\" target=\"_blank\" rel=\"noreferrer noopener\">Sciences sociales<\/a>, avec deux parcours<br>\u2013 Pratiques de l\u2019interdisciplinarit\u00e9 en sciences sociales (<a href=\"http:\/\/master-sciences-sociales.ens.fr\/pdi-parcours-pratique-de-linterdisciplinarite-en-sciences-sociales\/\" target=\"_blank\" rel=\"noreferrer noopener\">PDI<\/a>)<br>\u2013 Quantifier en sciences sociales\u00a0<a href=\"http:\/\/master-sciences-sociales.ens.fr\/qess-presentation\/\" target=\"_blank\" rel=\"noreferrer noopener\">(QESS)<\/a><\/li>\n\n\n\n<li>Master  <a href=\"https:\/\/www.ehess.fr\/fr\/master-sciences-%C3%A9conomiques-et-sociales\" target=\"_blank\" rel=\"noreferrer noopener\">Sciences \u00e9conomiques et sociales<\/a><\/li>\n<\/ul>","protected":false},"excerpt":{"rendered":"<p>Programme Gradu\u00e9 Sciences Sociales PSL Le Programme Gradu\u00e9 Sciences Sociales de PSL propose un cycle pluridisciplinaire complet d\u2019\u00e9tudes sup\u00e9rieures et de recherche du Master au Doctorat au carrefour des sciences sociales. Il propose plusieurs dispositifs pour aider et accompagner \u00e9tudiants et doctorants, de la 1re ann\u00e9e de Master jusqu&rsquo;\u00e0 leur insertion professionnelle apr\u00e8s la th\u00e8se. [&hellip;]<\/p>\n","protected":false},"author":1,"featured_media":0,"parent":0,"menu_order":0,"comment_status":"closed","ping_status":"closed","template":"","meta":{"_acf_changed":false,"footnotes":""},"class_list":["post-106","page","type-page","status-publish","hentry"],"acf":[],"yoast_head":"<!-- This site is optimized with the Yoast SEO plugin v25.6 - https:\/\/yoast.com\/wordpress\/plugins\/seo\/ -->\n<title>CMH<\/title>\n<meta name=\"robots\" content=\"index, follow, max-snippet:-1, max-image-preview:large, max-video-preview:-1\" \/>\n<link rel=\"canonical\" href=\"https:\/\/cmh.ens.fr\/en\/partenaires\/\" class=\"yoast-seo-meta-tag\" \/>\n<meta property=\"og:locale\" content=\"en_US\" class=\"yoast-seo-meta-tag\" \/>\n<meta property=\"og:type\" content=\"article\" class=\"yoast-seo-meta-tag\" \/>\n<meta property=\"og:title\" content=\"Partenaires - CMH\" class=\"yoast-seo-meta-tag\" \/>\n<meta property=\"og:description\" content=\"Programme Gradu\u00e9 Sciences Sociales PSL Le Programme Gradu\u00e9 Sciences Sociales de PSL propose un cycle pluridisciplinaire complet d\u2019\u00e9tudes sup\u00e9rieures et de recherche du Master au Doctorat au carrefour des sciences sociales. Il propose plusieurs dispositifs pour aider et accompagner \u00e9tudiants et doctorants, de la 1re ann\u00e9e de Master jusqu&rsquo;\u00e0 leur insertion professionnelle apr\u00e8s la th\u00e8se. [&hellip;]\" class=\"yoast-seo-meta-tag\" \/>\n<meta property=\"og:url\" content=\"https:\/\/cmh.ens.fr\/en\/partenaires\/\" class=\"yoast-seo-meta-tag\" \/>\n<meta property=\"og:site_name\" content=\"CMH\" class=\"yoast-seo-meta-tag\" \/>\n<meta property=\"article:modified_time\" content=\"2026-01-08T10:43:18+00:00\" class=\"yoast-seo-meta-tag\" \/>\n<meta name=\"twitter:card\" content=\"summary_large_image\" class=\"yoast-seo-meta-tag\" \/>\n<meta name=\"twitter:label1\" content=\"Est. reading time\" class=\"yoast-seo-meta-tag\" \/>\n\t<meta name=\"twitter:data1\" content=\"2 minutes\" class=\"yoast-seo-meta-tag\" \/>\n<script type=\"application\/ld+json\" class=\"yoast-schema-graph\">{\"@context\":\"https:\/\/schema.org\",\"@graph\":[{\"@type\":\"WebPage\",\"@id\":\"https:\/\/cmh.ens.fr\/en\/partenaires\/\",\"url\":\"https:\/\/cmh.ens.fr\/en\/partenaires\/\",\"name\":\"Partenaires - CMH\",\"isPartOf\":{\"@id\":\"https:\/\/cmh.ens.fr\/en\/#website\"},\"datePublished\":\"2020-12-02T09:30:47+00:00\",\"dateModified\":\"2026-01-08T10:43:18+00:00\",\"breadcrumb\":{\"@id\":\"https:\/\/cmh.ens.fr\/en\/partenaires\/#breadcrumb\"},\"inLanguage\":\"en-US\",\"potentialAction\":[{\"@type\":\"ReadAction\",\"target\":[\"https:\/\/cmh.ens.fr\/en\/partenaires\/\"]}]},{\"@type\":\"BreadcrumbList\",\"@id\":\"https:\/\/cmh.ens.fr\/en\/partenaires\/#breadcrumb\",\"itemListElement\":[{\"@type\":\"ListItem\",\"position\":1,\"name\":\"Accueil\",\"item\":\"https:\/\/cmh.ens.fr\/\"},{\"@type\":\"ListItem\",\"position\":2,\"name\":\"Partenaires\"}]},{\"@type\":\"WebSite\",\"@id\":\"https:\/\/cmh.ens.fr\/en\/#website\",\"url\":\"https:\/\/cmh.ens.fr\/en\/\",\"name\":\"CMH\",\"description\":\"Centre Maurice Halbwachs\",\"publisher\":{\"@id\":\"https:\/\/cmh.ens.fr\/en\/#organization\"},\"potentialAction\":[{\"@type\":\"SearchAction\",\"target\":{\"@type\":\"EntryPoint\",\"urlTemplate\":\"https:\/\/cmh.ens.fr\/en\/?s={search_term_string}\"},\"query-input\":{\"@type\":\"PropertyValueSpecification\",\"valueRequired\":true,\"valueName\":\"search_term_string\"}}],\"inLanguage\":\"en-US\"},{\"@type\":\"Organization\",\"@id\":\"https:\/\/cmh.ens.fr\/en\/#organization\",\"name\":\"Centre Maurice Halbwachs\",\"url\":\"https:\/\/cmh.ens.fr\/en\/\",\"logo\":{\"@type\":\"ImageObject\",\"inLanguage\":\"en-US\",\"@id\":\"https:\/\/cmh.ens.fr\/en\/#\/schema\/logo\/image\/\",\"url\":\"https:\/\/www.cmh.ens.fr\/wp-content\/uploads\/siteon0.jpg\",\"contentUrl\":\"https:\/\/www.cmh.ens.fr\/wp-content\/uploads\/siteon0.jpg\",\"width\":86,\"height\":53,\"caption\":\"Centre Maurice Halbwachs\"},\"image\":{\"@id\":\"https:\/\/cmh.ens.fr\/en\/#\/schema\/logo\/image\/\"}}]}<\/script>\n<!-- \/ Yoast SEO plugin. -->","yoast_head_json":{"title":"CMH","robots":{"index":"index","follow":"follow","max-snippet":"max-snippet:-1","max-image-preview":"max-image-preview:large","max-video-preview":"max-video-preview:-1"},"canonical":"https:\/\/cmh.ens.fr\/en\/partenaires\/","og_locale":"en_US","og_type":"article","og_title":"Partenaires - CMH","og_description":"Programme Gradu\u00e9 Sciences Sociales PSL Le Programme Gradu\u00e9 Sciences Sociales de PSL propose un cycle pluridisciplinaire complet d\u2019\u00e9tudes sup\u00e9rieures et de recherche du Master au Doctorat au carrefour des sciences sociales. Il propose plusieurs dispositifs pour aider et accompagner \u00e9tudiants et doctorants, de la 1re ann\u00e9e de Master jusqu&rsquo;\u00e0 leur insertion professionnelle apr\u00e8s la th\u00e8se. [&hellip;]","og_url":"https:\/\/cmh.ens.fr\/en\/partenaires\/","og_site_name":"CMH","article_modified_time":"2026-01-08T10:43:18+00:00","twitter_card":"summary_large_image","twitter_misc":{"Est. reading time":"2 minutes"},"schema":{"@context":"https:\/\/schema.org","@graph":[{"@type":"WebPage","@id":"https:\/\/cmh.ens.fr\/en\/partenaires\/","url":"https:\/\/cmh.ens.fr\/en\/partenaires\/","name":"Partenaires - CMH","isPartOf":{"@id":"https:\/\/cmh.ens.fr\/en\/#website"},"datePublished":"2020-12-02T09:30:47+00:00","dateModified":"2026-01-08T10:43:18+00:00","breadcrumb":{"@id":"https:\/\/cmh.ens.fr\/en\/partenaires\/#breadcrumb"},"inLanguage":"en-US","potentialAction":[{"@type":"ReadAction","target":["https:\/\/cmh.ens.fr\/en\/partenaires\/"]}]},{"@type":"BreadcrumbList","@id":"https:\/\/cmh.ens.fr\/en\/partenaires\/#breadcrumb","itemListElement":[{"@type":"ListItem","position":1,"name":"Accueil","item":"https:\/\/cmh.ens.fr\/"},{"@type":"ListItem","position":2,"name":"Partenaires"}]},{"@type":"WebSite","@id":"https:\/\/cmh.ens.fr\/en\/#website","url":"https:\/\/cmh.ens.fr\/en\/","name":"CMH","description":"Centre Maurice Halbwachs","publisher":{"@id":"https:\/\/cmh.ens.fr\/en\/#organization"},"potentialAction":[{"@type":"SearchAction","target":{"@type":"EntryPoint","urlTemplate":"https:\/\/cmh.ens.fr\/en\/?s={search_term_string}"},"query-input":{"@type":"PropertyValueSpecification","valueRequired":true,"valueName":"search_term_string"}}],"inLanguage":"en-US"},{"@type":"Organization","@id":"https:\/\/cmh.ens.fr\/en\/#organization","name":"Centre Maurice Halbwachs","url":"https:\/\/cmh.ens.fr\/en\/","logo":{"@type":"ImageObject","inLanguage":"en-US","@id":"https:\/\/cmh.ens.fr\/en\/#\/schema\/logo\/image\/","url":"https:\/\/www.cmh.ens.fr\/wp-content\/uploads\/siteon0.jpg","contentUrl":"https:\/\/www.cmh.ens.fr\/wp-content\/uploads\/siteon0.jpg","width":86,"height":53,"caption":"Centre Maurice Halbwachs"},"image":{"@id":"https:\/\/cmh.ens.fr\/en\/#\/schema\/logo\/image\/"}}]}},"_links":{"self":[{"href":"https:\/\/cmh.ens.fr\/en\/wp-json\/wp\/v2\/pages\/106"}],"collection":[{"href":"https:\/\/cmh.ens.fr\/en\/wp-json\/wp\/v2\/pages"}],"about":[{"href":"https:\/\/cmh.ens.fr\/en\/wp-json\/wp\/v2\/types\/page"}],"author":[{"embeddable":true,"href":"https:\/\/cmh.ens.fr\/en\/wp-json\/wp\/v2\/users\/1"}],"replies":[{"embeddable":true,"href":"https:\/\/cmh.ens.fr\/en\/wp-json\/wp\/v2\/comments?post=106"}],"version-history":[{"count":11,"href":"https:\/\/cmh.ens.fr\/en\/wp-json\/wp\/v2\/pages\/106\/revisions"}],"predecessor-version":[{"id":16233,"href":"https:\/\/cmh.ens.fr\/en\/wp-json\/wp\/v2\/pages\/106\/revisions\/16233"}],"wp:attachment":[{"href":"https:\/\/cmh.ens.fr\/en\/wp-json\/wp\/v2\/media?parent=106"}],"curies":[{"name":"wp","href":"https:\/\/api.w.org\/{rel}","templated":true}]}}