{"id":102,"date":"2020-12-02T09:30:03","date_gmt":"2020-12-02T09:30:03","guid":{"rendered":"https:\/\/w3.cmh.ens.fr\/?page_id=102"},"modified":"2026-01-12T09:40:04","modified_gmt":"2026-01-12T08:40:04","slug":"presentation-de-lunite","status":"publish","type":"page","link":"https:\/\/cmh.ens.fr\/en\/presentation-de-lunite\/","title":{"rendered":"Unit presentation"},"content":{"rendered":"<div data-elementor-type=\"wp-page\" data-elementor-id=\"102\" class=\"elementor elementor-102\" data-elementor-post-type=\"page\">\n\t\t\t\t\t\t<section class=\"elementor-section elementor-top-section elementor-element elementor-element-6f584376 elementor-section-boxed elementor-section-height-default elementor-section-height-default\" data-id=\"6f584376\" data-element_type=\"section\" data-e-type=\"section\">\n\t\t\t\t\t\t<div class=\"elementor-container elementor-column-gap-default\">\n\t\t\t\t\t<div class=\"elementor-column elementor-col-100 elementor-top-column elementor-element elementor-element-4d051132\" data-id=\"4d051132\" data-element_type=\"column\" data-e-type=\"column\">\n\t\t\t<div class=\"elementor-widget-wrap elementor-element-populated\">\n\t\t\t\t\t\t<div class=\"elementor-element elementor-element-3efa525 elementor-widget elementor-widget-text-editor\" data-id=\"3efa525\" data-element_type=\"widget\" data-e-type=\"widget\" data-widget_type=\"text-editor.default\">\n\t\t\t\t<div class=\"elementor-widget-container\">\n\t\t\t\t\t\t\t\t\t<p>Le Centre Maurice Halbwachs a \u00e9t\u00e9 cr\u00e9\u00e9 au 1er janvier 2006, et s\u2019est install\u00e9 au cours de cette m\u00eame ann\u00e9e 2006 sur son site actuel du campus de l\u2019\u00c9cole Normale Sup\u00e9rieure de Paris, 48 Boulevard Jourdan. Il r\u00e9sulte de la r\u00e9union d\u2019un laboratoire anciennement sp\u00e9cialis\u00e9 sur la mise \u00e0 disposition des enqu\u00eates de l\u2019INSEE et sur l\u2019analyse longitudinale des donn\u00e9es (LASMAS), et du Laboratoire de sciences sociales de l\u2019\u00c9cole Normale Sup\u00e9rieure. B\u00e9n\u00e9ficiant d\u2019une quadruple tutelle (<span style=\"font-size: 19.2px;\">CNRS,&nbsp;<\/span><span style=\"font-size: 1.2rem;\">ENS-PSL, EHESS, INRAE), le CMH a \u00e9t\u00e9 dirig\u00e9 de 2006 \u00e0 2010 par Andr\u00e9 Grelon (DE EHESS), de 2010 \u00e0 2018 par Patrick Michel (DR CNRS, DE EHESS), de janvier 2019 \u00e0 mars 2024 par Serge Paugam (DR CNRS, DE EHESS), d&rsquo;avril 2024 \u00e0 d\u00e9cembre 2024 par S\u00e9verine Gojard (DR INRAE). Depuis janvier 2025 l&rsquo;unit\u00e9 est dirig\u00e9e&nbsp;<\/span><span style=\"font-size: 1.2rem;\">par Anne Lhuissier (DR INRAE) avec Christelle Avril (DE EHESS) \u00e0 la direction-adjointe et Arlette Mollet comme responsable administrative.<\/span><\/p>\t\t\t\t\t\t\t\t<\/div>\n\t\t\t\t<\/div>\n\t\t\t\t<div class=\"elementor-element elementor-element-3d64b001 elementor-widget elementor-widget-text-editor\" data-id=\"3d64b001\" data-element_type=\"widget\" data-e-type=\"widget\" data-widget_type=\"text-editor.default\">\n\t\t\t\t<div class=\"elementor-widget-container\">\n\t\t\t\t\t\t\t\t\t<p><\/p>\n<p>La singularit\u00e9 du Centre Maurice Halbwachs r\u00e9side notamment \u2013 en lien avec les travaux du sociologue dont il a pris le nom \u2013 dans l\u2019analyse de la structure et des in\u00e9galit\u00e9s sociales, au sein du paysage sociologique fran\u00e7ais et international. Cette singularit\u00e9 est d\u2019ores et d\u00e9j\u00e0 bien identifi\u00e9e : elle s\u2019appuie sur une solide capacit\u00e9 d\u2019innovation m\u00e9thodologique, combinant \u00e0 la fois des exploitations longitudinales de bases de donn\u00e9es de grande \u00e9chelle et des dispositifs qualitatifs ou ethnographiques, d\u00e9ploy\u00e9s \u00e0 l\u2019\u00e9chelon national tout comme en comparaisons internationales.<\/p>\n<p><\/p>\n<p>Cette ouverture m\u00e9thodologique et cette solide assise empirique nourrissent une recherche profond\u00e9ment originale sur les recompositions des rapports sociaux : ceux-ci sont analys\u00e9s, de fa\u00e7on dynamique, non pas uniquement sous l\u2019angle de la stratification, mais aussi sous l\u2019angle des perceptions et de leurs \u00e9volutions ; et c\u2019est bien la ma\u00eetrise et la capacit\u00e9 d\u2019articulation des m\u00e9thodes, inscrites dans un dialogue renouvel\u00e9 avec la socio-histoire et la socio-\u00e9conomie, qui fondent l\u2019originalit\u00e9 empirique de ces travaux et marquent aujourd\u2019hui la place du CMH dans la carte des sciences sociales contemporaines.<\/p>\n<p>Depuis janvier 2017, le CMH accueille six chercheurs INRAE au titre d\u2019une convention entre ses tutelles et l\u2019Inra (entre 2017 et 2019) devenu INRAE au premier janvier 2020 et devenue tutelle secondaire depuis janvier 2022 puis tutelle principale depuis janvier 2025.<\/p>\n<p><\/p>\n<p>Le CMH est organis\u00e9 en&nbsp;<strong>cinq<\/strong>&nbsp;<strong>axes<\/strong>&nbsp;depuis janvier 2019.<\/p>\n<ul>\n<li><a href=\"https:\/\/cmh.ens.fr\/en\/thematiques_axes\/ines\/\" target=\"_blank\" rel=\"noopener\">Inequalities and solidarities (INES)<\/a><\/li>\n<li><a href=\"https:\/\/cmh.ens.fr\/en\/thematiques_axes\/travail\/\" target=\"_blank\" rel=\"noopener\">Work from its borders (Work)<\/a><\/li>\n<li><a href=\"https:\/\/cmh.ens.fr\/en\/thematiques_axes\/sspd\/\" target=\"_blank\" rel=\"noopener\">Pouvoir, Droit, Economie (POUDRE)<\/a><\/li>\n<li><a href=\"https:\/\/cmh.ens.fr\/en\/thematiques_axes\/ecriture\/\" target=\"_blank\" rel=\"noopener\">Donn\u00e9es, Conduites, Savoirs (DOCSA)<\/a><\/li>\n<li><a href=\"https:\/\/cmh.ens.fr\/en\/thematiques_axes\/gcr\/\" target=\"_blank\" rel=\"noopener\">Imbrication des rapports sociaux&nbsp;: genre, classe, race (GCR<\/a>)<\/li>\n<\/ul>\n<p><\/p>\t\t\t\t\t\t\t\t<\/div>\n\t\t\t\t<\/div>\n\t\t\t\t\t<\/div>\n\t\t<\/div>\n\t\t\t\t\t<\/div>\n\t\t<\/section>\n\t\t\t\t<\/div>","protected":false},"excerpt":{"rendered":"<p>Le Centre Maurice Halbwachs a \u00e9t\u00e9 cr\u00e9\u00e9 au 1er janvier 2006, et s\u2019est install\u00e9 au cours de cette m\u00eame ann\u00e9e 2006 sur son site actuel du campus de l\u2019\u00c9cole Normale Sup\u00e9rieure de Paris, 48 Boulevard Jourdan. Il r\u00e9sulte de la r\u00e9union d\u2019un laboratoire anciennement sp\u00e9cialis\u00e9 sur la mise \u00e0 disposition des enqu\u00eates de l\u2019INSEE et [&hellip;]<\/p>\n","protected":false},"author":1,"featured_media":0,"parent":0,"menu_order":0,"comment_status":"closed","ping_status":"closed","template":"","meta":{"_acf_changed":false,"footnotes":""},"class_list":["post-102","page","type-page","status-publish","hentry"],"acf":[],"yoast_head":"<!-- This site is optimized with the Yoast SEO plugin v25.6 - https:\/\/yoast.com\/wordpress\/plugins\/seo\/ -->\n<title>CMH<\/title>\n<meta name=\"robots\" content=\"index, follow, max-snippet:-1, max-image-preview:large, max-video-preview:-1\" \/>\n<link rel=\"canonical\" href=\"https:\/\/cmh.ens.fr\/en\/presentation-de-lunite\/\" class=\"yoast-seo-meta-tag\" \/>\n<meta property=\"og:locale\" content=\"en_US\" class=\"yoast-seo-meta-tag\" \/>\n<meta property=\"og:type\" content=\"article\" class=\"yoast-seo-meta-tag\" \/>\n<meta property=\"og:title\" content=\"Pr\u00e9sentation de l\u2019unit\u00e9 - CMH\" class=\"yoast-seo-meta-tag\" \/>\n<meta property=\"og:description\" content=\"Le Centre Maurice Halbwachs a \u00e9t\u00e9 cr\u00e9\u00e9 au 1er janvier 2006, et s\u2019est install\u00e9 au cours de cette m\u00eame ann\u00e9e 2006 sur son site actuel du campus de l\u2019\u00c9cole Normale Sup\u00e9rieure de Paris, 48 Boulevard Jourdan. Il r\u00e9sulte de la r\u00e9union d\u2019un laboratoire anciennement sp\u00e9cialis\u00e9 sur la mise \u00e0 disposition des enqu\u00eates de l\u2019INSEE et [&hellip;]\" class=\"yoast-seo-meta-tag\" \/>\n<meta property=\"og:url\" content=\"https:\/\/cmh.ens.fr\/en\/presentation-de-lunite\/\" class=\"yoast-seo-meta-tag\" \/>\n<meta property=\"og:site_name\" content=\"CMH\" class=\"yoast-seo-meta-tag\" \/>\n<meta property=\"article:modified_time\" content=\"2026-01-12T08:40:04+00:00\" class=\"yoast-seo-meta-tag\" \/>\n<meta name=\"twitter:card\" content=\"summary_large_image\" class=\"yoast-seo-meta-tag\" \/>\n<meta name=\"twitter:label1\" content=\"Est. reading time\" class=\"yoast-seo-meta-tag\" \/>\n\t<meta name=\"twitter:data1\" content=\"3 minutes\" class=\"yoast-seo-meta-tag\" \/>\n<script type=\"application\/ld+json\" class=\"yoast-schema-graph\">{\"@context\":\"https:\/\/schema.org\",\"@graph\":[{\"@type\":\"WebPage\",\"@id\":\"https:\/\/cmh.ens.fr\/en\/presentation-de-lunite\/\",\"url\":\"https:\/\/cmh.ens.fr\/en\/presentation-de-lunite\/\",\"name\":\"Pr\u00e9sentation de l\u2019unit\u00e9 - CMH\",\"isPartOf\":{\"@id\":\"https:\/\/cmh.ens.fr\/en\/#website\"},\"datePublished\":\"2020-12-02T09:30:03+00:00\",\"dateModified\":\"2026-01-12T08:40:04+00:00\",\"breadcrumb\":{\"@id\":\"https:\/\/cmh.ens.fr\/en\/presentation-de-lunite\/#breadcrumb\"},\"inLanguage\":\"en-US\",\"potentialAction\":[{\"@type\":\"ReadAction\",\"target\":[\"https:\/\/cmh.ens.fr\/en\/presentation-de-lunite\/\"]}]},{\"@type\":\"BreadcrumbList\",\"@id\":\"https:\/\/cmh.ens.fr\/en\/presentation-de-lunite\/#breadcrumb\",\"itemListElement\":[{\"@type\":\"ListItem\",\"position\":1,\"name\":\"Accueil\",\"item\":\"https:\/\/cmh.ens.fr\/\"},{\"@type\":\"ListItem\",\"position\":2,\"name\":\"Pr\u00e9sentation de l\u2019unit\u00e9\"}]},{\"@type\":\"WebSite\",\"@id\":\"https:\/\/cmh.ens.fr\/en\/#website\",\"url\":\"https:\/\/cmh.ens.fr\/en\/\",\"name\":\"CMH\",\"description\":\"Centre Maurice Halbwachs\",\"publisher\":{\"@id\":\"https:\/\/cmh.ens.fr\/en\/#organization\"},\"potentialAction\":[{\"@type\":\"SearchAction\",\"target\":{\"@type\":\"EntryPoint\",\"urlTemplate\":\"https:\/\/cmh.ens.fr\/en\/?s={search_term_string}\"},\"query-input\":{\"@type\":\"PropertyValueSpecification\",\"valueRequired\":true,\"valueName\":\"search_term_string\"}}],\"inLanguage\":\"en-US\"},{\"@type\":\"Organization\",\"@id\":\"https:\/\/cmh.ens.fr\/en\/#organization\",\"name\":\"Centre Maurice Halbwachs\",\"url\":\"https:\/\/cmh.ens.fr\/en\/\",\"logo\":{\"@type\":\"ImageObject\",\"inLanguage\":\"en-US\",\"@id\":\"https:\/\/cmh.ens.fr\/en\/#\/schema\/logo\/image\/\",\"url\":\"https:\/\/www.cmh.ens.fr\/wp-content\/uploads\/siteon0.jpg\",\"contentUrl\":\"https:\/\/www.cmh.ens.fr\/wp-content\/uploads\/siteon0.jpg\",\"width\":86,\"height\":53,\"caption\":\"Centre Maurice Halbwachs\"},\"image\":{\"@id\":\"https:\/\/cmh.ens.fr\/en\/#\/schema\/logo\/image\/\"}}]}<\/script>\n<!-- \/ Yoast SEO plugin. -->","yoast_head_json":{"title":"CMH","robots":{"index":"index","follow":"follow","max-snippet":"max-snippet:-1","max-image-preview":"max-image-preview:large","max-video-preview":"max-video-preview:-1"},"canonical":"https:\/\/cmh.ens.fr\/en\/presentation-de-lunite\/","og_locale":"en_US","og_type":"article","og_title":"Pr\u00e9sentation de l\u2019unit\u00e9 - CMH","og_description":"Le Centre Maurice Halbwachs a \u00e9t\u00e9 cr\u00e9\u00e9 au 1er janvier 2006, et s\u2019est install\u00e9 au cours de cette m\u00eame ann\u00e9e 2006 sur son site actuel du campus de l\u2019\u00c9cole Normale Sup\u00e9rieure de Paris, 48 Boulevard Jourdan. Il r\u00e9sulte de la r\u00e9union d\u2019un laboratoire anciennement sp\u00e9cialis\u00e9 sur la mise \u00e0 disposition des enqu\u00eates de l\u2019INSEE et [&hellip;]","og_url":"https:\/\/cmh.ens.fr\/en\/presentation-de-lunite\/","og_site_name":"CMH","article_modified_time":"2026-01-12T08:40:04+00:00","twitter_card":"summary_large_image","twitter_misc":{"Est. reading time":"3 minutes"},"schema":{"@context":"https:\/\/schema.org","@graph":[{"@type":"WebPage","@id":"https:\/\/cmh.ens.fr\/en\/presentation-de-lunite\/","url":"https:\/\/cmh.ens.fr\/en\/presentation-de-lunite\/","name":"Pr\u00e9sentation de l\u2019unit\u00e9 - CMH","isPartOf":{"@id":"https:\/\/cmh.ens.fr\/en\/#website"},"datePublished":"2020-12-02T09:30:03+00:00","dateModified":"2026-01-12T08:40:04+00:00","breadcrumb":{"@id":"https:\/\/cmh.ens.fr\/en\/presentation-de-lunite\/#breadcrumb"},"inLanguage":"en-US","potentialAction":[{"@type":"ReadAction","target":["https:\/\/cmh.ens.fr\/en\/presentation-de-lunite\/"]}]},{"@type":"BreadcrumbList","@id":"https:\/\/cmh.ens.fr\/en\/presentation-de-lunite\/#breadcrumb","itemListElement":[{"@type":"ListItem","position":1,"name":"Accueil","item":"https:\/\/cmh.ens.fr\/"},{"@type":"ListItem","position":2,"name":"Pr\u00e9sentation de l\u2019unit\u00e9"}]},{"@type":"WebSite","@id":"https:\/\/cmh.ens.fr\/en\/#website","url":"https:\/\/cmh.ens.fr\/en\/","name":"CMH","description":"Centre Maurice Halbwachs","publisher":{"@id":"https:\/\/cmh.ens.fr\/en\/#organization"},"potentialAction":[{"@type":"SearchAction","target":{"@type":"EntryPoint","urlTemplate":"https:\/\/cmh.ens.fr\/en\/?s={search_term_string}"},"query-input":{"@type":"PropertyValueSpecification","valueRequired":true,"valueName":"search_term_string"}}],"inLanguage":"en-US"},{"@type":"Organization","@id":"https:\/\/cmh.ens.fr\/en\/#organization","name":"Centre Maurice Halbwachs","url":"https:\/\/cmh.ens.fr\/en\/","logo":{"@type":"ImageObject","inLanguage":"en-US","@id":"https:\/\/cmh.ens.fr\/en\/#\/schema\/logo\/image\/","url":"https:\/\/www.cmh.ens.fr\/wp-content\/uploads\/siteon0.jpg","contentUrl":"https:\/\/www.cmh.ens.fr\/wp-content\/uploads\/siteon0.jpg","width":86,"height":53,"caption":"Centre Maurice Halbwachs"},"image":{"@id":"https:\/\/cmh.ens.fr\/en\/#\/schema\/logo\/image\/"}}]}},"_links":{"self":[{"href":"https:\/\/cmh.ens.fr\/en\/wp-json\/wp\/v2\/pages\/102"}],"collection":[{"href":"https:\/\/cmh.ens.fr\/en\/wp-json\/wp\/v2\/pages"}],"about":[{"href":"https:\/\/cmh.ens.fr\/en\/wp-json\/wp\/v2\/types\/page"}],"author":[{"embeddable":true,"href":"https:\/\/cmh.ens.fr\/en\/wp-json\/wp\/v2\/users\/1"}],"replies":[{"embeddable":true,"href":"https:\/\/cmh.ens.fr\/en\/wp-json\/wp\/v2\/comments?post=102"}],"version-history":[{"count":51,"href":"https:\/\/cmh.ens.fr\/en\/wp-json\/wp\/v2\/pages\/102\/revisions"}],"predecessor-version":[{"id":16254,"href":"https:\/\/cmh.ens.fr\/en\/wp-json\/wp\/v2\/pages\/102\/revisions\/16254"}],"wp:attachment":[{"href":"https:\/\/cmh.ens.fr\/en\/wp-json\/wp\/v2\/media?parent=102"}],"curies":[{"name":"wp","href":"https:\/\/api.w.org\/{rel}","templated":true}]}}